{"id":3072,"date":"2024-05-07T10:10:08","date_gmt":"2024-05-07T10:10:08","guid":{"rendered":"https:\/\/polysmarts.com\/?post_type=product&#038;p=3072"},"modified":"2024-05-07T10:28:46","modified_gmt":"2024-05-07T10:28:46","slug":"embalagem-personalizada-em-rolo-de-filme-plastico-para-encolhimento-termico","status":"publish","type":"product","link":"https:\/\/polysmarts.com\/pt\/product\/custom-plastic-film-roll-packaging-for-heat-shrink\/","title":{"rendered":"Embalagem de rolo de filme pl\u00e1stico personalizado para termorretr\u00e1til"},"content":{"rendered":"<p>As embalagens em rolo de filme pl\u00e1stico retr\u00e1til s\u00e3o feitas de PVC, cristalinas e ins\u00edpidas, o efeito encolh\u00edvel \u00e9 facilmente alcan\u00e7ado. Espessura de camada dupla e n\u00e3o rasga, excelente qualidade para desempenho superior.<\/p>\n<p><strong>Material:<\/strong> PVC\/PE\/OPS\/PETG\/PP<br \/>\n<strong>Cor:<\/strong> Oferecemos op\u00e7\u00f5es de impress\u00e3o com 0 a 10 cores, apresentando impress\u00e3o de alto alinhamento para representa\u00e7\u00e3o de cores vivas.<br \/>\n<strong>Dimens\u00e3o:<\/strong> Personalizado para atender \u00e0s suas necessidades espec\u00edficas.<br \/>\n<strong>Grossura:<\/strong> Dispon\u00edvel em 30-80 m\u00edcrons, com personaliza\u00e7\u00e3o aceita de acordo com suas necessidades.<br \/>\n<strong>Taxa de redu\u00e7\u00e3o:<\/strong> PVC 50% ACIMA, OPS 70% ACIMA, PET 75% ACIMA<br \/>\n<strong>Op\u00e7\u00e3o de impress\u00e3o:<\/strong> Escolha entre impress\u00e3o em rotogravura e impress\u00e3o digital para obter os melhores resultados.<br \/>\n<strong>Uso:<\/strong> Ideal para embalar garrafas pl\u00e1sticas, garrafas de vidro, potes, latas, recipientes para bebidas de \u00e1gua, caixas e muito mais.<br \/>\n<strong>Formato da etiqueta:<\/strong> Dispon\u00edvel em rolos ou peda\u00e7os para sua comodidade.<\/p>\n<p>Eleve suas solu\u00e7\u00f5es de embalagem com nosso rolo de filme pl\u00e1stico retr\u00e1til de PVC, fabricado com materiais de alta qualidade e oferecendo op\u00e7\u00f5es vers\u00e1teis de impress\u00e3o. Quer voc\u00ea esteja embalando garrafas pl\u00e1sticas, recipientes de vidro ou caixas, nosso filme personaliz\u00e1vel garante um ajuste perfeito para seus produtos. Escolha entre uma variedade de cores e t\u00e9cnicas de impress\u00e3o para criar embalagens atraentes que se destaquem nas prateleiras. Com op\u00e7\u00f5es de rotogravura e impress\u00e3o digital, oferecemos flexibilidade para atender \u00e0s suas prefer\u00eancias. Experimente a conveni\u00eancia de rolos ou pe\u00e7as individuais, adaptadas \u00e0s suas necessidades de embalagem. Confie em nossa experi\u00eancia para oferecer qualidade e desempenho excepcionais em cada aplica\u00e7\u00e3o.<\/p>","protected":false},"excerpt":{"rendered":"<table style=\"height: 360px; width: 99.8505%; border-collapse: collapse;\" border=\"2\">\n<tbody>\n<tr style=\"height: 40px;\">\n<td style=\"width: 22.6796%; height: 30px; background-color: #99ccff;\"><span style=\"font-family: arial, helvetica, sans-serif; font-size: 12pt;\"><strong>Dimens\u00e3o e estilo<\/strong><\/span><\/td>\n<td style=\"width: 77.3204%; height: 30px; background-color: #99ccff;\"><span style=\"font-family: arial, helvetica, sans-serif; font-size: 12pt;\">Formas e tamanhos personalizados<\/span><\/td>\n<\/tr>\n<tr style=\"height: 40px;\">\n<td style=\"width: 22.6796%; height: 34px; background-color: #ebebeb;\"><span style=\"font-size: 12pt;\"><strong><span style=\"font-family: arial, helvetica, sans-serif;\">Quantidade m\u00ednima de pedido<\/span><\/strong><\/span><\/td>\n<td style=\"width: 77.3204%; height: 34px; background-color: #ebebeb;\"><span style=\"font-family: arial, helvetica, sans-serif; font-size: 12pt;\">200 quilogramas<\/span><\/td>\n<\/tr>\n<tr style=\"height: 40px; background-color: #99ccff;\">\n<td style=\"width: 22.6796%; height: 24px;\"><span style=\"font-size: 12pt;\"><strong><span style=\"font-family: arial, helvetica, sans-serif;\">Tipo de embalagem<\/span><\/strong><\/span><\/td>\n<td style=\"width: 77.3204%; height: 24px;\"><span style=\"font-family: arial, helvetica, sans-serif; font-size: 12pt;\">Rolo de filme pl\u00e1stico<\/span><\/td>\n<\/tr>\n<tr style=\"height: 40px; background-color: #ebebeb;\">\n<td style=\"width: 22.6796%; height: 24px;\"><span style=\"font-size: 12pt;\"><strong><span style=\"font-family: arial, helvetica, sans-serif;\">Impress\u00e3o<\/span><\/strong><\/span><\/td>\n<td style=\"width: 77.3204%; height: 24px;\"><span style=\"font-family: arial, helvetica, sans-serif; font-size: 12pt;\">Rotogravura, conforme arte, at\u00e9 10 cores<\/span><\/td>\n<\/tr>\n<tr style=\"height: 40px; background-color: #99ccff;\">\n<td style=\"width: 22.6796%; height: 24px;\"><span style=\"font-size: 12pt;\"><strong><span style=\"font-family: arial, helvetica, sans-serif;\">Tamanho e espessura<\/span><\/strong><\/span><\/td>\n<td style=\"width: 77.3204%; height: 24px;\"><span style=\"font-family: arial, helvetica, sans-serif; font-size: 12pt;\">V\u00e1rios tamanhos e espessuras dispon\u00edveis<\/span><\/td>\n<\/tr>\n<tr style=\"height: 40px; background-color: #ebebeb;\">\n<td style=\"width: 22.6796%; height: 24px;\"><span style=\"font-size: 12pt;\"><strong><span style=\"font-family: arial, helvetica, sans-serif;\">Material<\/span><\/strong><\/span><\/td>\n<td style=\"width: 77.3204%; height: 24px;\"><span style=\"font-family: arial, helvetica, sans-serif; font-size: 12pt;\">PET\/VMPET\/PE, PET\/AL\/PE, OPP\/VMPET\/PE, OPP\/AL\/PE, ect.<\/span><\/td>\n<\/tr>\n<tr style=\"height: 40px; background-color: #99ccff;\">\n<td style=\"width: 22.6796%; height: 24px;\"><span style=\"font-size: 12pt;\"><strong><span style=\"font-family: arial, helvetica, sans-serif;\">Aplicativo<\/span><\/strong><\/span><\/td>\n<td style=\"width: 77.3204%; height: 24px;\"><span style=\"font-family: arial, helvetica, sans-serif; font-size: 12pt;\">Batatas fritas\/ch\u00e1\/caf\u00e9 em gr\u00e3o\/caf\u00e9 em p\u00f3\/caf\u00e9 mo\u00eddo\/batatas fritas, etc.<\/span><\/td>\n<\/tr>\n<tr style=\"height: 40px; background-color: #ebebeb;\">\n<td style=\"width: 22.6796%; height: 24px;\"><span style=\"font-size: 12pt;\"><strong><span style=\"font-family: arial, helvetica, sans-serif;\">Tempo de resposta<\/span><\/strong><\/span><\/td>\n<td style=\"width: 77.3204%; height: 24px;\"><span style=\"font-family: arial, helvetica, sans-serif; font-size: 12pt;\">7 a 15 dias \u00fateis, RUSH<\/span><\/td>\n<\/tr>\n<tr style=\"height: 40px; background-color: #99ccff;\">\n<td style=\"width: 22.6796%; height: 24px;\"><span style=\"font-size: 12pt;\"><strong><span style=\"font-family: arial, helvetica, sans-serif;\">Envio<\/span><\/strong><\/span><\/td>\n<td style=\"width: 77.3204%; height: 24px;\"><span style=\"font-family: arial, helvetica, sans-serif; font-size: 12pt;\">A\u00e9reo, Mar\u00edtimo, Expresso<\/span><\/td>\n<\/tr>\n<\/tbody>\n<\/table>\n<p>&nbsp;<\/p>","protected":false},"featured_media":3068,"comment_status":"open","ping_status":"closed","template":"","meta":[],"product_brand":[],"product_cat":[23],"product_tag":[],"class_list":{"0":"post-3072","1":"product","2":"type-product","3":"status-publish","4":"has-post-thumbnail","6":"product_cat-film-rolls","8":"first","9":"instock","10":"shipping-taxable","11":"product-type-simple"},"_links":{"self":[{"href":"https:\/\/polysmarts.com\/pt\/wp-json\/wp\/v2\/product\/3072","targetHints":{"allow":["GET"]}}],"collection":[{"href":"https:\/\/polysmarts.com\/pt\/wp-json\/wp\/v2\/product"}],"about":[{"href":"https:\/\/polysmarts.com\/pt\/wp-json\/wp\/v2\/types\/product"}],"replies":[{"embeddable":true,"href":"https:\/\/polysmarts.com\/pt\/wp-json\/wp\/v2\/comments?post=3072"}],"version-history":[{"count":2,"href":"https:\/\/polysmarts.com\/pt\/wp-json\/wp\/v2\/product\/3072\/revisions"}],"predecessor-version":[{"id":3074,"href":"https:\/\/polysmarts.com\/pt\/wp-json\/wp\/v2\/product\/3072\/revisions\/3074"}],"wp:featuredmedia":[{"embeddable":true,"href":"https:\/\/polysmarts.com\/pt\/wp-json\/wp\/v2\/media\/3068"}],"wp:attachment":[{"href":"https:\/\/polysmarts.com\/pt\/wp-json\/wp\/v2\/media?parent=3072"}],"wp:term":[{"taxonomy":"product_brand","embeddable":true,"href":"https:\/\/polysmarts.com\/pt\/wp-json\/wp\/v2\/product_brand?post=3072"},{"taxonomy":"product_cat","embeddable":true,"href":"https:\/\/polysmarts.com\/pt\/wp-json\/wp\/v2\/product_cat?post=3072"},{"taxonomy":"product_tag","embeddable":true,"href":"https:\/\/polysmarts.com\/pt\/wp-json\/wp\/v2\/product_tag?post=3072"}],"curies":[{"name":"wp","href":"https:\/\/api.w.org\/{rel}","templated":true}]}}