{"id":3000,"date":"2024-05-06T08:45:18","date_gmt":"2024-05-06T08:45:18","guid":{"rendered":"https:\/\/polysmarts.com\/?post_type=product&#038;p=3000"},"modified":"2024-05-06T09:05:25","modified_gmt":"2024-05-06T09:05:25","slug":"embalagem-de-filme-em-rolo-impresso-personalizado","status":"publish","type":"product","link":"https:\/\/polysmarts.com\/pt\/product\/custom-printed-roll-stock-film-packaging\/","title":{"rendered":"Embalagem de filme em rolo impresso personalizado"},"content":{"rendered":"<p>Embalagem de filme pl\u00e1stico personalizada em rolo, especialmente elaborada para OPP, CPP, ideal para selar aquelas amadas x\u00edcaras de ch\u00e1 com bolhas e outras bebidas. Feito com cuidado usando material PET\/EVA, nosso filme para alimentos possui um toque suave, transpar\u00eancia cristalina e um compromisso com o respeito ao meio ambiente.<\/p>\n<p>O que nos diferencia? A fus\u00e3o de versatilidade e est\u00e9tica! Com uma paleta de at\u00e9 12 cores para personaliza\u00e7\u00e3o, voc\u00ea pode personalizar o filme para combinar com a identidade \u00fanica da sua marca. Nossa t\u00e9cnica de rotogravura garante qualidade de primeira linha, garantindo que seu produto ganhe destaque nas prateleiras das lojas.<\/p>\n<p>Suave, mas resistente, nosso filme de veda\u00e7\u00e3o para copos \u00e9 moldado usando um processo especial de moldagem por sopro, garantindo uma embalagem confi\u00e1vel para suas bebidas. Na Polysmarts, temos orgulho em oferecer uma op\u00e7\u00e3o ecologicamente correta que n\u00e3o compromete o desempenho.<\/p>\n<p>Mas espere, tem mais! Oferecemos amostras para sua comodidade, permitindo que voc\u00ea experimente nossa qualidade em primeira m\u00e3o. Al\u00e9m disso, recebemos calorosamente pedidos personalizados, garantindo que suas necessidades de embalagem sejam atendidas com precis\u00e3o e cuidado.<\/p>\n<p>Por que se contentar com menos? Escolha Polysmarts para embalagens de filme em rolo que n\u00e3o apenas protegem seu produto, mas tamb\u00e9m aumentam seu apelo visual. Eleve a sua marca com uma solu\u00e7\u00e3o de embalagem confi\u00e1vel e ambientalmente consciente. Descubra a fus\u00e3o perfeita de funcionalidade e estilo com as embalagens de filme em rolo personalizadas da Polysmarts.<\/p>","protected":false},"excerpt":{"rendered":"<table style=\"height: 360px; width: 99.8505%; border-collapse: collapse;\" border=\"2\">\n<tbody>\n<tr style=\"height: 40px;\">\n<td style=\"width: 22.6796%; height: 30px; background-color: #99ccff;\"><span style=\"font-family: arial, helvetica, sans-serif; font-size: 12pt;\"><strong>Dimens\u00e3o e estilo<\/strong><\/span><\/td>\n<td style=\"width: 77.3204%; height: 30px; background-color: #99ccff;\"><span style=\"font-family: arial, helvetica, sans-serif; font-size: 12pt;\">Formas e tamanhos personalizados<\/span><\/td>\n<\/tr>\n<tr style=\"height: 40px;\">\n<td style=\"width: 22.6796%; height: 34px; background-color: #ebebeb;\"><span style=\"font-size: 12pt;\"><strong><span style=\"font-family: arial, helvetica, sans-serif;\">Quantidade m\u00ednima de pedido<\/span><\/strong><\/span><\/td>\n<td style=\"width: 77.3204%; height: 34px; background-color: #ebebeb;\"><span style=\"font-family: arial, helvetica, sans-serif; font-size: 12pt;\">200 quilogramas<\/span><\/td>\n<\/tr>\n<tr style=\"height: 40px; background-color: #99ccff;\">\n<td style=\"width: 22.6796%; height: 24px;\"><span style=\"font-size: 12pt;\"><strong><span style=\"font-family: arial, helvetica, sans-serif;\">Tipo de embalagem<\/span><\/strong><\/span><\/td>\n<td style=\"width: 77.3204%; height: 24px;\"><span style=\"font-family: arial, helvetica, sans-serif; font-size: 12pt;\">Embalagem de filme em rolo<\/span><\/td>\n<\/tr>\n<tr style=\"height: 40px; background-color: #ebebeb;\">\n<td style=\"width: 22.6796%; height: 24px;\"><span style=\"font-size: 12pt;\"><strong><span style=\"font-family: arial, helvetica, sans-serif;\">Impress\u00e3o<\/span><\/strong><\/span><\/td>\n<td style=\"width: 77.3204%; height: 24px;\"><span style=\"font-family: arial, helvetica, sans-serif; font-size: 12pt;\">Rotogravura, conforme arte, at\u00e9 10 cores<\/span><\/td>\n<\/tr>\n<tr style=\"height: 40px; background-color: #99ccff;\">\n<td style=\"width: 22.6796%; height: 24px;\"><span style=\"font-size: 12pt;\"><strong><span style=\"font-family: arial, helvetica, sans-serif;\">Tamanho e espessura<\/span><\/strong><\/span><\/td>\n<td style=\"width: 77.3204%; height: 24px;\"><span style=\"font-family: arial, helvetica, sans-serif; font-size: 12pt;\">V\u00e1rios tamanhos e espessuras dispon\u00edveis<\/span><\/td>\n<\/tr>\n<tr style=\"height: 40px; background-color: #ebebeb;\">\n<td style=\"width: 22.6796%; height: 24px;\"><span style=\"font-size: 12pt;\"><strong><span style=\"font-family: arial, helvetica, sans-serif;\">Material<\/span><\/strong><\/span><\/td>\n<td style=\"width: 77.3204%; height: 24px;\"><span style=\"font-family: arial, helvetica, sans-serif; font-size: 12pt;\">PET\/VMPET\/PE, PET\/AL\/PE, OPP\/VMPET\/PE, OPP\/AL\/PE, ect.<\/span><\/td>\n<\/tr>\n<tr style=\"height: 40px; background-color: #99ccff;\">\n<td style=\"width: 22.6796%; height: 24px;\"><span style=\"font-size: 12pt;\"><strong><span style=\"font-family: arial, helvetica, sans-serif;\">Aplicativo<\/span><\/strong><\/span><\/td>\n<td style=\"width: 77.3204%; height: 24px;\"><span style=\"font-family: arial, helvetica, sans-serif; font-size: 12pt;\">Batatas fritas\/ch\u00e1\/caf\u00e9 em gr\u00e3o\/caf\u00e9 em p\u00f3\/caf\u00e9 mo\u00eddo\/batatas fritas, etc.<\/span><\/td>\n<\/tr>\n<tr style=\"height: 40px; background-color: #ebebeb;\">\n<td style=\"width: 22.6796%; height: 24px;\"><span style=\"font-size: 12pt;\"><strong><span style=\"font-family: arial, helvetica, sans-serif;\">Tempo de resposta<\/span><\/strong><\/span><\/td>\n<td style=\"width: 77.3204%; height: 24px;\"><span style=\"font-family: arial, helvetica, sans-serif; font-size: 12pt;\">7 a 15 dias \u00fateis, RUSH<\/span><\/td>\n<\/tr>\n<tr style=\"height: 40px; background-color: #99ccff;\">\n<td style=\"width: 22.6796%; height: 24px;\"><span style=\"font-size: 12pt;\"><strong><span style=\"font-family: arial, helvetica, sans-serif;\">Envio<\/span><\/strong><\/span><\/td>\n<td style=\"width: 77.3204%; height: 24px;\"><span style=\"font-family: arial, helvetica, sans-serif; font-size: 12pt;\">A\u00e9reo, Mar\u00edtimo, Expresso<\/span><\/td>\n<\/tr>\n<\/tbody>\n<\/table>\n<p>&nbsp;<\/p>","protected":false},"featured_media":3002,"comment_status":"open","ping_status":"closed","template":"","meta":[],"product_brand":[],"product_cat":[23],"product_tag":[],"class_list":{"0":"post-3000","1":"product","2":"type-product","3":"status-publish","4":"has-post-thumbnail","6":"product_cat-film-rolls","8":"first","9":"instock","10":"shipping-taxable","11":"product-type-simple"},"_links":{"self":[{"href":"https:\/\/polysmarts.com\/pt\/wp-json\/wp\/v2\/product\/3000","targetHints":{"allow":["GET"]}}],"collection":[{"href":"https:\/\/polysmarts.com\/pt\/wp-json\/wp\/v2\/product"}],"about":[{"href":"https:\/\/polysmarts.com\/pt\/wp-json\/wp\/v2\/types\/product"}],"replies":[{"embeddable":true,"href":"https:\/\/polysmarts.com\/pt\/wp-json\/wp\/v2\/comments?post=3000"}],"version-history":[{"count":2,"href":"https:\/\/polysmarts.com\/pt\/wp-json\/wp\/v2\/product\/3000\/revisions"}],"predecessor-version":[{"id":3008,"href":"https:\/\/polysmarts.com\/pt\/wp-json\/wp\/v2\/product\/3000\/revisions\/3008"}],"wp:featuredmedia":[{"embeddable":true,"href":"https:\/\/polysmarts.com\/pt\/wp-json\/wp\/v2\/media\/3002"}],"wp:attachment":[{"href":"https:\/\/polysmarts.com\/pt\/wp-json\/wp\/v2\/media?parent=3000"}],"wp:term":[{"taxonomy":"product_brand","embeddable":true,"href":"https:\/\/polysmarts.com\/pt\/wp-json\/wp\/v2\/product_brand?post=3000"},{"taxonomy":"product_cat","embeddable":true,"href":"https:\/\/polysmarts.com\/pt\/wp-json\/wp\/v2\/product_cat?post=3000"},{"taxonomy":"product_tag","embeddable":true,"href":"https:\/\/polysmarts.com\/pt\/wp-json\/wp\/v2\/product_tag?post=3000"}],"curies":[{"name":"wp","href":"https:\/\/api.w.org\/{rel}","templated":true}]}}