{"id":2965,"date":"2024-04-29T07:41:57","date_gmt":"2024-04-29T07:41:57","guid":{"rendered":"https:\/\/polysmarts.com\/?post_type=product&#038;p=2965"},"modified":"2024-04-29T08:05:02","modified_gmt":"2024-04-29T08:05:02","slug":"impressao-de-cartao-de-visita-em-relevo-com-folha-de-ouro","status":"publish","type":"product","link":"https:\/\/polysmarts.com\/pt\/product\/embossed-business-card-printing-with-gold-foil\/","title":{"rendered":"Impress\u00e3o de cart\u00e3o de visita em relevo com folha de ouro"},"content":{"rendered":"<p>Eleve a sua imagem profissional com nossos cart\u00f5es de visita em relevo de qualidade premium, adornados com luxuosos detalhes em folha de ouro. Elaborados com aten\u00e7\u00e3o meticulosa aos detalhes, nossos cart\u00f5es de visita personalizados s\u00e3o impressos em ambos os lados em papel revestido de alta qualidade de 300 g\/m2. O papel grosso, aliado ao acabamento fosco frente e verso, exala sofistica\u00e7\u00e3o ao mesmo tempo que garante durabilidade e resist\u00eancia \u00e0 \u00e1gua.<\/p>\n<p>Embora o tamanho padr\u00e3o do nosso cart\u00e3o de visita me\u00e7a 90\u00d754 mm\/3,5\u00d72 polegadas, oferecemos suporte completo para tamanhos personalizados para atender perfeitamente \u00e0s suas prefer\u00eancias e requisitos exclusivos.<\/p>\n<p>Esses cart\u00f5es de visita requintados s\u00e3o vers\u00e1teis e ideais para diversos fins profissionais, incluindo comerciantes personalizados, servi\u00e7os para animais de estima\u00e7\u00e3o e muito mais. Al\u00e9m disso, eles servem como cart\u00f5es-presente perfeitos, notas de agradecimento ou cart\u00f5es de fidelidade do cliente, tornando-os indispens\u00e1veis para varejistas on-line, floristas, boutiques, cabeleireiros, organiza\u00e7\u00f5es sem fins lucrativos e qualquer empresa que queira aprimorar a presen\u00e7a da marca e os relacionamentos interpessoais.<\/p>\n<p>Deixe uma impress\u00e3o duradoura em qualquer ambiente profissional com nossa impress\u00e3o de cart\u00e3o de visita em relevo com folha de ouro elegante. Experimente a combina\u00e7\u00e3o perfeita de qualidade, eleg\u00e2ncia e personaliza\u00e7\u00e3o para as necessidades do seu neg\u00f3cio.<\/p>","protected":false},"excerpt":{"rendered":"<table style=\"height: 360px; width: 99.8505%; border-collapse: collapse;\" border=\"2\">\n<tbody>\n<tr style=\"height: 40px;\">\n<td style=\"width: 22.6796%; height: 30px; background-color: #99ccff;\"><span style=\"font-family: arial, helvetica, sans-serif; font-size: 12pt;\"><strong>Grossura<\/strong><\/span><\/td>\n<td style=\"width: 77.3204%; height: 30px; background-color: #99ccff;\"><span style=\"font-family: arial, helvetica, sans-serif; font-size: 12pt;\">350gsm, 900gsm ou personalizado<\/span><\/td>\n<\/tr>\n<tr style=\"height: 40px;\">\n<td style=\"width: 22.6796%; height: 34px; background-color: #ebebeb;\"><strong><span style=\"font-family: arial, helvetica, sans-serif;\">Tamanho<\/span><\/strong><\/td>\n<td style=\"width: 77.3204%; height: 34px; background-color: #ebebeb;\"><span style=\"font-family: arial, helvetica, sans-serif;\"><span style=\"font-family: arial, helvetica, sans-serif; font-size: 12pt;\">Tamanho personalizado<\/span><\/span><\/td>\n<\/tr>\n<tr style=\"height: 40px; background-color: #99ccff;\">\n<td style=\"width: 22.6796%; height: 24px;\"><span style=\"font-size: 12pt;\"><strong><span style=\"font-family: arial, helvetica, sans-serif;\">Quantidade m\u00ednima de pedido<\/span><\/strong><\/span><\/td>\n<td style=\"width: 77.3204%; height: 24px;\"><span style=\"font-family: arial, helvetica, sans-serif; font-size: 12pt;\">100 unidades<\/span><\/td>\n<\/tr>\n<tr style=\"height: 40px; background-color: #ebebeb;\">\n<td style=\"width: 22.6796%; height: 24px;\"><span style=\"font-size: 12pt;\"><strong><span style=\"font-family: arial, helvetica, sans-serif;\">Impress\u00e3o<\/span><\/strong><\/span><\/td>\n<td style=\"width: 77.3204%; height: 24px;\"><span style=\"font-family: arial, helvetica, sans-serif; font-size: 12pt;\">Estampagem de folha<\/span><\/td>\n<\/tr>\n<tr style=\"height: 40px; background-color: #99ccff;\">\n<td style=\"width: 22.6796%; height: 24px;\"><span style=\"font-size: 12pt;\"><strong><span style=\"font-family: arial, helvetica, sans-serif;\">Medi\u00e7\u00e3o<\/span><\/strong><\/span><\/td>\n<td style=\"width: 77.3204%; height: 24px;\"><span style=\"font-family: arial, helvetica, sans-serif; font-size: 12pt;\">Papel Revestido<\/span><\/td>\n<\/tr>\n<tr style=\"height: 40px; background-color: #ebebeb;\">\n<td style=\"width: 22.6796%; height: 24px;\"><span style=\"font-size: 12pt;\"><strong><span style=\"font-family: arial, helvetica, sans-serif;\">Uso industrial<\/span><\/strong><\/span><\/td>\n<td style=\"width: 77.3204%; height: 24px;\"><span style=\"font-family: arial, helvetica, sans-serif; font-size: 12pt;\">Neg\u00f3cios<\/span><\/td>\n<\/tr>\n<tr style=\"height: 40px; background-color: #99ccff;\">\n<td style=\"width: 22.6796%; height: 24px;\"><span style=\"font-size: 12pt;\"><strong><span style=\"font-family: arial, helvetica, sans-serif;\">Recurso<\/span><\/strong><\/span><\/td>\n<td style=\"width: 77.3204%; height: 24px;\"><span style=\"font-family: arial, helvetica, sans-serif; font-size: 12pt;\">Ecol\u00f3gico<\/span><\/td>\n<\/tr>\n<tr style=\"height: 40px; background-color: #ebebeb;\">\n<td style=\"width: 22.6796%; height: 24px;\"><span style=\"font-size: 12pt;\"><strong><span style=\"font-family: arial, helvetica, sans-serif;\">Tempo de resposta<\/span><\/strong><\/span><\/td>\n<td style=\"width: 77.3204%; height: 24px;\"><span style=\"font-family: arial, helvetica, sans-serif; font-size: 12pt;\">3 a 7 dias \u00fateis, RUSH<\/span><\/td>\n<\/tr>\n<tr style=\"height: 40px; background-color: #99ccff;\">\n<td style=\"width: 22.6796%; height: 24px;\"><span style=\"font-size: 12pt;\"><strong><span style=\"font-family: arial, helvetica, sans-serif;\">Envio<\/span><\/strong><\/span><\/td>\n<td style=\"width: 77.3204%; height: 24px;\"><span style=\"font-family: arial, helvetica, sans-serif; font-size: 12pt;\">A\u00e9reo, Mar\u00edtimo, Expresso<\/span><\/td>\n<\/tr>\n<\/tbody>\n<\/table>\n<p>&nbsp;<\/p>","protected":false},"featured_media":2968,"comment_status":"open","ping_status":"closed","template":"","meta":[],"product_brand":[],"product_cat":[25],"product_tag":[],"class_list":{"0":"post-2965","1":"product","2":"type-product","3":"status-publish","4":"has-post-thumbnail","6":"product_cat-packaging-auxiliary-material","8":"first","9":"instock","10":"shipping-taxable","11":"product-type-simple"},"_links":{"self":[{"href":"https:\/\/polysmarts.com\/pt\/wp-json\/wp\/v2\/product\/2965","targetHints":{"allow":["GET"]}}],"collection":[{"href":"https:\/\/polysmarts.com\/pt\/wp-json\/wp\/v2\/product"}],"about":[{"href":"https:\/\/polysmarts.com\/pt\/wp-json\/wp\/v2\/types\/product"}],"replies":[{"embeddable":true,"href":"https:\/\/polysmarts.com\/pt\/wp-json\/wp\/v2\/comments?post=2965"}],"version-history":[{"count":2,"href":"https:\/\/polysmarts.com\/pt\/wp-json\/wp\/v2\/product\/2965\/revisions"}],"predecessor-version":[{"id":2978,"href":"https:\/\/polysmarts.com\/pt\/wp-json\/wp\/v2\/product\/2965\/revisions\/2978"}],"wp:featuredmedia":[{"embeddable":true,"href":"https:\/\/polysmarts.com\/pt\/wp-json\/wp\/v2\/media\/2968"}],"wp:attachment":[{"href":"https:\/\/polysmarts.com\/pt\/wp-json\/wp\/v2\/media?parent=2965"}],"wp:term":[{"taxonomy":"product_brand","embeddable":true,"href":"https:\/\/polysmarts.com\/pt\/wp-json\/wp\/v2\/product_brand?post=2965"},{"taxonomy":"product_cat","embeddable":true,"href":"https:\/\/polysmarts.com\/pt\/wp-json\/wp\/v2\/product_cat?post=2965"},{"taxonomy":"product_tag","embeddable":true,"href":"https:\/\/polysmarts.com\/pt\/wp-json\/wp\/v2\/product_tag?post=2965"}],"curies":[{"name":"wp","href":"https:\/\/api.w.org\/{rel}","templated":true}]}}