{"id":2955,"date":"2024-04-29T07:18:29","date_gmt":"2024-04-29T07:18:29","guid":{"rendered":"https:\/\/polysmarts.com\/?post_type=product&#038;p=2955"},"modified":"2024-04-29T07:34:55","modified_gmt":"2024-04-29T07:34:55","slug":"bolsas-de-bebidas-com-ziper-reutilizaveis","status":"publish","type":"product","link":"https:\/\/polysmarts.com\/pt\/product\/reclosable-zipper-drink-pouches-bags\/","title":{"rendered":"Sacos reutiliz\u00e1veis para bebidas com z\u00edper"},"content":{"rendered":"<p>Experimente conveni\u00eancia e confiabilidade incompar\u00e1veis com nossos sacos transparentes para bebidas reutiliz\u00e1veis. Fabricadas com material pl\u00e1stico de alta qualidade, essas bolsas s\u00e3o leves, mas est\u00e1veis, oferecendo durabilidade excepcional que suporta facilmente gelo frio e bebidas quentes. Fique tranquilo, essas bolsas s\u00e3o seguras para uso e n\u00e3o quebram ou desbotam com o tempo, fornecendo uma solu\u00e7\u00e3o confi\u00e1vel para suas necessidades de bebidas.<\/p>\n<p>Apresentando uma combina\u00e7\u00e3o de texturas transparentes e foscas, nossas bolsas de suco reutiliz\u00e1veis s\u00e3o projetadas com textos em rosa e azul, respectivamente, complementadas por canudos de cores correspondentes. O design transparente permite que voc\u00ea veja facilmente o conte\u00fado da bolsa, melhorando a experi\u00eancia geral do usu\u00e1rio.<\/p>\n<p>Perfeitos para diversas ocasi\u00f5es, esses sacos para bebidas com canudo s\u00e3o vers\u00e1teis e pr\u00e1ticos. Esteja voc\u00ea desfrutando de caf\u00e9, ch\u00e1, bebidas energ\u00e9ticas, smoothies saud\u00e1veis ou shakes de prote\u00edna, nossas bolsas para bebidas com z\u00edper t\u00eam o que voc\u00ea precisa. Al\u00e9m disso, podem ser usados para armazenamento de alimentos, incluindo feij\u00f5es, salgadinhos, doces, biscoitos, flores secas, nozes e muito mais.<\/p>\n<p>Com dimens\u00f5es de aproximadamente 7,8 x 5 polegadas e capacidade de cerca de 350 ml\/11,8 on\u00e7as, cada g\u00eanero revela bolsa com z\u00edper que oferece espa\u00e7o adequado para suas bebidas favoritas. F\u00e1ceis de segurar e encher, essas bolsas s\u00e3o adequadas para v\u00e1rios tamanhos de m\u00e3os, proporcionando uma experi\u00eancia de bebida confort\u00e1vel.<\/p>\n<p>Para aqueles que buscam op\u00e7\u00f5es de personaliza\u00e7\u00e3o, a Polysmarts acolhe calorosamente a personaliza\u00e7\u00e3o de tamanho e capacidade, garantindo que nossas bolsas atendam \u00e0s suas necessidades e prefer\u00eancias espec\u00edficas. Eleve sua experi\u00eancia com bebidas com as bolsas para bebidas com z\u00edper reutiliz\u00e1veis Polysmarts, a combina\u00e7\u00e3o perfeita de qualidade, conveni\u00eancia e personaliza\u00e7\u00e3o.<\/p>","protected":false},"excerpt":{"rendered":"<table style=\"height: 360px; width: 99.8505%; border-collapse: collapse;\" border=\"2\">\n<tbody>\n<tr style=\"height: 40px;\">\n<td style=\"width: 22.6796%; height: 30px; background-color: #99ccff;\"><span style=\"font-family: arial, helvetica, sans-serif; font-size: 12pt;\"><strong>Dimens\u00e3o e estilo<\/strong><\/span><\/td>\n<td style=\"width: 77.3204%; height: 30px; background-color: #99ccff;\"><span style=\"font-family: arial, helvetica, sans-serif; font-size: 12pt;\">Formas e tamanhos personalizados<\/span><\/td>\n<\/tr>\n<tr style=\"height: 40px;\">\n<td style=\"width: 22.6796%; height: 34px; background-color: #ebebeb;\"><span style=\"font-size: 12pt;\"><strong><span style=\"font-family: arial, helvetica, sans-serif;\">Quantidade m\u00ednima de pedido<\/span><\/strong><\/span><\/td>\n<td style=\"width: 77.3204%; height: 34px; background-color: #ebebeb;\"><span style=\"font-family: arial, helvetica, sans-serif; font-size: 12pt;\">1000pcs sem personaliza\u00e7\u00e3o, 10000pcs para personaliza\u00e7\u00e3o<\/span><\/td>\n<\/tr>\n<tr style=\"height: 40px; background-color: #99ccff;\">\n<td style=\"width: 22.6796%; height: 24px;\"><span style=\"font-size: 12pt;\"><strong><span style=\"font-family: arial, helvetica, sans-serif;\">Tipo de embalagem<\/span><\/strong><\/span><\/td>\n<td style=\"width: 77.3204%; height: 24px;\"><span style=\"font-family: arial, helvetica, sans-serif; font-size: 12pt;\">Bolsas para bebidas com z\u00edper<\/span><\/td>\n<\/tr>\n<tr style=\"height: 40px; background-color: #ebebeb;\">\n<td style=\"width: 22.6796%; height: 24px;\"><span style=\"font-size: 12pt;\"><strong><span style=\"font-family: arial, helvetica, sans-serif;\">Impress\u00e3o<\/span><\/strong><\/span><\/td>\n<td style=\"width: 77.3204%; height: 24px;\"><span style=\"font-family: arial, helvetica, sans-serif; font-size: 12pt;\">CMYK (1 \u2013 10 cores), sem impress\u00e3o (normal)<\/span><\/td>\n<\/tr>\n<tr style=\"height: 40px; background-color: #99ccff;\">\n<td style=\"width: 22.6796%; height: 24px;\"><span style=\"font-size: 12pt;\"><strong><span style=\"font-family: arial, helvetica, sans-serif;\">Acabamento<\/span><\/strong><\/span><\/td>\n<td style=\"width: 77.3204%; height: 24px;\"><span style=\"font-family: arial, helvetica, sans-serif; font-size: 12pt;\">Lamina\u00e7\u00e3o brilhante\/fosca, impress\u00e3o offset<\/span><\/td>\n<\/tr>\n<tr style=\"height: 40px; background-color: #ebebeb;\">\n<td style=\"width: 22.6796%; height: 24px;\"><span style=\"font-size: 12pt;\"><strong><span style=\"font-family: arial, helvetica, sans-serif;\">Op\u00e7\u00f5es inclu\u00eddas<\/span><\/strong><\/span><\/td>\n<td style=\"width: 77.3204%; height: 24px;\"><span style=\"font-family: arial, helvetica, sans-serif; font-size: 12pt;\">Corte e vinco, selagem t\u00e9rmica<\/span><\/td>\n<\/tr>\n<tr style=\"height: 40px; background-color: #99ccff;\">\n<td style=\"width: 22.6796%; height: 24px;\"><span style=\"font-size: 12pt;\"><strong><span style=\"font-family: arial, helvetica, sans-serif;\">Prova<\/span><\/strong><\/span><\/td>\n<td style=\"width: 77.3204%; height: 24px;\"><span style=\"font-family: arial, helvetica, sans-serif; font-size: 12pt;\">Provas de cheiro\u00a0<\/span><\/td>\n<\/tr>\n<tr style=\"height: 40px; background-color: #ebebeb;\">\n<td style=\"width: 22.6796%; height: 24px;\"><span style=\"font-size: 12pt;\"><strong><span style=\"font-family: arial, helvetica, sans-serif;\">Tempo de resposta<\/span><\/strong><\/span><\/td>\n<td style=\"width: 77.3204%; height: 24px;\"><span style=\"font-family: arial, helvetica, sans-serif; font-size: 12pt;\">7 a 15 dias \u00fateis, RUSH<\/span><\/td>\n<\/tr>\n<tr style=\"height: 40px; background-color: #99ccff;\">\n<td style=\"width: 22.6796%; height: 24px;\"><span style=\"font-size: 12pt;\"><strong><span style=\"font-family: arial, helvetica, sans-serif;\">Envio<\/span><\/strong><\/span><\/td>\n<td style=\"width: 77.3204%; height: 24px;\"><span style=\"font-family: arial, helvetica, sans-serif; font-size: 12pt;\">A\u00e9reo, Mar\u00edtimo, Expresso<\/span><\/td>\n<\/tr>\n<\/tbody>\n<\/table>\n<p>&nbsp;<\/p>","protected":false},"featured_media":2959,"comment_status":"open","ping_status":"closed","template":"","meta":[],"product_brand":[],"product_cat":[26,18],"product_tag":[],"class_list":{"0":"post-2955","1":"product","2":"type-product","3":"status-publish","4":"has-post-thumbnail","6":"product_cat-food-packaging","7":"product_cat-zipper-bags","9":"first","10":"instock","11":"shipping-taxable","12":"product-type-simple"},"_links":{"self":[{"href":"https:\/\/polysmarts.com\/pt\/wp-json\/wp\/v2\/product\/2955","targetHints":{"allow":["GET"]}}],"collection":[{"href":"https:\/\/polysmarts.com\/pt\/wp-json\/wp\/v2\/product"}],"about":[{"href":"https:\/\/polysmarts.com\/pt\/wp-json\/wp\/v2\/types\/product"}],"replies":[{"embeddable":true,"href":"https:\/\/polysmarts.com\/pt\/wp-json\/wp\/v2\/comments?post=2955"}],"version-history":[{"count":2,"href":"https:\/\/polysmarts.com\/pt\/wp-json\/wp\/v2\/product\/2955\/revisions"}],"predecessor-version":[{"id":2964,"href":"https:\/\/polysmarts.com\/pt\/wp-json\/wp\/v2\/product\/2955\/revisions\/2964"}],"wp:featuredmedia":[{"embeddable":true,"href":"https:\/\/polysmarts.com\/pt\/wp-json\/wp\/v2\/media\/2959"}],"wp:attachment":[{"href":"https:\/\/polysmarts.com\/pt\/wp-json\/wp\/v2\/media?parent=2955"}],"wp:term":[{"taxonomy":"product_brand","embeddable":true,"href":"https:\/\/polysmarts.com\/pt\/wp-json\/wp\/v2\/product_brand?post=2955"},{"taxonomy":"product_cat","embeddable":true,"href":"https:\/\/polysmarts.com\/pt\/wp-json\/wp\/v2\/product_cat?post=2955"},{"taxonomy":"product_tag","embeddable":true,"href":"https:\/\/polysmarts.com\/pt\/wp-json\/wp\/v2\/product_tag?post=2955"}],"curies":[{"name":"wp","href":"https:\/\/api.w.org\/{rel}","templated":true}]}}