{"id":2833,"date":"2024-04-21T02:43:53","date_gmt":"2024-04-21T02:43:53","guid":{"rendered":"https:\/\/polysmarts.com\/?post_type=product&#038;p=2833"},"modified":"2024-04-21T03:56:09","modified_gmt":"2024-04-21T03:56:09","slug":"sacos-de-mylar-a-prova-de-cheiro","status":"publish","type":"product","link":"https:\/\/polysmarts.com\/pt\/product\/smell-proof-stand-up-pouches-mylar-bags\/","title":{"rendered":"Bolsas Mylar \u00e0 prova de cheiros"},"content":{"rendered":"<p>Experimente o auge da inova\u00e7\u00e3o em embalagens com nossos Stand Up Pouches \u00e0 prova de cheiros, meticulosamente elaborados por l\u00edderes do setor para oferecer versatilidade e durabilidade incompar\u00e1veis. Com espessura de 80 <span style=\"font-family: arial, helvetica, sans-serif; font-size: 12pt;\">m\u00edcrons<\/span>, esses sacos sel\u00e1veis proporcionam o equil\u00edbrio perfeito entre resist\u00eancia e flexibilidade, garantindo que n\u00e3o rasgar\u00e3o ou rasgar\u00e3o sob press\u00e3o. Al\u00e9m disso, nossas bolsas mylar pretas\/transparentes brilhantes oferecem a personaliza\u00e7\u00e3o se voc\u00ea solicitar mais de 1000 unidades.<\/p>\n<p>Cada op\u00e7\u00e3o de embalagem a granel inclui 100 sacos mylar \u00e0 prova de cheiros, tornando-os uma escolha excepcional para todas as suas necessidades de embalagem.<\/p>\n<p>Projetados com perfei\u00e7\u00e3o, nossos sacos ressel\u00e1veis s\u00e3o projetados para reter odores em seu interior, mantendo a sujeira, a \u00e1gua e a poeira afastadas. Com um fecho ziplock herm\u00e9tico, estes sacos mant\u00eam a frescura, proporcionando uma solu\u00e7\u00e3o de armazenamento f\u00e1cil e eficaz a longo prazo. Apesar de serem herm\u00e9ticos quando selados, nossos sacos ziplock de mylar dur\u00e1veis s\u00e3o projetados para f\u00e1cil abertura e veda\u00e7\u00e3o conforme necess\u00e1rio.<\/p>\n<p>Diga adeus aos tradicionais recipientes para frascos pop-top e aproveite a versatilidade de nossos sacos de mylar dur\u00e1veis, adequados para uso em v\u00e1rios setores. Compat\u00edvel com a maioria das m\u00e1quinas seladoras a quente, esses sacos de alta qualidade podem ser selados a quente acima dos entalhes de rasgo, prolongando a vida \u00fatil de seus produtos e fornecendo uma camada adicional de prote\u00e7\u00e3o contra elementos externos.<\/p>\n<p>Cada saco mylar Loud Lock pode vir com sacos pl\u00e1sticos reutiliz\u00e1veis com furo para pendurar (acima do selo ziplock) ou sem furo, dependendo da disponibilidade. Com um fundo refor\u00e7ado para f\u00e1cil expans\u00e3o, nossos sacos mylar pretos foscos\/transparentes garantem a capacidade m\u00e1xima de armazenamento do produto, minimizando o risco de danos ao produto. Al\u00e9m disso, o fundo do refor\u00e7o permite que os sacos fiquem em p\u00e9 para fins de exibi\u00e7\u00e3o convenientes.<\/p>\n<p>Eleve o seu jogo de embalagens com os Stand Up Pouches \u00e0 prova de cheiros, a solu\u00e7\u00e3o definitiva para preservar o frescor e proteger seus produtos.<\/p>","protected":false},"excerpt":{"rendered":"<table style=\"height: 360px; width: 99.8505%; border-collapse: collapse;\" border=\"2\">\n<tbody>\n<tr style=\"height: 40px;\">\n<td style=\"width: 38.0988%; height: 30px; background-color: #99ccff;\"><span style=\"font-family: arial, helvetica, sans-serif; font-size: 12pt;\"><strong>Dimens\u00e3o e estilo<\/strong><\/span><\/td>\n<td style=\"width: 61.9012%; height: 30px; background-color: #99ccff;\"><span style=\"font-family: arial, helvetica, sans-serif; font-size: 12pt;\">12,5*20+4\/ 7,6*12,7+3cm<\/span><\/td>\n<\/tr>\n<tr style=\"height: 40px;\">\n<td style=\"width: 38.0988%; height: 34px; background-color: #ebebeb;\"><span style=\"font-size: 12pt;\"><strong><span style=\"font-family: arial, helvetica, sans-serif;\">Peso de 1 pacote = 100 unidades<\/span><\/strong><\/span><\/td>\n<td style=\"width: 61.9012%; height: 34px; background-color: #ebebeb;\"><span style=\"font-family: arial, helvetica, sans-serif; font-size: 12pt;\">Cerca de 0,7\/0,3kg<\/span><\/td>\n<\/tr>\n<tr style=\"height: 40px; background-color: #99ccff;\">\n<td style=\"width: 38.0988%; height: 24px;\"><span style=\"font-size: 12pt;\"><strong><span style=\"font-family: arial, helvetica, sans-serif;\">Tipo de embalagem<\/span><\/strong><\/span><\/td>\n<td style=\"width: 61.9012%; height: 24px;\"><span style=\"font-family: arial, helvetica, sans-serif; font-size: 12pt;\">Bolsas stand up \u00e0 prova de cheiros<\/span><\/td>\n<\/tr>\n<tr style=\"height: 40px; background-color: #ebebeb;\">\n<td style=\"width: 38.0988%; height: 24px;\"><span style=\"font-size: 12pt;\"><strong><span style=\"font-family: arial, helvetica, sans-serif;\">Grossura<\/span><\/strong><\/span><\/td>\n<td style=\"width: 61.9012%; height: 24px;\"><span style=\"font-family: arial, helvetica, sans-serif; font-size: 12pt;\">80 m\u00edcrons<\/span><\/td>\n<\/tr>\n<tr style=\"height: 40px; background-color: #99ccff;\">\n<td style=\"width: 38.0988%; height: 24px;\"><span style=\"font-size: 12pt;\"><strong><span style=\"font-family: arial, helvetica, sans-serif;\">Acabamento<\/span><\/strong><\/span><\/td>\n<td style=\"width: 61.9012%; height: 24px;\"><span style=\"font-family: arial, helvetica, sans-serif; font-size: 12pt;\">Claro<\/span><\/td>\n<\/tr>\n<tr style=\"height: 40px; background-color: #ebebeb;\">\n<td style=\"width: 38.0988%; height: 24px;\"><span style=\"font-size: 12pt;\"><strong><span style=\"font-family: arial, helvetica, sans-serif;\">Material<\/span><\/strong><\/span><\/td>\n<td style=\"width: 61.9012%; height: 24px;\"><span style=\"font-family: arial, helvetica, sans-serif; font-size: 12pt;\">OPP\/VMPET\/PE<\/span><\/td>\n<\/tr>\n<tr style=\"height: 40px; background-color: #99ccff;\">\n<td style=\"width: 38.0988%; height: 24px;\"><span style=\"font-size: 12pt;\"><strong><span style=\"font-family: arial, helvetica, sans-serif;\">Prova<\/span><\/strong><\/span><\/td>\n<td style=\"width: 61.9012%; height: 24px;\"><span style=\"font-family: arial, helvetica, sans-serif; font-size: 12pt;\">\u00c0 prova de cheiro<\/span><\/td>\n<\/tr>\n<tr style=\"height: 40px; background-color: #ebebeb;\">\n<td style=\"width: 38.0988%; height: 24px;\"><span style=\"font-size: 12pt;\"><strong><span style=\"font-family: arial, helvetica, sans-serif;\">Prazo de entrega<\/span><\/strong><\/span><\/td>\n<td style=\"width: 61.9012%; height: 24px;\"><span style=\"font-family: arial, helvetica, sans-serif; font-size: 12pt;\">7 a 15 dias \u00fateis, RUSH<\/span><\/td>\n<\/tr>\n<tr style=\"height: 40px; background-color: #99ccff;\">\n<td style=\"width: 38.0988%; height: 24px;\"><span style=\"font-size: 12pt;\"><strong><span style=\"font-family: arial, helvetica, sans-serif;\">m\u00e9todo de envio<\/span><\/strong><\/span><\/td>\n<td style=\"width: 61.9012%; height: 24px;\"><span style=\"font-family: arial, helvetica, sans-serif; font-size: 12pt;\">Expressar<\/span><\/td>\n<\/tr>\n<\/tbody>\n<\/table>\n<p>&nbsp;<\/p>","protected":false},"featured_media":2837,"comment_status":"open","ping_status":"closed","template":"","meta":[],"product_brand":[],"product_cat":[64],"product_tag":[],"class_list":{"0":"post-2833","1":"product","2":"type-product","3":"status-publish","4":"has-post-thumbnail","6":"product_cat-stock-pouches","8":"first","9":"instock","10":"shipping-taxable","11":"purchasable","12":"product-type-variable"},"_links":{"self":[{"href":"https:\/\/polysmarts.com\/pt\/wp-json\/wp\/v2\/product\/2833","targetHints":{"allow":["GET"]}}],"collection":[{"href":"https:\/\/polysmarts.com\/pt\/wp-json\/wp\/v2\/product"}],"about":[{"href":"https:\/\/polysmarts.com\/pt\/wp-json\/wp\/v2\/types\/product"}],"replies":[{"embeddable":true,"href":"https:\/\/polysmarts.com\/pt\/wp-json\/wp\/v2\/comments?post=2833"}],"version-history":[{"count":3,"href":"https:\/\/polysmarts.com\/pt\/wp-json\/wp\/v2\/product\/2833\/revisions"}],"predecessor-version":[{"id":2844,"href":"https:\/\/polysmarts.com\/pt\/wp-json\/wp\/v2\/product\/2833\/revisions\/2844"}],"wp:featuredmedia":[{"embeddable":true,"href":"https:\/\/polysmarts.com\/pt\/wp-json\/wp\/v2\/media\/2837"}],"wp:attachment":[{"href":"https:\/\/polysmarts.com\/pt\/wp-json\/wp\/v2\/media?parent=2833"}],"wp:term":[{"taxonomy":"product_brand","embeddable":true,"href":"https:\/\/polysmarts.com\/pt\/wp-json\/wp\/v2\/product_brand?post=2833"},{"taxonomy":"product_cat","embeddable":true,"href":"https:\/\/polysmarts.com\/pt\/wp-json\/wp\/v2\/product_cat?post=2833"},{"taxonomy":"product_tag","embeddable":true,"href":"https:\/\/polysmarts.com\/pt\/wp-json\/wp\/v2\/product_tag?post=2833"}],"curies":[{"name":"wp","href":"https:\/\/api.w.org\/{rel}","templated":true}]}}