{"id":2788,"date":"2024-04-19T06:33:02","date_gmt":"2024-04-19T06:33:02","guid":{"rendered":"https:\/\/polysmarts.com\/?post_type=product&#038;p=2788"},"modified":"2024-04-19T06:53:24","modified_gmt":"2024-04-19T06:53:24","slug":"sacolas-com-alca-cortada-personalizada-para-transportar-sacolas-de-compras","status":"publish","type":"product","link":"https:\/\/polysmarts.com\/pt\/product\/custom-die-cut-handle-bags-carry-shopping-bags\/","title":{"rendered":"Sacolas com al\u00e7a cortada personalizada para transporte de sacolas de compras"},"content":{"rendered":"<p><strong>Informa\u00e7\u00f5es sobre pacote e tamanho:<\/strong> Eleve sua experi\u00eancia de compra com nossas sacolas personalizadas com al\u00e7a cortada. Cada pacote cont\u00e9m sacos pl\u00e1sticos de varejo de 12 \u00d7 15 polegadas com al\u00e7as. Alternativamente, personalize o tamanho para atender aos seus requisitos espec\u00edficos para maior comodidade e funcionalidade.<\/p>\n<p><strong>Grosso e resistente:<\/strong> Nossas sacolas de compras Rain Tick Die Cut Handle Bags para boutiques possuem uma espessura de 2,36 mil (lado \u00fanico), garantindo resist\u00eancia e durabilidade incompar\u00e1veis. Fique tranquilo, essas bolsas foram projetadas para suportar o uso di\u00e1rio sem rasgar ou quebrar. Tamb\u00e9m oferecemos op\u00e7\u00f5es de espessura personalizadas para atender \u00e0s suas prefer\u00eancias.<\/p>\n<p><strong>Ideal para pequenas empresas:<\/strong> Deixe uma impress\u00e3o duradoura com nosso atraente logotipo dourado \u201cObrigado\u201d impresso em cada bolsa. Este design profissional e elegante real\u00e7a a imagem da sua marca e eleva a experi\u00eancia de compra dos seus clientes. Mostre o seu agradecimento com estas lindas sacolas pl\u00e1sticas, projetadas especificamente para pequenas empresas.<\/p>\n<p><strong>Al\u00e7as convenientes:<\/strong> Projetadas com al\u00e7as resistentes cortadas, nossas bolsas para pequenas empresas s\u00e3o f\u00e1ceis de transportar. Desfrute de uma pegada firme e confort\u00e1vel sem se preocupar com estiramento excessivo ou quebra. Esses sacos resistentes a rasgos podem ser usados v\u00e1rias vezes, proporcionando conveni\u00eancia e funcionalidade duradouras.<\/p>\n<p><strong>Sacos de mercadorias amplamente utilizados:<\/strong> Nossas sacolas de mercadorias com al\u00e7as s\u00e3o vers\u00e1teis e perfeitas para diversas ocasi\u00f5es, incluindo feiras, artesanato, roupas, lojas pop-up, anivers\u00e1rios, casamentos, Natal e presentes de Dia dos Namorados. Use-os como sacolas de compras, sacolas de lembrancinhas ou sacolas de boutique para maior versatilidade. Observa\u00e7\u00e3o: alguns sacos podem apresentar gr\u00e2nulos na superf\u00edcie, mas fique tranquilo, isso n\u00e3o afeta sua funcionalidade.<\/p>","protected":false},"excerpt":{"rendered":"<table style=\"height: 360px; width: 100.741%; border-collapse: collapse; background-color: #ebebeb;\" border=\"2\">\n<tbody>\n<tr style=\"height: 40px;\">\n<td style=\"width: 22.6796%; height: 30px; background-color: #99ccff;\"><span style=\"font-family: arial, helvetica, sans-serif; font-size: 12pt;\"><strong>Dimens\u00e3o e estilo<\/strong><\/span><\/td>\n<td style=\"width: 78.2121%; height: 30px; background-color: #99ccff;\"><span style=\"font-family: arial, helvetica, sans-serif; font-size: 12pt;\">Formas e tamanhos personalizados<\/span><\/td>\n<\/tr>\n<tr style=\"height: 40px;\">\n<td style=\"width: 22.6796%; height: 34px; background-color: #ebebeb;\"><span style=\"font-size: 12pt;\"><strong><span style=\"font-family: arial, helvetica, sans-serif;\">Quantidade m\u00ednima de pedido<\/span><\/strong><\/span><\/td>\n<td style=\"width: 78.2121%; height: 34px; background-color: #ebebeb;\"><span style=\"font-family: arial, helvetica, sans-serif; font-size: 12pt;\">1000pcs sem personaliza\u00e7\u00e3o, 10000pcs para personaliza\u00e7\u00e3o\u00a0<\/span><\/td>\n<\/tr>\n<tr style=\"height: 40px; background-color: #99ccff;\">\n<td style=\"width: 22.6796%; height: 24px;\"><span style=\"font-size: 12pt;\"><strong><span style=\"font-family: arial, helvetica, sans-serif;\">Tipo de embalagem<\/span><\/strong><\/span><\/td>\n<td style=\"width: 78.2121%; height: 24px;\"><span style=\"font-family: arial, helvetica, sans-serif; font-size: 12pt;\">Sacos com al\u00e7a cortada<\/span><\/td>\n<\/tr>\n<tr style=\"height: 40px; background-color: #ebebeb;\">\n<td style=\"width: 22.6796%; height: 24px;\"><span style=\"font-size: 12pt;\"><strong><span style=\"font-family: arial, helvetica, sans-serif;\">Impress\u00e3o<\/span><\/strong><\/span><\/td>\n<td style=\"width: 78.2121%; height: 24px;\"><span style=\"font-family: arial, helvetica, sans-serif; font-size: 12pt;\">CMYK (1 \u2013 10 cores), sem impress\u00e3o (normal)<\/span><\/td>\n<\/tr>\n<tr style=\"height: 40px; background-color: #99ccff;\">\n<td style=\"width: 22.6796%; height: 24px;\"><span style=\"font-size: 12pt;\"><strong><span style=\"font-family: arial, helvetica, sans-serif;\">Manuseio de Superf\u00edcie<\/span><\/strong><\/span><\/td>\n<td style=\"width: 78.2121%; height: 24px;\"><span style=\"font-family: arial, helvetica, sans-serif; font-size: 12pt;\">Impress\u00e3o offset<\/span><\/td>\n<\/tr>\n<tr style=\"height: 40px; background-color: #ebebeb;\">\n<td style=\"width: 22.6796%; height: 24px;\"><span style=\"font-size: 12pt;\"><strong><span style=\"font-family: arial, helvetica, sans-serif;\">Material<\/span><\/strong><\/span><\/td>\n<td style=\"width: 78.2121%; height: 24px;\"><span style=\"font-family: arial, helvetica, sans-serif; font-size: 12pt;\">EDUCA\u00c7AO FISICA<\/span><\/td>\n<\/tr>\n<tr style=\"height: 40px; background-color: #99ccff;\">\n<td style=\"width: 22.6796%; height: 24px;\"><span style=\"font-size: 12pt;\"><strong><span style=\"font-family: arial, helvetica, sans-serif;\">Tamanho<\/span><\/strong><\/span><\/td>\n<td style=\"width: 78.2121%; height: 24px;\"><span style=\"font-family: arial, helvetica, sans-serif; font-size: 12pt;\">Personalizado<\/span><\/td>\n<\/tr>\n<tr style=\"height: 40px; background-color: #ebebeb;\">\n<td style=\"width: 22.6796%; height: 24px;\"><span style=\"font-size: 12pt;\"><strong><span style=\"font-family: arial, helvetica, sans-serif;\">Grossura<\/span><\/strong><\/span><\/td>\n<td style=\"width: 78.2121%; height: 24px;\"><span style=\"font-family: arial, helvetica, sans-serif; font-size: 12pt;\">120 m\u00edcrons para lados duplos, espessura personalizada Accpet<\/span><\/td>\n<\/tr>\n<tr style=\"height: 40px; background-color: #99ccff;\">\n<td style=\"width: 22.6796%; height: 24px;\"><span style=\"font-size: 12pt;\"><strong><span style=\"font-family: arial, helvetica, sans-serif;\">Envio<\/span><\/strong><\/span><\/td>\n<td style=\"width: 78.2121%; height: 24px;\"><span style=\"font-family: arial, helvetica, sans-serif; font-size: 12pt;\">A\u00e9reo, Mar\u00edtimo, Expresso<\/span><\/td>\n<\/tr>\n<tr style=\"height: 40px; background-color: #ebebeb;\">\n<td style=\"width: 22.6796%; height: 24px;\"><span style=\"font-size: 12pt;\"><strong><span style=\"font-family: arial, helvetica, sans-serif;\">Tempo de resposta<\/span><\/strong><\/span><\/td>\n<td style=\"width: 78.2121%; height: 24px;\"><span style=\"font-family: arial, helvetica, sans-serif; font-size: 12pt;\">7 a 15 dias \u00fateis, RUSH<\/span><\/td>\n<\/tr>\n<\/tbody>\n<\/table>\n<p>&nbsp;<\/p>","protected":false},"featured_media":2789,"comment_status":"open","ping_status":"closed","template":"","meta":[],"product_brand":[],"product_cat":[31,21],"product_tag":[],"class_list":{"0":"post-2788","1":"product","2":"type-product","3":"status-publish","4":"has-post-thumbnail","6":"product_cat-clothing-packaging","7":"product_cat-opp-cpp-pe-cpe-single-material-bag","9":"first","10":"instock","11":"shipping-taxable","12":"product-type-simple"},"_links":{"self":[{"href":"https:\/\/polysmarts.com\/pt\/wp-json\/wp\/v2\/product\/2788","targetHints":{"allow":["GET"]}}],"collection":[{"href":"https:\/\/polysmarts.com\/pt\/wp-json\/wp\/v2\/product"}],"about":[{"href":"https:\/\/polysmarts.com\/pt\/wp-json\/wp\/v2\/types\/product"}],"replies":[{"embeddable":true,"href":"https:\/\/polysmarts.com\/pt\/wp-json\/wp\/v2\/comments?post=2788"}],"version-history":[{"count":2,"href":"https:\/\/polysmarts.com\/pt\/wp-json\/wp\/v2\/product\/2788\/revisions"}],"predecessor-version":[{"id":2795,"href":"https:\/\/polysmarts.com\/pt\/wp-json\/wp\/v2\/product\/2788\/revisions\/2795"}],"wp:featuredmedia":[{"embeddable":true,"href":"https:\/\/polysmarts.com\/pt\/wp-json\/wp\/v2\/media\/2789"}],"wp:attachment":[{"href":"https:\/\/polysmarts.com\/pt\/wp-json\/wp\/v2\/media?parent=2788"}],"wp:term":[{"taxonomy":"product_brand","embeddable":true,"href":"https:\/\/polysmarts.com\/pt\/wp-json\/wp\/v2\/product_brand?post=2788"},{"taxonomy":"product_cat","embeddable":true,"href":"https:\/\/polysmarts.com\/pt\/wp-json\/wp\/v2\/product_cat?post=2788"},{"taxonomy":"product_tag","embeddable":true,"href":"https:\/\/polysmarts.com\/pt\/wp-json\/wp\/v2\/product_tag?post=2788"}],"curies":[{"name":"wp","href":"https:\/\/api.w.org\/{rel}","templated":true}]}}