{"id":2779,"date":"2024-04-18T07:33:39","date_gmt":"2024-04-18T07:33:39","guid":{"rendered":"https:\/\/polysmarts.com\/?post_type=product&#038;p=2779"},"modified":"2024-04-18T07:50:14","modified_gmt":"2024-04-18T07:50:14","slug":"saco-autovedante-pe-com-gancho-para-pendurar","status":"publish","type":"product","link":"https:\/\/polysmarts.com\/pt\/product\/pe-self-sealing-bag-with-hanging-hook\/","title":{"rendered":"Saco autovedante PE com gancho para pendurar"},"content":{"rendered":"<p>Descubra a conveni\u00eancia de nossos sacos autovedantes de PE com um gancho de suspens\u00e3o integrado, projetados para agilizar suas necessidades de embalagem e armazenamento sem esfor\u00e7o.<\/p>\n<p>Z\u00edper ressel\u00e1vel com maior conveni\u00eancia: feche e feche novamente seus pertences sem esfor\u00e7o com nosso z\u00edper deslizante de qualidade premium e gancho integrado. Diga adeus aos seladores e fitas pesadas, pois nossas sacolas aceleram as opera\u00e7\u00f5es de embalagem, envio e correspond\u00eancia, ao mesmo tempo que protegem suas roupas e objetos de valor contra poeira, odores e umidade.<\/p>\n<p>Refor\u00e7ado para prote\u00e7\u00e3o confi\u00e1vel: fique tranquilo sabendo que nossos sacos de polietileno com z\u00edper fosco s\u00e3o refor\u00e7ados nas laterais, oferecendo durabilidade e resist\u00eancia excepcionais. Com laterais refor\u00e7adas, nossas sacolas resistem melhor a rasgos, rachaduras e rasgos, garantindo que sua mercadoria permane\u00e7a protegida durante o armazenamento, envio e envio.<\/p>\n<p>Aviso: Ventila\u00e7\u00e3o para circula\u00e7\u00e3o de ar ideal: Esteja atento ao recurso de ventila\u00e7\u00e3o de nossas bolsas, equipadas com bolsas com orif\u00edcios de ventila\u00e7\u00e3o para otimizar a circula\u00e7\u00e3o de ar. Estas bolsas respir\u00e1veis protegem os seus pertences e evitam asfixia, tornando-as ideais para uma variedade de utiliza\u00e7\u00f5es. Se voc\u00ea precisar de uma op\u00e7\u00e3o totalmente vedada, considere suas necessidades cuidadosamente antes de comprar.<\/p>\n<p>Usos vers\u00e1teis para uma vida organizada: adornadas com acabamento fosco, nossas bolsas exalam eleg\u00e2ncia e profissionalismo, tornando-as essenciais para organiza\u00e7\u00e3o dom\u00e9stica, embalagens de viagem, remessas comerciais e muito mais. De roupas e acess\u00f3rios a obras de arte e eletr\u00f4nicos, nossas bolsas atendem a uma ampla variedade de itens, garantindo que tudo esteja bem armazenado e facilmente acess\u00edvel.<\/p>","protected":false},"excerpt":{"rendered":"<table style=\"height: 360px; width: 99.8505%; border-collapse: collapse;\" border=\"2\">\n<tbody>\n<tr style=\"height: 40px;\">\n<td style=\"width: 38.0988%; height: 30px; background-color: #99ccff;\"><span style=\"font-family: arial, helvetica, sans-serif; font-size: 12pt;\"><strong>Dimens\u00e3o e estilo<\/strong><\/span><\/td>\n<td style=\"width: 61.9012%; height: 30px; background-color: #99ccff;\"><span style=\"font-family: arial, helvetica, sans-serif; font-size: 12pt;\">22*11,5cm<\/span><\/td>\n<\/tr>\n<tr style=\"height: 40px;\">\n<td style=\"width: 38.0988%; height: 34px; background-color: #ebebeb;\"><span style=\"font-size: 12pt;\"><strong><span style=\"font-family: arial, helvetica, sans-serif;\">Peso de 1 pacote = 100 unidades<\/span><\/strong><\/span><\/td>\n<td style=\"width: 61.9012%; height: 34px; background-color: #ebebeb;\"><span style=\"font-family: arial, helvetica, sans-serif; font-size: 12pt;\">Cerca de 0,7kg<\/span><\/td>\n<\/tr>\n<tr style=\"height: 40px; background-color: #99ccff;\">\n<td style=\"width: 38.0988%; height: 24px;\"><span style=\"font-size: 12pt;\"><strong><span style=\"font-family: arial, helvetica, sans-serif;\">Tipo de embalagem<\/span><\/strong><\/span><\/td>\n<td style=\"width: 61.9012%; height: 24px;\"><span style=\"font-family: arial, helvetica, sans-serif; font-size: 12pt;\">Saco autovedante<\/span><\/td>\n<\/tr>\n<tr style=\"height: 40px; background-color: #ebebeb;\">\n<td style=\"width: 38.0988%; height: 24px;\"><span style=\"font-size: 12pt;\"><strong><span style=\"font-family: arial, helvetica, sans-serif;\">Grossura<\/span><\/strong><\/span><\/td>\n<td style=\"width: 61.9012%; height: 24px;\"><span style=\"font-family: arial, helvetica, sans-serif; font-size: 12pt;\">100 m\u00edcrons<\/span><\/td>\n<\/tr>\n<tr style=\"height: 40px; background-color: #99ccff;\">\n<td style=\"width: 38.0988%; height: 24px;\"><span style=\"font-size: 12pt;\"><strong><span style=\"font-family: arial, helvetica, sans-serif;\">Acabamento<\/span><\/strong><\/span><\/td>\n<td style=\"width: 61.9012%; height: 24px;\"><span style=\"font-family: arial, helvetica, sans-serif; font-size: 12pt;\">Claro<\/span><\/td>\n<\/tr>\n<tr style=\"height: 40px; background-color: #ebebeb;\">\n<td style=\"width: 38.0988%; height: 24px;\"><span style=\"font-size: 12pt;\"><strong><span style=\"font-family: arial, helvetica, sans-serif;\">Material<\/span><\/strong><\/span><\/td>\n<td style=\"width: 61.9012%; height: 24px;\"><span style=\"font-family: arial, helvetica, sans-serif; font-size: 12pt;\">EDUCA\u00c7AO FISICA<\/span><\/td>\n<\/tr>\n<tr style=\"height: 40px; background-color: #99ccff;\">\n<td style=\"width: 38.0988%; height: 24px;\"><span style=\"font-size: 12pt;\"><strong><span style=\"font-family: arial, helvetica, sans-serif;\">Prova<\/span><\/strong><\/span><\/td>\n<td style=\"width: 61.9012%; height: 24px;\"><span style=\"font-family: arial, helvetica, sans-serif; font-size: 12pt;\">\u00c0 prova de humidade<\/span><\/td>\n<\/tr>\n<tr style=\"height: 40px; background-color: #ebebeb;\">\n<td style=\"width: 38.0988%; height: 24px;\"><span style=\"font-size: 12pt;\"><strong><span style=\"font-family: arial, helvetica, sans-serif;\">Prazo de entrega<\/span><\/strong><\/span><\/td>\n<td style=\"width: 61.9012%; height: 24px;\"><span style=\"font-family: arial, helvetica, sans-serif; font-size: 12pt;\">7 a 15 dias \u00fateis, RUSH<\/span><\/td>\n<\/tr>\n<tr style=\"height: 40px; background-color: #99ccff;\">\n<td style=\"width: 38.0988%; height: 24px;\"><span style=\"font-size: 12pt;\"><strong><span style=\"font-family: arial, helvetica, sans-serif;\">m\u00e9todo de envio<\/span><\/strong><\/span><\/td>\n<td style=\"width: 61.9012%; height: 24px;\"><span style=\"font-family: arial, helvetica, sans-serif; font-size: 12pt;\">Expressar<\/span><\/td>\n<\/tr>\n<\/tbody>\n<\/table>\n<p>&nbsp;<\/p>","protected":false},"featured_media":2780,"comment_status":"open","ping_status":"closed","template":"","meta":[],"product_brand":[],"product_cat":[64],"product_tag":[],"class_list":{"0":"post-2779","1":"product","2":"type-product","3":"status-publish","4":"has-post-thumbnail","6":"product_cat-stock-pouches","8":"first","9":"instock","10":"shipping-taxable","11":"purchasable","12":"product-type-simple"},"_links":{"self":[{"href":"https:\/\/polysmarts.com\/pt\/wp-json\/wp\/v2\/product\/2779","targetHints":{"allow":["GET"]}}],"collection":[{"href":"https:\/\/polysmarts.com\/pt\/wp-json\/wp\/v2\/product"}],"about":[{"href":"https:\/\/polysmarts.com\/pt\/wp-json\/wp\/v2\/types\/product"}],"replies":[{"embeddable":true,"href":"https:\/\/polysmarts.com\/pt\/wp-json\/wp\/v2\/comments?post=2779"}],"version-history":[{"count":1,"href":"https:\/\/polysmarts.com\/pt\/wp-json\/wp\/v2\/product\/2779\/revisions"}],"predecessor-version":[{"id":2787,"href":"https:\/\/polysmarts.com\/pt\/wp-json\/wp\/v2\/product\/2779\/revisions\/2787"}],"wp:featuredmedia":[{"embeddable":true,"href":"https:\/\/polysmarts.com\/pt\/wp-json\/wp\/v2\/media\/2780"}],"wp:attachment":[{"href":"https:\/\/polysmarts.com\/pt\/wp-json\/wp\/v2\/media?parent=2779"}],"wp:term":[{"taxonomy":"product_brand","embeddable":true,"href":"https:\/\/polysmarts.com\/pt\/wp-json\/wp\/v2\/product_brand?post=2779"},{"taxonomy":"product_cat","embeddable":true,"href":"https:\/\/polysmarts.com\/pt\/wp-json\/wp\/v2\/product_cat?post=2779"},{"taxonomy":"product_tag","embeddable":true,"href":"https:\/\/polysmarts.com\/pt\/wp-json\/wp\/v2\/product_tag?post=2779"}],"curies":[{"name":"wp","href":"https:\/\/api.w.org\/{rel}","templated":true}]}}