{"id":2769,"date":"2024-04-18T06:36:20","date_gmt":"2024-04-18T06:36:20","guid":{"rendered":"https:\/\/polysmarts.com\/?post_type=product&#038;p=2769"},"modified":"2024-04-18T07:28:32","modified_gmt":"2024-04-18T07:28:32","slug":"sacos-ziplock-para-embalagem-a-laser-mylar","status":"publish","type":"product","link":"https:\/\/polysmarts.com\/pt\/product\/laser-mylar-packaging-ziplock-pouch-bags\/","title":{"rendered":"Sacos ziplock para embalagem a laser Mylar"},"content":{"rendered":"<p>Apresentando as melhores bolsas ziplock para embalagem hologr\u00e1fica a laser Mylar:<\/p>\n<p>Feito com perfei\u00e7\u00e3o: Delicie-se com o luxo com nossa bolsa hologr\u00e1fica meticulosamente projetada. Com espessura de 100 m\u00edcrons em ambos os lados, nossa bolsa oferece durabilidade e resist\u00eancia incompar\u00e1veis a furos e vazamentos, garantindo que seus pertences permane\u00e7am seguros e protegidos em todos os momentos. O filme de metal de alta qualidade confere um brilho irresist\u00edvel, lan\u00e7ando um brilho de arco-\u00edris hipnotizante que eleva seus produtos ao centro das aten\u00e7\u00f5es.<\/p>\n<p>Excel\u00eancia de f\u00e1cil utiliza\u00e7\u00e3o: Sua conveni\u00eancia e seguran\u00e7a s\u00e3o fundamentais para n\u00f3s. Para proteger voc\u00ea e seus pertences de qualquer dano potencial, arredondamos habilmente todos os cantos, eliminando o risco de arranh\u00f5es - seja na tela do seu celular ou em itens preciosos dentro dele. Com um comprimento de abertura estendido, nossa bolsa facilita a veda\u00e7\u00e3o t\u00e9rmica perfeita para maior efic\u00e1cia, garantindo usabilidade sem esfor\u00e7o em cada veda\u00e7\u00e3o.<\/p>\n<p>Refor\u00e7ado para confiabilidade: diga adeus \u00e0s preocupa\u00e7\u00f5es com entrada de \u00e1gua ou odores desagrad\u00e1veis. Nosso z\u00edper refor\u00e7ado, combinado com o tamanho de bolsa perfeito para seus itens, cria uma barreira impenetr\u00e1vel, garantindo prote\u00e7\u00e3o m\u00e1xima. Para necessidades de armazenamento prolongado, utilize a fun\u00e7\u00e3o de veda\u00e7\u00e3o t\u00e9rmica para uma camada extra de seguran\u00e7a, garantindo que seus objetos de valor permane\u00e7am intactos por per\u00edodos mais longos.<\/p>\n<p>Uma sinfonia de brilho: prepare-se para deslumbrar com nosso gloss hologr\u00e1fico de arco-\u00edris. Feitas com filme met\u00e1lico, nossas bolsas ziplock capturam a ess\u00eancia de um arco-\u00edris, transformando a luz natural em um espectro hipnotizante de cores que dan\u00e7am em seus itens. O design da janela transparente adiciona um toque de sofistica\u00e7\u00e3o, permitindo que seus tesouros brilhem com clareza e brilho incompar\u00e1veis.<\/p>\n<p>Possibilidades infinitas: aproveite a versatilidade com nossas bolsas ziplock repetidas de v\u00e1rios tamanhos, personalizadas para atender \u00e0s diversas necessidades de qualquer ambiente - seja no escrit\u00f3rio, na escola ou em casa. Eleve a sua vida com um toque de organiza\u00e7\u00e3o e vibra\u00e7\u00e3o, pois nossa bolsa acomoda facilmente uma infinidade de itens. Sejam l\u00e1pis, itens essenciais de maquiagem ou guloseimas deliciosas, nossa bolsa \u00e9 a companhia perfeita para qualquer ocasi\u00e3o, garantindo que seus itens essenciais sejam armazenados com seguran\u00e7a e estilo.<\/p>","protected":false},"excerpt":{"rendered":"<table style=\"height: 360px; width: 99.8505%; border-collapse: collapse;\" border=\"2\">\n<tbody>\n<tr style=\"height: 40px;\">\n<td style=\"width: 38.0988%; height: 30px; background-color: #99ccff;\"><span style=\"font-family: arial, helvetica, sans-serif; font-size: 12pt;\"><strong>Dimens\u00e3o e estilo<\/strong><\/span><\/td>\n<td style=\"width: 61.9012%; height: 30px; background-color: #99ccff;\"><span style=\"font-family: arial, helvetica, sans-serif; font-size: 12pt;\">7,5*26cm<\/span><\/td>\n<\/tr>\n<tr style=\"height: 40px;\">\n<td style=\"width: 38.0988%; height: 34px; background-color: #ebebeb;\"><span style=\"font-size: 12pt;\"><strong><span style=\"font-family: arial, helvetica, sans-serif;\">Peso de 1 pacote = 100 unidades<\/span><\/strong><\/span><\/td>\n<td style=\"width: 61.9012%; height: 34px; background-color: #ebebeb;\"><span style=\"font-family: arial, helvetica, sans-serif; font-size: 12pt;\">Cerca de 0,55 kg<\/span><\/td>\n<\/tr>\n<tr style=\"height: 40px; background-color: #99ccff;\">\n<td style=\"width: 38.0988%; height: 24px;\"><span style=\"font-size: 12pt;\"><strong><span style=\"font-family: arial, helvetica, sans-serif;\">Tipo de embalagem<\/span><\/strong><\/span><\/td>\n<td style=\"width: 61.9012%; height: 24px;\"><span style=\"font-family: arial, helvetica, sans-serif; font-size: 12pt;\">Bolsas Ziplock<\/span><\/td>\n<\/tr>\n<tr style=\"height: 40px; background-color: #ebebeb;\">\n<td style=\"width: 38.0988%; height: 24px;\"><span style=\"font-size: 12pt;\"><strong><span style=\"font-family: arial, helvetica, sans-serif;\">Grossura<\/span><\/strong><\/span><\/td>\n<td style=\"width: 61.9012%; height: 24px;\"><span style=\"font-family: arial, helvetica, sans-serif; font-size: 12pt;\">100 m\u00edcrons<\/span><\/td>\n<\/tr>\n<tr style=\"height: 40px; background-color: #99ccff;\">\n<td style=\"width: 38.0988%; height: 24px;\"><span style=\"font-size: 12pt;\"><strong><span style=\"font-family: arial, helvetica, sans-serif;\">Acabamento<\/span><\/strong><\/span><\/td>\n<td style=\"width: 61.9012%; height: 24px;\"><span style=\"font-family: arial, helvetica, sans-serif; font-size: 12pt;\">Claro<\/span><\/td>\n<\/tr>\n<tr style=\"height: 40px; background-color: #ebebeb;\">\n<td style=\"width: 38.0988%; height: 24px;\"><span style=\"font-size: 12pt;\"><strong><span style=\"font-family: arial, helvetica, sans-serif;\">Material<\/span><\/strong><\/span><\/td>\n<td style=\"width: 61.9012%; height: 24px;\"><span style=\"font-family: arial, helvetica, sans-serif; font-size: 12pt;\">OPP\/VMPET\/CPP<\/span><\/td>\n<\/tr>\n<tr style=\"height: 40px; background-color: #99ccff;\">\n<td style=\"width: 38.0988%; height: 24px;\"><span style=\"font-size: 12pt;\"><strong><span style=\"font-family: arial, helvetica, sans-serif;\">Prova<\/span><\/strong><\/span><\/td>\n<td style=\"width: 61.9012%; height: 24px;\"><span style=\"font-family: arial, helvetica, sans-serif; font-size: 12pt;\">\u00c0 prova de humidade<\/span><\/td>\n<\/tr>\n<tr style=\"height: 40px; background-color: #ebebeb;\">\n<td style=\"width: 38.0988%; height: 24px;\"><span style=\"font-size: 12pt;\"><strong><span style=\"font-family: arial, helvetica, sans-serif;\">Prazo de entrega<\/span><\/strong><\/span><\/td>\n<td style=\"width: 61.9012%; height: 24px;\"><span style=\"font-family: arial, helvetica, sans-serif; font-size: 12pt;\">7 a 15 dias \u00fateis, RUSH<\/span><\/td>\n<\/tr>\n<tr style=\"height: 40px; background-color: #99ccff;\">\n<td style=\"width: 38.0988%; height: 24px;\"><span style=\"font-size: 12pt;\"><strong><span style=\"font-family: arial, helvetica, sans-serif;\">m\u00e9todo de envio<\/span><\/strong><\/span><\/td>\n<td style=\"width: 61.9012%; height: 24px;\"><span style=\"font-family: arial, helvetica, sans-serif; font-size: 12pt;\">Expressar<\/span><\/td>\n<\/tr>\n<\/tbody>\n<\/table>\n<p>&nbsp;<\/p>","protected":false},"featured_media":2772,"comment_status":"open","ping_status":"closed","template":"","meta":[],"product_brand":[],"product_cat":[64],"product_tag":[],"class_list":{"0":"post-2769","1":"product","2":"type-product","3":"status-publish","4":"has-post-thumbnail","6":"product_cat-stock-pouches","8":"first","9":"instock","10":"shipping-taxable","11":"purchasable","12":"product-type-simple"},"_links":{"self":[{"href":"https:\/\/polysmarts.com\/pt\/wp-json\/wp\/v2\/product\/2769","targetHints":{"allow":["GET"]}}],"collection":[{"href":"https:\/\/polysmarts.com\/pt\/wp-json\/wp\/v2\/product"}],"about":[{"href":"https:\/\/polysmarts.com\/pt\/wp-json\/wp\/v2\/types\/product"}],"replies":[{"embeddable":true,"href":"https:\/\/polysmarts.com\/pt\/wp-json\/wp\/v2\/comments?post=2769"}],"version-history":[{"count":1,"href":"https:\/\/polysmarts.com\/pt\/wp-json\/wp\/v2\/product\/2769\/revisions"}],"predecessor-version":[{"id":2778,"href":"https:\/\/polysmarts.com\/pt\/wp-json\/wp\/v2\/product\/2769\/revisions\/2778"}],"wp:featuredmedia":[{"embeddable":true,"href":"https:\/\/polysmarts.com\/pt\/wp-json\/wp\/v2\/media\/2772"}],"wp:attachment":[{"href":"https:\/\/polysmarts.com\/pt\/wp-json\/wp\/v2\/media?parent=2769"}],"wp:term":[{"taxonomy":"product_brand","embeddable":true,"href":"https:\/\/polysmarts.com\/pt\/wp-json\/wp\/v2\/product_brand?post=2769"},{"taxonomy":"product_cat","embeddable":true,"href":"https:\/\/polysmarts.com\/pt\/wp-json\/wp\/v2\/product_cat?post=2769"},{"taxonomy":"product_tag","embeddable":true,"href":"https:\/\/polysmarts.com\/pt\/wp-json\/wp\/v2\/product_tag?post=2769"}],"curies":[{"name":"wp","href":"https:\/\/api.w.org\/{rel}","templated":true}]}}