{"id":2730,"date":"2024-04-15T15:20:18","date_gmt":"2024-04-15T15:20:18","guid":{"rendered":"https:\/\/polysmarts.com\/?post_type=product&#038;p=2730"},"modified":"2025-10-14T13:00:55","modified_gmt":"2025-10-14T05:00:55","slug":"saco-mylar-de-plastico-frontal-transparente-preto-fosco","status":"publish","type":"product","link":"https:\/\/polysmarts.com\/pt\/product\/black-matte-clear-front-plastic-mylar-bag\/","title":{"rendered":"Saco Mylar de pl\u00e1stico transparente preto fosco frontal"},"content":{"rendered":"<p><strong>Design transparente da janela frontal:<\/strong> Experimente a conveni\u00eancia com nossa bolsa Mylar de pl\u00e1stico frontal transparente com uma janela frontal transparente. Identifique facilmente o conte\u00fado interno sem a necessidade de abrir os sacos, tornando-os ideais para uso dom\u00e9stico ou no escrit\u00f3rio. Nossas bolsas mylar \u00e0 prova de cheiro oferecem praticidade e funcionalidade.<\/p>\n<p><strong>Sacos reutiliz\u00e1veis para alimentos:<\/strong> Cada uma de nossas bolsas reutiliz\u00e1veis de mylar \u00e9 equipada com um ziplock resistente e herm\u00e9tico, garantindo durabilidade em v\u00e1rios usos. As bolsas seguras para alimentos apresentam entalhes para acesso conveniente aos produtos quando seladas a quente. Fique tranquilo, seus produtos permanecer\u00e3o frescos e protegidos.<\/p>\n<p><strong>Multiuso:<\/strong> Versatilidade encontra qualidade em nossas bolsas. Perfeitos para diversos fins, nossos sacos ressel\u00e1veis podem atender \u00e0s suas necessidades, seja para armazenar caf\u00e9, feij\u00e3o, doces, a\u00e7\u00facar, arroz, ingredientes de panifica\u00e7\u00e3o, biscoitos, ch\u00e1, nozes, frutas secas, p\u00f3s, lanches e muito mais. Aproveite a flexibilidade que essas bolsas oferecem.<\/p>\n<p><strong>O pacote inclui:<\/strong> Cada pacote cont\u00e9m 100 sacos de armazenamento de alimentos que podem ser fechados novamente, fornecendo ampla quantidade para seu uso ou compartilhamento com outras pessoas. Os sacos mylar \u00e0 prova de cheiros com fecho ziplock que pode ser fechado novamente mant\u00eam a \u00e1gua, a umidade, a poeira e os odores afastados, garantindo que seus itens permane\u00e7am organizados e limpos.<\/p>\n<p>Atualize suas solu\u00e7\u00f5es de armazenamento com nossos sacos mylar de pl\u00e1stico transparente frontal preto fosco premium. Experimente a conveni\u00eancia, durabilidade e versatilidade que eles oferecem para todas as suas necessidades de armazenamento.<\/p>","protected":false},"excerpt":{"rendered":"<table style=\"height: 360px; width: 99.8505%; border-collapse: collapse;\" border=\"2\">\n<tbody>\n<tr style=\"height: 40px;\">\n<td style=\"width: 38.0988%; height: 30px; background-color: #99ccff;\"><span style=\"font-family: arial, helvetica, sans-serif; font-size: 12pt;\"><strong>Dimens\u00e3o e estilo<\/strong><\/span><\/td>\n<td style=\"width: 61.9012%; height: 30px; background-color: #99ccff;\"><span style=\"font-family: arial, helvetica, sans-serif; font-size: 12pt;\">14*19cm\u00a0<\/span><\/td>\n<\/tr>\n<tr style=\"height: 40px;\">\n<td style=\"width: 38.0988%; height: 34px; background-color: #ebebeb;\"><span style=\"font-size: 12pt;\"><strong><span style=\"font-family: arial, helvetica, sans-serif;\">Peso de 1 pacote = 100 unidades<\/span><\/strong><\/span><\/td>\n<td style=\"width: 61.9012%; height: 34px; background-color: #ebebeb;\"><span style=\"font-family: arial, helvetica, sans-serif; font-size: 12pt;\">Cerca de 0,65 kg<\/span><\/td>\n<\/tr>\n<tr style=\"height: 40px; background-color: #99ccff;\">\n<td style=\"width: 38.0988%; height: 24px;\"><span style=\"font-size: 12pt;\"><strong><span style=\"font-family: arial, helvetica, sans-serif;\">Tipo de embalagem<\/span><\/strong><\/span><\/td>\n<td style=\"width: 61.9012%; height: 24px;\"><span style=\"font-family: arial, helvetica, sans-serif; font-size: 12pt;\">Bolsa Mylar com z\u00edper<\/span><\/td>\n<\/tr>\n<tr style=\"height: 40px; background-color: #ebebeb;\">\n<td style=\"width: 38.0988%; height: 24px;\"><span style=\"font-size: 12pt;\"><strong><span style=\"font-family: arial, helvetica, sans-serif;\">Grossura<\/span><\/strong><\/span><\/td>\n<td style=\"width: 61.9012%; height: 24px;\"><span style=\"font-family: arial, helvetica, sans-serif; font-size: 12pt;\">90 m\u00edcrons<\/span><\/td>\n<\/tr>\n<tr style=\"height: 40px; background-color: #99ccff;\">\n<td style=\"width: 38.0988%; height: 24px;\"><span style=\"font-size: 12pt;\"><strong><span style=\"font-family: arial, helvetica, sans-serif;\">Acabamento<\/span><\/strong><\/span><\/td>\n<td style=\"width: 61.9012%; height: 24px;\"><span style=\"font-family: arial, helvetica, sans-serif; font-size: 12pt;\">Claro<\/span><\/td>\n<\/tr>\n<tr style=\"height: 40px; background-color: #ebebeb;\">\n<td style=\"width: 38.0988%; height: 24px;\"><span style=\"font-size: 12pt;\"><strong><span style=\"font-family: arial, helvetica, sans-serif;\">Material<\/span><\/strong><\/span><\/td>\n<td style=\"width: 61.9012%; height: 24px;\"><span style=\"font-family: arial, helvetica, sans-serif; font-size: 12pt;\">OPP\/PET\/PE<\/span><\/td>\n<\/tr>\n<tr style=\"height: 40px; background-color: #99ccff;\">\n<td style=\"width: 38.0988%; height: 24px;\"><span style=\"font-size: 12pt;\"><strong><span style=\"font-family: arial, helvetica, sans-serif;\">Prova<\/span><\/strong><\/span><\/td>\n<td style=\"width: 61.9012%; height: 24px;\"><span style=\"font-family: arial, helvetica, sans-serif; font-size: 12pt;\">\u00c0 prova de humidade<\/span><\/td>\n<\/tr>\n<tr style=\"height: 40px; background-color: #ebebeb;\">\n<td style=\"width: 38.0988%; height: 24px;\"><span style=\"font-size: 12pt;\"><strong><span style=\"font-family: arial, helvetica, sans-serif;\">Prazo de entrega<\/span><\/strong><\/span><\/td>\n<td style=\"width: 61.9012%; height: 24px;\"><span style=\"font-family: arial, helvetica, sans-serif; font-size: 12pt;\">7 a 15 dias \u00fateis, RUSH<\/span><\/td>\n<\/tr>\n<tr style=\"height: 40px; background-color: #99ccff;\">\n<td style=\"width: 38.0988%; height: 24px;\"><span style=\"font-size: 12pt;\"><strong><span style=\"font-family: arial, helvetica, sans-serif;\">m\u00e9todo de envio<\/span><\/strong><\/span><\/td>\n<td style=\"width: 61.9012%; height: 24px;\"><span style=\"font-family: arial, helvetica, sans-serif; font-size: 12pt;\">Expressar<\/span><\/td>\n<\/tr>\n<\/tbody>\n<\/table>\n<p>&nbsp;<\/p>","protected":false},"featured_media":2731,"comment_status":"open","ping_status":"closed","template":"","meta":[],"product_brand":[],"product_cat":[64],"product_tag":[],"class_list":{"0":"post-2730","1":"product","2":"type-product","3":"status-publish","4":"has-post-thumbnail","6":"product_cat-stock-pouches","8":"first","9":"instock","10":"shipping-taxable","11":"purchasable","12":"product-type-simple"},"_links":{"self":[{"href":"https:\/\/polysmarts.com\/pt\/wp-json\/wp\/v2\/product\/2730","targetHints":{"allow":["GET"]}}],"collection":[{"href":"https:\/\/polysmarts.com\/pt\/wp-json\/wp\/v2\/product"}],"about":[{"href":"https:\/\/polysmarts.com\/pt\/wp-json\/wp\/v2\/types\/product"}],"replies":[{"embeddable":true,"href":"https:\/\/polysmarts.com\/pt\/wp-json\/wp\/v2\/comments?post=2730"}],"version-history":[{"count":2,"href":"https:\/\/polysmarts.com\/pt\/wp-json\/wp\/v2\/product\/2730\/revisions"}],"predecessor-version":[{"id":2738,"href":"https:\/\/polysmarts.com\/pt\/wp-json\/wp\/v2\/product\/2730\/revisions\/2738"}],"wp:featuredmedia":[{"embeddable":true,"href":"https:\/\/polysmarts.com\/pt\/wp-json\/wp\/v2\/media\/2731"}],"wp:attachment":[{"href":"https:\/\/polysmarts.com\/pt\/wp-json\/wp\/v2\/media?parent=2730"}],"wp:term":[{"taxonomy":"product_brand","embeddable":true,"href":"https:\/\/polysmarts.com\/pt\/wp-json\/wp\/v2\/product_brand?post=2730"},{"taxonomy":"product_cat","embeddable":true,"href":"https:\/\/polysmarts.com\/pt\/wp-json\/wp\/v2\/product_cat?post=2730"},{"taxonomy":"product_tag","embeddable":true,"href":"https:\/\/polysmarts.com\/pt\/wp-json\/wp\/v2\/product_tag?post=2730"}],"curies":[{"name":"wp","href":"https:\/\/api.w.org\/{rel}","templated":true}]}}