{"id":2722,"date":"2024-04-13T09:26:52","date_gmt":"2024-04-13T09:26:52","guid":{"rendered":"https:\/\/polysmarts.com\/?post_type=product&#038;p=2722"},"modified":"2025-10-14T16:23:34","modified_gmt":"2025-10-14T08:23:34","slug":"sacos-de-nailon-para-embalagens-de-alimentos-a-vacuo-para-freezer","status":"publish","type":"product","link":"https:\/\/polysmarts.com\/pt\/product\/freezer-vacuum-food-packaging-nylon-bags\/","title":{"rendered":"Sacos de nylon para embalagens de alimentos a v\u00e1cuo para freezer"},"content":{"rendered":"<p><strong>Especifica\u00e7\u00f5es:<\/strong> Experimente conveni\u00eancia e frescor com nosso pacote de 100 sacos de n\u00e1ilon para embalagens de alimentos a v\u00e1cuo, dimensionados em 30 * 45 cm (largura X comprimento). Compat\u00edvel com a maioria dos seladores a v\u00e1cuo externos, incluindo FoodSaver, Weston, Nesco, NutriChef e muito mais.<\/p>\n<p><strong>Sacos de alimentos sem BPA:<\/strong> Eleve seus esfor\u00e7os culin\u00e1rios com nossos sacos de armazenamento de alimentos a v\u00e1cuo sem BPA. Quer voc\u00ea seja propriet\u00e1rio de uma pequena empresa ou cozinheiro dom\u00e9stico, essas sacolas oferecem uma solu\u00e7\u00e3o simples e eficaz para conservar refei\u00e7\u00f5es preparadas, carne, ervas, folhas de ch\u00e1, produtos agr\u00edcolas e muito mais. Eles tamb\u00e9m s\u00e3o perfeitos para marinar e cozinhar sous vide.<\/p>\n<p><strong>Preserva o frescor:<\/strong> Diga adeus \u00e0 deteriora\u00e7\u00e3o dos alimentos com os nossos sacos a v\u00e1cuo. Projetado para manter seus alimentos frescos por longos per\u00edodos, voc\u00ea desfrutar\u00e1 de refei\u00e7\u00f5es deliciosas por mais tempo, evitando queimaduras de congelamento e desidrata\u00e7\u00e3o. Experimente a conveni\u00eancia de ingredientes frescos sempre que precisar deles.<\/p>\n<p><strong>Selo resistente a perfura\u00e7\u00f5es:<\/strong> Nossos sacos de n\u00e1ilon para embalagens de alimentos a v\u00e1cuo resistentes apresentam um design resistente a perfura\u00e7\u00f5es e veda\u00e7\u00e3o confi\u00e1vel, garantindo que seus itens armazenados, sejam alimentos, documentos ou eletr\u00f4nicos, permane\u00e7am protegidos contra umidade e poeira externas. Com o entalhe f\u00e1cil de rasgar, o acesso aos seus itens \u00e9 r\u00e1pido e descomplicado.<\/p>\n<p>Atualize seu armazenamento de alimentos com nossos sacos de n\u00e1ilon para embalagens de alimentos a v\u00e1cuo premium. Aproveite a conveni\u00eancia, o frescor e a confiabilidade que eles oferecem para todas as suas necessidades de armazenamento.<\/p>","protected":false},"excerpt":{"rendered":"<table style=\"height: 360px; width: 99.8505%; border-collapse: collapse;\" border=\"2\">\n<tbody>\n<tr style=\"height: 40px;\">\n<td style=\"width: 38.0988%; height: 30px; background-color: #99ccff;\"><span style=\"font-family: arial, helvetica, sans-serif; font-size: 12pt;\"><strong>Dimens\u00e3o e estilo<\/strong><\/span><\/td>\n<td style=\"width: 61.9012%; height: 30px; background-color: #99ccff;\"><span style=\"font-family: arial, helvetica, sans-serif; font-size: 12pt;\">30*45cm<\/span><\/td>\n<\/tr>\n<tr style=\"height: 40px;\">\n<td style=\"width: 38.0988%; height: 34px; background-color: #ebebeb;\"><span style=\"font-size: 12pt;\"><strong><span style=\"font-family: arial, helvetica, sans-serif;\">Peso de 1 pacote = 100 unidades<\/span><\/strong><\/span><\/td>\n<td style=\"width: 61.9012%; height: 34px; background-color: #ebebeb;\"><span style=\"font-family: arial, helvetica, sans-serif; font-size: 12pt;\">Cerca de 2,8kg<\/span><\/td>\n<\/tr>\n<tr style=\"height: 40px; background-color: #99ccff;\">\n<td style=\"width: 38.0988%; height: 24px;\"><span style=\"font-size: 12pt;\"><strong><span style=\"font-family: arial, helvetica, sans-serif;\">Tipo de embalagem<\/span><\/strong><\/span><\/td>\n<td style=\"width: 61.9012%; height: 24px;\"><span style=\"font-family: arial, helvetica, sans-serif; font-size: 12pt;\">Saco de nylon para embalagem de alimentos a v\u00e1cuo (1 pacote = 100 unidades)<\/span><\/td>\n<\/tr>\n<tr style=\"height: 40px; background-color: #ebebeb;\">\n<td style=\"width: 38.0988%; height: 24px;\"><span style=\"font-size: 12pt;\"><strong><span style=\"font-family: arial, helvetica, sans-serif;\">Grossura<\/span><\/strong><\/span><\/td>\n<td style=\"width: 61.9012%; height: 24px;\"><span style=\"font-family: arial, helvetica, sans-serif; font-size: 12pt;\">100 m\u00edcrons<\/span><\/td>\n<\/tr>\n<tr style=\"height: 40px; background-color: #99ccff;\">\n<td style=\"width: 38.0988%; height: 24px;\"><span style=\"font-size: 12pt;\"><strong><span style=\"font-family: arial, helvetica, sans-serif;\">Acabamento<\/span><\/strong><\/span><\/td>\n<td style=\"width: 61.9012%; height: 24px;\"><span style=\"font-family: arial, helvetica, sans-serif; font-size: 12pt;\">Claro<\/span><\/td>\n<\/tr>\n<tr style=\"height: 40px; background-color: #ebebeb;\">\n<td style=\"width: 38.0988%; height: 24px;\"><span style=\"font-size: 12pt;\"><strong><span style=\"font-family: arial, helvetica, sans-serif;\">Material<\/span><\/strong><\/span><\/td>\n<td style=\"width: 61.9012%; height: 24px;\"><span style=\"font-family: arial, helvetica, sans-serif; font-size: 12pt;\">NY\/PE<\/span><\/td>\n<\/tr>\n<tr style=\"height: 40px; background-color: #99ccff;\">\n<td style=\"width: 38.0988%; height: 24px;\"><span style=\"font-size: 12pt;\"><strong><span style=\"font-family: arial, helvetica, sans-serif;\">Prova<\/span><\/strong><\/span><\/td>\n<td style=\"width: 61.9012%; height: 24px;\"><span style=\"font-family: arial, helvetica, sans-serif; font-size: 12pt;\">\u00c0 prova de humidade<\/span><\/td>\n<\/tr>\n<tr style=\"height: 40px; background-color: #ebebeb;\">\n<td style=\"width: 38.0988%; height: 24px;\"><span style=\"font-size: 12pt;\"><strong><span style=\"font-family: arial, helvetica, sans-serif;\">Prazo de entrega<\/span><\/strong><\/span><\/td>\n<td style=\"width: 61.9012%; height: 24px;\"><span style=\"font-family: arial, helvetica, sans-serif; font-size: 12pt;\">7 a 15 dias \u00fateis, RUSH<\/span><\/td>\n<\/tr>\n<tr style=\"height: 40px; background-color: #99ccff;\">\n<td style=\"width: 38.0988%; height: 24px;\"><span style=\"font-size: 12pt;\"><strong><span style=\"font-family: arial, helvetica, sans-serif;\">m\u00e9todo de envio<\/span><\/strong><\/span><\/td>\n<td style=\"width: 61.9012%; height: 24px;\"><span style=\"font-family: arial, helvetica, sans-serif; font-size: 12pt;\">Expressar<\/span><\/td>\n<\/tr>\n<\/tbody>\n<\/table>\n<p>&nbsp;<\/p>","protected":false},"featured_media":2723,"comment_status":"open","ping_status":"closed","template":"","meta":[],"product_brand":[],"product_cat":[64],"product_tag":[],"class_list":{"0":"post-2722","1":"product","2":"type-product","3":"status-publish","4":"has-post-thumbnail","6":"product_cat-stock-pouches","8":"first","9":"instock","10":"shipping-taxable","11":"purchasable","12":"product-type-simple"},"_links":{"self":[{"href":"https:\/\/polysmarts.com\/pt\/wp-json\/wp\/v2\/product\/2722","targetHints":{"allow":["GET"]}}],"collection":[{"href":"https:\/\/polysmarts.com\/pt\/wp-json\/wp\/v2\/product"}],"about":[{"href":"https:\/\/polysmarts.com\/pt\/wp-json\/wp\/v2\/types\/product"}],"replies":[{"embeddable":true,"href":"https:\/\/polysmarts.com\/pt\/wp-json\/wp\/v2\/comments?post=2722"}],"version-history":[{"count":1,"href":"https:\/\/polysmarts.com\/pt\/wp-json\/wp\/v2\/product\/2722\/revisions"}],"predecessor-version":[{"id":2729,"href":"https:\/\/polysmarts.com\/pt\/wp-json\/wp\/v2\/product\/2722\/revisions\/2729"}],"wp:featuredmedia":[{"embeddable":true,"href":"https:\/\/polysmarts.com\/pt\/wp-json\/wp\/v2\/media\/2723"}],"wp:attachment":[{"href":"https:\/\/polysmarts.com\/pt\/wp-json\/wp\/v2\/media?parent=2722"}],"wp:term":[{"taxonomy":"product_brand","embeddable":true,"href":"https:\/\/polysmarts.com\/pt\/wp-json\/wp\/v2\/product_brand?post=2722"},{"taxonomy":"product_cat","embeddable":true,"href":"https:\/\/polysmarts.com\/pt\/wp-json\/wp\/v2\/product_cat?post=2722"},{"taxonomy":"product_tag","embeddable":true,"href":"https:\/\/polysmarts.com\/pt\/wp-json\/wp\/v2\/product_tag?post=2722"}],"curies":[{"name":"wp","href":"https:\/\/api.w.org\/{rel}","templated":true}]}}