{"id":2711,"date":"2024-04-12T15:27:51","date_gmt":"2024-04-12T15:27:51","guid":{"rendered":"https:\/\/polysmarts.com\/?post_type=product&#038;p=2711"},"modified":"2025-10-14T09:48:20","modified_gmt":"2025-10-14T01:48:20","slug":"sacos-de-embalagem-de-cabo-usb-de-filme-perola","status":"publish","type":"product","link":"https:\/\/polysmarts.com\/pt\/product\/pearl-film-usb-cable-packaging-bags\/","title":{"rendered":"Sacos de embalagem de cabos USB com filme p\u00e9rola"},"content":{"rendered":"<p>Os sacos de embalagem de cabos USB Pearl Film com janela completa oferecem durabilidade superior e resist\u00eancia a perfura\u00e7\u00f5es com seu revestimento Pearl Film e material OPP\/PET\/CPP. Fabricados com materiais de qualidade alimentar sem BPA, estes sacos para embalagem de cabos USB garantem a m\u00e1xima prote\u00e7\u00e3o para seus produtos e ao mesmo tempo s\u00e3o reutiliz\u00e1veis, gra\u00e7as ao seu ziplock resistente e herm\u00e9tico.<\/p>\n<p><strong>Caracter\u00edsticas principais:<\/strong><\/p>\n<ol>\n<li><strong>Dimens\u00e3o:<\/strong> 11 cm * 15 cm com um orif\u00edcio redondo para exibi\u00e7\u00e3o conveniente.<\/li>\n<li><strong>Material:<\/strong> PP (pol\u00edmero de propeno) transparente de alta qualidade com frente transparente e verso branco.<\/li>\n<li><strong>Fecho:<\/strong> Ziplock imperme\u00e1vel e reutiliz\u00e1vel para armazenamento seguro.<\/li>\n<li><strong>Costumiza\u00e7\u00e3o:<\/strong> As embalagens Polysmarts acolhem calorosamente a personaliza\u00e7\u00e3o para atender a necessidades espec\u00edficas.<\/li>\n<\/ol>\n<p><strong>Vers\u00e1til e pr\u00e1tico:<\/strong><\/p>\n<ul>\n<li><strong>\u00c0 prova d&#039;\u00e1gua e ressel\u00e1vel:<\/strong> Garante prote\u00e7\u00e3o e f\u00e1cil acesso ao conte\u00fado.<\/li>\n<li><strong>Material dur\u00e1vel:<\/strong> O PP transparente de alta qualidade proporciona durabilidade e uma vis\u00e3o clara do conte\u00fado.<\/li>\n<li><strong>Ziplock recicl\u00e1vel:<\/strong> Promove a sustentabilidade atrav\u00e9s da reutiliza\u00e7\u00e3o.<\/li>\n<\/ul>\n<p>Essas sacolas para embalagens de cabos USB oferecem excelente prote\u00e7\u00e3o contra luz ultravioleta, oxig\u00eanio e odores, prolongando a vida \u00fatil de seus produtos. As op\u00e7\u00f5es de impress\u00e3o personalizada melhoram o apelo dos produtos nas prateleiras, tornando-os adequados para v\u00e1rios itens, incluindo cabos USB. Escolha Soonseal pela qualidade e personaliza\u00e7\u00e3o nas embalagens.<\/p>","protected":false},"excerpt":{"rendered":"<table style=\"height: 360px; width: 99.8505%; border-collapse: collapse;\" border=\"2\">\n<tbody>\n<tr style=\"height: 40px;\">\n<td style=\"width: 38.0988%; height: 30px; background-color: #99ccff;\"><span style=\"font-family: arial, helvetica, sans-serif; font-size: 12pt;\"><strong>Dimens\u00e3o e estilo<\/strong><\/span><\/td>\n<td style=\"width: 61.9012%; height: 30px; background-color: #99ccff;\"><span style=\"font-family: arial, helvetica, sans-serif; font-size: 12pt;\">11*15cm<\/span><\/td>\n<\/tr>\n<tr style=\"height: 40px;\">\n<td style=\"width: 38.0988%; height: 34px; background-color: #ebebeb;\"><span style=\"font-size: 12pt;\"><strong><span style=\"font-family: arial, helvetica, sans-serif;\">Peso de 1 pacote = 100 unidades<\/span><\/strong><\/span><\/td>\n<td style=\"width: 61.9012%; height: 34px; background-color: #ebebeb;\"><span style=\"font-family: arial, helvetica, sans-serif; font-size: 12pt;\">Cerca de 0,35 kg<\/span><\/td>\n<\/tr>\n<tr style=\"height: 40px; background-color: #99ccff;\">\n<td style=\"width: 38.0988%; height: 24px;\"><span style=\"font-size: 12pt;\"><strong><span style=\"font-family: arial, helvetica, sans-serif;\">Tipo de embalagem<\/span><\/strong><\/span><\/td>\n<td style=\"width: 61.9012%; height: 24px;\"><span style=\"font-family: arial, helvetica, sans-serif; font-size: 12pt;\">Bolsa com z\u00edper (1 pacote = 100 unidades)<\/span><\/td>\n<\/tr>\n<tr style=\"height: 40px; background-color: #ebebeb;\">\n<td style=\"width: 38.0988%; height: 24px;\"><span style=\"font-size: 12pt;\"><strong><span style=\"font-family: arial, helvetica, sans-serif;\">Grossura<\/span><\/strong><\/span><\/td>\n<td style=\"width: 61.9012%; height: 24px;\"><span style=\"font-family: arial, helvetica, sans-serif; font-size: 12pt;\">80 m\u00edcrons<\/span><\/td>\n<\/tr>\n<tr style=\"height: 40px; background-color: #99ccff;\">\n<td style=\"width: 38.0988%; height: 24px;\"><span style=\"font-size: 12pt;\"><strong><span style=\"font-family: arial, helvetica, sans-serif;\">Acabamento<\/span><\/strong><\/span><\/td>\n<td style=\"width: 61.9012%; height: 24px;\"><span style=\"font-family: arial, helvetica, sans-serif; font-size: 12pt;\">Transparente Brilhante<\/span><\/td>\n<\/tr>\n<tr style=\"height: 40px; background-color: #ebebeb;\">\n<td style=\"width: 38.0988%; height: 24px;\"><span style=\"font-size: 12pt;\"><strong><span style=\"font-family: arial, helvetica, sans-serif;\">Material<\/span><\/strong><\/span><\/td>\n<td style=\"width: 61.9012%; height: 24px;\"><span style=\"font-family: arial, helvetica, sans-serif; font-size: 12pt;\">OPP\/PET\/CPP<\/span><\/td>\n<\/tr>\n<tr style=\"height: 40px; background-color: #99ccff;\">\n<td style=\"width: 38.0988%; height: 24px;\"><span style=\"font-size: 12pt;\"><strong><span style=\"font-family: arial, helvetica, sans-serif;\">Prova<\/span><\/strong><\/span><\/td>\n<td style=\"width: 61.9012%; height: 24px;\"><span style=\"font-family: arial, helvetica, sans-serif; font-size: 12pt;\">\u00c0 prova de humidade<\/span><\/td>\n<\/tr>\n<tr style=\"height: 40px; background-color: #ebebeb;\">\n<td style=\"width: 38.0988%; height: 24px;\"><span style=\"font-size: 12pt;\"><strong><span style=\"font-family: arial, helvetica, sans-serif;\">Prazo de entrega<\/span><\/strong><\/span><\/td>\n<td style=\"width: 61.9012%; height: 24px;\"><span style=\"font-family: arial, helvetica, sans-serif; font-size: 12pt;\">7 a 15 dias \u00fateis, RUSH<\/span><\/td>\n<\/tr>\n<tr style=\"height: 40px; background-color: #99ccff;\">\n<td style=\"width: 38.0988%; height: 24px;\"><span style=\"font-size: 12pt;\"><strong><span style=\"font-family: arial, helvetica, sans-serif;\">m\u00e9todo de envio<\/span><\/strong><\/span><\/td>\n<td style=\"width: 61.9012%; height: 24px;\"><span style=\"font-family: arial, helvetica, sans-serif; font-size: 12pt;\">Expressar<\/span><\/td>\n<\/tr>\n<\/tbody>\n<\/table>\n<p>&nbsp;<\/p>","protected":false},"featured_media":2716,"comment_status":"open","ping_status":"closed","template":"","meta":[],"product_brand":[],"product_cat":[64],"product_tag":[],"class_list":{"0":"post-2711","1":"product","2":"type-product","3":"status-publish","4":"has-post-thumbnail","6":"product_cat-stock-pouches","8":"first","9":"instock","10":"shipping-taxable","11":"purchasable","12":"product-type-simple"},"_links":{"self":[{"href":"https:\/\/polysmarts.com\/pt\/wp-json\/wp\/v2\/product\/2711","targetHints":{"allow":["GET"]}}],"collection":[{"href":"https:\/\/polysmarts.com\/pt\/wp-json\/wp\/v2\/product"}],"about":[{"href":"https:\/\/polysmarts.com\/pt\/wp-json\/wp\/v2\/types\/product"}],"replies":[{"embeddable":true,"href":"https:\/\/polysmarts.com\/pt\/wp-json\/wp\/v2\/comments?post=2711"}],"version-history":[{"count":1,"href":"https:\/\/polysmarts.com\/pt\/wp-json\/wp\/v2\/product\/2711\/revisions"}],"predecessor-version":[{"id":2718,"href":"https:\/\/polysmarts.com\/pt\/wp-json\/wp\/v2\/product\/2711\/revisions\/2718"}],"wp:featuredmedia":[{"embeddable":true,"href":"https:\/\/polysmarts.com\/pt\/wp-json\/wp\/v2\/media\/2716"}],"wp:attachment":[{"href":"https:\/\/polysmarts.com\/pt\/wp-json\/wp\/v2\/media?parent=2711"}],"wp:term":[{"taxonomy":"product_brand","embeddable":true,"href":"https:\/\/polysmarts.com\/pt\/wp-json\/wp\/v2\/product_brand?post=2711"},{"taxonomy":"product_cat","embeddable":true,"href":"https:\/\/polysmarts.com\/pt\/wp-json\/wp\/v2\/product_cat?post=2711"},{"taxonomy":"product_tag","embeddable":true,"href":"https:\/\/polysmarts.com\/pt\/wp-json\/wp\/v2\/product_tag?post=2711"}],"curies":[{"name":"wp","href":"https:\/\/api.w.org\/{rel}","templated":true}]}}