{"id":2483,"date":"2024-04-02T12:10:44","date_gmt":"2024-04-02T12:10:44","guid":{"rendered":"https:\/\/polysmarts.com\/?post_type=product&#038;p=2483"},"modified":"2024-04-02T12:39:18","modified_gmt":"2024-04-02T12:39:18","slug":"sacos-de-papel-kraft-para-presentes-de-compras-de-luxo-impressos-personalizados","status":"publish","type":"product","link":"https:\/\/polysmarts.com\/pt\/product\/custom-printed-luxury-shopping-kraft-gift-paper-bags\/","title":{"rendered":"Sacos de papel para presente Kraft de compras de luxo impressos personalizados"},"content":{"rendered":"<p><strong>Material Perfeito:<\/strong> Nossas sacolas de papel para presente s\u00e3o feitas de papel kraft grosso de alta qualidade, garantindo durabilidade e reutiliza\u00e7\u00e3o. O fundo solidamente colado proporciona estabilidade, tornando-o capaz de segurar at\u00e9 os itens mais dif\u00edceis.<\/p>\n<p><strong>Com al\u00e7a de fita:<\/strong> Experimente a conveni\u00eancia com nossas sacolas de papel extragrandes para presente que v\u00eam equipadas com uma luxuosa al\u00e7a de fita. Esta al\u00e7a permite que voc\u00ea carregue seus presentes com facilidade e seu design macio, por\u00e9m resistente, garante conforto sem comprimir os dedos.<\/p>\n<p><strong>Fa\u00e7a voc\u00ea mesmo personalizado:<\/strong> Abrace sua criatividade com nossas sacolas de papel para presente de varejo, com um lindo acabamento fosco e liso, perfeito para decora\u00e7\u00e3o. Quer voc\u00ea prefira desenhar, escrever ou colorir, essas bolsas s\u00e3o a tela perfeita para personaliza\u00e7\u00e3o. Alternativamente, basta amarrar uma fita em volta da al\u00e7a para adicionar um toque especial.<\/p>\n<p><strong>Ampla aplica\u00e7\u00e3o:<\/strong> Nossos sacos de papel para presente em azul fosco com al\u00e7as s\u00e3o vers\u00e1teis e adequados para diversas ocasi\u00f5es. De festas e casamentos a eventos de neg\u00f3cios e varejo, essas sacolas servem a v\u00e1rios prop\u00f3sitos, incluindo sacolas de festa, sacolas de casamento, sacolas de neg\u00f3cios, sacolas de compras, sacolas de varejo, sacolas de lembrancinhas e sacolas de guloseimas.<\/p>\n<p>Eleve a sua experi\u00eancia de presentear com nossa sacola de papel Kraft para compras de luxo com impress\u00e3o personalizada. Com seu material perfeito, al\u00e7a de fita conveniente, op\u00e7\u00f5es de personaliza\u00e7\u00e3o DIY e ampla aplica\u00e7\u00e3o, \u00e9 a escolha ideal para adicionar um toque de luxo e eleg\u00e2ncia a qualquer ocasi\u00e3o.<\/p>","protected":false},"excerpt":{"rendered":"<table style=\"height: 360px; width: 99.8505%; border-collapse: collapse;\" border=\"2\">\n<tbody>\n<tr style=\"height: 40px;\">\n<td style=\"width: 22.6796%; height: 30px; background-color: #99ccff;\"><span style=\"font-family: arial, helvetica, sans-serif; font-size: 12pt;\"><strong>Dimens\u00e3o e estilo<\/strong><\/span><\/td>\n<td style=\"width: 77.3204%; height: 30px; background-color: #99ccff;\"><span style=\"font-family: arial, helvetica, sans-serif; font-size: 12pt;\">Formas e tamanhos personalizados<\/span><\/td>\n<\/tr>\n<tr style=\"height: 40px;\">\n<td style=\"width: 22.6796%; height: 34px; background-color: #ebebeb;\"><span style=\"font-size: 12pt;\"><strong><span style=\"font-family: arial, helvetica, sans-serif;\">Quantidade m\u00ednima de pedido<\/span><\/strong><\/span><\/td>\n<td style=\"width: 77.3204%; height: 34px; background-color: #ebebeb;\"><span style=\"font-family: arial, helvetica, sans-serif; font-size: 12pt;\">1000pcs sem personaliza\u00e7\u00e3o, 5000pcs para personaliza\u00e7\u00e3o<\/span><\/td>\n<\/tr>\n<tr style=\"height: 40px; background-color: #99ccff;\">\n<td style=\"width: 22.6796%; height: 24px;\"><span style=\"font-size: 12pt;\"><strong><span style=\"font-family: arial, helvetica, sans-serif;\">Tipo de embalagem<\/span><\/strong><\/span><\/td>\n<td style=\"width: 77.3204%; height: 24px;\"><span style=\"font-family: arial, helvetica, sans-serif; font-size: 12pt;\">Sacolas de compras Kraft\u00a0<\/span><\/td>\n<\/tr>\n<tr style=\"height: 40px; background-color: #ebebeb;\">\n<td style=\"width: 22.6796%; height: 24px;\"><span style=\"font-size: 12pt;\"><strong><span style=\"font-family: arial, helvetica, sans-serif;\">Material<\/span><\/strong><\/span><\/td>\n<td style=\"width: 77.3204%; height: 24px;\"><span style=\"font-family: arial, helvetica, sans-serif; font-size: 12pt;\">Papel kraft<\/span><\/td>\n<\/tr>\n<tr style=\"height: 40px; background-color: #99ccff;\">\n<td style=\"width: 22.6796%; height: 24px;\"><span style=\"font-size: 12pt;\"><strong><span style=\"font-family: arial, helvetica, sans-serif;\">Acabamento<\/span><\/strong><\/span><\/td>\n<td style=\"width: 77.3204%; height: 24px;\"><span style=\"font-family: arial, helvetica, sans-serif; font-size: 12pt;\">Impress\u00e3o de tela<\/span><\/td>\n<\/tr>\n<tr style=\"height: 40px; background-color: #ebebeb;\">\n<td style=\"width: 22.6796%; height: 24px;\"><span style=\"font-size: 12pt;\"><strong><span style=\"font-family: arial, helvetica, sans-serif;\">Recurso<\/span><\/strong><\/span><\/td>\n<td style=\"width: 77.3204%; height: 24px;\"><span style=\"font-family: arial, helvetica, sans-serif; font-size: 12pt;\">Reciclado<\/span><\/td>\n<\/tr>\n<tr style=\"height: 40px; background-color: #99ccff;\">\n<td style=\"width: 22.6796%; height: 24px;\"><span style=\"font-size: 12pt;\"><strong><span style=\"font-family: arial, helvetica, sans-serif;\">Tipo de saco de papel<\/span><\/strong><\/span><\/td>\n<td style=\"width: 77.3204%; height: 24px;\"><span style=\"font-family: arial, helvetica, sans-serif; font-size: 12pt;\">Saco de papel para presente, sacolas de compras<\/span><\/td>\n<\/tr>\n<tr style=\"height: 40px; background-color: #ebebeb;\">\n<td style=\"width: 22.6796%; height: 24px;\"><span style=\"font-size: 12pt;\"><strong><span style=\"font-family: arial, helvetica, sans-serif;\">Tempo de resposta<\/span><\/strong><\/span><\/td>\n<td style=\"width: 77.3204%; height: 24px;\"><span style=\"font-family: arial, helvetica, sans-serif; font-size: 12pt;\">7 a 15 dias \u00fateis, RUSH<\/span><\/td>\n<\/tr>\n<tr style=\"height: 40px; background-color: #99ccff;\">\n<td style=\"width: 22.6796%; height: 24px;\"><span style=\"font-size: 12pt;\"><strong><span style=\"font-family: arial, helvetica, sans-serif;\">Envio<\/span><\/strong><\/span><\/td>\n<td style=\"width: 77.3204%; height: 24px;\"><span style=\"font-family: arial, helvetica, sans-serif; font-size: 12pt;\">A\u00e9reo, Mar\u00edtimo, Expresso<\/span><\/td>\n<\/tr>\n<\/tbody>\n<\/table>\n<p>&nbsp;<\/p>","protected":false},"featured_media":2484,"comment_status":"open","ping_status":"closed","template":"","meta":[],"product_brand":[],"product_cat":[15,20,34],"product_tag":[],"class_list":{"0":"post-2483","1":"product","2":"type-product","3":"status-publish","4":"has-post-thumbnail","6":"product_cat-paper-box","7":"product_cat-kraft-paper-bag","8":"product_cat-paper-packing","10":"first","11":"instock","12":"shipping-taxable","13":"product-type-simple"},"_links":{"self":[{"href":"https:\/\/polysmarts.com\/pt\/wp-json\/wp\/v2\/product\/2483","targetHints":{"allow":["GET"]}}],"collection":[{"href":"https:\/\/polysmarts.com\/pt\/wp-json\/wp\/v2\/product"}],"about":[{"href":"https:\/\/polysmarts.com\/pt\/wp-json\/wp\/v2\/types\/product"}],"replies":[{"embeddable":true,"href":"https:\/\/polysmarts.com\/pt\/wp-json\/wp\/v2\/comments?post=2483"}],"version-history":[{"count":1,"href":"https:\/\/polysmarts.com\/pt\/wp-json\/wp\/v2\/product\/2483\/revisions"}],"predecessor-version":[{"id":2490,"href":"https:\/\/polysmarts.com\/pt\/wp-json\/wp\/v2\/product\/2483\/revisions\/2490"}],"wp:featuredmedia":[{"embeddable":true,"href":"https:\/\/polysmarts.com\/pt\/wp-json\/wp\/v2\/media\/2484"}],"wp:attachment":[{"href":"https:\/\/polysmarts.com\/pt\/wp-json\/wp\/v2\/media?parent=2483"}],"wp:term":[{"taxonomy":"product_brand","embeddable":true,"href":"https:\/\/polysmarts.com\/pt\/wp-json\/wp\/v2\/product_brand?post=2483"},{"taxonomy":"product_cat","embeddable":true,"href":"https:\/\/polysmarts.com\/pt\/wp-json\/wp\/v2\/product_cat?post=2483"},{"taxonomy":"product_tag","embeddable":true,"href":"https:\/\/polysmarts.com\/pt\/wp-json\/wp\/v2\/product_tag?post=2483"}],"curies":[{"name":"wp","href":"https:\/\/api.w.org\/{rel}","templated":true}]}}