{"id":2460,"date":"2024-04-02T09:48:50","date_gmt":"2024-04-02T09:48:50","guid":{"rendered":"https:\/\/polysmarts.com\/?post_type=product&#038;p=2460"},"modified":"2024-04-02T10:07:13","modified_gmt":"2024-04-02T10:07:13","slug":"sacola-de-papel-kraft-personalizada-com-alca","status":"publish","type":"product","link":"https:\/\/polysmarts.com\/pt\/product\/custom-kraft-paper-carrier-bag-with-handle\/","title":{"rendered":"Sacola de papel Kraft personalizada com al\u00e7a"},"content":{"rendered":"<p><strong>Tamanho e cor:<\/strong> Como fabricante, oferecemos tamanhos e cores de sacolas de papel kraft personalizadas para atender \u00e0s suas necessidades espec\u00edficas. Nossas sacolas de papel\u00e3o branco de cor s\u00f3lida apresentam al\u00e7as de fita e inser\u00e7\u00f5es de papel de seda, proporcionando apelo visual e uma experi\u00eancia de transporte confort\u00e1vel.<\/p>\n<p><strong>Vers\u00e1til e reutiliz\u00e1vel:<\/strong> N\u00e3o apenas perfeitos para presentear familiares, amigos e entes queridos, nossos sacos de papel tamb\u00e9m s\u00e3o projetados para usos m\u00faltiplos. Podem acompanh\u00e1-lo ao supermercado, servir como solu\u00e7\u00e3o de arruma\u00e7\u00e3o e muito mais, tornando-os um complemento indispens\u00e1vel em qualquer casa ou empresa.<\/p>\n<p><strong>Seguro:<\/strong> Confeccionadas em papel\u00e3o recicl\u00e1vel e de alta qualidade 100%, nossas sacolas priorizam seguran\u00e7a e sustentabilidade. Eles s\u00e3o at\u00f3xicos e inodoros, garantindo tranquilidade para voc\u00ea e para o meio ambiente.<\/p>\n<p><strong>Polismarts:<\/strong> Na Polysmarts, a satisfa\u00e7\u00e3o do cliente \u00e9 a nossa principal prioridade. N\u00f3s nos esfor\u00e7amos para conceituar os designs mais inovadores e exclusivos, usando materiais da mais alta qualidade. Cada produto est\u00e1 imbu\u00eddo de calor e b\u00ean\u00e7\u00e3os, simbolizando nosso compromisso em espalhar amor e carinho a todos que recebem nossos produtos.<\/p>\n<p>Eleve sua experi\u00eancia de embalagem com nossa sacola de papel Kraft personalizada com al\u00e7a. Do seu design elegante \u00e0 sua versatilidade e constru\u00e7\u00e3o ecol\u00f3gica, incorpora praticidade e considera\u00e7\u00e3o, deixando uma impress\u00e3o duradoura em cada destinat\u00e1rio.<\/p>","protected":false},"excerpt":{"rendered":"<table style=\"height: 360px; width: 99.8505%; border-collapse: collapse;\" border=\"2\">\n<tbody>\n<tr style=\"height: 40px;\">\n<td style=\"width: 22.6796%; height: 30px; background-color: #99ccff;\"><span style=\"font-family: arial, helvetica, sans-serif; font-size: 12pt;\"><strong>Dimens\u00e3o e estilo<\/strong><\/span><\/td>\n<td style=\"width: 77.3204%; height: 30px; background-color: #99ccff;\"><span style=\"font-family: arial, helvetica, sans-serif; font-size: 12pt;\">Formas e tamanhos personalizados<\/span><\/td>\n<\/tr>\n<tr style=\"height: 40px;\">\n<td style=\"width: 22.6796%; height: 34px; background-color: #ebebeb;\"><span style=\"font-size: 12pt;\"><strong><span style=\"font-family: arial, helvetica, sans-serif;\">Quantidade m\u00ednima de pedido<\/span><\/strong><\/span><\/td>\n<td style=\"width: 77.3204%; height: 34px; background-color: #ebebeb;\"><span style=\"font-family: arial, helvetica, sans-serif; font-size: 12pt;\">1000pcs sem personaliza\u00e7\u00e3o, 5000pcs para personaliza\u00e7\u00e3o<\/span><\/td>\n<\/tr>\n<tr style=\"height: 40px; background-color: #99ccff;\">\n<td style=\"width: 22.6796%; height: 24px;\"><span style=\"font-size: 12pt;\"><strong><span style=\"font-family: arial, helvetica, sans-serif;\">Tipo de embalagem<\/span><\/strong><\/span><\/td>\n<td style=\"width: 77.3204%; height: 24px;\"><span style=\"font-family: arial, helvetica, sans-serif; font-size: 12pt;\">Sacola de papel Kraft<\/span><\/td>\n<\/tr>\n<tr style=\"height: 40px; background-color: #ebebeb;\">\n<td style=\"width: 22.6796%; height: 24px;\"><span style=\"font-size: 12pt;\"><strong><span style=\"font-family: arial, helvetica, sans-serif;\">Material<\/span><\/strong><\/span><\/td>\n<td style=\"width: 77.3204%; height: 24px;\"><span style=\"font-family: arial, helvetica, sans-serif; font-size: 12pt;\">Papel ondulado, flauta E, flauta F<\/span><\/td>\n<\/tr>\n<tr style=\"height: 40px; background-color: #99ccff;\">\n<td style=\"width: 22.6796%; height: 24px;\"><span style=\"font-size: 12pt;\"><strong><span style=\"font-family: arial, helvetica, sans-serif;\">Acabamento<\/span><\/strong><\/span><\/td>\n<td style=\"width: 77.3204%; height: 24px;\"><span style=\"font-family: arial, helvetica, sans-serif; font-size: 12pt;\">Lamina\u00e7\u00e3o UV localizada, em relevo, fosca ou brilhante e assim por diante<\/span><\/td>\n<\/tr>\n<tr style=\"height: 40px; background-color: #ebebeb;\">\n<td style=\"width: 22.6796%; height: 24px;\"><span style=\"font-size: 12pt;\"><strong><span style=\"font-family: arial, helvetica, sans-serif;\">Limite de peso<\/span><\/strong><\/span><\/td>\n<td style=\"width: 77.3204%; height: 24px;\"><span style=\"font-family: arial, helvetica, sans-serif; font-size: 12pt;\">&gt;10kg<\/span><\/td>\n<\/tr>\n<tr style=\"height: 40px; background-color: #99ccff;\">\n<td style=\"width: 22.6796%; height: 24px;\"><span style=\"font-size: 12pt;\"><strong><span style=\"font-family: arial, helvetica, sans-serif;\">Tipo de saco de papel<\/span><\/strong><\/span><\/td>\n<td style=\"width: 77.3204%; height: 24px;\"><span style=\"font-family: arial, helvetica, sans-serif; font-size: 12pt;\">Saco de papel, papel para saco de presente<\/span><\/td>\n<\/tr>\n<tr style=\"height: 40px; background-color: #ebebeb;\">\n<td style=\"width: 22.6796%; height: 24px;\"><span style=\"font-size: 12pt;\"><strong><span style=\"font-family: arial, helvetica, sans-serif;\">Tempo de resposta<\/span><\/strong><\/span><\/td>\n<td style=\"width: 77.3204%; height: 24px;\"><span style=\"font-family: arial, helvetica, sans-serif; font-size: 12pt;\">7 a 15 dias \u00fateis, RUSH<\/span><\/td>\n<\/tr>\n<tr style=\"height: 40px; background-color: #99ccff;\">\n<td style=\"width: 22.6796%; height: 24px;\"><span style=\"font-size: 12pt;\"><strong><span style=\"font-family: arial, helvetica, sans-serif;\">Envio<\/span><\/strong><\/span><\/td>\n<td style=\"width: 77.3204%; height: 24px;\"><span style=\"font-family: arial, helvetica, sans-serif; font-size: 12pt;\">A\u00e9reo, Mar\u00edtimo, Expresso<\/span><\/td>\n<\/tr>\n<\/tbody>\n<\/table>\n<p>&nbsp;<\/p>","protected":false},"featured_media":2461,"comment_status":"open","ping_status":"closed","template":"","meta":[],"product_brand":[],"product_cat":[15,34],"product_tag":[],"class_list":{"0":"post-2460","1":"product","2":"type-product","3":"status-publish","4":"has-post-thumbnail","6":"product_cat-paper-box","7":"product_cat-paper-packing","9":"first","10":"instock","11":"shipping-taxable","12":"product-type-simple"},"_links":{"self":[{"href":"https:\/\/polysmarts.com\/pt\/wp-json\/wp\/v2\/product\/2460","targetHints":{"allow":["GET"]}}],"collection":[{"href":"https:\/\/polysmarts.com\/pt\/wp-json\/wp\/v2\/product"}],"about":[{"href":"https:\/\/polysmarts.com\/pt\/wp-json\/wp\/v2\/types\/product"}],"replies":[{"embeddable":true,"href":"https:\/\/polysmarts.com\/pt\/wp-json\/wp\/v2\/comments?post=2460"}],"version-history":[{"count":2,"href":"https:\/\/polysmarts.com\/pt\/wp-json\/wp\/v2\/product\/2460\/revisions"}],"predecessor-version":[{"id":2468,"href":"https:\/\/polysmarts.com\/pt\/wp-json\/wp\/v2\/product\/2460\/revisions\/2468"}],"wp:featuredmedia":[{"embeddable":true,"href":"https:\/\/polysmarts.com\/pt\/wp-json\/wp\/v2\/media\/2461"}],"wp:attachment":[{"href":"https:\/\/polysmarts.com\/pt\/wp-json\/wp\/v2\/media?parent=2460"}],"wp:term":[{"taxonomy":"product_brand","embeddable":true,"href":"https:\/\/polysmarts.com\/pt\/wp-json\/wp\/v2\/product_brand?post=2460"},{"taxonomy":"product_cat","embeddable":true,"href":"https:\/\/polysmarts.com\/pt\/wp-json\/wp\/v2\/product_cat?post=2460"},{"taxonomy":"product_tag","embeddable":true,"href":"https:\/\/polysmarts.com\/pt\/wp-json\/wp\/v2\/product_tag?post=2460"}],"curies":[{"name":"wp","href":"https:\/\/api.w.org\/{rel}","templated":true}]}}