{"id":2451,"date":"2024-04-02T09:34:52","date_gmt":"2024-04-02T09:34:52","guid":{"rendered":"https:\/\/polysmarts.com\/?post_type=product&#038;p=2451"},"modified":"2024-04-02T09:44:35","modified_gmt":"2024-04-02T09:44:35","slug":"saco-de-papel-kraft-de-pao-reciclado-para-levar-comida","status":"publish","type":"product","link":"https:\/\/polysmarts.com\/pt\/product\/recycled-bread-kraft-paper-bag-for-food-take-away\/","title":{"rendered":"Saco de papel Kraft de p\u00e3o reciclado para comida para viagem"},"content":{"rendered":"<p><strong>Sacolas de papel para compras:<\/strong> Esses sacos de papel kraft para alimentos servem mais do que apenas transportadores de alimentos; eles funcionam como sacos de armazenamento diversos, ajudando voc\u00ea a manter suas gavetas ou mesas limpas e organizadas.<\/p>\n<p><strong>Sacolas de compras de vegetais:<\/strong> Com design multifuncional, nossos sacos de papel kraft s\u00e3o perfeitos para armazenamento na cozinha e organiza\u00e7\u00e3o de artigos diversos, garantindo que seu espa\u00e7o permane\u00e7a livre de bagun\u00e7a.<\/p>\n<p><strong>Sacos de papel para p\u00e3o:<\/strong> Al\u00e9m de embalar almo\u00e7os, essas sacolas vers\u00e1teis s\u00e3o ideais para guardar p\u00e3o caseiro e podem ser reaproveitadas como sacolas de supermercado, sacolas para presentes de vinho, sacolas para lanches, sacolas para lanches infantis e muito mais.<\/p>\n<p><strong>Sacos de armazenamento de alimentos:<\/strong> Com design lav\u00e1vel e reutiliz\u00e1vel, nossas sacolas de papel kraft oferecem versatilidade e praticidade incompar\u00e1veis para armazenamento de alimentos, tornando-as uma escolha ecologicamente correta para sua cozinha.<\/p>\n<p><strong>Sacos de tratamento:<\/strong> Fabricadas em papel exclusivo e resistente, nossas sacolas podem ser lavadas \u00e0 m\u00e1quina e \u00e0 m\u00e3o, garantindo f\u00e1cil manuten\u00e7\u00e3o e reutiliza\u00e7\u00e3o. De secagem r\u00e1pida e resistentes, eles s\u00e3o perfeitos para todas as suas necessidades de guloseimas. \u2013 Saco de papel Kraft para alimentos<\/p>\n<p>Experimente a versatilidade ecol\u00f3gica de nosso saco de papel Kraft para p\u00e3o reciclado para comida para viagem. Desde armazenar mantimentos at\u00e9 organizar artigos diversos e servir como sacolas de guloseimas, essas sacolas s\u00e3o sua solu\u00e7\u00e3o sustent\u00e1vel para a conveni\u00eancia do dia a dia.<\/p>","protected":false},"excerpt":{"rendered":"<table style=\"height: 360px; width: 99.8505%; border-collapse: collapse;\" border=\"2\">\n<tbody>\n<tr style=\"height: 40px;\">\n<td style=\"width: 22.6796%; height: 30px; background-color: #99ccff;\"><span style=\"font-family: arial, helvetica, sans-serif; font-size: 12pt;\"><strong>Dimens\u00e3o e estilo<\/strong><\/span><\/td>\n<td style=\"width: 77.3204%; height: 30px; background-color: #99ccff;\"><span style=\"font-family: arial, helvetica, sans-serif; font-size: 12pt;\">Formas e tamanhos personalizados<\/span><\/td>\n<\/tr>\n<tr style=\"height: 40px;\">\n<td style=\"width: 22.6796%; height: 34px; background-color: #ebebeb;\"><span style=\"font-size: 12pt;\"><strong><span style=\"font-family: arial, helvetica, sans-serif;\">Quantidade m\u00ednima de pedido<\/span><\/strong><\/span><\/td>\n<td style=\"width: 77.3204%; height: 34px; background-color: #ebebeb;\"><span style=\"font-family: arial, helvetica, sans-serif; font-size: 12pt;\">1000pcs sem personaliza\u00e7\u00e3o, 10000pcs para personaliza\u00e7\u00e3o<\/span><\/td>\n<\/tr>\n<tr style=\"height: 40px; background-color: #99ccff;\">\n<td style=\"width: 22.6796%; height: 24px;\"><span style=\"font-size: 12pt;\"><strong><span style=\"font-family: arial, helvetica, sans-serif;\">Tipo de embalagem<\/span><\/strong><\/span><\/td>\n<td style=\"width: 77.3204%; height: 24px;\"><span style=\"font-family: arial, helvetica, sans-serif; font-size: 12pt;\">Kraft Paper Bags<\/span><\/td>\n<\/tr>\n<tr style=\"height: 40px; background-color: #ebebeb;\">\n<td style=\"width: 22.6796%; height: 24px;\"><span style=\"font-size: 12pt;\"><strong><span style=\"font-family: arial, helvetica, sans-serif;\">Impress\u00e3o<\/span><\/strong><\/span><\/td>\n<td style=\"width: 77.3204%; height: 24px;\"><span style=\"font-family: arial, helvetica, sans-serif; font-size: 12pt;\">CMYK (1 \u2013 8 cores), sem impress\u00e3o (normal)<\/span><\/td>\n<\/tr>\n<tr style=\"height: 40px; background-color: #99ccff;\">\n<td style=\"width: 22.6796%; height: 24px;\"><span style=\"font-size: 12pt;\"><strong><span style=\"font-family: arial, helvetica, sans-serif;\">Acabamento<\/span><\/strong><\/span><\/td>\n<td style=\"width: 77.3204%; height: 24px;\"><span style=\"font-family: arial, helvetica, sans-serif; font-size: 12pt;\">Impress\u00e3o flexogr\u00e1fica<\/span><\/td>\n<\/tr>\n<tr style=\"height: 40px; background-color: #ebebeb;\">\n<td style=\"width: 22.6796%; height: 24px;\"><span style=\"font-size: 12pt;\"><strong><span style=\"font-family: arial, helvetica, sans-serif;\">Palavra-chave<\/span><\/strong><\/span><\/td>\n<td style=\"width: 77.3204%; height: 24px;\"><span style=\"font-family: arial, helvetica, sans-serif; font-size: 12pt;\">Saco de papel Kraft para alimentos<\/span><\/td>\n<\/tr>\n<tr style=\"height: 40px; background-color: #99ccff;\">\n<td style=\"width: 22.6796%; height: 24px;\"><span style=\"font-size: 12pt;\"><strong><span style=\"font-family: arial, helvetica, sans-serif;\">Recurso<\/span><\/strong><\/span><\/td>\n<td style=\"width: 77.3204%; height: 24px;\"><span style=\"font-family: arial, helvetica, sans-serif; font-size: 12pt;\">Material e tinta de qualidade alimentar de seguran\u00e7a, embalagens ecol\u00f3gicas<\/span><\/td>\n<\/tr>\n<tr style=\"height: 40px; background-color: #ebebeb;\">\n<td style=\"width: 22.6796%; height: 24px;\"><span style=\"font-size: 12pt;\"><strong><span style=\"font-family: arial, helvetica, sans-serif;\">Tempo de resposta<\/span><\/strong><\/span><\/td>\n<td style=\"width: 77.3204%; height: 24px;\"><span style=\"font-family: arial, helvetica, sans-serif; font-size: 12pt;\">7 a 15 dias \u00fateis, RUSH<\/span><\/td>\n<\/tr>\n<tr style=\"height: 40px; background-color: #99ccff;\">\n<td style=\"width: 22.6796%; height: 24px;\"><span style=\"font-size: 12pt;\"><strong><span style=\"font-family: arial, helvetica, sans-serif;\">Envio<\/span><\/strong><\/span><\/td>\n<td style=\"width: 77.3204%; height: 24px;\"><span style=\"font-family: arial, helvetica, sans-serif; font-size: 12pt;\">A\u00e9reo, Mar\u00edtimo, Expresso<\/span><\/td>\n<\/tr>\n<\/tbody>\n<\/table>\n<p>&nbsp;<\/p>","protected":false},"featured_media":2454,"comment_status":"open","ping_status":"closed","template":"","meta":[],"product_brand":[],"product_cat":[26,20,34],"product_tag":[],"class_list":{"0":"post-2451","1":"product","2":"type-product","3":"status-publish","4":"has-post-thumbnail","6":"product_cat-food-packaging","7":"product_cat-kraft-paper-bag","8":"product_cat-paper-packing","10":"first","11":"instock","12":"shipping-taxable","13":"product-type-simple"},"_links":{"self":[{"href":"https:\/\/polysmarts.com\/pt\/wp-json\/wp\/v2\/product\/2451","targetHints":{"allow":["GET"]}}],"collection":[{"href":"https:\/\/polysmarts.com\/pt\/wp-json\/wp\/v2\/product"}],"about":[{"href":"https:\/\/polysmarts.com\/pt\/wp-json\/wp\/v2\/types\/product"}],"replies":[{"embeddable":true,"href":"https:\/\/polysmarts.com\/pt\/wp-json\/wp\/v2\/comments?post=2451"}],"version-history":[{"count":2,"href":"https:\/\/polysmarts.com\/pt\/wp-json\/wp\/v2\/product\/2451\/revisions"}],"predecessor-version":[{"id":2459,"href":"https:\/\/polysmarts.com\/pt\/wp-json\/wp\/v2\/product\/2451\/revisions\/2459"}],"wp:featuredmedia":[{"embeddable":true,"href":"https:\/\/polysmarts.com\/pt\/wp-json\/wp\/v2\/media\/2454"}],"wp:attachment":[{"href":"https:\/\/polysmarts.com\/pt\/wp-json\/wp\/v2\/media?parent=2451"}],"wp:term":[{"taxonomy":"product_brand","embeddable":true,"href":"https:\/\/polysmarts.com\/pt\/wp-json\/wp\/v2\/product_brand?post=2451"},{"taxonomy":"product_cat","embeddable":true,"href":"https:\/\/polysmarts.com\/pt\/wp-json\/wp\/v2\/product_cat?post=2451"},{"taxonomy":"product_tag","embeddable":true,"href":"https:\/\/polysmarts.com\/pt\/wp-json\/wp\/v2\/product_tag?post=2451"}],"curies":[{"name":"wp","href":"https:\/\/api.w.org\/{rel}","templated":true}]}}