{"id":2442,"date":"2024-04-02T03:07:53","date_gmt":"2024-04-02T03:07:53","guid":{"rendered":"https:\/\/polysmarts.com\/?post_type=product&#038;p=2442"},"modified":"2024-04-02T03:56:06","modified_gmt":"2024-04-02T03:56:06","slug":"bolsa-de-roupas-personalizada-com-zip-lock","status":"publish","type":"product","link":"https:\/\/polysmarts.com\/pt\/product\/customized-clothes-bag-with-zip-lock\/","title":{"rendered":"Saco de roupas personalizado com fecho zip"},"content":{"rendered":"<p><strong>Material Seguro:<\/strong> Fabricado em bolsa de roupas personalizada fosca, oferece prote\u00e7\u00e3o \u00e0 prova d&#039;\u00e1gua, \u00e0 prova de umidade e \u00e0 prova de poeira, garantindo que suas roupas permane\u00e7am imaculadas. Com fechos de correr resistentes, estes sacos s\u00e3o excepcionalmente dur\u00e1veis e resistentes a rasgos, proporcionando uma barreira confi\u00e1vel contra poeira e danos. Exiba suas roupas com confian\u00e7a, sabendo que elas est\u00e3o preservadas com seguran\u00e7a.<\/p>\n<p><strong>F\u00e1cil de usar:<\/strong> Selar sua bolsa de roupas \u00e9 f\u00e1cil \u2013 basta deslizar os dedos ao longo da veda\u00e7\u00e3o para fech\u00e1-la com seguran\u00e7a. Essas mini bolsas s\u00e3o projetadas para oferecer durabilidade e resist\u00eancia, facilitando a organiza\u00e7\u00e3o e o armazenamento. Simplifique sua rotina com bolsas que oferecem comodidade e confiabilidade.<\/p>\n<p><strong>Sacos Ziplock Pequenos:<\/strong> Nossos sacos pl\u00e1sticos transparentes e reutiliz\u00e1veis s\u00e3o projetados para maximizar a efici\u00eancia do armazenamento, ocupando um espa\u00e7o m\u00ednimo e oferecendo f\u00e1cil acesso. Perfeitas para armazenar pe\u00e7as pequenas, organizar ferramentas ou facilitar tarefas de viagem, movimenta\u00e7\u00e3o e envio, essas bolsas oferecem funcionalidade vers\u00e1til para diversas necessidades.<\/p>\n<p><strong>Uso vers\u00e1til:<\/strong> De suprimentos para joias a pequenos componentes eletr\u00f4nicos, nossas sacolas reutiliz\u00e1veis atendem a uma infinidade de necessidades organizacionais. Esteja voc\u00ea armazenando bot\u00f5es, mi\u00e7angas, moedas, clipes de papel, fones de ouvido ou parafusos, essas bolsas oferecem uma solu\u00e7\u00e3o segura e organizada para seus pertences.<\/p>\n<p>Experimente a conveni\u00eancia e confiabilidade de nossa bolsa de roupas personalizada com fecho zip lock. Simplifique as suas tarefas de armazenamento e organiza\u00e7\u00e3o, garantindo ao mesmo tempo que as suas roupas e acess\u00f3rios permanecem protegidos e acess\u00edveis sempre que precisar deles.<\/p>","protected":false},"excerpt":{"rendered":"<table style=\"height: 360px; width: 100.741%; border-collapse: collapse; background-color: #ebebeb;\" border=\"2\">\n<tbody>\n<tr style=\"height: 40px;\">\n<td style=\"width: 22.6796%; height: 30px; background-color: #99ccff;\"><span style=\"font-family: arial, helvetica, sans-serif; font-size: 12pt;\"><strong>Dimens\u00e3o e estilo<\/strong><\/span><\/td>\n<td style=\"width: 78.2121%; height: 30px; background-color: #99ccff;\"><span style=\"font-family: arial, helvetica, sans-serif; font-size: 12pt;\">Formas e tamanhos personalizados<\/span><\/td>\n<\/tr>\n<tr style=\"height: 40px;\">\n<td style=\"width: 22.6796%; height: 34px; background-color: #ebebeb;\"><span style=\"font-size: 12pt;\"><strong><span style=\"font-family: arial, helvetica, sans-serif;\">Quantidade m\u00ednima de pedido<\/span><\/strong><\/span><\/td>\n<td style=\"width: 78.2121%; height: 34px; background-color: #ebebeb;\"><span style=\"font-family: arial, helvetica, sans-serif; font-size: 12pt;\">1000pcs sem personaliza\u00e7\u00e3o, 10000pcs para personaliza\u00e7\u00e3o\u00a0<\/span><\/td>\n<\/tr>\n<tr style=\"height: 40px; background-color: #99ccff;\">\n<td style=\"width: 22.6796%; height: 24px;\"><span style=\"font-size: 12pt;\"><strong><span style=\"font-family: arial, helvetica, sans-serif;\">Tipo de embalagem<\/span><\/strong><\/span><\/td>\n<td style=\"width: 78.2121%; height: 24px;\"><span style=\"font-family: arial, helvetica, sans-serif; font-size: 12pt;\">Saco de roupas personalizado CPE<\/span><\/td>\n<\/tr>\n<tr style=\"height: 40px; background-color: #ebebeb;\">\n<td style=\"width: 22.6796%; height: 24px;\"><span style=\"font-size: 12pt;\"><strong><span style=\"font-family: arial, helvetica, sans-serif;\">Impress\u00e3o<\/span><\/strong><\/span><\/td>\n<td style=\"width: 78.2121%; height: 24px;\"><span style=\"font-family: arial, helvetica, sans-serif; font-size: 12pt;\">CMYK (1 \u2013 10 cores), sem impress\u00e3o (normal)<\/span><\/td>\n<\/tr>\n<tr style=\"height: 40px; background-color: #99ccff;\">\n<td style=\"width: 22.6796%; height: 24px;\"><span style=\"font-size: 12pt;\"><strong><span style=\"font-family: arial, helvetica, sans-serif;\">Manuseio de Superf\u00edcie<\/span><\/strong><\/span><\/td>\n<td style=\"width: 78.2121%; height: 24px;\"><span style=\"font-family: arial, helvetica, sans-serif; font-size: 12pt;\">Impress\u00e3o offset<\/span><\/td>\n<\/tr>\n<tr style=\"height: 40px; background-color: #ebebeb;\">\n<td style=\"width: 22.6796%; height: 24px;\"><span style=\"font-size: 12pt;\"><strong><span style=\"font-family: arial, helvetica, sans-serif;\">Material<\/span><\/strong><\/span><\/td>\n<td style=\"width: 78.2121%; height: 24px;\"><span style=\"font-family: arial, helvetica, sans-serif; font-size: 12pt;\">EPC, EPI<\/span><\/td>\n<\/tr>\n<tr style=\"height: 40px; background-color: #99ccff;\">\n<td style=\"width: 22.6796%; height: 24px;\"><span style=\"font-size: 12pt;\"><strong><span style=\"font-family: arial, helvetica, sans-serif;\">Tamanho<\/span><\/strong><\/span><\/td>\n<td style=\"width: 78.2121%; height: 24px;\"><span style=\"font-family: arial, helvetica, sans-serif; font-size: 12pt;\">Personalizado<\/span><\/td>\n<\/tr>\n<tr style=\"height: 40px; background-color: #ebebeb;\">\n<td style=\"width: 22.6796%; height: 24px;\"><span style=\"font-size: 12pt;\"><strong><span style=\"font-family: arial, helvetica, sans-serif;\">Grossura<\/span><\/strong><\/span><\/td>\n<td style=\"width: 78.2121%; height: 24px;\"><span style=\"font-family: arial, helvetica, sans-serif; font-size: 12pt;\">80 m\u00edcrons para lados duplos, espessura personalizada Accpet<\/span><\/td>\n<\/tr>\n<tr style=\"height: 40px; background-color: #99ccff;\">\n<td style=\"width: 22.6796%; height: 24px;\"><span style=\"font-size: 12pt;\"><strong><span style=\"font-family: arial, helvetica, sans-serif;\">Envio<\/span><\/strong><\/span><\/td>\n<td style=\"width: 78.2121%; height: 24px;\"><span style=\"font-family: arial, helvetica, sans-serif; font-size: 12pt;\">A\u00e9reo, Mar\u00edtimo, Expresso<\/span><\/td>\n<\/tr>\n<tr style=\"height: 40px; background-color: #ebebeb;\">\n<td style=\"width: 22.6796%; height: 24px;\"><span style=\"font-size: 12pt;\"><strong><span style=\"font-family: arial, helvetica, sans-serif;\">Tempo de resposta<\/span><\/strong><\/span><\/td>\n<td style=\"width: 78.2121%; height: 24px;\"><span style=\"font-family: arial, helvetica, sans-serif; font-size: 12pt;\">7 a 15 dias \u00fateis, RUSH<\/span><\/td>\n<\/tr>\n<\/tbody>\n<\/table>\n<p>&nbsp;<\/p>","protected":false},"featured_media":2443,"comment_status":"open","ping_status":"closed","template":"","meta":[],"product_brand":[],"product_cat":[31,21,18],"product_tag":[],"class_list":{"0":"post-2442","1":"product","2":"type-product","3":"status-publish","4":"has-post-thumbnail","6":"product_cat-clothing-packaging","7":"product_cat-opp-cpp-pe-cpe-single-material-bag","8":"product_cat-zipper-bags","10":"first","11":"instock","12":"shipping-taxable","13":"product-type-simple"},"_links":{"self":[{"href":"https:\/\/polysmarts.com\/pt\/wp-json\/wp\/v2\/product\/2442","targetHints":{"allow":["GET"]}}],"collection":[{"href":"https:\/\/polysmarts.com\/pt\/wp-json\/wp\/v2\/product"}],"about":[{"href":"https:\/\/polysmarts.com\/pt\/wp-json\/wp\/v2\/types\/product"}],"replies":[{"embeddable":true,"href":"https:\/\/polysmarts.com\/pt\/wp-json\/wp\/v2\/comments?post=2442"}],"version-history":[{"count":2,"href":"https:\/\/polysmarts.com\/pt\/wp-json\/wp\/v2\/product\/2442\/revisions"}],"predecessor-version":[{"id":2450,"href":"https:\/\/polysmarts.com\/pt\/wp-json\/wp\/v2\/product\/2442\/revisions\/2450"}],"wp:featuredmedia":[{"embeddable":true,"href":"https:\/\/polysmarts.com\/pt\/wp-json\/wp\/v2\/media\/2443"}],"wp:attachment":[{"href":"https:\/\/polysmarts.com\/pt\/wp-json\/wp\/v2\/media?parent=2442"}],"wp:term":[{"taxonomy":"product_brand","embeddable":true,"href":"https:\/\/polysmarts.com\/pt\/wp-json\/wp\/v2\/product_brand?post=2442"},{"taxonomy":"product_cat","embeddable":true,"href":"https:\/\/polysmarts.com\/pt\/wp-json\/wp\/v2\/product_cat?post=2442"},{"taxonomy":"product_tag","embeddable":true,"href":"https:\/\/polysmarts.com\/pt\/wp-json\/wp\/v2\/product_tag?post=2442"}],"curies":[{"name":"wp","href":"https:\/\/api.w.org\/{rel}","templated":true}]}}