{"id":2413,"date":"2024-04-01T09:44:24","date_gmt":"2024-04-01T09:44:24","guid":{"rendered":"https:\/\/polysmarts.com\/?post_type=product&#038;p=2413"},"modified":"2024-04-01T10:03:08","modified_gmt":"2024-04-01T10:03:08","slug":"sacos-de-pacote-de-roupas-foscos-personalizados","status":"publish","type":"product","link":"https:\/\/polysmarts.com\/pt\/product\/personalized-frosted-clothing-package-bags\/","title":{"rendered":"Sacos personalizados para roupas foscas"},"content":{"rendered":"<p>Experimente o m\u00e1ximo em durabilidade e estilo com nossas sacolas personalizadas para roupas foscas, projetadas para atender \u00e0s suas necessidades de armazenamento com sofistica\u00e7\u00e3o e praticidade. Veja por que nossas bolsas se destacam:<\/p>\n<p>Dur\u00e1veis e grossos: fabricados em pl\u00e1stico de alta qualidade, nossos sacos de armazenamento possuem uma espessura de camada \u00fanica de at\u00e9 4 mils, garantindo resist\u00eancia excepcional e resist\u00eancia ao rasgo. Reutiliz\u00e1veis e duradouras, estas bolsas s\u00e3o perfeitas para todas as suas aventuras de viagem, proporcionando prote\u00e7\u00e3o confi\u00e1vel para seus pertences.<\/p>\n<p>Prote\u00e7\u00e3o e privacidade: Nossos sacos autovedantes de armazenamento fosco oferecem prote\u00e7\u00e3o e privacidade. F\u00e1ceis de usar, eles mant\u00eam suas roupas e itens secos, protegendo-os de odores, poeira e umidade. Com essas sacolas para pacotes de roupas, voc\u00ea pode ter certeza de que seus pertences estar\u00e3o seguros onde quer que voc\u00ea v\u00e1.<\/p>\n<p>Classifica\u00e7\u00e3o f\u00e1cil: perfeitas para organizar e armazenar uma variedade de itens, incluindo roupas, sapatos, produtos de higiene pessoal e acess\u00f3rios, nossas bolsas simplificam o processo de armazenamento. Seja em casa ou em tr\u00e2nsito, voc\u00ea pode classificar e encontrar facilmente seus itens sempre que precisar, economizando tempo e complica\u00e7\u00f5es.<\/p>\n<p>Material e Design: Feitas de material CPE de alta qualidade, nossas bolsas s\u00e3o projetadas com z\u00edperes dur\u00e1veis e orif\u00edcios de permeabilidade ao ar. Esses recursos permitem f\u00e1cil expuls\u00e3o de ar durante o armazenamento, ajudando a economizar espa\u00e7o e a manter seus itens frescos. O design elegante adiciona um toque de eleg\u00e2ncia \u00e0s suas solu\u00e7\u00f5es de armazenamento, tornando-as uma adi\u00e7\u00e3o elegante a qualquer guarda-roupa.<\/p>\n<p>Em resumo, nossas sacolas personalizadas para roupas foscas oferecem a combina\u00e7\u00e3o perfeita de durabilidade, funcionalidade e estilo. Eleve sua marca e aprimore sua experi\u00eancia de armazenamento com essas bolsas de qualidade premium.<\/p>","protected":false},"excerpt":{"rendered":"<table style=\"height: 360px; width: 100.741%; border-collapse: collapse; background-color: #ebebeb;\" border=\"2\">\n<tbody>\n<tr style=\"height: 40px;\">\n<td style=\"width: 22.6796%; height: 30px; background-color: #99ccff;\"><span style=\"font-family: arial, helvetica, sans-serif; font-size: 12pt;\"><strong>Dimens\u00e3o e estilo<\/strong><\/span><\/td>\n<td style=\"width: 78.2121%; height: 30px; background-color: #99ccff;\"><span style=\"font-family: arial, helvetica, sans-serif; font-size: 12pt;\">Formas e tamanhos personalizados<\/span><\/td>\n<\/tr>\n<tr style=\"height: 40px;\">\n<td style=\"width: 22.6796%; height: 34px; background-color: #ebebeb;\"><span style=\"font-size: 12pt;\"><strong><span style=\"font-family: arial, helvetica, sans-serif;\">Quantidade m\u00ednima de pedido<\/span><\/strong><\/span><\/td>\n<td style=\"width: 78.2121%; height: 34px; background-color: #ebebeb;\"><span style=\"font-family: arial, helvetica, sans-serif; font-size: 12pt;\">1000pcs sem personaliza\u00e7\u00e3o, 10000pcs para personaliza\u00e7\u00e3o\u00a0<\/span><\/td>\n<\/tr>\n<tr style=\"height: 40px; background-color: #99ccff;\">\n<td style=\"width: 22.6796%; height: 24px;\"><span style=\"font-size: 12pt;\"><strong><span style=\"font-family: arial, helvetica, sans-serif;\">Tipo de embalagem<\/span><\/strong><\/span><\/td>\n<td style=\"width: 78.2121%; height: 24px;\"><span style=\"font-family: arial, helvetica, sans-serif; font-size: 12pt;\">Sacos para pacotes de roupas<\/span><\/td>\n<\/tr>\n<tr style=\"height: 40px; background-color: #ebebeb;\">\n<td style=\"width: 22.6796%; height: 24px;\"><span style=\"font-size: 12pt;\"><strong><span style=\"font-family: arial, helvetica, sans-serif;\">Impress\u00e3o<\/span><\/strong><\/span><\/td>\n<td style=\"width: 78.2121%; height: 24px;\"><span style=\"font-family: arial, helvetica, sans-serif; font-size: 12pt;\">CMYK (1 \u2013 10 cores), sem impress\u00e3o (normal)<\/span><\/td>\n<\/tr>\n<tr style=\"height: 40px; background-color: #99ccff;\">\n<td style=\"width: 22.6796%; height: 24px;\"><span style=\"font-size: 12pt;\"><strong><span style=\"font-family: arial, helvetica, sans-serif;\">Manuseio de Superf\u00edcie<\/span><\/strong><\/span><\/td>\n<td style=\"width: 78.2121%; height: 24px;\"><span style=\"font-family: arial, helvetica, sans-serif; font-size: 12pt;\">Impress\u00e3o offset<\/span><\/td>\n<\/tr>\n<tr style=\"height: 40px; background-color: #ebebeb;\">\n<td style=\"width: 22.6796%; height: 24px;\"><span style=\"font-size: 12pt;\"><strong><span style=\"font-family: arial, helvetica, sans-serif;\">Material<\/span><\/strong><\/span><\/td>\n<td style=\"width: 78.2121%; height: 24px;\"><span style=\"font-family: arial, helvetica, sans-serif; font-size: 12pt;\">CPE, PE<\/span><\/td>\n<\/tr>\n<tr style=\"height: 40px; background-color: #99ccff;\">\n<td style=\"width: 22.6796%; height: 24px;\"><span style=\"font-size: 12pt;\"><strong><span style=\"font-family: arial, helvetica, sans-serif;\">Tamanho<\/span><\/strong><\/span><\/td>\n<td style=\"width: 78.2121%; height: 24px;\"><span style=\"font-family: arial, helvetica, sans-serif; font-size: 12pt;\">Personalizado<\/span><\/td>\n<\/tr>\n<tr style=\"height: 40px; background-color: #ebebeb;\">\n<td style=\"width: 22.6796%; height: 24px;\"><span style=\"font-size: 12pt;\"><strong><span style=\"font-family: arial, helvetica, sans-serif;\">Grossura<\/span><\/strong><\/span><\/td>\n<td style=\"width: 78.2121%; height: 24px;\"><span style=\"font-family: arial, helvetica, sans-serif; font-size: 12pt;\">80 m\u00edcrons para lados duplos, espessura personalizada Accpet<\/span><\/td>\n<\/tr>\n<tr style=\"height: 40px; background-color: #99ccff;\">\n<td style=\"width: 22.6796%; height: 24px;\"><span style=\"font-size: 12pt;\"><strong><span style=\"font-family: arial, helvetica, sans-serif;\">Envio<\/span><\/strong><\/span><\/td>\n<td style=\"width: 78.2121%; height: 24px;\"><span style=\"font-family: arial, helvetica, sans-serif; font-size: 12pt;\">A\u00e9reo, Mar\u00edtimo, Expresso<\/span><\/td>\n<\/tr>\n<tr style=\"height: 40px; background-color: #ebebeb;\">\n<td style=\"width: 22.6796%; height: 24px;\"><span style=\"font-size: 12pt;\"><strong><span style=\"font-family: arial, helvetica, sans-serif;\">Tempo de resposta<\/span><\/strong><\/span><\/td>\n<td style=\"width: 78.2121%; height: 24px;\"><span style=\"font-family: arial, helvetica, sans-serif; font-size: 12pt;\">7 a 15 dias \u00fateis, RUSH<\/span><\/td>\n<\/tr>\n<\/tbody>\n<\/table>\n<p>&nbsp;<\/p>","protected":false},"featured_media":2414,"comment_status":"open","ping_status":"closed","template":"","meta":[],"product_brand":[],"product_cat":[31,21,18],"product_tag":[],"class_list":{"0":"post-2413","1":"product","2":"type-product","3":"status-publish","4":"has-post-thumbnail","6":"product_cat-clothing-packaging","7":"product_cat-opp-cpp-pe-cpe-single-material-bag","8":"product_cat-zipper-bags","10":"first","11":"instock","12":"shipping-taxable","13":"product-type-simple"},"_links":{"self":[{"href":"https:\/\/polysmarts.com\/pt\/wp-json\/wp\/v2\/product\/2413","targetHints":{"allow":["GET"]}}],"collection":[{"href":"https:\/\/polysmarts.com\/pt\/wp-json\/wp\/v2\/product"}],"about":[{"href":"https:\/\/polysmarts.com\/pt\/wp-json\/wp\/v2\/types\/product"}],"replies":[{"embeddable":true,"href":"https:\/\/polysmarts.com\/pt\/wp-json\/wp\/v2\/comments?post=2413"}],"version-history":[{"count":2,"href":"https:\/\/polysmarts.com\/pt\/wp-json\/wp\/v2\/product\/2413\/revisions"}],"predecessor-version":[{"id":2421,"href":"https:\/\/polysmarts.com\/pt\/wp-json\/wp\/v2\/product\/2413\/revisions\/2421"}],"wp:featuredmedia":[{"embeddable":true,"href":"https:\/\/polysmarts.com\/pt\/wp-json\/wp\/v2\/media\/2414"}],"wp:attachment":[{"href":"https:\/\/polysmarts.com\/pt\/wp-json\/wp\/v2\/media?parent=2413"}],"wp:term":[{"taxonomy":"product_brand","embeddable":true,"href":"https:\/\/polysmarts.com\/pt\/wp-json\/wp\/v2\/product_brand?post=2413"},{"taxonomy":"product_cat","embeddable":true,"href":"https:\/\/polysmarts.com\/pt\/wp-json\/wp\/v2\/product_cat?post=2413"},{"taxonomy":"product_tag","embeddable":true,"href":"https:\/\/polysmarts.com\/pt\/wp-json\/wp\/v2\/product_tag?post=2413"}],"curies":[{"name":"wp","href":"https:\/\/api.w.org\/{rel}","templated":true}]}}