{"id":2404,"date":"2024-04-01T09:06:05","date_gmt":"2024-04-01T09:06:05","guid":{"rendered":"https:\/\/polysmarts.com\/?post_type=product&#038;p=2404"},"modified":"2024-04-01T09:30:03","modified_gmt":"2024-04-01T09:30:03","slug":"sacos-de-embalagem-de-roupas-personalizados-com-ziper","status":"publish","type":"product","link":"https:\/\/polysmarts.com\/pt\/product\/custom-clothing-packaging-bags-with-zipper\/","title":{"rendered":"Sacos de embalagem de roupas personalizadas com z\u00edper"},"content":{"rendered":"<p>Descubra a versatilidade e conveni\u00eancia de nossas sacolas personalizadas para embalagens de roupas, dispon\u00edveis em v\u00e1rios tamanhos e espessuras para atender \u00e0s suas necessidades espec\u00edficas. Como fabricantes, temos a capacidade de personalizar e imprimir log\u00f3tipos, garantindo que as suas solu\u00e7\u00f5es de armazenamento s\u00e3o pr\u00e1ticas e com marca na perfei\u00e7\u00e3o.<\/p>\n<p>Material dur\u00e1vel: Fabricadas em material pl\u00e1stico macio e flex\u00edvel, nossas sacolas pl\u00e1sticas \u00e0 prova d&#039;\u00e1gua para viagens s\u00e3o projetadas para uso repetido. Eles s\u00e3o ecol\u00f3gicos, leves e excepcionalmente dur\u00e1veis, proporcionando confiabilidade duradoura para suas necessidades de armazenamento. Com constru\u00e7\u00e3o robusta, essas bolsas permanecem no lugar quando movidas ou fechadas, garantindo que seus itens permane\u00e7am seguros.<\/p>\n<p>Zip lock forte e reutiliz\u00e1vel: cada saco pl\u00e1stico para armazenamento de roupas possui um z\u00edper resistente que pode ser fechado novamente com um clipe de fechamento conveniente. Este mecanismo zip lock permite f\u00e1cil acesso e fechamento, mantendo seus pertences organizados e seguros. O design transparente da bolsa permite a identifica\u00e7\u00e3o r\u00e1pida do conte\u00fado, facilitando a organiza\u00e7\u00e3o das roupas separadamente e mantendo as roupas limpas e sujas separadas, economizando espa\u00e7o.<\/p>\n<p>Orif\u00edcios de ventila\u00e7\u00e3o para maior conveni\u00eancia: Equipados com orif\u00edcios de ventila\u00e7\u00e3o na parte inferior, nossos sacos pl\u00e1sticos evitam que os itens fiquem abaulados, ao mesmo tempo que fornecem ventila\u00e7\u00e3o. Esse recurso \u00e9 ideal para guardar roupas, mantendo-as limpas, livres de poeira e \u00e0 prova de umidade, garantindo que permane\u00e7am em perfeitas condi\u00e7\u00f5es.<\/p>\n<p>Sacos para embalagens de roupas personalizadas que economizam espa\u00e7o Aplica\u00e7\u00e3o: Nossos sacos pretos transparentes com z\u00edper s\u00e3o vers\u00e1teis e adequados para uma ampla gama de aplica\u00e7\u00f5es, incluindo armazenamento de roupas, solu\u00e7\u00f5es de varejo, produtos eletr\u00f4nicos, cosm\u00e9ticos, produtos de viagem e muito mais. Eles tamb\u00e9m s\u00e3o perfeitos como sacolas de compras particulares ou como presentes atenciosos para amigos, familiares e entes queridos.<\/p>\n<p>Resumindo, nossas sacolas personalizadas para embalagens de roupas oferecem praticidade, durabilidade e op\u00e7\u00f5es de customiza\u00e7\u00e3o adequadas \u00e0s suas necessidades. Experimente a conveni\u00eancia do armazenamento organizado com nossas bolsas confi\u00e1veis e vers\u00e1teis.<\/p>","protected":false},"excerpt":{"rendered":"<table style=\"height: 360px; width: 100.741%; border-collapse: collapse; background-color: #ebebeb;\" border=\"2\">\n<tbody>\n<tr style=\"height: 40px;\">\n<td style=\"width: 22.6796%; height: 30px; background-color: #99ccff;\"><span style=\"font-family: arial, helvetica, sans-serif; font-size: 12pt;\"><strong>Dimens\u00e3o e estilo<\/strong><\/span><\/td>\n<td style=\"width: 78.2121%; height: 30px; background-color: #99ccff;\"><span style=\"font-family: arial, helvetica, sans-serif; font-size: 12pt;\">Formas e tamanhos personalizados<\/span><\/td>\n<\/tr>\n<tr style=\"height: 40px;\">\n<td style=\"width: 22.6796%; height: 34px; background-color: #ebebeb;\"><span style=\"font-size: 12pt;\"><strong><span style=\"font-family: arial, helvetica, sans-serif;\">Quantidade m\u00ednima de pedido<\/span><\/strong><\/span><\/td>\n<td style=\"width: 78.2121%; height: 34px; background-color: #ebebeb;\"><span style=\"font-family: arial, helvetica, sans-serif; font-size: 12pt;\">1000pcs sem personaliza\u00e7\u00e3o, 10000pcs para personaliza\u00e7\u00e3o\u00a0<\/span><\/td>\n<\/tr>\n<tr style=\"height: 40px; background-color: #99ccff;\">\n<td style=\"width: 22.6796%; height: 24px;\"><span style=\"font-size: 12pt;\"><strong><span style=\"font-family: arial, helvetica, sans-serif;\">Tipo de embalagem<\/span><\/strong><\/span><\/td>\n<td style=\"width: 78.2121%; height: 24px;\"><span style=\"font-family: arial, helvetica, sans-serif; font-size: 12pt;\">Sacos para embalagens de roupas personalizadas<\/span><\/td>\n<\/tr>\n<tr style=\"height: 40px; background-color: #ebebeb;\">\n<td style=\"width: 22.6796%; height: 24px;\"><span style=\"font-size: 12pt;\"><strong><span style=\"font-family: arial, helvetica, sans-serif;\">Impress\u00e3o<\/span><\/strong><\/span><\/td>\n<td style=\"width: 78.2121%; height: 24px;\"><span style=\"font-family: arial, helvetica, sans-serif; font-size: 12pt;\">CMYK (1 \u2013 10 cores), sem impress\u00e3o (normal)<\/span><\/td>\n<\/tr>\n<tr style=\"height: 40px; background-color: #99ccff;\">\n<td style=\"width: 22.6796%; height: 24px;\"><span style=\"font-size: 12pt;\"><strong><span style=\"font-family: arial, helvetica, sans-serif;\">Manuseio de Superf\u00edcie<\/span><\/strong><\/span><\/td>\n<td style=\"width: 78.2121%; height: 24px;\"><span style=\"font-family: arial, helvetica, sans-serif; font-size: 12pt;\">Impress\u00e3o offset<\/span><\/td>\n<\/tr>\n<tr style=\"height: 40px; background-color: #ebebeb;\">\n<td style=\"width: 22.6796%; height: 24px;\"><span style=\"font-size: 12pt;\"><strong><span style=\"font-family: arial, helvetica, sans-serif;\">Material<\/span><\/strong><\/span><\/td>\n<td style=\"width: 78.2121%; height: 24px;\"><span style=\"font-family: arial, helvetica, sans-serif; font-size: 12pt;\">CPE, PE<\/span><\/td>\n<\/tr>\n<tr style=\"height: 40px; background-color: #99ccff;\">\n<td style=\"width: 22.6796%; height: 24px;\"><span style=\"font-size: 12pt;\"><strong><span style=\"font-family: arial, helvetica, sans-serif;\">Tamanho<\/span><\/strong><\/span><\/td>\n<td style=\"width: 78.2121%; height: 24px;\"><span style=\"font-family: arial, helvetica, sans-serif; font-size: 12pt;\">Personalizado<\/span><\/td>\n<\/tr>\n<tr style=\"height: 40px; background-color: #ebebeb;\">\n<td style=\"width: 22.6796%; height: 24px;\"><span style=\"font-size: 12pt;\"><strong><span style=\"font-family: arial, helvetica, sans-serif;\">Grossura<\/span><\/strong><\/span><\/td>\n<td style=\"width: 78.2121%; height: 24px;\"><span style=\"font-family: arial, helvetica, sans-serif; font-size: 12pt;\">100 m\u00edcrons para lados duplos, espessura personalizada Accpet<\/span><\/td>\n<\/tr>\n<tr style=\"height: 40px; background-color: #99ccff;\">\n<td style=\"width: 22.6796%; height: 24px;\"><span style=\"font-size: 12pt;\"><strong><span style=\"font-family: arial, helvetica, sans-serif;\">Envio<\/span><\/strong><\/span><\/td>\n<td style=\"width: 78.2121%; height: 24px;\"><span style=\"font-family: arial, helvetica, sans-serif; font-size: 12pt;\">A\u00e9reo, Mar\u00edtimo, Expresso<\/span><\/td>\n<\/tr>\n<tr style=\"height: 40px; background-color: #ebebeb;\">\n<td style=\"width: 22.6796%; height: 24px;\"><span style=\"font-size: 12pt;\"><strong><span style=\"font-family: arial, helvetica, sans-serif;\">Tempo de resposta<\/span><\/strong><\/span><\/td>\n<td style=\"width: 78.2121%; height: 24px;\"><span style=\"font-family: arial, helvetica, sans-serif; font-size: 12pt;\">7 a 15 dias \u00fateis, RUSH<\/span><\/td>\n<\/tr>\n<\/tbody>\n<\/table>\n<p>&nbsp;<\/p>","protected":false},"featured_media":2406,"comment_status":"open","ping_status":"closed","template":"","meta":[],"product_brand":[],"product_cat":[31,21,18],"product_tag":[],"class_list":{"0":"post-2404","1":"product","2":"type-product","3":"status-publish","4":"has-post-thumbnail","6":"product_cat-clothing-packaging","7":"product_cat-opp-cpp-pe-cpe-single-material-bag","8":"product_cat-zipper-bags","10":"first","11":"instock","12":"shipping-taxable","13":"product-type-simple"},"_links":{"self":[{"href":"https:\/\/polysmarts.com\/pt\/wp-json\/wp\/v2\/product\/2404","targetHints":{"allow":["GET"]}}],"collection":[{"href":"https:\/\/polysmarts.com\/pt\/wp-json\/wp\/v2\/product"}],"about":[{"href":"https:\/\/polysmarts.com\/pt\/wp-json\/wp\/v2\/types\/product"}],"replies":[{"embeddable":true,"href":"https:\/\/polysmarts.com\/pt\/wp-json\/wp\/v2\/comments?post=2404"}],"version-history":[{"count":2,"href":"https:\/\/polysmarts.com\/pt\/wp-json\/wp\/v2\/product\/2404\/revisions"}],"predecessor-version":[{"id":2412,"href":"https:\/\/polysmarts.com\/pt\/wp-json\/wp\/v2\/product\/2404\/revisions\/2412"}],"wp:featuredmedia":[{"embeddable":true,"href":"https:\/\/polysmarts.com\/pt\/wp-json\/wp\/v2\/media\/2406"}],"wp:attachment":[{"href":"https:\/\/polysmarts.com\/pt\/wp-json\/wp\/v2\/media?parent=2404"}],"wp:term":[{"taxonomy":"product_brand","embeddable":true,"href":"https:\/\/polysmarts.com\/pt\/wp-json\/wp\/v2\/product_brand?post=2404"},{"taxonomy":"product_cat","embeddable":true,"href":"https:\/\/polysmarts.com\/pt\/wp-json\/wp\/v2\/product_cat?post=2404"},{"taxonomy":"product_tag","embeddable":true,"href":"https:\/\/polysmarts.com\/pt\/wp-json\/wp\/v2\/product_tag?post=2404"}],"curies":[{"name":"wp","href":"https:\/\/api.w.org\/{rel}","templated":true}]}}