{"id":2394,"date":"2024-04-01T08:35:52","date_gmt":"2024-04-01T08:35:52","guid":{"rendered":"https:\/\/polysmarts.com\/?post_type=product&#038;p=2394"},"modified":"2024-04-01T09:01:52","modified_gmt":"2024-04-01T09:01:52","slug":"saco-de-embalagem-com-ziper-deslizante-cpe-para-roupa-preta","status":"publish","type":"product","link":"https:\/\/polysmarts.com\/pt\/product\/black-garment-cpe-slider-zipper-packaging-bag\/","title":{"rendered":"Saco de embalagem com z\u00edper deslizante CPE para roupa preta"},"content":{"rendered":"<p>Apresentando nossa bolsa preta fosca com z\u00edper deslizante, projetada para fornecer prote\u00e7\u00e3o e organiza\u00e7\u00e3o resistentes para suas roupas e pertences. Com tamanhos personalizados e op\u00e7\u00f5es de espessura dispon\u00edveis, esses sacos s\u00e3o vers\u00e1teis e confi\u00e1veis para uma variedade de necessidades de armazenamento.<\/p>\n<p>Z\u00edper reutiliz\u00e1vel: o saco de embalagem com z\u00edper deslizante apresenta um z\u00edper deslizante reutiliz\u00e1vel, permitindo uma veda\u00e7\u00e3o f\u00e1cil e instant\u00e2nea sem a necessidade de seladores ou fita adicional. Isso acelera as opera\u00e7\u00f5es de embalagem, envio e correspond\u00eancia, ao mesmo tempo que protege eficazmente suas roupas e pertences contra poeira, odores e umidade.<\/p>\n<p>Lados Refor\u00e7ados: Constru\u00eddos com laterais refor\u00e7adas, nossos sacos de poli\u00e9ster com z\u00edper fosco oferecem maior durabilidade e resist\u00eancia. Eles s\u00e3o projetados para resistir melhor a rasgos, rachaduras e rasgos, fornecendo prote\u00e7\u00e3o confi\u00e1vel para sua mercadoria durante o armazenamento, envio e envio.<\/p>\n<p>Design com z\u00edper: Apresentando um z\u00edper de pl\u00e1stico com orif\u00edcio redondo, nossas bolsas garantem abertura e fechamento suaves e sem esfor\u00e7o. Esse detalhe de design aumenta a comodidade e a usabilidade, facilitando o acesso aos seus pertences sempre que necess\u00e1rio.<\/p>\n<p>Usos: A pel\u00edcula fosca de nossas bolsas confere-lhes uma apar\u00eancia elegante e profissional, tornando-as ideais para organiza\u00e7\u00e3o dom\u00e9stica, embalagens de viagens e remessas comerciais. Eles s\u00e3o perfeitos para embalar e enviar roupas, camisetas, su\u00e9teres, brinquedos, sapatos, roupas \u00edntimas, leggings, regatas, roupas, obras de arte, fotos, estampas, arquivos, cosm\u00e9ticos, cabos USB, folhetos e muito mais. Com essas bolsas voc\u00ea pode guardar tudo para manter sua vida organizada.<\/p>\n<p>Em resumo, nossas sacolas pretas para embalagem com z\u00edper deslizante CPE para roupas oferecem uma solu\u00e7\u00e3o conveniente e confi\u00e1vel para organizar e proteger seus pertences. Confie em sua durabilidade e funcionalidade para agilizar seus processos de armazenamento e envio, mantendo seus itens seguros e protegidos.<\/p>","protected":false},"excerpt":{"rendered":"<table style=\"height: 360px; width: 100.741%; border-collapse: collapse; background-color: #ebebeb;\" border=\"2\">\n<tbody>\n<tr style=\"height: 40px;\">\n<td style=\"width: 22.6796%; height: 30px; background-color: #99ccff;\"><span style=\"font-family: arial, helvetica, sans-serif; font-size: 12pt;\"><strong>Dimens\u00e3o e estilo<\/strong><\/span><\/td>\n<td style=\"width: 78.2121%; height: 30px; background-color: #99ccff;\"><span style=\"font-family: arial, helvetica, sans-serif; font-size: 12pt;\">Formas e tamanhos personalizados<\/span><\/td>\n<\/tr>\n<tr style=\"height: 40px;\">\n<td style=\"width: 22.6796%; height: 34px; background-color: #ebebeb;\"><span style=\"font-size: 12pt;\"><strong><span style=\"font-family: arial, helvetica, sans-serif;\">Quantidade m\u00ednima de pedido<\/span><\/strong><\/span><\/td>\n<td style=\"width: 78.2121%; height: 34px; background-color: #ebebeb;\"><span style=\"font-family: arial, helvetica, sans-serif; font-size: 12pt;\">1000pcs sem personaliza\u00e7\u00e3o, 10000pcs para personaliza\u00e7\u00e3o\u00a0<\/span><\/td>\n<\/tr>\n<tr style=\"height: 40px; background-color: #99ccff;\">\n<td style=\"width: 22.6796%; height: 24px;\"><span style=\"font-size: 12pt;\"><strong><span style=\"font-family: arial, helvetica, sans-serif;\">Tipo de embalagem<\/span><\/strong><\/span><\/td>\n<td style=\"width: 78.2121%; height: 24px;\"><span style=\"font-family: arial, helvetica, sans-serif; font-size: 12pt;\">Saco de embalagem com z\u00edper deslizante CPE para vestu\u00e1rio<\/span><\/td>\n<\/tr>\n<tr style=\"height: 40px; background-color: #ebebeb;\">\n<td style=\"width: 22.6796%; height: 24px;\"><span style=\"font-size: 12pt;\"><strong><span style=\"font-family: arial, helvetica, sans-serif;\">Impress\u00e3o<\/span><\/strong><\/span><\/td>\n<td style=\"width: 78.2121%; height: 24px;\"><span style=\"font-family: arial, helvetica, sans-serif; font-size: 12pt;\">CMYK (1 \u2013 10 cores), sem impress\u00e3o (normal)<\/span><\/td>\n<\/tr>\n<tr style=\"height: 40px; background-color: #99ccff;\">\n<td style=\"width: 22.6796%; height: 24px;\"><span style=\"font-size: 12pt;\"><strong><span style=\"font-family: arial, helvetica, sans-serif;\">Manuseio de Superf\u00edcie<\/span><\/strong><\/span><\/td>\n<td style=\"width: 78.2121%; height: 24px;\"><span style=\"font-family: arial, helvetica, sans-serif; font-size: 12pt;\">Impress\u00e3o offset<\/span><\/td>\n<\/tr>\n<tr style=\"height: 40px; background-color: #ebebeb;\">\n<td style=\"width: 22.6796%; height: 24px;\"><span style=\"font-size: 12pt;\"><strong><span style=\"font-family: arial, helvetica, sans-serif;\">Material<\/span><\/strong><\/span><\/td>\n<td style=\"width: 78.2121%; height: 24px;\"><span style=\"font-family: arial, helvetica, sans-serif; font-size: 12pt;\">EPC, EPI<\/span><\/td>\n<\/tr>\n<tr style=\"height: 40px; background-color: #99ccff;\">\n<td style=\"width: 22.6796%; height: 24px;\"><span style=\"font-size: 12pt;\"><strong><span style=\"font-family: arial, helvetica, sans-serif;\">Tamanho<\/span><\/strong><\/span><\/td>\n<td style=\"width: 78.2121%; height: 24px;\"><span style=\"font-family: arial, helvetica, sans-serif; font-size: 12pt;\">Personalizado<\/span><\/td>\n<\/tr>\n<tr style=\"height: 40px; background-color: #ebebeb;\">\n<td style=\"width: 22.6796%; height: 24px;\"><span style=\"font-size: 12pt;\"><strong><span style=\"font-family: arial, helvetica, sans-serif;\">Grossura<\/span><\/strong><\/span><\/td>\n<td style=\"width: 78.2121%; height: 24px;\"><span style=\"font-family: arial, helvetica, sans-serif; font-size: 12pt;\">100 m\u00edcrons para lados duplos, espessura personalizada Accpet<\/span><\/td>\n<\/tr>\n<tr style=\"height: 40px; background-color: #99ccff;\">\n<td style=\"width: 22.6796%; height: 24px;\"><span style=\"font-size: 12pt;\"><strong><span style=\"font-family: arial, helvetica, sans-serif;\">Envio<\/span><\/strong><\/span><\/td>\n<td style=\"width: 78.2121%; height: 24px;\"><span style=\"font-family: arial, helvetica, sans-serif; font-size: 12pt;\">A\u00e9reo, Mar\u00edtimo, Expresso<\/span><\/td>\n<\/tr>\n<tr style=\"height: 40px; background-color: #ebebeb;\">\n<td style=\"width: 22.6796%; height: 24px;\"><span style=\"font-size: 12pt;\"><strong><span style=\"font-family: arial, helvetica, sans-serif;\">Tempo de resposta<\/span><\/strong><\/span><\/td>\n<td style=\"width: 78.2121%; height: 24px;\"><span style=\"font-family: arial, helvetica, sans-serif; font-size: 12pt;\">7 a 15 dias \u00fateis, RUSH<\/span><\/td>\n<\/tr>\n<\/tbody>\n<\/table>\n<p>&nbsp;<\/p>","protected":false},"featured_media":2395,"comment_status":"open","ping_status":"closed","template":"","meta":[],"product_brand":[],"product_cat":[31,21,18],"product_tag":[],"class_list":{"0":"post-2394","1":"product","2":"type-product","3":"status-publish","4":"has-post-thumbnail","6":"product_cat-clothing-packaging","7":"product_cat-opp-cpp-pe-cpe-single-material-bag","8":"product_cat-zipper-bags","10":"first","11":"instock","12":"shipping-taxable","13":"product-type-simple"},"_links":{"self":[{"href":"https:\/\/polysmarts.com\/pt\/wp-json\/wp\/v2\/product\/2394","targetHints":{"allow":["GET"]}}],"collection":[{"href":"https:\/\/polysmarts.com\/pt\/wp-json\/wp\/v2\/product"}],"about":[{"href":"https:\/\/polysmarts.com\/pt\/wp-json\/wp\/v2\/types\/product"}],"replies":[{"embeddable":true,"href":"https:\/\/polysmarts.com\/pt\/wp-json\/wp\/v2\/comments?post=2394"}],"version-history":[{"count":3,"href":"https:\/\/polysmarts.com\/pt\/wp-json\/wp\/v2\/product\/2394\/revisions"}],"predecessor-version":[{"id":2403,"href":"https:\/\/polysmarts.com\/pt\/wp-json\/wp\/v2\/product\/2394\/revisions\/2403"}],"wp:featuredmedia":[{"embeddable":true,"href":"https:\/\/polysmarts.com\/pt\/wp-json\/wp\/v2\/media\/2395"}],"wp:attachment":[{"href":"https:\/\/polysmarts.com\/pt\/wp-json\/wp\/v2\/media?parent=2394"}],"wp:term":[{"taxonomy":"product_brand","embeddable":true,"href":"https:\/\/polysmarts.com\/pt\/wp-json\/wp\/v2\/product_brand?post=2394"},{"taxonomy":"product_cat","embeddable":true,"href":"https:\/\/polysmarts.com\/pt\/wp-json\/wp\/v2\/product_cat?post=2394"},{"taxonomy":"product_tag","embeddable":true,"href":"https:\/\/polysmarts.com\/pt\/wp-json\/wp\/v2\/product_tag?post=2394"}],"curies":[{"name":"wp","href":"https:\/\/api.w.org\/{rel}","templated":true}]}}