{"id":2385,"date":"2024-04-01T08:12:02","date_gmt":"2024-04-01T08:12:02","guid":{"rendered":"https:\/\/polysmarts.com\/?post_type=product&#038;p=2385"},"modified":"2024-04-23T03:28:38","modified_gmt":"2024-04-23T03:28:38","slug":"embalagem-esd-de-sacos-antiestaticos-resselaveis","status":"publish","type":"product","link":"https:\/\/polysmarts.com\/pt\/product\/resealable-anti-static-bags-esd-packaging\/","title":{"rendered":"Embalagem antiest\u00e1tica reseal\u00e1vel do ESD dos sacos"},"content":{"rendered":"<p>Apresentamos nossos sacos antiest\u00e1ticos reutiliz\u00e1veis, projetados para embalagens ESD (descarga eletrost\u00e1tica) para proteger componentes eletr\u00f4nicos delicados. Essas bolsas oferecem uma variedade de recursos para garantir a prote\u00e7\u00e3o e a visibilidade de seus itens valiosos.<\/p>\n<p>Seguran\u00e7a Prote\u00e7\u00e3o Ambiental: Nossas bolsas antiest\u00e1ticas s\u00e3o fabricadas em CPP de alta qualidade com filme aluminizado, proporcionando durabilidade e prote\u00e7\u00e3o excepcionais. Com um desempenho em altas e baixas temperaturas de \u00b1500\u00b0C, essas bolsas s\u00e3o at\u00f3xicas, ecol\u00f3gicas e seguras para o meio ambiente.<\/p>\n<p>Cinto de veda\u00e7\u00e3o de reten\u00e7\u00e3o: Equipados com um cinto de veda\u00e7\u00e3o de reten\u00e7\u00e3o, esses sacos antiest\u00e1ticos oferecem alto desempenho de veda\u00e7\u00e3o, garantindo prote\u00e7\u00e3o \u00e0 prova d&#039;\u00e1gua e \u00e0 prova de umidade para seus componentes eletr\u00f4nicos. Com uma classifica\u00e7\u00e3o de resist\u00eancia \u00e0 umidade Classe II, eles tamb\u00e9m podem ser selados a v\u00e1cuo para evitar oxida\u00e7\u00e3o.<\/p>\n<p>Design pr\u00e1tico: Apresentando um design zip-lock reutiliz\u00e1vel, nossos sacos antiest\u00e1ticos podem ser fechados novamente e f\u00e1ceis de usar, eliminando a necessidade de equipamento de veda\u00e7\u00e3o adicional. Este design pr\u00e1tico aumenta a conveni\u00eancia e a efici\u00eancia na embalagem e armazenamento de dispositivos eletr\u00f4nicos.<\/p>\n<p>Saco transl\u00facido: O design transl\u00facido de nossos sacos permite que voc\u00ea exiba facilmente seus produtos aos clientes ou os exiba em arm\u00e1rios sem comprometer a prote\u00e7\u00e3o. Essa visibilidade ajuda a evitar que seus produtos fiquem sujos devido \u00e0 poeira ou oxida\u00e7\u00e3o, garantindo que eles permane\u00e7am imaculados at\u00e9 o uso.<\/p>\n<p>Em resumo, nossos sacos antiest\u00e1ticos ressel\u00e1veis oferecem uma solu\u00e7\u00e3o confi\u00e1vel e pr\u00e1tica para embalagens ESD, proporcionando prote\u00e7\u00e3o e visibilidade para seus componentes eletr\u00f4nicos. Confie nos nossos sacos para proteger os seus itens valiosos e manter a sua qualidade durante o armazenamento e transporte.<\/p>","protected":false},"excerpt":{"rendered":"<table style=\"height: 360px; width: 99.8505%; border-collapse: collapse;\" border=\"2\">\n<tbody>\n<tr style=\"height: 40px;\">\n<td style=\"width: 22.6796%; height: 30px; background-color: #99ccff;\"><span style=\"font-family: arial, helvetica, sans-serif; font-size: 12pt;\"><strong>Dimens\u00e3o e estilo<\/strong><\/span><\/td>\n<td style=\"width: 77.3204%; height: 30px; background-color: #99ccff;\"><span style=\"font-family: arial, helvetica, sans-serif; font-size: 12pt;\">Formas e tamanhos personalizados<\/span><\/td>\n<\/tr>\n<tr style=\"height: 40px;\">\n<td style=\"width: 22.6796%; height: 34px; background-color: #ebebeb;\"><span style=\"font-size: 12pt;\"><strong><span style=\"font-family: arial, helvetica, sans-serif;\">Quantidade m\u00ednima de pedido<\/span><\/strong><\/span><\/td>\n<td style=\"width: 77.3204%; height: 34px; background-color: #ebebeb;\"><span style=\"font-family: arial, helvetica, sans-serif; font-size: 12pt;\">1000pcs sem personaliza\u00e7\u00e3o, 10000pcs para personaliza\u00e7\u00e3o<\/span><\/td>\n<\/tr>\n<tr style=\"height: 40px; background-color: #99ccff;\">\n<td style=\"width: 22.6796%; height: 24px;\"><span style=\"font-size: 12pt;\"><strong><span style=\"font-family: arial, helvetica, sans-serif;\">Tipo de embalagem<\/span><\/strong><\/span><\/td>\n<td style=\"width: 77.3204%; height: 24px;\"><span style=\"font-family: arial, helvetica, sans-serif; font-size: 12pt;\">Sacos antiest\u00e1ticos<\/span><\/td>\n<\/tr>\n<tr style=\"height: 40px; background-color: #ebebeb;\">\n<td style=\"width: 22.6796%; height: 24px;\"><span style=\"font-size: 12pt;\"><strong><span style=\"font-family: arial, helvetica, sans-serif;\">Impress\u00e3o<\/span><\/strong><\/span><\/td>\n<td style=\"width: 77.3204%; height: 24px;\"><span style=\"font-family: arial, helvetica, sans-serif; font-size: 12pt;\">CMYK (1 \u2013 10 cores), sem impress\u00e3o (normal)<\/span><\/td>\n<\/tr>\n<tr style=\"height: 40px; background-color: #99ccff;\">\n<td style=\"width: 22.6796%; height: 24px;\"><span style=\"font-size: 12pt;\"><strong><span style=\"font-family: arial, helvetica, sans-serif;\">Material<\/span><\/strong><\/span><\/td>\n<td style=\"width: 77.3204%; height: 24px;\"><span style=\"font-family: arial, helvetica, sans-serif; font-size: 12pt;\">OPP\/CPP antiest\u00e1tico<\/span><\/td>\n<\/tr>\n<tr style=\"height: 40px; background-color: #ebebeb;\">\n<td style=\"width: 22.6796%; height: 24px;\"><span style=\"font-size: 12pt;\"><strong><span style=\"font-family: arial, helvetica, sans-serif;\">Op\u00e7\u00f5es inclu\u00eddas<\/span><\/strong><\/span><\/td>\n<td style=\"width: 77.3204%; height: 24px;\"><span style=\"font-family: arial, helvetica, sans-serif; font-size: 12pt;\">Corte e vinco, selagem t\u00e9rmica<\/span><\/td>\n<\/tr>\n<tr style=\"height: 40px; background-color: #99ccff;\">\n<td style=\"width: 22.6796%; height: 24px;\"><span style=\"font-size: 12pt;\"><strong><span style=\"font-family: arial, helvetica, sans-serif;\">Prova<\/span><\/strong><\/span><\/td>\n<td style=\"width: 77.3204%; height: 24px;\"><span style=\"font-family: arial, helvetica, sans-serif; font-size: 12pt;\">Provas de cheiro\u00a0<\/span><\/td>\n<\/tr>\n<tr style=\"height: 40px; background-color: #ebebeb;\">\n<td style=\"width: 22.6796%; height: 24px;\"><span style=\"font-size: 12pt;\"><strong><span style=\"font-family: arial, helvetica, sans-serif;\">Tempo de resposta<\/span><\/strong><\/span><\/td>\n<td style=\"width: 77.3204%; height: 24px;\"><span style=\"font-family: arial, helvetica, sans-serif; font-size: 12pt;\">7 a 15 dias \u00fateis, RUSH<\/span><\/td>\n<\/tr>\n<tr style=\"height: 40px; background-color: #99ccff;\">\n<td style=\"width: 22.6796%; height: 24px;\"><span style=\"font-size: 12pt;\"><strong><span style=\"font-family: arial, helvetica, sans-serif;\">Envio<\/span><\/strong><\/span><\/td>\n<td style=\"width: 77.3204%; height: 24px;\"><span style=\"font-family: arial, helvetica, sans-serif; font-size: 12pt;\">A\u00e9reo, Mar\u00edtimo, Expresso<\/span><\/td>\n<\/tr>\n<\/tbody>\n<\/table>\n<p>&nbsp;<\/p>","protected":false},"featured_media":2825,"comment_status":"open","ping_status":"closed","template":"","meta":[],"product_brand":[],"product_cat":[32,18],"product_tag":[],"class_list":{"0":"post-2385","1":"product","2":"type-product","3":"status-publish","4":"has-post-thumbnail","6":"product_cat-3c-packaging","7":"product_cat-zipper-bags","9":"first","10":"instock","11":"shipping-taxable","12":"product-type-simple"},"_links":{"self":[{"href":"https:\/\/polysmarts.com\/pt\/wp-json\/wp\/v2\/product\/2385","targetHints":{"allow":["GET"]}}],"collection":[{"href":"https:\/\/polysmarts.com\/pt\/wp-json\/wp\/v2\/product"}],"about":[{"href":"https:\/\/polysmarts.com\/pt\/wp-json\/wp\/v2\/types\/product"}],"replies":[{"embeddable":true,"href":"https:\/\/polysmarts.com\/pt\/wp-json\/wp\/v2\/comments?post=2385"}],"version-history":[{"count":3,"href":"https:\/\/polysmarts.com\/pt\/wp-json\/wp\/v2\/product\/2385\/revisions"}],"predecessor-version":[{"id":2854,"href":"https:\/\/polysmarts.com\/pt\/wp-json\/wp\/v2\/product\/2385\/revisions\/2854"}],"wp:featuredmedia":[{"embeddable":true,"href":"https:\/\/polysmarts.com\/pt\/wp-json\/wp\/v2\/media\/2825"}],"wp:attachment":[{"href":"https:\/\/polysmarts.com\/pt\/wp-json\/wp\/v2\/media?parent=2385"}],"wp:term":[{"taxonomy":"product_brand","embeddable":true,"href":"https:\/\/polysmarts.com\/pt\/wp-json\/wp\/v2\/product_brand?post=2385"},{"taxonomy":"product_cat","embeddable":true,"href":"https:\/\/polysmarts.com\/pt\/wp-json\/wp\/v2\/product_cat?post=2385"},{"taxonomy":"product_tag","embeddable":true,"href":"https:\/\/polysmarts.com\/pt\/wp-json\/wp\/v2\/product_tag?post=2385"}],"curies":[{"name":"wp","href":"https:\/\/api.w.org\/{rel}","templated":true}]}}