{"id":2360,"date":"2024-04-01T06:05:38","date_gmt":"2024-04-01T06:05:38","guid":{"rendered":"https:\/\/polysmarts.com\/?post_type=product&#038;p=2360"},"modified":"2025-10-14T08:33:54","modified_gmt":"2025-10-14T00:33:54","slug":"sacos-de-celofane-transparentes-reforcados-para-embalagens-de-pao-100-unidades","status":"publish","type":"product","link":"https:\/\/polysmarts.com\/pt\/product\/gusseted-clear-cellophane-bags-for-bread-packaging100pcs\/","title":{"rendered":"Sacos de celofane transparentes refor\u00e7ados para embalagens de p\u00e3o (100 unidades)"},"content":{"rendered":"<p>Eleve a embalagem de seu p\u00e3o torrado com nossos sacos de celofane transparentes refor\u00e7ados premium. Fabricadas com pl\u00e1stico de alta qualidade, essas sacolas oferecem m\u00e1xima durabilidade e confiabilidade, garantindo que seus produtos fiquem bem protegidos e apresentados com beleza.<\/p>\n<p>Constru\u00e7\u00e3o Premium: Nossas bolsas pl\u00e1sticas s\u00e3o constru\u00eddas com materiais de alta qualidade, garantindo durabilidade excepcional. Os refor\u00e7os selados a quente evitam vazamentos, tornando esses sacos perfeitos para aplica\u00e7\u00f5es em embalagens de alimentos onde o frescor \u00e9 fundamental.<\/p>\n<p>Mantenha os lanches frescos: projetados para resistir a rasgos e rasgos, esses sacos para embalagens de doces s\u00e3o sel\u00e1veis a quente, permitindo que voc\u00ea mantenha o frescor e preserve o sabor do seu p\u00e3o torrado ao longo do dia. Diga adeus aos lanches estragados com nossa solu\u00e7\u00e3o de embalagem confi\u00e1vel.<\/p>\n<p>Especialmente projetados: esses sacos com veda\u00e7\u00e3o t\u00e9rmica apresentam refor\u00e7os e um fundo plano, junto com uma inser\u00e7\u00e3o de papel que permite que fiquem em p\u00e9. Este design exclusivo n\u00e3o apenas melhora a apresenta\u00e7\u00e3o de seus produtos assados, mas tamb\u00e9m adiciona um toque de eleg\u00e2ncia \u00e0s suas lembrancinhas e itens para viagem.<\/p>\n<p>\u00d3timo para festas e ocasi\u00f5es especiais: esteja voc\u00ea dando uma festa ou comemorando uma ocasi\u00e3o especial, nossos sacos de celofane transparentes refor\u00e7ados s\u00e3o a escolha perfeita para criar sacos de guloseimas sofisticados. Seu design elegante os torna adequados para uma ampla variedade de eventos, garantindo que suas del\u00edcias sejam apresentadas com estilo.<\/p>\n<p>Em resumo, nossos sacos de celofane transparentes refor\u00e7ados premium s\u00e3o a solu\u00e7\u00e3o de embalagem ideal para torradas e outros produtos assados. Com sua constru\u00e7\u00e3o dur\u00e1vel, recursos de preserva\u00e7\u00e3o de frescor e design elegante, eles certamente impressionar\u00e3o voc\u00ea e seus clientes.<\/p>","protected":false},"excerpt":{"rendered":"<table style=\"height: 360px; width: 99.8505%; border-collapse: collapse;\" border=\"2\">\n<tbody>\n<tr style=\"height: 40px;\">\n<td style=\"width: 38.0988%; height: 30px; background-color: #99ccff;\"><span style=\"font-family: arial, helvetica, sans-serif; font-size: 12pt;\"><strong>Dimens\u00e3o e estilo<\/strong><\/span><\/td>\n<td style=\"width: 61.9012%; height: 30px; background-color: #99ccff;\"><span style=\"font-family: arial, helvetica, sans-serif; font-size: 12pt;\">7*20+4cm<\/span><\/td>\n<\/tr>\n<tr style=\"height: 40px;\">\n<td style=\"width: 38.0988%; height: 34px; background-color: #ebebeb;\"><span style=\"font-size: 12pt;\"><strong><span style=\"font-family: arial, helvetica, sans-serif;\">Peso de 1 pacote = 100 unidades<\/span><\/strong><\/span><\/td>\n<td style=\"width: 61.9012%; height: 34px; background-color: #ebebeb;\"><span style=\"font-family: arial, helvetica, sans-serif; font-size: 12pt;\">Cerca de 0,4 kg<\/span><\/td>\n<\/tr>\n<tr style=\"height: 40px; background-color: #99ccff;\">\n<td style=\"width: 38.0988%; height: 24px;\"><span style=\"font-size: 12pt;\"><strong><span style=\"font-family: arial, helvetica, sans-serif;\">Tipo de embalagem<\/span><\/strong><\/span><\/td>\n<td style=\"width: 61.9012%; height: 24px;\"><span style=\"font-family: arial, helvetica, sans-serif; font-size: 12pt;\">Sacos de celofane transparentes (1 pacote = 100 unidades)<\/span><\/td>\n<\/tr>\n<tr style=\"height: 40px; background-color: #ebebeb;\">\n<td style=\"width: 38.0988%; height: 24px;\"><span style=\"font-size: 12pt;\"><strong><span style=\"font-family: arial, helvetica, sans-serif;\">Grossura<\/span><\/strong><\/span><\/td>\n<td style=\"width: 61.9012%; height: 24px;\"><span style=\"font-family: arial, helvetica, sans-serif; font-size: 12pt;\">40 m\u00edcrons<\/span><\/td>\n<\/tr>\n<tr style=\"height: 40px; background-color: #99ccff;\">\n<td style=\"width: 38.0988%; height: 24px;\"><span style=\"font-size: 12pt;\"><strong><span style=\"font-family: arial, helvetica, sans-serif;\">Acabamento<\/span><\/strong><\/span><\/td>\n<td style=\"width: 61.9012%; height: 24px;\"><span style=\"font-family: arial, helvetica, sans-serif; font-size: 12pt;\">Lustro<\/span><\/td>\n<\/tr>\n<tr style=\"height: 40px; background-color: #ebebeb;\">\n<td style=\"width: 38.0988%; height: 24px;\"><span style=\"font-size: 12pt;\"><strong><span style=\"font-family: arial, helvetica, sans-serif;\">Material<\/span><\/strong><\/span><\/td>\n<td style=\"width: 61.9012%; height: 24px;\"><span style=\"font-family: arial, helvetica, sans-serif; font-size: 12pt;\">OPP<\/span><\/td>\n<\/tr>\n<tr style=\"height: 40px; background-color: #99ccff;\">\n<td style=\"width: 38.0988%; height: 24px;\"><span style=\"font-size: 12pt;\"><strong><span style=\"font-family: arial, helvetica, sans-serif;\">Prova<\/span><\/strong><\/span><\/td>\n<td style=\"width: 61.9012%; height: 24px;\"><span style=\"font-family: arial, helvetica, sans-serif; font-size: 12pt;\">Provas de cheiro e barreira<\/span><\/td>\n<\/tr>\n<tr style=\"height: 40px; background-color: #ebebeb;\">\n<td style=\"width: 38.0988%; height: 24px;\"><span style=\"font-size: 12pt;\"><strong><span style=\"font-family: arial, helvetica, sans-serif;\">Prazo de entrega<\/span><\/strong><\/span><\/td>\n<td style=\"width: 61.9012%; height: 24px;\"><span style=\"font-family: arial, helvetica, sans-serif; font-size: 12pt;\">7 a 15 dias \u00fateis, RUSH<\/span><\/td>\n<\/tr>\n<tr style=\"height: 40px; background-color: #99ccff;\">\n<td style=\"width: 38.0988%; height: 24px;\"><span style=\"font-size: 12pt;\"><strong><span style=\"font-family: arial, helvetica, sans-serif;\">m\u00e9todo de envio<\/span><\/strong><\/span><\/td>\n<td style=\"width: 61.9012%; height: 24px;\"><span style=\"font-family: arial, helvetica, sans-serif; font-size: 12pt;\">Expressar<\/span><\/td>\n<\/tr>\n<\/tbody>\n<\/table>\n<p>&nbsp;<\/p>","protected":false},"featured_media":2365,"comment_status":"open","ping_status":"closed","template":"","meta":[],"product_brand":[],"product_cat":[64],"product_tag":[],"class_list":{"0":"post-2360","1":"product","2":"type-product","3":"status-publish","4":"has-post-thumbnail","6":"product_cat-stock-pouches","8":"first","9":"instock","10":"shipping-taxable","11":"purchasable","12":"product-type-simple"},"_links":{"self":[{"href":"https:\/\/polysmarts.com\/pt\/wp-json\/wp\/v2\/product\/2360","targetHints":{"allow":["GET"]}}],"collection":[{"href":"https:\/\/polysmarts.com\/pt\/wp-json\/wp\/v2\/product"}],"about":[{"href":"https:\/\/polysmarts.com\/pt\/wp-json\/wp\/v2\/types\/product"}],"replies":[{"embeddable":true,"href":"https:\/\/polysmarts.com\/pt\/wp-json\/wp\/v2\/comments?post=2360"}],"version-history":[{"count":3,"href":"https:\/\/polysmarts.com\/pt\/wp-json\/wp\/v2\/product\/2360\/revisions"}],"predecessor-version":[{"id":2373,"href":"https:\/\/polysmarts.com\/pt\/wp-json\/wp\/v2\/product\/2360\/revisions\/2373"}],"wp:featuredmedia":[{"embeddable":true,"href":"https:\/\/polysmarts.com\/pt\/wp-json\/wp\/v2\/media\/2365"}],"wp:attachment":[{"href":"https:\/\/polysmarts.com\/pt\/wp-json\/wp\/v2\/media?parent=2360"}],"wp:term":[{"taxonomy":"product_brand","embeddable":true,"href":"https:\/\/polysmarts.com\/pt\/wp-json\/wp\/v2\/product_brand?post=2360"},{"taxonomy":"product_cat","embeddable":true,"href":"https:\/\/polysmarts.com\/pt\/wp-json\/wp\/v2\/product_cat?post=2360"},{"taxonomy":"product_tag","embeddable":true,"href":"https:\/\/polysmarts.com\/pt\/wp-json\/wp\/v2\/product_tag?post=2360"}],"curies":[{"name":"wp","href":"https:\/\/api.w.org\/{rel}","templated":true}]}}