{"id":2343,"date":"2024-03-28T17:45:47","date_gmt":"2024-03-28T17:45:47","guid":{"rendered":"https:\/\/polysmarts.com\/?post_type=product&#038;p=2343"},"modified":"2025-10-14T08:15:03","modified_gmt":"2025-10-14T00:15:03","slug":"saco-plastico-transparente-com-fecho-ziplock-1-pacote-100-unidades","status":"publish","type":"product","link":"https:\/\/polysmarts.com\/pt\/product\/pe-plastic-clear-zip-lock-bag-1pack-100pcs\/","title":{"rendered":"Saco pl\u00e1stico transparente com z\u00edper PE (1 pacote = 100 unidades)"},"content":{"rendered":"<p>Apresentamos nossos sacos pl\u00e1sticos PE transparentes com z\u00edper, dispon\u00edveis em embalagens de 100 pe\u00e7as para sua comodidade. Esses sacos transl\u00facidos incolores s\u00e3o macios, resistentes e v\u00eam em tr\u00eas tamanhos diferentes: 17*<em>25cm, 7,5*<\/em>20cm e 6,5*11cm (tamanho externo), atendendo a uma variedade de necessidades.<\/p>\n<p>Material seguro: Fabricados em pl\u00e1stico transparente, esses sacos com z\u00edper oferecem uma veda\u00e7\u00e3o firme que \u00e9 \u00e0 prova d&#039;\u00e1gua, \u00e0 prova de umidade e \u00e0 prova de poeira. Eles s\u00e3o incrivelmente dur\u00e1veis e fortes, resistentes a rasgos e proporcionam excelente exibi\u00e7\u00e3o para seus produtos. O z\u00edper resistente garante maior capacidade de reutiliza\u00e7\u00e3o, mantendo seus itens seguros e protegidos.<\/p>\n<p>F\u00e1cil de usar: basta deslizar os dedos ao longo da veda\u00e7\u00e3o para fechar essas bolsas com seguran\u00e7a. Sua durabilidade e resist\u00eancia os tornam ideais para organizar e armazenar diversos produtos com facilidade.<\/p>\n<p>Sacos Ziplock Pequenos: Nossos sacos pl\u00e1sticos transparentes e reutiliz\u00e1veis s\u00e3o projetados para ocupar o m\u00ednimo de espa\u00e7o de armazenamento e, ao mesmo tempo, oferecer a m\u00e1xima funcionalidade. Eles s\u00e3o perfeitos para armazenar pe\u00e7as pequenas, organizar suprimentos de joias, pequenas pe\u00e7as eletr\u00f4nicas, bot\u00f5es, mi\u00e7angas, moedas, clipes de papel, fones de ouvido, parafusos e muito mais. Seja para viagens, mudan\u00e7as, remessas ou uso di\u00e1rio, essas bolsas s\u00e3o vers\u00e1teis e confi\u00e1veis.<\/p>\n<p>Em resumo, nossos sacos pl\u00e1sticos PE transparentes com z\u00edper s\u00e3o a solu\u00e7\u00e3o perfeita para suas necessidades de armazenamento e organiza\u00e7\u00e3o. Com seu design \u00e0 prova d&#039;\u00e1gua e \u00e0 prova de poeira, constru\u00e7\u00e3o dur\u00e1vel e recurso conveniente de resselagem, eles fornecem uma maneira eficiente e eficaz de proteger e organizar seus pertences.<\/p>","protected":false},"excerpt":{"rendered":"<table style=\"height: 360px; width: 99.8505%; border-collapse: collapse;\" border=\"2\">\n<tbody>\n<tr style=\"height: 40px;\">\n<td style=\"width: 38.0988%; height: 30px; background-color: #99ccff;\"><span style=\"font-family: arial, helvetica, sans-serif; font-size: 12pt;\"><strong>Dimens\u00e3o e estilo<\/strong><\/span><\/td>\n<td style=\"width: 61.9012%; height: 30px; background-color: #99ccff;\"><span style=\"font-family: arial, helvetica, sans-serif; font-size: 12pt;\">17*25cm, 7,5*20cm, 6,5*11cm<\/span><\/td>\n<\/tr>\n<tr style=\"height: 40px;\">\n<td style=\"width: 38.0988%; height: 34px; background-color: #ebebeb;\"><span style=\"font-size: 12pt;\"><strong><span style=\"font-family: arial, helvetica, sans-serif;\">Peso de 1 pacote para tamanho de <span style=\"font-family: arial, helvetica, sans-serif; font-size: 12pt;\">17*25cm, 7,5*20cm, 7,5*20cm<\/span><\/span><\/strong><\/span><\/td>\n<td style=\"width: 61.9012%; height: 34px; background-color: #ebebeb;\"><span style=\"font-family: arial, helvetica, sans-serif; font-size: 12pt;\">Cerca de 0,45kg, 0,13kg, 0,1kg, 1<\/span><\/td>\n<\/tr>\n<tr style=\"height: 40px; background-color: #99ccff;\">\n<td style=\"width: 38.0988%; height: 24px;\"><span style=\"font-size: 12pt;\"><strong><span style=\"font-family: arial, helvetica, sans-serif;\">Tipo de embalagem<\/span><\/strong><\/span><\/td>\n<td style=\"width: 61.9012%; height: 24px;\"><span style=\"font-family: arial, helvetica, sans-serif; font-size: 12pt;\">Saco transparente com fecho ziplock<\/span><\/td>\n<\/tr>\n<tr style=\"height: 40px; background-color: #ebebeb;\">\n<td style=\"width: 38.0988%; height: 24px;\"><span style=\"font-size: 12pt;\"><strong><span style=\"font-family: arial, helvetica, sans-serif;\">Grossura<\/span><\/strong><\/span><\/td>\n<td style=\"width: 61.9012%; height: 24px;\"><span style=\"font-family: arial, helvetica, sans-serif; font-size: 12pt;\">50 m\u00edcrons<\/span><\/td>\n<\/tr>\n<tr style=\"height: 40px; background-color: #99ccff;\">\n<td style=\"width: 38.0988%; height: 24px;\"><span style=\"font-size: 12pt;\"><strong><span style=\"font-family: arial, helvetica, sans-serif;\">Acabamento<\/span><\/strong><\/span><\/td>\n<td style=\"width: 61.9012%; height: 24px;\"><span style=\"font-family: arial, helvetica, sans-serif; font-size: 12pt;\">Lustro<\/span><\/td>\n<\/tr>\n<tr style=\"height: 40px; background-color: #ebebeb;\">\n<td style=\"width: 38.0988%; height: 24px;\"><span style=\"font-size: 12pt;\"><strong><span style=\"font-family: arial, helvetica, sans-serif;\">Material<\/span><\/strong><\/span><\/td>\n<td style=\"width: 61.9012%; height: 24px;\"><span style=\"font-family: arial, helvetica, sans-serif; font-size: 12pt;\">PEBD<\/span><\/td>\n<\/tr>\n<tr style=\"height: 40px; background-color: #99ccff;\">\n<td style=\"width: 38.0988%; height: 24px;\"><span style=\"font-size: 12pt;\"><strong><span style=\"font-family: arial, helvetica, sans-serif;\">Prova<\/span><\/strong><\/span><\/td>\n<td style=\"width: 61.9012%; height: 24px;\"><span style=\"font-family: arial, helvetica, sans-serif; font-size: 12pt;\">Provas de cheiro\u00a0<\/span><\/td>\n<\/tr>\n<tr style=\"height: 40px; background-color: #ebebeb;\">\n<td style=\"width: 38.0988%; height: 24px;\"><span style=\"font-size: 12pt;\"><strong><span style=\"font-family: arial, helvetica, sans-serif;\">Prazo de entrega<\/span><\/strong><\/span><\/td>\n<td style=\"width: 61.9012%; height: 24px;\"><span style=\"font-family: arial, helvetica, sans-serif; font-size: 12pt;\">7 a 15 dias \u00fateis, RUSH<\/span><\/td>\n<\/tr>\n<tr style=\"height: 40px; background-color: #99ccff;\">\n<td style=\"width: 38.0988%; height: 24px;\"><span style=\"font-size: 12pt;\"><strong><span style=\"font-family: arial, helvetica, sans-serif;\">m\u00e9todo de envio<\/span><\/strong><\/span><\/td>\n<td style=\"width: 61.9012%; height: 24px;\"><span style=\"font-family: arial, helvetica, sans-serif; font-size: 12pt;\">Expressar<\/span><\/td>\n<\/tr>\n<\/tbody>\n<\/table>\n<p>&nbsp;<\/p>","protected":false},"featured_media":2348,"comment_status":"open","ping_status":"closed","template":"","meta":[],"product_brand":[],"product_cat":[64],"product_tag":[],"class_list":{"0":"post-2343","1":"product","2":"type-product","3":"status-publish","4":"has-post-thumbnail","6":"product_cat-stock-pouches","8":"first","9":"instock","10":"shipping-taxable","11":"purchasable","12":"product-type-variable"},"_links":{"self":[{"href":"https:\/\/polysmarts.com\/pt\/wp-json\/wp\/v2\/product\/2343","targetHints":{"allow":["GET"]}}],"collection":[{"href":"https:\/\/polysmarts.com\/pt\/wp-json\/wp\/v2\/product"}],"about":[{"href":"https:\/\/polysmarts.com\/pt\/wp-json\/wp\/v2\/types\/product"}],"replies":[{"embeddable":true,"href":"https:\/\/polysmarts.com\/pt\/wp-json\/wp\/v2\/comments?post=2343"}],"version-history":[{"count":1,"href":"https:\/\/polysmarts.com\/pt\/wp-json\/wp\/v2\/product\/2343\/revisions"}],"predecessor-version":[{"id":2358,"href":"https:\/\/polysmarts.com\/pt\/wp-json\/wp\/v2\/product\/2343\/revisions\/2358"}],"wp:featuredmedia":[{"embeddable":true,"href":"https:\/\/polysmarts.com\/pt\/wp-json\/wp\/v2\/media\/2348"}],"wp:attachment":[{"href":"https:\/\/polysmarts.com\/pt\/wp-json\/wp\/v2\/media?parent=2343"}],"wp:term":[{"taxonomy":"product_brand","embeddable":true,"href":"https:\/\/polysmarts.com\/pt\/wp-json\/wp\/v2\/product_brand?post=2343"},{"taxonomy":"product_cat","embeddable":true,"href":"https:\/\/polysmarts.com\/pt\/wp-json\/wp\/v2\/product_cat?post=2343"},{"taxonomy":"product_tag","embeddable":true,"href":"https:\/\/polysmarts.com\/pt\/wp-json\/wp\/v2\/product_tag?post=2343"}],"curies":[{"name":"wp","href":"https:\/\/api.w.org\/{rel}","templated":true}]}}