{"id":1994,"date":"2024-03-20T16:57:54","date_gmt":"2024-03-20T16:57:54","guid":{"rendered":"https:\/\/polysmarts.com\/?post_type=product&#038;p=1994"},"modified":"2025-10-14T16:08:44","modified_gmt":"2025-10-14T08:08:44","slug":"em-estoque-stand-up-pouches-holograficos","status":"publish","type":"product","link":"https:\/\/polysmarts.com\/pt\/product\/in-stock-holographic-stand-up-pouches\/","title":{"rendered":"Em estoque bolsas hologr\u00e1ficas stand up (100 unidades)"},"content":{"rendered":"<p>Apresentamos nossos impressionantes stand up pouches hologr\u00e1ficos, agora dispon\u00edveis em embalagens convenientes de 100 pe\u00e7as! Eleve o seu jogo de embalagem com estas bolsas atraentes que combinam funcionalidade com um design hologr\u00e1fico deslumbrante.<\/p>\n<p>Design hologr\u00e1fico ressel\u00e1vel: Nossas bolsas mylar hologr\u00e1ficas apresentam uma frente transparente, permitindo f\u00e1cil exibi\u00e7\u00e3o do produto. A parte traseira apresenta uma fascinante folha de alum\u00ednio com as cores do arco-\u00edris, adicionando durabilidade e um brilho cativante \u00e0 sua embalagem.<\/p>\n<p>Sacos de armazenamento Mylar: Projetadas para maior comodidade, essas sacolas hologr\u00e1ficas para presentes podem permanecer abertas sozinhas, facilitando o enchimento. Equipados com uma tira de veda\u00e7\u00e3o autoadesiva que pode ser fechada novamente, eles s\u00e3o perfeitos para armazenar uma variedade de itens. O design do z\u00edper garante uma veda\u00e7\u00e3o segura, permitindo m\u00faltiplos usos.<\/p>\n<p>Material: Fabricados com filme OPP\/PET\/CPP de material de alta qualidade, nossos sacos hologr\u00e1ficos oferecem excelentes propriedades de veda\u00e7\u00e3o e durabilidade. Eles efetivamente mant\u00eam a \u00e1gua e a umidade afastadas, ao mesmo tempo que cont\u00eam odores quando selados.<\/p>\n<p>Tamanho e pacote: Cada saco de armazenamento de alimentos mylar vem em v\u00e1rios tamanhos: <span style=\"font-family: arial, helvetica, sans-serif; font-size: 12pt;\">9*14cm, 10*15cm, 12*20cm e 18*26cm<\/span>, proporcionando versatilidade para suas necessidades de embalagem. Com cada pacote contendo 100 sacos de papel alum\u00ednio hologr\u00e1fico, voc\u00ea ter\u00e1 um amplo suprimento para seus produtos.<\/p>\n<p>Multiuso: Esses sacos ressel\u00e1veis hologr\u00e1ficos arco-\u00edris s\u00e3o ideais para uma ampla variedade de produtos secos, incluindo caf\u00e9, feij\u00e3o, doces, a\u00e7\u00facar, arroz, ingredientes de panifica\u00e7\u00e3o, biscoitos, ch\u00e1, nozes, frutas secas e flores secas. Observe que eles n\u00e3o s\u00e3o adequados para l\u00edquidos.<\/p>\n<p>Em resumo, nossos stand up pouches hologr\u00e1ficos cintilantes oferecem estilo e praticidade, tornando-os a escolha perfeita para suas necessidades de embalagem. Fa\u00e7a j\u00e1 o seu estoque e d\u00ea um toque de magia aos seus produtos!<\/p>","protected":false},"excerpt":{"rendered":"<table style=\"height: 360px; width: 99.8505%; border-collapse: collapse;\" border=\"2\">\n<tbody>\n<tr style=\"height: 40px;\">\n<td style=\"width: 38.0988%; height: 30px; background-color: #99ccff;\"><span style=\"font-family: arial, helvetica, sans-serif; font-size: 12pt;\"><strong>Dimens\u00e3o e estilo<\/strong><\/span><\/td>\n<td style=\"width: 61.9012%; height: 30px; background-color: #99ccff;\"><span style=\"font-family: arial, helvetica, sans-serif; font-size: 12pt;\">9*14cm, 10*15cm, 12*20cm, 18*26cm<\/span><\/td>\n<\/tr>\n<tr style=\"height: 40px;\">\n<td style=\"width: 38.0988%; height: 34px; background-color: #ebebeb;\"><span style=\"font-size: 12pt;\"><strong><span style=\"font-family: arial, helvetica, sans-serif;\">Peso de 1 pacote para tamanho de <span style=\"font-family: arial, helvetica, sans-serif; font-size: 12pt;\">9*14cm, 10*15cm, 12*20cm, 18*26cm<\/span><\/span><\/strong><\/span><\/td>\n<td style=\"width: 61.9012%; height: 34px; background-color: #ebebeb;\"><span style=\"font-family: arial, helvetica, sans-serif; font-size: 12pt;\">Cerca de 0,35kg, 0,45kg, 0,6kg, 1kg<\/span><\/td>\n<\/tr>\n<tr style=\"height: 40px; background-color: #99ccff;\">\n<td style=\"width: 38.0988%; height: 24px;\"><span style=\"font-size: 12pt;\"><strong><span style=\"font-family: arial, helvetica, sans-serif;\">Tipo de embalagem<\/span><\/strong><\/span><\/td>\n<td style=\"width: 61.9012%; height: 24px;\"><span style=\"font-family: arial, helvetica, sans-serif; font-size: 12pt;\">Bolsas de p\u00e9 hologr\u00e1ficas<\/span><\/td>\n<\/tr>\n<tr style=\"height: 40px; background-color: #ebebeb;\">\n<td style=\"width: 38.0988%; height: 24px;\"><span style=\"font-size: 12pt;\"><strong><span style=\"font-family: arial, helvetica, sans-serif;\">Grossura<\/span><\/strong><\/span><\/td>\n<td style=\"width: 61.9012%; height: 24px;\"><span style=\"font-family: arial, helvetica, sans-serif; font-size: 12pt;\">70 m\u00edcrons<\/span><\/td>\n<\/tr>\n<tr style=\"height: 40px; background-color: #99ccff;\">\n<td style=\"width: 38.0988%; height: 24px;\"><span style=\"font-size: 12pt;\"><strong><span style=\"font-family: arial, helvetica, sans-serif;\">Acabamento<\/span><\/strong><\/span><\/td>\n<td style=\"width: 61.9012%; height: 24px;\"><span style=\"font-family: arial, helvetica, sans-serif; font-size: 12pt;\">Lustro<\/span><\/td>\n<\/tr>\n<tr style=\"height: 40px; background-color: #ebebeb;\">\n<td style=\"width: 38.0988%; height: 24px;\"><span style=\"font-size: 12pt;\"><strong><span style=\"font-family: arial, helvetica, sans-serif;\">Material<\/span><\/strong><\/span><\/td>\n<td style=\"width: 61.9012%; height: 24px;\"><span style=\"font-family: arial, helvetica, sans-serif; font-size: 12pt;\">OPP\/PET\/CPP<\/span><\/td>\n<\/tr>\n<tr style=\"height: 40px; background-color: #99ccff;\">\n<td style=\"width: 38.0988%; height: 24px;\"><span style=\"font-size: 12pt;\"><strong><span style=\"font-family: arial, helvetica, sans-serif;\">Prova<\/span><\/strong><\/span><\/td>\n<td style=\"width: 61.9012%; height: 24px;\"><span style=\"font-family: arial, helvetica, sans-serif; font-size: 12pt;\">Provas de cheiro\u00a0<\/span><\/td>\n<\/tr>\n<tr style=\"height: 40px; background-color: #ebebeb;\">\n<td style=\"width: 38.0988%; height: 24px;\"><span style=\"font-size: 12pt;\"><strong><span style=\"font-family: arial, helvetica, sans-serif;\">Prazo de entrega<\/span><\/strong><\/span><\/td>\n<td style=\"width: 61.9012%; height: 24px;\"><span style=\"font-family: arial, helvetica, sans-serif; font-size: 12pt;\">7 a 15 dias \u00fateis, RUSH<\/span><\/td>\n<\/tr>\n<tr style=\"height: 40px; background-color: #99ccff;\">\n<td style=\"width: 38.0988%; height: 24px;\"><span style=\"font-size: 12pt;\"><strong><span style=\"font-family: arial, helvetica, sans-serif;\">m\u00e9todo de envio<\/span><\/strong><\/span><\/td>\n<td style=\"width: 61.9012%; height: 24px;\"><span style=\"font-family: arial, helvetica, sans-serif; font-size: 12pt;\">Expressar<\/span><\/td>\n<\/tr>\n<\/tbody>\n<\/table>\n<p>&nbsp;<\/p>","protected":false},"featured_media":1995,"comment_status":"open","ping_status":"closed","template":"","meta":[],"product_brand":[],"product_cat":[64],"product_tag":[],"class_list":{"0":"post-1994","1":"product","2":"type-product","3":"status-publish","4":"has-post-thumbnail","6":"product_cat-stock-pouches","7":"product_shipping_class-us8-5-shipping-cost","9":"first","10":"instock","11":"shipping-taxable","12":"purchasable","13":"product-type-variable"},"_links":{"self":[{"href":"https:\/\/polysmarts.com\/pt\/wp-json\/wp\/v2\/product\/1994","targetHints":{"allow":["GET"]}}],"collection":[{"href":"https:\/\/polysmarts.com\/pt\/wp-json\/wp\/v2\/product"}],"about":[{"href":"https:\/\/polysmarts.com\/pt\/wp-json\/wp\/v2\/types\/product"}],"replies":[{"embeddable":true,"href":"https:\/\/polysmarts.com\/pt\/wp-json\/wp\/v2\/comments?post=1994"}],"version-history":[{"count":5,"href":"https:\/\/polysmarts.com\/pt\/wp-json\/wp\/v2\/product\/1994\/revisions"}],"predecessor-version":[{"id":2054,"href":"https:\/\/polysmarts.com\/pt\/wp-json\/wp\/v2\/product\/1994\/revisions\/2054"}],"wp:featuredmedia":[{"embeddable":true,"href":"https:\/\/polysmarts.com\/pt\/wp-json\/wp\/v2\/media\/1995"}],"wp:attachment":[{"href":"https:\/\/polysmarts.com\/pt\/wp-json\/wp\/v2\/media?parent=1994"}],"wp:term":[{"taxonomy":"product_brand","embeddable":true,"href":"https:\/\/polysmarts.com\/pt\/wp-json\/wp\/v2\/product_brand?post=1994"},{"taxonomy":"product_cat","embeddable":true,"href":"https:\/\/polysmarts.com\/pt\/wp-json\/wp\/v2\/product_cat?post=1994"},{"taxonomy":"product_tag","embeddable":true,"href":"https:\/\/polysmarts.com\/pt\/wp-json\/wp\/v2\/product_tag?post=1994"}],"curies":[{"name":"wp","href":"https:\/\/api.w.org\/{rel}","templated":true}]}}