{"id":1939,"date":"2024-03-09T10:24:32","date_gmt":"2024-03-09T10:24:32","guid":{"rendered":"https:\/\/polysmarts.com\/?post_type=product&#038;p=1939"},"modified":"2024-03-09T11:29:29","modified_gmt":"2024-03-09T11:29:29","slug":"saco-stand-up-pouch-para-comida-com-preco-de-fabrica","status":"publish","type":"product","link":"https:\/\/polysmarts.com\/pt\/product\/factory-price-food-stand-up-pouch-bag\/","title":{"rendered":"Saco de stand up para alimentos com pre\u00e7o de f\u00e1brica"},"content":{"rendered":"<p>Bem-vindo \u00e0 Polysmart, seu fabricante especializado de sacolas stand up pouch para alimentos com mais de 10 anos de experi\u00eancia no setor. Temos orgulho em oferecer solu\u00e7\u00f5es de embalagem de alta qualidade a pre\u00e7os diretos de f\u00e1brica, garantindo acessibilidade sem comprometer a qualidade.<\/p>\n<p>Nossos sacos stand up pouches, tamb\u00e9m conhecidos como embalagens personalizadas para lanches sem emiss\u00e3o, s\u00e3o feitos de materiais recicl\u00e1veis, o que os torna uma escolha ecol\u00f3gica para embalar lanches como nozes, doces e batatas fritas. Aprovados pelo FDA, esses salgadinhos oferecem uma forma sustent\u00e1vel de embalar seus produtos, mantendo o frescor e o sabor.<\/p>\n<p>Caracter\u00edsticas principais:<\/p>\n<ul>\n<li>Altamente personaliz\u00e1vel: Entendemos que cada produto \u00e9 \u00fanico, por isso nossas bolsas s\u00e3o altamente personaliz\u00e1veis para atender \u00e0s suas necessidades espec\u00edficas. Se voc\u00ea precisa de z\u00edperes ressel\u00e1veis, capacidade de veda\u00e7\u00e3o t\u00e9rmica, entalhes para facilitar a abertura ou material resistente a perfura\u00e7\u00f5es, temos as op\u00e7\u00f5es para atender \u00e0s suas necessidades.<\/li>\n<li>Prote\u00e7\u00e3o de barreira superior: Nossas bolsas s\u00e3o projetadas com filmes de alta barreira ou especiais para manter o frescor e suprimir o odor, garantindo que seus produtos permane\u00e7am em perfeitas condi\u00e7\u00f5es.<\/li>\n<li>Janelas transparentes: exiba seus produtos com clareza usando nossas vitrines transparentes, permitindo que os clientes vejam o que h\u00e1 dentro e incentivando-os a fazer uma compra.<\/li>\n<\/ul>\n<p>Em resumo, nossos sacos stand up pouch para alimentos com pre\u00e7o de f\u00e1brica oferecem valor e qualidade imbat\u00edveis. Escolha a Polysmart para solu\u00e7\u00f5es de embalagens personaliz\u00e1veis e ecol\u00f3gicas que elevam sua marca e encantam seus clientes.<\/p>","protected":false},"excerpt":{"rendered":"<table style=\"height: 360px; width: 99.8505%; border-collapse: collapse;\" border=\"2\">\n<tbody>\n<tr style=\"height: 40px;\">\n<td style=\"width: 22.6796%; height: 30px; background-color: #99ccff;\"><span style=\"font-family: arial, helvetica, sans-serif; font-size: 12pt;\"><strong>Dimens\u00e3o e estilo<\/strong><\/span><\/td>\n<td style=\"width: 77.3204%; height: 30px; background-color: #99ccff;\"><span style=\"font-family: arial, helvetica, sans-serif; font-size: 12pt;\">Formas e tamanhos personalizados<\/span><\/td>\n<\/tr>\n<tr style=\"height: 40px;\">\n<td style=\"width: 22.6796%; height: 34px; background-color: #ebebeb;\"><span style=\"font-size: 12pt;\"><strong><span style=\"font-family: arial, helvetica, sans-serif;\">Quantidade m\u00ednima de pedido<\/span><\/strong><\/span><\/td>\n<td style=\"width: 77.3204%; height: 34px; background-color: #ebebeb;\"><span style=\"font-family: arial, helvetica, sans-serif; font-size: 12pt;\">1000pcs sem personaliza\u00e7\u00e3o, 10000pcs para personaliza\u00e7\u00e3o<\/span><\/td>\n<\/tr>\n<tr style=\"height: 40px; background-color: #99ccff;\">\n<td style=\"width: 22.6796%; height: 24px;\"><span style=\"font-size: 12pt;\"><strong><span style=\"font-family: arial, helvetica, sans-serif;\">Tipo de embalagem<\/span><\/strong><\/span><\/td>\n<td style=\"width: 77.3204%; height: 24px;\"><span style=\"font-family: arial, helvetica, sans-serif; font-size: 12pt;\">Bolsa de p\u00e9<\/span><\/td>\n<\/tr>\n<tr style=\"height: 40px; background-color: #ebebeb;\">\n<td style=\"width: 22.6796%; height: 24px;\"><span style=\"font-size: 12pt;\"><strong><span style=\"font-family: arial, helvetica, sans-serif;\">Impress\u00e3o<\/span><\/strong><\/span><\/td>\n<td style=\"width: 77.3204%; height: 24px;\"><span style=\"font-family: arial, helvetica, sans-serif; font-size: 12pt;\">CMYK (1 \u2013 10 cores), sem impress\u00e3o (normal)<\/span><\/td>\n<\/tr>\n<tr style=\"height: 40px; background-color: #99ccff;\">\n<td style=\"width: 22.6796%; height: 24px;\"><span style=\"font-size: 12pt;\"><strong><span style=\"font-family: arial, helvetica, sans-serif;\">Acabamento<\/span><\/strong><\/span><\/td>\n<td style=\"width: 77.3204%; height: 24px;\"><span style=\"font-family: arial, helvetica, sans-serif; font-size: 12pt;\">Lamina\u00e7\u00e3o brilhante\/fosca, impress\u00e3o offset<\/span><\/td>\n<\/tr>\n<tr style=\"height: 40px; background-color: #ebebeb;\">\n<td style=\"width: 22.6796%; height: 24px;\"><span style=\"font-size: 12pt;\"><strong><span style=\"font-family: arial, helvetica, sans-serif;\">Op\u00e7\u00f5es inclu\u00eddas<\/span><\/strong><\/span><\/td>\n<td style=\"width: 77.3204%; height: 24px;\"><span style=\"font-family: arial, helvetica, sans-serif; font-size: 12pt;\">Corte e vinco, selagem t\u00e9rmica<\/span><\/td>\n<\/tr>\n<tr style=\"height: 40px; background-color: #99ccff;\">\n<td style=\"width: 22.6796%; height: 24px;\"><span style=\"font-size: 12pt;\"><strong><span style=\"font-family: arial, helvetica, sans-serif;\">Prova<\/span><\/strong><\/span><\/td>\n<td style=\"width: 77.3204%; height: 24px;\"><span style=\"font-family: arial, helvetica, sans-serif; font-size: 12pt;\">Provas de cheiro\u00a0<\/span><\/td>\n<\/tr>\n<tr style=\"height: 40px; background-color: #ebebeb;\">\n<td style=\"width: 22.6796%; height: 24px;\"><span style=\"font-size: 12pt;\"><strong><span style=\"font-family: arial, helvetica, sans-serif;\">Tempo de resposta<\/span><\/strong><\/span><\/td>\n<td style=\"width: 77.3204%; height: 24px;\"><span style=\"font-family: arial, helvetica, sans-serif; font-size: 12pt;\">7 a 15 dias \u00fateis, RUSH<\/span><\/td>\n<\/tr>\n<tr style=\"height: 40px; background-color: #99ccff;\">\n<td style=\"width: 22.6796%; height: 24px;\"><span style=\"font-size: 12pt;\"><strong><span style=\"font-family: arial, helvetica, sans-serif;\">Envio<\/span><\/strong><\/span><\/td>\n<td style=\"width: 77.3204%; height: 24px;\"><span style=\"font-family: arial, helvetica, sans-serif; font-size: 12pt;\">A\u00e9reo, Mar\u00edtimo, Expresso<\/span><\/td>\n<\/tr>\n<\/tbody>\n<\/table>\n<p>&nbsp;<\/p>","protected":false},"featured_media":1940,"comment_status":"open","ping_status":"closed","template":"","meta":[],"product_brand":[],"product_cat":[26,18],"product_tag":[],"class_list":{"0":"post-1939","1":"product","2":"type-product","3":"status-publish","4":"has-post-thumbnail","6":"product_cat-food-packaging","7":"product_cat-zipper-bags","9":"first","10":"instock","11":"shipping-taxable","12":"product-type-simple"},"_links":{"self":[{"href":"https:\/\/polysmarts.com\/pt\/wp-json\/wp\/v2\/product\/1939","targetHints":{"allow":["GET"]}}],"collection":[{"href":"https:\/\/polysmarts.com\/pt\/wp-json\/wp\/v2\/product"}],"about":[{"href":"https:\/\/polysmarts.com\/pt\/wp-json\/wp\/v2\/types\/product"}],"replies":[{"embeddable":true,"href":"https:\/\/polysmarts.com\/pt\/wp-json\/wp\/v2\/comments?post=1939"}],"version-history":[{"count":2,"href":"https:\/\/polysmarts.com\/pt\/wp-json\/wp\/v2\/product\/1939\/revisions"}],"predecessor-version":[{"id":1947,"href":"https:\/\/polysmarts.com\/pt\/wp-json\/wp\/v2\/product\/1939\/revisions\/1947"}],"wp:featuredmedia":[{"embeddable":true,"href":"https:\/\/polysmarts.com\/pt\/wp-json\/wp\/v2\/media\/1940"}],"wp:attachment":[{"href":"https:\/\/polysmarts.com\/pt\/wp-json\/wp\/v2\/media?parent=1939"}],"wp:term":[{"taxonomy":"product_brand","embeddable":true,"href":"https:\/\/polysmarts.com\/pt\/wp-json\/wp\/v2\/product_brand?post=1939"},{"taxonomy":"product_cat","embeddable":true,"href":"https:\/\/polysmarts.com\/pt\/wp-json\/wp\/v2\/product_cat?post=1939"},{"taxonomy":"product_tag","embeddable":true,"href":"https:\/\/polysmarts.com\/pt\/wp-json\/wp\/v2\/product_tag?post=1939"}],"curies":[{"name":"wp","href":"https:\/\/api.w.org\/{rel}","templated":true}]}}