{"id":1931,"date":"2024-03-09T10:03:57","date_gmt":"2024-03-09T10:03:57","guid":{"rendered":"https:\/\/polysmarts.com\/?post_type=product&#038;p=1931"},"modified":"2024-03-09T10:15:48","modified_gmt":"2024-03-09T10:15:48","slug":"sacos-coloridos-com-selagem-termica-embalagem-plana-em-folha","status":"publish","type":"product","link":"https:\/\/polysmarts.com\/pt\/product\/colorful-heat-seal-bags-foil-flat-packaging\/","title":{"rendered":"Embalagem plana colorida de folha de sacos de veda\u00e7\u00e3o t\u00e9rmica"},"content":{"rendered":"<p>Descubra a solu\u00e7\u00e3o de embalagem perfeita para seus produtos com nossos sacos coloridos com veda\u00e7\u00e3o t\u00e9rmica. Criadas para combinar durabilidade com apelo atraente, essas bolsas s\u00e3o projetadas para elevar sua marca e cativar a aten\u00e7\u00e3o dos clientes.<\/p>\n<p>Caracter\u00edsticas do produto:<\/p>\n<ol>\n<li>Material dur\u00e1vel: Nossos sacos com veda\u00e7\u00e3o t\u00e9rmica s\u00e3o feitos de folha de alum\u00ednio de alta qualidade, conhecida por sua dureza e resist\u00eancia a quebras e perfura\u00e7\u00f5es. Isso garante que seus produtos permane\u00e7am protegidos durante o manuseio e transporte, mantendo sua integridade e frescor.<\/li>\n<li>Design f\u00e1cil de rasgar: diga adeus \u00e0 frustra\u00e7\u00e3o com nosso design f\u00e1cil de rasgar. Ambos os lados da bolsa s\u00e3o projetados para rasgar sem esfor\u00e7o, permitindo uma abertura conveniente e descomplicada. Chega de lutar com tesouras ou facas - simplesmente rasgue e divirta-se!<\/li>\n<li>Op\u00e7\u00f5es vers\u00e1teis de veda\u00e7\u00e3o: Aproveite a flexibilidade de nossas vers\u00e1teis op\u00e7\u00f5es de veda\u00e7\u00e3o. Nossos sacos de enchimento abertos s\u00e3o compat\u00edveis com t\u00e9cnicas de selagem a v\u00e1cuo e de selagem a quente, oferecendo m\u00faltiplas op\u00e7\u00f5es para preservar o frescor de seus produtos. Quer voc\u00ea prefira a veda\u00e7\u00e3o a v\u00e1cuo para armazenamento de longo prazo ou a veda\u00e7\u00e3o a quente para uso imediato, nossos sacos t\u00eam o que voc\u00ea precisa.<\/li>\n<li>Uso multifuncional: de caf\u00e9 e doces a produtos de panifica\u00e7\u00e3o e lanches, nossas sacolas s\u00e3o perfeitas para uma ampla gama de produtos. Quer voc\u00ea esteja embalando alimentos para lazer, decora\u00e7\u00f5es ou acess\u00f3rios, nossos sacos coloridos com veda\u00e7\u00e3o t\u00e9rmica certamente far\u00e3o com que seus produtos se destaquem nas prateleiras.<\/li>\n<li>Funcionalidade de veda\u00e7\u00e3o dupla: Nossos sacos de enchimento abertos oferecem funcionalidade de veda\u00e7\u00e3o dupla, permitindo veda\u00e7\u00e3o a v\u00e1cuo e veda\u00e7\u00e3o a quente na parte superior aberta. Isto garante uma \u00f3tima preserva\u00e7\u00e3o do conte\u00fado, mantendo os seus produtos frescos e saborosos por per\u00edodos mais longos.<\/li>\n<\/ol>\n<p>Em resumo, nossos sacos coloridos com veda\u00e7\u00e3o t\u00e9rmica oferecem durabilidade, versatilidade e apelo atraente, tornando-os a escolha perfeita para suas necessidades de embalagem. Eleve a sua marca com embalagens vibrantes que n\u00e3o s\u00f3 protegem os seus produtos, mas tamb\u00e9m melhoram o seu apelo visual.<\/p>","protected":false},"excerpt":{"rendered":"<table style=\"height: 360px; width: 100.741%; border-collapse: collapse; background-color: #ebebeb;\" border=\"2\">\n<tbody>\n<tr style=\"height: 40px;\">\n<td style=\"width: 22.6796%; height: 30px; background-color: #99ccff;\"><span style=\"font-family: arial, helvetica, sans-serif; font-size: 12pt;\"><strong>Dimens\u00e3o e estilo<\/strong><\/span><\/td>\n<td style=\"width: 78.2121%; height: 30px; background-color: #99ccff;\"><span style=\"font-family: arial, helvetica, sans-serif; font-size: 12pt;\">Formas e tamanhos personalizados<\/span><\/td>\n<\/tr>\n<tr style=\"height: 40px;\">\n<td style=\"width: 22.6796%; height: 34px; background-color: #ebebeb;\"><span style=\"font-size: 12pt;\"><strong><span style=\"font-family: arial, helvetica, sans-serif;\">Quantidade m\u00ednima de pedido<\/span><\/strong><\/span><\/td>\n<td style=\"width: 78.2121%; height: 34px; background-color: #ebebeb;\"><span style=\"font-family: arial, helvetica, sans-serif; font-size: 12pt;\">1000pcs sem personaliza\u00e7\u00e3o, 10000pcs para personaliza\u00e7\u00e3o<\/span><\/td>\n<\/tr>\n<tr style=\"height: 40px; background-color: #99ccff;\">\n<td style=\"width: 22.6796%; height: 24px;\"><span style=\"font-size: 12pt;\"><strong><span style=\"font-family: arial, helvetica, sans-serif;\">Tipo de embalagem<\/span><\/strong><\/span><\/td>\n<td style=\"width: 78.2121%; height: 24px;\"><span style=\"font-family: arial, helvetica, sans-serif; font-size: 12pt;\">3 sacos com veda\u00e7\u00e3o lateral<\/span><\/td>\n<\/tr>\n<tr style=\"height: 40px; background-color: #ebebeb;\">\n<td style=\"width: 22.6796%; height: 24px;\"><span style=\"font-size: 12pt;\"><strong><span style=\"font-family: arial, helvetica, sans-serif;\">Impress\u00e3o<\/span><\/strong><\/span><\/td>\n<td style=\"width: 78.2121%; height: 24px;\"><span style=\"font-family: arial, helvetica, sans-serif; font-size: 12pt;\">CMYK (1 \u2013 10 cores), sem impress\u00e3o (normal)<\/span><\/td>\n<\/tr>\n<tr style=\"height: 40px; background-color: #99ccff;\">\n<td style=\"width: 22.6796%; height: 24px;\"><span style=\"font-size: 12pt;\"><strong><span style=\"font-family: arial, helvetica, sans-serif;\">Manuseio de Superf\u00edcie<\/span><\/strong><\/span><\/td>\n<td style=\"width: 78.2121%; height: 24px;\"><span style=\"font-family: arial, helvetica, sans-serif; font-size: 12pt;\">Impress\u00e3o offset<\/span><\/td>\n<\/tr>\n<tr style=\"height: 40px; background-color: #ebebeb;\">\n<td style=\"width: 22.6796%; height: 24px;\"><span style=\"font-size: 12pt;\"><strong><span style=\"font-family: arial, helvetica, sans-serif;\">Material<\/span><\/strong><\/span><\/td>\n<td style=\"width: 78.2121%; height: 24px;\"><span style=\"font-family: arial, helvetica, sans-serif; font-size: 12pt;\">Folha de alum\u00ednio<\/span><\/td>\n<\/tr>\n<tr style=\"height: 40px; background-color: #99ccff;\">\n<td style=\"width: 22.6796%; height: 24px;\"><span style=\"font-size: 12pt;\"><strong><span style=\"font-family: arial, helvetica, sans-serif;\">Tamanho<\/span><\/strong><\/span><\/td>\n<td style=\"width: 78.2121%; height: 24px;\"><span style=\"font-family: arial, helvetica, sans-serif; font-size: 12pt;\">5*7cm, 6*9cm, 7*10cm, 8*12cm, 9*13cm, 10*15cm, 12*18cm, 14*20cm, 16*24cm, 20*30cm ou personalizado<\/span><\/td>\n<\/tr>\n<tr style=\"height: 40px; background-color: #ebebeb;\">\n<td style=\"width: 22.6796%; height: 24px;\"><span style=\"font-size: 12pt;\"><strong><span style=\"font-family: arial, helvetica, sans-serif;\">Grossura<\/span><\/strong><\/span><\/td>\n<td style=\"width: 78.2121%; height: 24px;\"><span style=\"font-family: arial, helvetica, sans-serif; font-size: 12pt;\">120 m\u00edcrons para lados duplos, espessura personalizada Accpet<\/span><\/td>\n<\/tr>\n<tr style=\"height: 40px; background-color: #99ccff;\">\n<td style=\"width: 22.6796%; height: 24px;\"><span style=\"font-size: 12pt;\"><strong><span style=\"font-family: arial, helvetica, sans-serif;\">Envio<\/span><\/strong><\/span><\/td>\n<td style=\"width: 78.2121%; height: 24px;\"><span style=\"font-family: arial, helvetica, sans-serif; font-size: 12pt;\">A\u00e9reo, Mar\u00edtimo, Expresso<\/span><\/td>\n<\/tr>\n<tr style=\"height: 40px; background-color: #ebebeb;\">\n<td style=\"width: 22.6796%; height: 24px;\"><span style=\"font-size: 12pt;\"><strong><span style=\"font-family: arial, helvetica, sans-serif;\">Tempo de resposta<\/span><\/strong><\/span><\/td>\n<td style=\"width: 78.2121%; height: 24px;\"><span style=\"font-family: arial, helvetica, sans-serif; font-size: 12pt;\">7 a 15 dias \u00fateis, RUSH<\/span><\/td>\n<\/tr>\n<\/tbody>\n<\/table>\n<p>&nbsp;<\/p>","protected":false},"featured_media":1932,"comment_status":"open","ping_status":"closed","template":"","meta":[],"product_brand":[],"product_cat":[26,19],"product_tag":[],"class_list":{"0":"post-1931","1":"product","2":"type-product","3":"status-publish","4":"has-post-thumbnail","6":"product_cat-food-packaging","7":"product_cat-heat-sealing-bag","9":"first","10":"instock","11":"shipping-taxable","12":"product-type-simple"},"_links":{"self":[{"href":"https:\/\/polysmarts.com\/pt\/wp-json\/wp\/v2\/product\/1931","targetHints":{"allow":["GET"]}}],"collection":[{"href":"https:\/\/polysmarts.com\/pt\/wp-json\/wp\/v2\/product"}],"about":[{"href":"https:\/\/polysmarts.com\/pt\/wp-json\/wp\/v2\/types\/product"}],"replies":[{"embeddable":true,"href":"https:\/\/polysmarts.com\/pt\/wp-json\/wp\/v2\/comments?post=1931"}],"version-history":[{"count":2,"href":"https:\/\/polysmarts.com\/pt\/wp-json\/wp\/v2\/product\/1931\/revisions"}],"predecessor-version":[{"id":1938,"href":"https:\/\/polysmarts.com\/pt\/wp-json\/wp\/v2\/product\/1931\/revisions\/1938"}],"wp:featuredmedia":[{"embeddable":true,"href":"https:\/\/polysmarts.com\/pt\/wp-json\/wp\/v2\/media\/1932"}],"wp:attachment":[{"href":"https:\/\/polysmarts.com\/pt\/wp-json\/wp\/v2\/media?parent=1931"}],"wp:term":[{"taxonomy":"product_brand","embeddable":true,"href":"https:\/\/polysmarts.com\/pt\/wp-json\/wp\/v2\/product_brand?post=1931"},{"taxonomy":"product_cat","embeddable":true,"href":"https:\/\/polysmarts.com\/pt\/wp-json\/wp\/v2\/product_cat?post=1931"},{"taxonomy":"product_tag","embeddable":true,"href":"https:\/\/polysmarts.com\/pt\/wp-json\/wp\/v2\/product_tag?post=1931"}],"curies":[{"name":"wp","href":"https:\/\/api.w.org\/{rel}","templated":true}]}}