{"id":1922,"date":"2024-03-09T09:35:01","date_gmt":"2024-03-09T09:35:01","guid":{"rendered":"https:\/\/polysmarts.com\/?post_type=product&#038;p=1922"},"modified":"2024-03-09T09:45:30","modified_gmt":"2024-03-09T09:45:30","slug":"embalagem-de-alimentos-secos-em-folha-de-aluminio-fosco","status":"publish","type":"product","link":"https:\/\/polysmarts.com\/pt\/product\/matte-aluminum-foil-dry-food-packaging\/","title":{"rendered":"Embalagem de alimentos secos em folha de alum\u00ednio fosco"},"content":{"rendered":"<p>Garanta a seguran\u00e7a e o frescor de seus produtos aliment\u00edcios secos com nossa embalagem fosca para alimentos secos em folha de alum\u00ednio. Projetadas com qualidade e conveni\u00eancia em mente, essas sacolas oferecem uma infinidade de benef\u00edcios para atender \u00e0s suas necessidades de embalagem.<\/p>\n<p>Seguro para alimentos: tenha certeza de que nossas sacolas s\u00e3o seguras para uso alimentar, tornando-as perfeitas para armazenar gr\u00e3os de caf\u00e9 ou criar lanches para consumo em tr\u00e2nsito. Quer esteja a preparar refei\u00e7\u00f5es para crian\u00e7as, a embalar almo\u00e7os para o trabalho ou a embarcar em aventuras ao ar livre, os nossos sacos seguros para alimentos s\u00e3o a escolha ideal.<\/p>\n<p>Constru\u00e7\u00e3o dur\u00e1vel: fabricada em mylar met\u00e1lico de 3,9 MIL de espessura, nossa embalagem oferece durabilidade e prote\u00e7\u00e3o excepcionais contra raios UV e danos por vapor de \u00e1gua. Voc\u00ea pode embalar, transportar e armazenar seus produtos secos com seguran\u00e7a, sem se preocupar com danos ou deteriora\u00e7\u00e3o.<\/p>\n<p>Multiuso: Nossos sacos de papel alum\u00ednio fosco s\u00e3o incrivelmente vers\u00e1teis e adequados para uma ampla variedade de produtos em p\u00f3 ou secos. De gr\u00e3os de caf\u00e9 a misturas para salgadinhos, esses sacos s\u00e3o projetados para acomodar qualquer produto com facilidade.<\/p>\n<p>Caracter\u00edsticas personaliz\u00e1veis de embalagens para alimentos altamente secos: Entendemos que cada produto tem requisitos \u00fanicos, por isso nossa embalagem \u00e9 altamente personaliz\u00e1vel para atender \u00e0s suas necessidades espec\u00edficas. Caracter\u00edsticas incluem:<\/p>\n<ul>\n<li>Z\u00edperes ressel\u00e1veis: para acesso e armazenamento convenientes.<\/li>\n<li>Sel\u00e1vel a quente: para garantir um fechamento seguro e m\u00e1ximo frescor.<\/li>\n<li>Entalhes de rasgo: para abertura f\u00e1cil sem necessidade de tesoura.<\/li>\n<li>Material resistente a perfura\u00e7\u00f5es: para maior prote\u00e7\u00e3o durante o manuseio e transporte.<\/li>\n<li>Filmes de alta barreira ou especiais: para manter o frescor e suprimir o odor.<\/li>\n<li>Janelas frontais totalmente transparentes: para mostrar seus produtos e atrair clientes.<\/li>\n<\/ul>\n<p>Em resumo, nossa embalagem fosca para alimentos secos em folha de alum\u00ednio oferece maior prote\u00e7\u00e3o, conveni\u00eancia e versatilidade para seus produtos. Escolha nossas solu\u00e7\u00f5es de embalagem de alimentos secos para elevar sua marca e garantir a qualidade e o frescor de seus produtos.<\/p>","protected":false},"excerpt":{"rendered":"<table style=\"height: 360px; width: 99.8505%; border-collapse: collapse;\" border=\"2\">\n<tbody>\n<tr style=\"height: 40px;\">\n<td style=\"width: 22.6796%; height: 30px; background-color: #99ccff;\"><span style=\"font-family: arial, helvetica, sans-serif; font-size: 12pt;\"><strong>Dimens\u00e3o e estilo<\/strong><\/span><\/td>\n<td style=\"width: 77.3204%; height: 30px; background-color: #99ccff;\"><span style=\"font-family: arial, helvetica, sans-serif; font-size: 12pt;\">Formas e tamanhos personalizados<\/span><\/td>\n<\/tr>\n<tr style=\"height: 40px;\">\n<td style=\"width: 22.6796%; height: 34px; background-color: #ebebeb;\"><span style=\"font-size: 12pt;\"><strong><span style=\"font-family: arial, helvetica, sans-serif;\">Quantidade m\u00ednima de pedido<\/span><\/strong><\/span><\/td>\n<td style=\"width: 77.3204%; height: 34px; background-color: #ebebeb;\"><span style=\"font-family: arial, helvetica, sans-serif; font-size: 12pt;\">1000pcs sem personaliza\u00e7\u00e3o, 10000pcs para personaliza\u00e7\u00e3o<\/span><\/td>\n<\/tr>\n<tr style=\"height: 40px; background-color: #99ccff;\">\n<td style=\"width: 22.6796%; height: 24px;\"><span style=\"font-size: 12pt;\"><strong><span style=\"font-family: arial, helvetica, sans-serif;\">Tipo de embalagem<\/span><\/strong><\/span><\/td>\n<td style=\"width: 77.3204%; height: 24px;\"><span style=\"font-family: arial, helvetica, sans-serif; font-size: 12pt;\">Bolsa de p\u00e9<\/span><\/td>\n<\/tr>\n<tr style=\"height: 40px; background-color: #ebebeb;\">\n<td style=\"width: 22.6796%; height: 24px;\"><span style=\"font-size: 12pt;\"><strong><span style=\"font-family: arial, helvetica, sans-serif;\">Impress\u00e3o<\/span><\/strong><\/span><\/td>\n<td style=\"width: 77.3204%; height: 24px;\"><span style=\"font-family: arial, helvetica, sans-serif; font-size: 12pt;\">CMYK (1 \u2013 10 cores), sem impress\u00e3o (normal)<\/span><\/td>\n<\/tr>\n<tr style=\"height: 40px; background-color: #99ccff;\">\n<td style=\"width: 22.6796%; height: 24px;\"><span style=\"font-size: 12pt;\"><strong><span style=\"font-family: arial, helvetica, sans-serif;\">Acabamento<\/span><\/strong><\/span><\/td>\n<td style=\"width: 77.3204%; height: 24px;\"><span style=\"font-family: arial, helvetica, sans-serif; font-size: 12pt;\">Lamina\u00e7\u00e3o brilhante\/fosca, impress\u00e3o offset<\/span><\/td>\n<\/tr>\n<tr style=\"height: 40px; background-color: #ebebeb;\">\n<td style=\"width: 22.6796%; height: 24px;\"><span style=\"font-size: 12pt;\"><strong><span style=\"font-family: arial, helvetica, sans-serif;\">Op\u00e7\u00f5es inclu\u00eddas<\/span><\/strong><\/span><\/td>\n<td style=\"width: 77.3204%; height: 24px;\"><span style=\"font-family: arial, helvetica, sans-serif; font-size: 12pt;\">Corte e vinco, selagem t\u00e9rmica<\/span><\/td>\n<\/tr>\n<tr style=\"height: 40px; background-color: #99ccff;\">\n<td style=\"width: 22.6796%; height: 24px;\"><span style=\"font-size: 12pt;\"><strong><span style=\"font-family: arial, helvetica, sans-serif;\">Prova<\/span><\/strong><\/span><\/td>\n<td style=\"width: 77.3204%; height: 24px;\"><span style=\"font-family: arial, helvetica, sans-serif; font-size: 12pt;\">Provas de cheiro\u00a0<\/span><\/td>\n<\/tr>\n<tr style=\"height: 40px; background-color: #ebebeb;\">\n<td style=\"width: 22.6796%; height: 24px;\"><span style=\"font-size: 12pt;\"><strong><span style=\"font-family: arial, helvetica, sans-serif;\">Tempo de resposta<\/span><\/strong><\/span><\/td>\n<td style=\"width: 77.3204%; height: 24px;\"><span style=\"font-family: arial, helvetica, sans-serif; font-size: 12pt;\">7 a 15 dias \u00fateis, RUSH<\/span><\/td>\n<\/tr>\n<tr style=\"height: 40px; background-color: #99ccff;\">\n<td style=\"width: 22.6796%; height: 24px;\"><span style=\"font-size: 12pt;\"><strong><span style=\"font-family: arial, helvetica, sans-serif;\">Envio<\/span><\/strong><\/span><\/td>\n<td style=\"width: 77.3204%; height: 24px;\"><span style=\"font-family: arial, helvetica, sans-serif; font-size: 12pt;\">A\u00e9reo, Mar\u00edtimo, Expresso<\/span><\/td>\n<\/tr>\n<\/tbody>\n<\/table>\n<p>&nbsp;<\/p>","protected":false},"featured_media":1923,"comment_status":"open","ping_status":"closed","template":"","meta":[],"product_brand":[],"product_cat":[26,27,18],"product_tag":[],"class_list":{"0":"post-1922","1":"product","2":"type-product","3":"status-publish","4":"has-post-thumbnail","6":"product_cat-food-packaging","7":"product_cat-coffee-and-tea-packaging","8":"product_cat-zipper-bags","10":"first","11":"instock","12":"shipping-taxable","13":"product-type-simple"},"_links":{"self":[{"href":"https:\/\/polysmarts.com\/pt\/wp-json\/wp\/v2\/product\/1922","targetHints":{"allow":["GET"]}}],"collection":[{"href":"https:\/\/polysmarts.com\/pt\/wp-json\/wp\/v2\/product"}],"about":[{"href":"https:\/\/polysmarts.com\/pt\/wp-json\/wp\/v2\/types\/product"}],"replies":[{"embeddable":true,"href":"https:\/\/polysmarts.com\/pt\/wp-json\/wp\/v2\/comments?post=1922"}],"version-history":[{"count":2,"href":"https:\/\/polysmarts.com\/pt\/wp-json\/wp\/v2\/product\/1922\/revisions"}],"predecessor-version":[{"id":1930,"href":"https:\/\/polysmarts.com\/pt\/wp-json\/wp\/v2\/product\/1922\/revisions\/1930"}],"wp:featuredmedia":[{"embeddable":true,"href":"https:\/\/polysmarts.com\/pt\/wp-json\/wp\/v2\/media\/1923"}],"wp:attachment":[{"href":"https:\/\/polysmarts.com\/pt\/wp-json\/wp\/v2\/media?parent=1922"}],"wp:term":[{"taxonomy":"product_brand","embeddable":true,"href":"https:\/\/polysmarts.com\/pt\/wp-json\/wp\/v2\/product_brand?post=1922"},{"taxonomy":"product_cat","embeddable":true,"href":"https:\/\/polysmarts.com\/pt\/wp-json\/wp\/v2\/product_cat?post=1922"},{"taxonomy":"product_tag","embeddable":true,"href":"https:\/\/polysmarts.com\/pt\/wp-json\/wp\/v2\/product_tag?post=1922"}],"curies":[{"name":"wp","href":"https:\/\/api.w.org\/{rel}","templated":true}]}}