{"id":1902,"date":"2024-03-07T13:39:35","date_gmt":"2024-03-07T13:39:35","guid":{"rendered":"https:\/\/polysmarts.com\/?post_type=product&#038;p=1902"},"modified":"2024-03-07T13:46:57","modified_gmt":"2024-03-07T13:46:57","slug":"fornecedor-de-embalagens-de-alimentos-ecologicamente-corretas","status":"publish","type":"product","link":"https:\/\/polysmarts.com\/pt\/product\/eco-friendly-food-packaging-supplier\/","title":{"rendered":"Fornecedor de embalagens de alimentos ecologicamente corretas"},"content":{"rendered":"<p>Bem-vindo \u00e0 sua fonte de solu\u00e7\u00f5es de embalagens de alimentos ecologicamente corretas! Como fornecedor l\u00edder do setor, temos orgulho de oferecer uma gama de op\u00e7\u00f5es sustent\u00e1veis para atender \u00e0s suas necessidades de embalagem.<\/p>\n<p>Apresentando nossas solu\u00e7\u00f5es de embalagens de alimentos ecologicamente corretas! Tamb\u00e9m conhecidas como stand-up pouches, nossas embalagens personalizadas para lanches s\u00e3o feitas com materiais recicl\u00e1veis, o que as torna uma escolha ambientalmente consciente para embalar lanches como nozes, doces e batatas fritas.<\/p>\n<p>Altamente personaliz\u00e1vel para se adequar aos seus produtos \u2022 Z\u00edperes ressel\u00e1veis \u2022 Sel\u00e1veis a quente \u2022 Entalhes de rasgo para f\u00e1cil abertura \u2022 Material resistente a perfura\u00e7\u00f5es \u2022 Filmes de alta barreira ou especiais para manter o frescor e suprimir o odor \u2022 Janelas claras ou emba\u00e7adas para exibir seus produtos<\/p>\n<p>Entendemos que cada produto \u00e9 \u00fanico, por isso nossas embalagens s\u00e3o altamente customiz\u00e1veis. Se voc\u00ea precisa de z\u00edperes ressel\u00e1veis para f\u00e1cil acesso, bolsas termossel\u00e1veis para manter o frescor ou entalhes para abrir sem esfor\u00e7o, temos as op\u00e7\u00f5es que atendem \u00e0s suas necessidades.<\/p>\n<p>Nossas bolsas s\u00e3o feitas de material resistente a perfura\u00e7\u00f5es, garantindo que seus lanches permane\u00e7am intactos durante o manuseio e transporte. Al\u00e9m disso, nossos filmes de alta barreira mant\u00eam o frescor e suprimem o odor, mantendo o sabor dos seus lanches por mais tempo.<\/p>\n<p>Em resumo, como seu fornecedor de embalagens ecol\u00f3gicas para alimentos, estamos comprometidos em fornecer solu\u00e7\u00f5es sustent\u00e1veis que atendam \u00e0s suas necessidades e ao mesmo tempo cuidamos do planeta. Escolha-nos para as suas necessidades de embalagem e tenha um impacto positivo no meio ambiente.<\/p>","protected":false},"excerpt":{"rendered":"<table style=\"height: 360px; width: 99.8505%; border-collapse: collapse;\" border=\"2\">\n<tbody>\n<tr style=\"height: 40px;\">\n<td style=\"width: 22.6796%; height: 30px; background-color: #99ccff;\"><span style=\"font-family: arial, helvetica, sans-serif; font-size: 12pt;\"><strong>Dimens\u00e3o e estilo<\/strong><\/span><\/td>\n<td style=\"width: 77.3204%; height: 30px; background-color: #99ccff;\"><span style=\"font-family: arial, helvetica, sans-serif; font-size: 12pt;\">Formas e tamanhos personalizados<\/span><\/td>\n<\/tr>\n<tr style=\"height: 40px;\">\n<td style=\"width: 22.6796%; height: 34px; background-color: #ebebeb;\"><span style=\"font-size: 12pt;\"><strong><span style=\"font-family: arial, helvetica, sans-serif;\">Quantidade m\u00ednima de pedido<\/span><\/strong><\/span><\/td>\n<td style=\"width: 77.3204%; height: 34px; background-color: #ebebeb;\"><span style=\"font-family: arial, helvetica, sans-serif; font-size: 12pt;\">1000pcs sem personaliza\u00e7\u00e3o, 10000pcs para personaliza\u00e7\u00e3o<\/span><\/td>\n<\/tr>\n<tr style=\"height: 40px; background-color: #99ccff;\">\n<td style=\"width: 22.6796%; height: 24px;\"><span style=\"font-size: 12pt;\"><strong><span style=\"font-family: arial, helvetica, sans-serif;\">Tipo de embalagem<\/span><\/strong><\/span><\/td>\n<td style=\"width: 77.3204%; height: 24px;\"><span style=\"font-family: arial, helvetica, sans-serif; font-size: 12pt;\">Bolsa de p\u00e9<\/span><\/td>\n<\/tr>\n<tr style=\"height: 40px; background-color: #ebebeb;\">\n<td style=\"width: 22.6796%; height: 24px;\"><span style=\"font-size: 12pt;\"><strong><span style=\"font-family: arial, helvetica, sans-serif;\">Impress\u00e3o<\/span><\/strong><\/span><\/td>\n<td style=\"width: 77.3204%; height: 24px;\"><span style=\"font-family: arial, helvetica, sans-serif; font-size: 12pt;\">CMYK (1 \u2013 10 cores), sem impress\u00e3o (normal)<\/span><\/td>\n<\/tr>\n<tr style=\"height: 40px; background-color: #99ccff;\">\n<td style=\"width: 22.6796%; height: 24px;\"><span style=\"font-size: 12pt;\"><strong><span style=\"font-family: arial, helvetica, sans-serif;\">Acabamento<\/span><\/strong><\/span><\/td>\n<td style=\"width: 77.3204%; height: 24px;\"><span style=\"font-family: arial, helvetica, sans-serif; font-size: 12pt;\">Lamina\u00e7\u00e3o brilhante\/fosca, impress\u00e3o offset<\/span><\/td>\n<\/tr>\n<tr style=\"height: 40px; background-color: #ebebeb;\">\n<td style=\"width: 22.6796%; height: 24px;\"><span style=\"font-size: 12pt;\"><strong><span style=\"font-family: arial, helvetica, sans-serif;\">Op\u00e7\u00f5es inclu\u00eddas<\/span><\/strong><\/span><\/td>\n<td style=\"width: 77.3204%; height: 24px;\"><span style=\"font-family: arial, helvetica, sans-serif; font-size: 12pt;\">Corte e vinco, selagem t\u00e9rmica<\/span><\/td>\n<\/tr>\n<tr style=\"height: 40px; background-color: #99ccff;\">\n<td style=\"width: 22.6796%; height: 24px;\"><span style=\"font-size: 12pt;\"><strong><span style=\"font-family: arial, helvetica, sans-serif;\">Prova<\/span><\/strong><\/span><\/td>\n<td style=\"width: 77.3204%; height: 24px;\"><span style=\"font-family: arial, helvetica, sans-serif; font-size: 12pt;\">Provas de cheiro\u00a0<\/span><\/td>\n<\/tr>\n<tr style=\"height: 40px; background-color: #ebebeb;\">\n<td style=\"width: 22.6796%; height: 24px;\"><span style=\"font-size: 12pt;\"><strong><span style=\"font-family: arial, helvetica, sans-serif;\">Tempo de resposta<\/span><\/strong><\/span><\/td>\n<td style=\"width: 77.3204%; height: 24px;\"><span style=\"font-family: arial, helvetica, sans-serif; font-size: 12pt;\">7 a 15 dias \u00fateis, RUSH<\/span><\/td>\n<\/tr>\n<tr style=\"height: 40px; background-color: #99ccff;\">\n<td style=\"width: 22.6796%; height: 24px;\"><span style=\"font-size: 12pt;\"><strong><span style=\"font-family: arial, helvetica, sans-serif;\">Envio<\/span><\/strong><\/span><\/td>\n<td style=\"width: 77.3204%; height: 24px;\"><span style=\"font-family: arial, helvetica, sans-serif; font-size: 12pt;\">A\u00e9reo, Mar\u00edtimo, Expresso<\/span><\/td>\n<\/tr>\n<\/tbody>\n<\/table>\n<p>&nbsp;<\/p>","protected":false},"featured_media":1903,"comment_status":"open","ping_status":"closed","template":"","meta":[],"product_brand":[],"product_cat":[26,18],"product_tag":[],"class_list":{"0":"post-1902","1":"product","2":"type-product","3":"status-publish","4":"has-post-thumbnail","6":"product_cat-food-packaging","7":"product_cat-zipper-bags","9":"first","10":"instock","11":"shipping-taxable","12":"product-type-simple"},"_links":{"self":[{"href":"https:\/\/polysmarts.com\/pt\/wp-json\/wp\/v2\/product\/1902","targetHints":{"allow":["GET"]}}],"collection":[{"href":"https:\/\/polysmarts.com\/pt\/wp-json\/wp\/v2\/product"}],"about":[{"href":"https:\/\/polysmarts.com\/pt\/wp-json\/wp\/v2\/types\/product"}],"replies":[{"embeddable":true,"href":"https:\/\/polysmarts.com\/pt\/wp-json\/wp\/v2\/comments?post=1902"}],"version-history":[{"count":2,"href":"https:\/\/polysmarts.com\/pt\/wp-json\/wp\/v2\/product\/1902\/revisions"}],"predecessor-version":[{"id":1910,"href":"https:\/\/polysmarts.com\/pt\/wp-json\/wp\/v2\/product\/1902\/revisions\/1910"}],"wp:featuredmedia":[{"embeddable":true,"href":"https:\/\/polysmarts.com\/pt\/wp-json\/wp\/v2\/media\/1903"}],"wp:attachment":[{"href":"https:\/\/polysmarts.com\/pt\/wp-json\/wp\/v2\/media?parent=1902"}],"wp:term":[{"taxonomy":"product_brand","embeddable":true,"href":"https:\/\/polysmarts.com\/pt\/wp-json\/wp\/v2\/product_brand?post=1902"},{"taxonomy":"product_cat","embeddable":true,"href":"https:\/\/polysmarts.com\/pt\/wp-json\/wp\/v2\/product_cat?post=1902"},{"taxonomy":"product_tag","embeddable":true,"href":"https:\/\/polysmarts.com\/pt\/wp-json\/wp\/v2\/product_tag?post=1902"}],"curies":[{"name":"wp","href":"https:\/\/api.w.org\/{rel}","templated":true}]}}