{"id":1880,"date":"2024-03-07T12:50:41","date_gmt":"2024-03-07T12:50:41","guid":{"rendered":"https:\/\/polysmarts.com\/?post_type=product&#038;p=1880"},"modified":"2024-03-07T13:16:54","modified_gmt":"2024-03-07T13:16:54","slug":"embalagens-de-lanches-com-impressao-personalizada","status":"publish","type":"product","link":"https:\/\/polysmarts.com\/pt\/product\/custom-print-snack-bags-packaging\/","title":{"rendered":"Embalagem de sacos de lanche com impress\u00e3o personalizada"},"content":{"rendered":"<ul>\n<li>Apresentamos nossas embalagens customiz\u00e1veis de salgadinhos, tamb\u00e9m conhecidas como stand-up pouches, projetadas para mostrar seus lanches e ao mesmo tempo oferecer sustentabilidade e conveni\u00eancia. Feitas com materiais recicl\u00e1veis e aprovadas pela FDA, essas embalagens para lanches oferecem uma maneira sustent\u00e1vel de embalar nozes, doces, batatas fritas e muito mais. Recursos altamente personaliz\u00e1veis: Nossas embalagens para lanches oferecem uma variedade de recursos personaliz\u00e1veis para se adequar aos seus produtos e \u00e0 identidade da marca:\n<ul>\n<li>Z\u00edperes reutiliz\u00e1veis: Permitem f\u00e1cil abertura e fechamento, garantindo frescor a cada uso.<\/li>\n<li>Sel\u00e1vel a quente: Fornece uma veda\u00e7\u00e3o segura para manter seus lanches protegidos.<\/li>\n<li>Entalhes de rasgo: facilitam a abertura sem esfor\u00e7o para acesso r\u00e1pido aos seus lanches.<\/li>\n<li>Material resistente a perfura\u00e7\u00f5es: Oferece durabilidade e prote\u00e7\u00e3o durante o manuseio e transporte.<\/li>\n<li>Filmes de alta barreira ou especiais: mant\u00eam o frescor e suprimem o odor, prolongando a vida \u00fatil de seus lanches.<\/li>\n<li>Janelas claras ou emba\u00e7adas: exiba seus produtos mantendo-os protegidos.<\/li>\n<li>Orif\u00edcios para pendurar: Perfeito para exibi\u00e7\u00e3o de varejo, permitindo f\u00e1cil suspens\u00e3o em ganchos ou prateleiras.<\/li>\n<\/ul>\n<p>Design personaliz\u00e1vel: Nossa embalagem de salgadinhos \u00e9 altamente personaliz\u00e1vel, permitindo que voc\u00ea crie um design exclusivo que reflete a identidade da sua marca. Quer voc\u00ea apresente gr\u00e1ficos ousados, cores vibrantes ou padr\u00f5es complexos, nossos recursos de impress\u00e3o garantem que sua embalagem se destaque nas prateleiras e cative a aten\u00e7\u00e3o dos clientes.<\/p>\n<p>Solu\u00e7\u00e3o Sustent\u00e1vel: Al\u00e9m de customiz\u00e1veis, nossas embalagens de salgadinhos s\u00e3o ecologicamente corretas, feitas com materiais recicl\u00e1veis. Ao escolher a nossa solu\u00e7\u00e3o de embalagem sustent\u00e1vel, voc\u00ea pode alinhar sua marca com valores ecologicamente conscientes e reduzir seu impacto ambiental.<\/p>\n<p>Vers\u00e1teis e convenientes: Perfeitos para uma variedade de lanches, nossos stand-up pouches oferecem versatilidade e conveni\u00eancia. Quer voc\u00ea esteja embalando nozes, doces, batatas fritas ou outras guloseimas, nossas sacolas para lanches oferecem uma solu\u00e7\u00e3o pr\u00e1tica e elegante para lanches em qualquer lugar, exibi\u00e7\u00e3o no varejo ou presentes.<\/p>\n<p>Em resumo, nossas embalagens de lanches com estampa personalizada oferecem uma mistura de sustentabilidade, versatilidade e personaliza\u00e7\u00e3o, permitindo que voc\u00ea eleve sua marca e exiba seus lanches com estilo. Escolha a nossa solu\u00e7\u00e3o de embalagem amiga do ambiente para causar um impacto positivo e ao mesmo tempo encantar os clientes com snacks frescos e apelativos.<\/li>\n<\/ul>","protected":false},"excerpt":{"rendered":"<table style=\"height: 360px; width: 99.8505%; border-collapse: collapse;\" border=\"2\">\n<tbody>\n<tr style=\"height: 40px;\">\n<td style=\"width: 22.6796%; height: 30px; background-color: #99ccff;\"><span style=\"font-family: arial, helvetica, sans-serif; font-size: 12pt;\"><strong>Dimens\u00e3o e estilo<\/strong><\/span><\/td>\n<td style=\"width: 77.3204%; height: 30px; background-color: #99ccff;\"><span style=\"font-family: arial, helvetica, sans-serif; font-size: 12pt;\">Formas e tamanhos personalizados<\/span><\/td>\n<\/tr>\n<tr style=\"height: 40px;\">\n<td style=\"width: 22.6796%; height: 34px; background-color: #ebebeb;\"><span style=\"font-size: 12pt;\"><strong><span style=\"font-family: arial, helvetica, sans-serif;\">Quantidade m\u00ednima de pedido<\/span><\/strong><\/span><\/td>\n<td style=\"width: 77.3204%; height: 34px; background-color: #ebebeb;\"><span style=\"font-family: arial, helvetica, sans-serif; font-size: 12pt;\">1000pcs sem personaliza\u00e7\u00e3o, 10000pcs para personaliza\u00e7\u00e3o<\/span><\/td>\n<\/tr>\n<tr style=\"height: 40px; background-color: #99ccff;\">\n<td style=\"width: 22.6796%; height: 24px;\"><span style=\"font-size: 12pt;\"><strong><span style=\"font-family: arial, helvetica, sans-serif;\">Tipo de embalagem<\/span><\/strong><\/span><\/td>\n<td style=\"width: 77.3204%; height: 24px;\"><span style=\"font-family: arial, helvetica, sans-serif; font-size: 12pt;\">Bolsa de p\u00e9<\/span><\/td>\n<\/tr>\n<tr style=\"height: 40px; background-color: #ebebeb;\">\n<td style=\"width: 22.6796%; height: 24px;\"><span style=\"font-size: 12pt;\"><strong><span style=\"font-family: arial, helvetica, sans-serif;\">Impress\u00e3o<\/span><\/strong><\/span><\/td>\n<td style=\"width: 77.3204%; height: 24px;\"><span style=\"font-family: arial, helvetica, sans-serif; font-size: 12pt;\">CMYK (1 \u2013 10 cores), sem impress\u00e3o (normal)<\/span><\/td>\n<\/tr>\n<tr style=\"height: 40px; background-color: #99ccff;\">\n<td style=\"width: 22.6796%; height: 24px;\"><span style=\"font-size: 12pt;\"><strong><span style=\"font-family: arial, helvetica, sans-serif;\">Acabamento<\/span><\/strong><\/span><\/td>\n<td style=\"width: 77.3204%; height: 24px;\"><span style=\"font-family: arial, helvetica, sans-serif; font-size: 12pt;\">Lamina\u00e7\u00e3o brilhante\/fosca, impress\u00e3o offset<\/span><\/td>\n<\/tr>\n<tr style=\"height: 40px; background-color: #ebebeb;\">\n<td style=\"width: 22.6796%; height: 24px;\"><span style=\"font-size: 12pt;\"><strong><span style=\"font-family: arial, helvetica, sans-serif;\">Op\u00e7\u00f5es inclu\u00eddas<\/span><\/strong><\/span><\/td>\n<td style=\"width: 77.3204%; height: 24px;\"><span style=\"font-family: arial, helvetica, sans-serif; font-size: 12pt;\">Corte e vinco, selagem t\u00e9rmica<\/span><\/td>\n<\/tr>\n<tr style=\"height: 40px; background-color: #99ccff;\">\n<td style=\"width: 22.6796%; height: 24px;\"><span style=\"font-size: 12pt;\"><strong><span style=\"font-family: arial, helvetica, sans-serif;\">Prova<\/span><\/strong><\/span><\/td>\n<td style=\"width: 77.3204%; height: 24px;\"><span style=\"font-family: arial, helvetica, sans-serif; font-size: 12pt;\">Provas de cheiro\u00a0<\/span><\/td>\n<\/tr>\n<tr style=\"height: 40px; background-color: #ebebeb;\">\n<td style=\"width: 22.6796%; height: 24px;\"><span style=\"font-size: 12pt;\"><strong><span style=\"font-family: arial, helvetica, sans-serif;\">Tempo de resposta<\/span><\/strong><\/span><\/td>\n<td style=\"width: 77.3204%; height: 24px;\"><span style=\"font-family: arial, helvetica, sans-serif; font-size: 12pt;\">7 a 15 dias \u00fateis, RUSH<\/span><\/td>\n<\/tr>\n<tr style=\"height: 40px; background-color: #99ccff;\">\n<td style=\"width: 22.6796%; height: 24px;\"><span style=\"font-size: 12pt;\"><strong><span style=\"font-family: arial, helvetica, sans-serif;\">Envio<\/span><\/strong><\/span><\/td>\n<td style=\"width: 77.3204%; height: 24px;\"><span style=\"font-family: arial, helvetica, sans-serif; font-size: 12pt;\">A\u00e9reo, Mar\u00edtimo, Expresso<\/span><\/td>\n<\/tr>\n<\/tbody>\n<\/table>\n<p>&nbsp;<\/p>","protected":false},"featured_media":1882,"comment_status":"open","ping_status":"closed","template":"","meta":[],"product_brand":[],"product_cat":[26,18],"product_tag":[],"class_list":{"0":"post-1880","1":"product","2":"type-product","3":"status-publish","4":"has-post-thumbnail","6":"product_cat-food-packaging","7":"product_cat-zipper-bags","9":"first","10":"instock","11":"shipping-taxable","12":"product-type-simple"},"_links":{"self":[{"href":"https:\/\/polysmarts.com\/pt\/wp-json\/wp\/v2\/product\/1880","targetHints":{"allow":["GET"]}}],"collection":[{"href":"https:\/\/polysmarts.com\/pt\/wp-json\/wp\/v2\/product"}],"about":[{"href":"https:\/\/polysmarts.com\/pt\/wp-json\/wp\/v2\/types\/product"}],"replies":[{"embeddable":true,"href":"https:\/\/polysmarts.com\/pt\/wp-json\/wp\/v2\/comments?post=1880"}],"version-history":[{"count":3,"href":"https:\/\/polysmarts.com\/pt\/wp-json\/wp\/v2\/product\/1880\/revisions"}],"predecessor-version":[{"id":1892,"href":"https:\/\/polysmarts.com\/pt\/wp-json\/wp\/v2\/product\/1880\/revisions\/1892"}],"wp:featuredmedia":[{"embeddable":true,"href":"https:\/\/polysmarts.com\/pt\/wp-json\/wp\/v2\/media\/1882"}],"wp:attachment":[{"href":"https:\/\/polysmarts.com\/pt\/wp-json\/wp\/v2\/media?parent=1880"}],"wp:term":[{"taxonomy":"product_brand","embeddable":true,"href":"https:\/\/polysmarts.com\/pt\/wp-json\/wp\/v2\/product_brand?post=1880"},{"taxonomy":"product_cat","embeddable":true,"href":"https:\/\/polysmarts.com\/pt\/wp-json\/wp\/v2\/product_cat?post=1880"},{"taxonomy":"product_tag","embeddable":true,"href":"https:\/\/polysmarts.com\/pt\/wp-json\/wp\/v2\/product_tag?post=1880"}],"curies":[{"name":"wp","href":"https:\/\/api.w.org\/{rel}","templated":true}]}}