{"id":1857,"date":"2024-03-05T09:29:42","date_gmt":"2024-03-05T09:29:42","guid":{"rendered":"https:\/\/polysmarts.com\/?post_type=product&#038;p=1857"},"modified":"2024-03-05T09:49:57","modified_gmt":"2024-03-05T09:49:57","slug":"sacos-de-padaria-com-trava-de-aba-de-gravata-de-papel-kraft","status":"publish","type":"product","link":"https:\/\/polysmarts.com\/pt\/product\/kraft-paper-tin-tie-tab-lock-bakery-bags\/","title":{"rendered":"Sacos de padaria com trava de aba de lata de papel Kraft"},"content":{"rendered":"<p>Sacos de padaria Tin Tie Tab Lock Saco de papel Kraft Dispon\u00edvel em v\u00e1rios tamanhos, incluindo as dimens\u00f5es populares de 4,5 \u00d7 2,36 \u00d7 9,6 \u2033, nossos sacos de padaria s\u00e3o ideais para uso como sacos de presente para gr\u00e3os de caf\u00e9 torrados de 8 on\u00e7as, biscoitos, granola, mistura para trilhas, pipoca , barras de chocolate e muito mais. Quer voc\u00ea esteja embalando guloseimas para divers\u00e3o pessoal ou como presentes para ocasi\u00f5es especiais, nossas sacolas oferecem a combina\u00e7\u00e3o perfeita de funcionalidade e eleg\u00e2ncia.<\/p>\n<p>Forro Poli Laminado: Diga adeus aos vazamentos complicados e situa\u00e7\u00f5es pegajosas com o forro poli laminado dos nossos sacos de padaria. Este recurso inovador garante que seu conte\u00fado permane\u00e7a fresco e delicioso, sem que a gordura dos biscoitos amanteigados vaze ou os biscoitos grudem no papel. Al\u00e9m disso, n\u00e3o h\u00e1 manchas ou sangramento ao escrever nas sacolas, permitindo f\u00e1cil personaliza\u00e7\u00e3o e etiquetagem.<\/p>\n<p>Sacos de padaria com trava de aba de lata e janela: Nossos sacos s\u00e3o equipados com uma janela de visualiza\u00e7\u00e3o conveniente, permitindo que voc\u00ea mostre suas guloseimas e, ao mesmo tempo, d\u00ea uma espiada aos seus clientes. As abas met\u00e1licas garantem uma abertura f\u00e1cil e um fecho seguro, tornando-as adequadas para armazenar e transportar as suas guloseimas com confian\u00e7a. Perfeitas para casamentos, festas ou qualquer evento especial, essas bolsas oferecem uma alternativa elegante e pr\u00e1tica aos pratos ou x\u00edcaras, permitindo que os convidados selem e levem para casa suas guloseimas favoritas.<\/p>\n<p>Ecologicamente correto: Na Polysmarts, priorizamos a sustentabilidade. \u00c9 por isso que nossos sacos de padaria de papel Kraft Tin Tie Tab Lock s\u00e3o recicl\u00e1veis, tornando-os uma escolha ecol\u00f3gica para suas necessidades de embalagem. Basta remover a amarra\u00e7\u00e3o de estanho e o revestimento de poli\u00e9ster laminado antes de reciclar, reduzindo o desperd\u00edcio e minimizando sua pegada ambiental.<\/p>\n<p>M\u00faltiplos usos: Nossos sacos de padaria n\u00e3o se limitam apenas a produtos assados. Eles s\u00e3o vers\u00e1teis e perfeitos para guardar sabonetes artesanais, guloseimas para c\u00e3es, tortas de cera e muito mais. Adicione um toque personalizado afixando um adesivo com o logotipo ou etiquetas fofas, tornando-os perfeitos para empresas e ocasi\u00f5es especiais.<\/p>\n<p>Em resumo, nossos sacos de papel Kraft para padaria oferecem a combina\u00e7\u00e3o perfeita de estilo, funcionalidade e sustentabilidade. Eleve a sua marca e encante os seus clientes com estes sacos vers\u00e1teis e ecol\u00f3gicos, garantindo que as suas guloseimas permanecem frescas e memor\u00e1veis a cada utiliza\u00e7\u00e3o.<\/p>","protected":false},"excerpt":{"rendered":"<table style=\"height: 360px; width: 99.8505%; border-collapse: collapse;\" border=\"2\">\n<tbody>\n<tr style=\"height: 40px;\">\n<td style=\"width: 22.6796%; height: 30px; background-color: #99ccff;\"><span style=\"font-family: arial, helvetica, sans-serif; font-size: 12pt;\"><strong>Dimens\u00e3o e estilo<\/strong><\/span><\/td>\n<td style=\"width: 77.3204%; height: 30px; background-color: #99ccff;\"><span style=\"font-family: arial, helvetica, sans-serif; font-size: 12pt;\">Formas e tamanhos personalizados<\/span><\/td>\n<\/tr>\n<tr style=\"height: 40px;\">\n<td style=\"width: 22.6796%; height: 34px; background-color: #ebebeb;\"><span style=\"font-size: 12pt;\"><strong><span style=\"font-family: arial, helvetica, sans-serif;\">Quantidade m\u00ednima de pedido<\/span><\/strong><\/span><\/td>\n<td style=\"width: 77.3204%; height: 34px; background-color: #ebebeb;\"><span style=\"font-family: arial, helvetica, sans-serif; font-size: 12pt;\">1000pcs sem personaliza\u00e7\u00e3o, 10000pcs para personaliza\u00e7\u00e3o<\/span><\/td>\n<\/tr>\n<tr style=\"height: 40px; background-color: #99ccff;\">\n<td style=\"width: 22.6796%; height: 24px;\"><span style=\"font-size: 12pt;\"><strong><span style=\"font-family: arial, helvetica, sans-serif;\">Tipo de embalagem<\/span><\/strong><\/span><\/td>\n<td style=\"width: 77.3204%; height: 24px;\"><span style=\"font-family: arial, helvetica, sans-serif; font-size: 12pt;\">Kraft Paper Bags<\/span><\/td>\n<\/tr>\n<tr style=\"height: 40px; background-color: #ebebeb;\">\n<td style=\"width: 22.6796%; height: 24px;\"><span style=\"font-size: 12pt;\"><strong><span style=\"font-family: arial, helvetica, sans-serif;\">Impress\u00e3o<\/span><\/strong><\/span><\/td>\n<td style=\"width: 77.3204%; height: 24px;\"><span style=\"font-family: arial, helvetica, sans-serif; font-size: 12pt;\">CMYK (1 \u2013 8 cores), sem impress\u00e3o (normal)<\/span><\/td>\n<\/tr>\n<tr style=\"height: 40px; background-color: #99ccff;\">\n<td style=\"width: 22.6796%; height: 24px;\"><span style=\"font-size: 12pt;\"><strong><span style=\"font-family: arial, helvetica, sans-serif;\">Acabamento<\/span><\/strong><\/span><\/td>\n<td style=\"width: 77.3204%; height: 24px;\"><span style=\"font-family: arial, helvetica, sans-serif; font-size: 12pt;\">Impress\u00e3o flexogr\u00e1fica<\/span><\/td>\n<\/tr>\n<tr style=\"height: 40px; background-color: #ebebeb;\">\n<td style=\"width: 22.6796%; height: 24px;\"><span style=\"font-size: 12pt;\"><strong><span style=\"font-family: arial, helvetica, sans-serif;\">Palavra-chave<\/span><\/strong><\/span><\/td>\n<td style=\"width: 77.3204%; height: 24px;\"><span style=\"font-family: arial, helvetica, sans-serif; font-size: 12pt;\">Sacos de padaria com trava de aba de lata<\/span><\/td>\n<\/tr>\n<tr style=\"height: 40px; background-color: #99ccff;\">\n<td style=\"width: 22.6796%; height: 24px;\"><span style=\"font-size: 12pt;\"><strong><span style=\"font-family: arial, helvetica, sans-serif;\">Recurso<\/span><\/strong><\/span><\/td>\n<td style=\"width: 77.3204%; height: 24px;\"><span style=\"font-family: arial, helvetica, sans-serif; font-size: 12pt;\">Material e tinta de qualidade alimentar de seguran\u00e7a, embalagens ecol\u00f3gicas<\/span><\/td>\n<\/tr>\n<tr style=\"height: 40px; background-color: #ebebeb;\">\n<td style=\"width: 22.6796%; height: 24px;\"><span style=\"font-size: 12pt;\"><strong><span style=\"font-family: arial, helvetica, sans-serif;\">Tempo de resposta<\/span><\/strong><\/span><\/td>\n<td style=\"width: 77.3204%; height: 24px;\"><span style=\"font-family: arial, helvetica, sans-serif; font-size: 12pt;\">7 a 15 dias \u00fateis, RUSH<\/span><\/td>\n<\/tr>\n<tr style=\"height: 40px; background-color: #99ccff;\">\n<td style=\"width: 22.6796%; height: 24px;\"><span style=\"font-size: 12pt;\"><strong><span style=\"font-family: arial, helvetica, sans-serif;\">Envio<\/span><\/strong><\/span><\/td>\n<td style=\"width: 77.3204%; height: 24px;\"><span style=\"font-family: arial, helvetica, sans-serif; font-size: 12pt;\">A\u00e9reo, Mar\u00edtimo, Expresso<\/span><\/td>\n<\/tr>\n<\/tbody>\n<\/table>\n<p>&nbsp;<\/p>","protected":false},"featured_media":1858,"comment_status":"open","ping_status":"closed","template":"","meta":[],"product_brand":[],"product_cat":[26,20,34,27],"product_tag":[],"class_list":{"0":"post-1857","1":"product","2":"type-product","3":"status-publish","4":"has-post-thumbnail","6":"product_cat-food-packaging","7":"product_cat-kraft-paper-bag","8":"product_cat-paper-packing","9":"product_cat-coffee-and-tea-packaging","11":"first","12":"instock","13":"shipping-taxable","14":"product-type-simple"},"_links":{"self":[{"href":"https:\/\/polysmarts.com\/pt\/wp-json\/wp\/v2\/product\/1857","targetHints":{"allow":["GET"]}}],"collection":[{"href":"https:\/\/polysmarts.com\/pt\/wp-json\/wp\/v2\/product"}],"about":[{"href":"https:\/\/polysmarts.com\/pt\/wp-json\/wp\/v2\/types\/product"}],"replies":[{"embeddable":true,"href":"https:\/\/polysmarts.com\/pt\/wp-json\/wp\/v2\/comments?post=1857"}],"version-history":[{"count":3,"href":"https:\/\/polysmarts.com\/pt\/wp-json\/wp\/v2\/product\/1857\/revisions"}],"predecessor-version":[{"id":1866,"href":"https:\/\/polysmarts.com\/pt\/wp-json\/wp\/v2\/product\/1857\/revisions\/1866"}],"wp:featuredmedia":[{"embeddable":true,"href":"https:\/\/polysmarts.com\/pt\/wp-json\/wp\/v2\/media\/1858"}],"wp:attachment":[{"href":"https:\/\/polysmarts.com\/pt\/wp-json\/wp\/v2\/media?parent=1857"}],"wp:term":[{"taxonomy":"product_brand","embeddable":true,"href":"https:\/\/polysmarts.com\/pt\/wp-json\/wp\/v2\/product_brand?post=1857"},{"taxonomy":"product_cat","embeddable":true,"href":"https:\/\/polysmarts.com\/pt\/wp-json\/wp\/v2\/product_cat?post=1857"},{"taxonomy":"product_tag","embeddable":true,"href":"https:\/\/polysmarts.com\/pt\/wp-json\/wp\/v2\/product_tag?post=1857"}],"curies":[{"name":"wp","href":"https:\/\/api.w.org\/{rel}","templated":true}]}}