{"id":1819,"date":"2024-03-01T13:35:09","date_gmt":"2024-03-01T13:35:09","guid":{"rendered":"https:\/\/polysmarts.com\/?post_type=product&#038;p=1819"},"modified":"2024-03-01T14:58:35","modified_gmt":"2024-03-01T14:58:35","slug":"sacos-de-embalagem-de-papel-de-pao-de-padaria-personalizados","status":"publish","type":"product","link":"https:\/\/polysmarts.com\/pt\/product\/custom-bakery-bread-paper-packaging-bags\/","title":{"rendered":"Sacos de embalagem de papel para p\u00e3o de padaria personalizados"},"content":{"rendered":"<p>Nossos sacos de papel para p\u00e3o de padaria personalizados s\u00e3o projetados para melhorar a apresenta\u00e7\u00e3o de seus produtos assados, garantindo durabilidade e confiabilidade. Apresentando um design elegante que exala sofistica\u00e7\u00e3o, essas bolsas s\u00e3o feitas para durar. A constru\u00e7\u00e3o robusta torna-os f\u00e1ceis de transportar, enquanto o fundo quadrado garante que fiquem em p\u00e9 sozinhos, exibindo suas deliciosas guloseimas com eleg\u00e2ncia.<\/p>\n<p>Design inovador de janelas: diga adeus \u00e0s suposi\u00e7\u00f5es com nosso design inovador de janelas. Cada sacola vem equipada com uma janela exclusiva que oferece uma vis\u00e3o tentadora de suas guloseimas sem a necessidade de abrir a sacola. Isso permite que os clientes identifiquem facilmente o que h\u00e1 dentro, atraindo-os com o apelo visual dos seus produtos assados.<\/p>\n<p>Reutiliz\u00e1veis e seguras: Nossas bolsas n\u00e3o s\u00e3o apenas elegantes, mas tamb\u00e9m pr\u00e1ticas. Equipados com abas de metal e la\u00e7os de estanho, eles podem ser abertos e fechados repetidamente com facilidade. Isso fornece uma veda\u00e7\u00e3o segura \u00e0 prova de poeira e umidade, garantindo que seus alimentos permane\u00e7am frescos e deliciosos por per\u00edodos mais longos. Quer se trate de p\u00e3o acabado de cozer, pastelaria ou biscoitos, os nossos sacos oferecem tranquilidade sabendo que as suas guloseimas est\u00e3o protegidas.<\/p>\n<p>Vers\u00e1til e conveniente: perfeitos para uma variedade de usos, nossos sacos para embalagens de papel para p\u00e3o de padaria com janela s\u00e3o incrivelmente vers\u00e1teis e convenientes. Esteja voc\u00ea embalando itens de padaria, pedidos de entrega ou criando sacolas para presentes, essas sacolas est\u00e3o \u00e0 altura da tarefa. Ideais para piqueniques, festas ou para o uso di\u00e1rio, proporcionam uma solu\u00e7\u00e3o elegante e pr\u00e1tica para armazenar e transportar os seus produtos de pastelaria. Desde gr\u00e3os de caf\u00e9 e granola at\u00e9 pipocas e barras de chocolate, as possibilidades s\u00e3o infinitas com os nossos sacos personaliz\u00e1veis.<\/p>\n<p>Em resumo, nossas sacolas personalizadas de papel para p\u00e3o de padaria combinam eleg\u00e2ncia, durabilidade e funcionalidade para elevar sua marca e encantar seus clientes. Com seu design inovador de janela, recursos reutiliz\u00e1veis e versatilidade, esses sacos oferecem uma solu\u00e7\u00e3o de embalagem premium para seus produtos assados, garantindo que eles se destaquem da multid\u00e3o e deixem uma impress\u00e3o duradoura.<\/p>","protected":false},"excerpt":{"rendered":"<table style=\"height: 360px; width: 99.8505%; border-collapse: collapse;\" border=\"2\">\n<tbody>\n<tr style=\"height: 40px;\">\n<td style=\"width: 22.6796%; height: 30px; background-color: #99ccff;\"><span style=\"font-family: arial, helvetica, sans-serif; font-size: 12pt;\"><strong>Dimens\u00e3o e estilo<\/strong><\/span><\/td>\n<td style=\"width: 77.3204%; height: 30px; background-color: #99ccff;\"><span style=\"font-family: arial, helvetica, sans-serif; font-size: 12pt;\">Formas e tamanhos personalizados<\/span><\/td>\n<\/tr>\n<tr style=\"height: 40px;\">\n<td style=\"width: 22.6796%; height: 34px; background-color: #ebebeb;\"><span style=\"font-size: 12pt;\"><strong><span style=\"font-family: arial, helvetica, sans-serif;\">Quantidade m\u00ednima de pedido<\/span><\/strong><\/span><\/td>\n<td style=\"width: 77.3204%; height: 34px; background-color: #ebebeb;\"><span style=\"font-family: arial, helvetica, sans-serif; font-size: 12pt;\">1000pcs sem personaliza\u00e7\u00e3o, 10000pcs para personaliza\u00e7\u00e3o<\/span><\/td>\n<\/tr>\n<tr style=\"height: 40px; background-color: #99ccff;\">\n<td style=\"width: 22.6796%; height: 24px;\"><span style=\"font-size: 12pt;\"><strong><span style=\"font-family: arial, helvetica, sans-serif;\">Tipo de embalagem<\/span><\/strong><\/span><\/td>\n<td style=\"width: 77.3204%; height: 24px;\"><span style=\"font-family: arial, helvetica, sans-serif; font-size: 12pt;\">Kraft Paper Bags<\/span><\/td>\n<\/tr>\n<tr style=\"height: 40px; background-color: #ebebeb;\">\n<td style=\"width: 22.6796%; height: 24px;\"><span style=\"font-size: 12pt;\"><strong><span style=\"font-family: arial, helvetica, sans-serif;\">Impress\u00e3o<\/span><\/strong><\/span><\/td>\n<td style=\"width: 77.3204%; height: 24px;\"><span style=\"font-family: arial, helvetica, sans-serif; font-size: 12pt;\">CMYK (1 \u2013 8 cores), sem impress\u00e3o (normal)<\/span><\/td>\n<\/tr>\n<tr style=\"height: 40px; background-color: #99ccff;\">\n<td style=\"width: 22.6796%; height: 24px;\"><span style=\"font-size: 12pt;\"><strong><span style=\"font-family: arial, helvetica, sans-serif;\">Acabamento<\/span><\/strong><\/span><\/td>\n<td style=\"width: 77.3204%; height: 24px;\"><span style=\"font-family: arial, helvetica, sans-serif; font-size: 12pt;\">Lamina\u00e7\u00e3o brilhante\/fosca, revestimento aquoso, verniz localizado, revestimento UV, grava\u00e7\u00e3o em relevo, grava\u00e7\u00e3o em relevo, impress\u00e3o em folha<\/span><\/td>\n<\/tr>\n<tr style=\"height: 40px; background-color: #ebebeb;\">\n<td style=\"width: 22.6796%; height: 24px;\"><span style=\"font-size: 12pt;\"><strong><span style=\"font-family: arial, helvetica, sans-serif;\">Palavra-chave<\/span><\/strong><\/span><\/td>\n<td style=\"width: 77.3204%; height: 24px;\"><span style=\"font-family: arial, helvetica, sans-serif; font-size: 12pt;\">Sacos de embalagem de papel para p\u00e3o<\/span><\/td>\n<\/tr>\n<tr style=\"height: 40px; background-color: #99ccff;\">\n<td style=\"width: 22.6796%; height: 24px;\"><span style=\"font-size: 12pt;\"><strong><span style=\"font-family: arial, helvetica, sans-serif;\">Recurso<\/span><\/strong><\/span><\/td>\n<td style=\"width: 77.3204%; height: 24px;\"><span style=\"font-family: arial, helvetica, sans-serif; font-size: 12pt;\">Material e tinta de qualidade alimentar de seguran\u00e7a, embalagens ecol\u00f3gicas<\/span><\/td>\n<\/tr>\n<tr style=\"height: 40px; background-color: #ebebeb;\">\n<td style=\"width: 22.6796%; height: 24px;\"><span style=\"font-size: 12pt;\"><strong><span style=\"font-family: arial, helvetica, sans-serif;\">Tempo de resposta<\/span><\/strong><\/span><\/td>\n<td style=\"width: 77.3204%; height: 24px;\"><span style=\"font-family: arial, helvetica, sans-serif; font-size: 12pt;\">7 a 15 dias \u00fateis, RUSH<\/span><\/td>\n<\/tr>\n<tr style=\"height: 40px; background-color: #99ccff;\">\n<td style=\"width: 22.6796%; height: 24px;\"><span style=\"font-size: 12pt;\"><strong><span style=\"font-family: arial, helvetica, sans-serif;\">Envio<\/span><\/strong><\/span><\/td>\n<td style=\"width: 77.3204%; height: 24px;\"><span style=\"font-family: arial, helvetica, sans-serif; font-size: 12pt;\">A\u00e9reo, Mar\u00edtimo, Expresso<\/span><\/td>\n<\/tr>\n<\/tbody>\n<\/table>\n<p>&nbsp;<\/p>","protected":false},"featured_media":1825,"comment_status":"open","ping_status":"closed","template":"","meta":[],"product_brand":[],"product_cat":[26,20],"product_tag":[],"class_list":{"0":"post-1819","1":"product","2":"type-product","3":"status-publish","4":"has-post-thumbnail","6":"product_cat-food-packaging","7":"product_cat-kraft-paper-bag","9":"first","10":"instock","11":"shipping-taxable","12":"product-type-simple"},"_links":{"self":[{"href":"https:\/\/polysmarts.com\/pt\/wp-json\/wp\/v2\/product\/1819","targetHints":{"allow":["GET"]}}],"collection":[{"href":"https:\/\/polysmarts.com\/pt\/wp-json\/wp\/v2\/product"}],"about":[{"href":"https:\/\/polysmarts.com\/pt\/wp-json\/wp\/v2\/types\/product"}],"replies":[{"embeddable":true,"href":"https:\/\/polysmarts.com\/pt\/wp-json\/wp\/v2\/comments?post=1819"}],"version-history":[{"count":3,"href":"https:\/\/polysmarts.com\/pt\/wp-json\/wp\/v2\/product\/1819\/revisions"}],"predecessor-version":[{"id":1828,"href":"https:\/\/polysmarts.com\/pt\/wp-json\/wp\/v2\/product\/1819\/revisions\/1828"}],"wp:featuredmedia":[{"embeddable":true,"href":"https:\/\/polysmarts.com\/pt\/wp-json\/wp\/v2\/media\/1825"}],"wp:attachment":[{"href":"https:\/\/polysmarts.com\/pt\/wp-json\/wp\/v2\/media?parent=1819"}],"wp:term":[{"taxonomy":"product_brand","embeddable":true,"href":"https:\/\/polysmarts.com\/pt\/wp-json\/wp\/v2\/product_brand?post=1819"},{"taxonomy":"product_cat","embeddable":true,"href":"https:\/\/polysmarts.com\/pt\/wp-json\/wp\/v2\/product_cat?post=1819"},{"taxonomy":"product_tag","embeddable":true,"href":"https:\/\/polysmarts.com\/pt\/wp-json\/wp\/v2\/product_tag?post=1819"}],"curies":[{"name":"wp","href":"https:\/\/api.w.org\/{rel}","templated":true}]}}