{"id":1798,"date":"2024-02-29T09:38:00","date_gmt":"2024-02-29T09:38:00","guid":{"rendered":"https:\/\/polysmarts.com\/?post_type=product&#038;p=1798"},"modified":"2024-02-29T10:39:46","modified_gmt":"2024-02-29T10:39:46","slug":"sacos-personalizados-em-forma-de-holograma-mylar-cortados","status":"publish","type":"product","link":"https:\/\/polysmarts.com\/pt\/product\/custom-mylar-hologram-die-cut-shape-bags\/","title":{"rendered":"Sacos personalizados em forma de holograma Mylar cortados"},"content":{"rendered":"<p>Sacos com formato cortado personalizado oferecem a solu\u00e7\u00e3o definitiva para proteger uma ampla gama de produtos e, ao mesmo tempo, elevar a imagem da sua marca a novos patamares. Com a flexibilidade de adotar qualquer formato que complemente perfeitamente o seu produto, essas sacolas oferecem uma solu\u00e7\u00e3o de embalagem exclusiva e atraente.<\/p>\n<p>A combina\u00e7\u00e3o de camadas de prote\u00e7\u00e3o usadas na fabrica\u00e7\u00e3o de sacos Mylar cortados sob medida garante o m\u00e1ximo frescor e preserva\u00e7\u00e3o dos itens comest\u00edveis. Quer voc\u00ea esteja embalando salgadinhos, doces ou guloseimas gourmet, essas sacolas oferecem prote\u00e7\u00e3o e frescor incompar\u00e1veis, mantendo seus produtos com a m\u00e1xima qualidade.<\/p>\n<p>Al\u00e9m de sua funcionalidade, as bolsas recortadas de Mylar tamb\u00e9m servem como tela para real\u00e7ar os elementos de sua marca. Desde a incorpora\u00e7\u00e3o do logotipo e das cores da marca at\u00e9 a cria\u00e7\u00e3o de formatos personalizados que refletem a ess\u00eancia do seu produto, essas sacolas permitem que voc\u00ea deixe uma impress\u00e3o duradoura em seus clientes.<\/p>\n<p>Ideais para armazenar produtos de qualidade premium, as sacolas personalizadas com holograma Mylar em formato recortado adicionam um toque de sofistica\u00e7\u00e3o e exclusividade \u00e0s suas embalagens. Quer voc\u00ea atue na ind\u00fastria aliment\u00edcia, cosm\u00e9tica ou varejo, essas sacolas s\u00e3o uma solu\u00e7\u00e3o de embalagem vers\u00e1til e eficaz que diferencia sua marca da concorr\u00eancia.<\/p>\n<p>Em resumo, os sacos personalizados com holograma Mylar cortados combinam funcionalidade, est\u00e9tica e aprimoramento da marca para fornecer uma solu\u00e7\u00e3o de embalagem superior para seus produtos. Eleve a imagem da sua marca e garanta a frescura e qualidade dos seus produtos com estes sacos inovadores e personaliz\u00e1veis.<\/p>","protected":false},"excerpt":{"rendered":"<table style=\"height: 360px; width: 99.8505%; border-collapse: collapse;\" border=\"2\">\n<tbody>\n<tr style=\"height: 40px;\">\n<td style=\"width: 22.6796%; height: 30px; background-color: #99ccff;\"><span style=\"font-family: arial, helvetica, sans-serif; font-size: 12pt;\"><strong>Dimens\u00e3o e estilo<\/strong><\/span><\/td>\n<td style=\"width: 77.3204%; height: 30px; background-color: #99ccff;\"><span style=\"font-family: arial, helvetica, sans-serif; font-size: 12pt;\">Formas e tamanhos personalizados<\/span><\/td>\n<\/tr>\n<tr style=\"height: 40px;\">\n<td style=\"width: 22.6796%; height: 34px; background-color: #ebebeb;\"><span style=\"font-size: 12pt;\"><strong><span style=\"font-family: arial, helvetica, sans-serif;\">Quantidade m\u00ednima de pedido<\/span><\/strong><\/span><\/td>\n<td style=\"width: 77.3204%; height: 34px; background-color: #ebebeb;\"><span style=\"font-family: arial, helvetica, sans-serif; font-size: 12pt;\">1000pcs sem personaliza\u00e7\u00e3o, 10000pcs para personaliza\u00e7\u00e3o<\/span><\/td>\n<\/tr>\n<tr style=\"height: 40px; background-color: #99ccff;\">\n<td style=\"width: 22.6796%; height: 24px;\"><span style=\"font-size: 12pt;\"><strong><span style=\"font-family: arial, helvetica, sans-serif;\">Tipo de embalagem<\/span><\/strong><\/span><\/td>\n<td style=\"width: 77.3204%; height: 24px;\"><span style=\"font-family: arial, helvetica, sans-serif; font-size: 12pt;\">Sacos hologr\u00e1ficos em forma de Mylar cortados<\/span><\/td>\n<\/tr>\n<tr style=\"height: 40px; background-color: #ebebeb;\">\n<td style=\"width: 22.6796%; height: 24px;\"><span style=\"font-size: 12pt;\"><strong><span style=\"font-family: arial, helvetica, sans-serif;\">Impress\u00e3o<\/span><\/strong><\/span><\/td>\n<td style=\"width: 77.3204%; height: 24px;\"><span style=\"font-family: arial, helvetica, sans-serif; font-size: 12pt;\">Impress\u00e3o de rotogravura<\/span><\/td>\n<\/tr>\n<tr style=\"height: 40px; background-color: #99ccff;\">\n<td style=\"width: 22.6796%; height: 24px;\"><span style=\"font-size: 12pt;\"><strong><span style=\"font-family: arial, helvetica, sans-serif;\">Veda\u00e7\u00e3o e al\u00e7a<\/span><\/strong><\/span><\/td>\n<td style=\"width: 77.3204%; height: 24px;\"><span style=\"font-family: arial, helvetica, sans-serif; font-size: 12pt;\">Selo t\u00e9rmico<\/span><\/td>\n<\/tr>\n<tr style=\"height: 40px; background-color: #ebebeb;\">\n<td style=\"width: 22.6796%; height: 24px;\"><span style=\"font-size: 12pt;\"><strong><span style=\"font-family: arial, helvetica, sans-serif;\">Material<\/span><\/strong><\/span><\/td>\n<td style=\"width: 77.3204%; height: 24px;\"><span style=\"font-family: arial, helvetica, sans-serif; font-size: 12pt;\">OPP + VMPET + PEBD<\/span><\/td>\n<\/tr>\n<tr style=\"height: 40px; background-color: #99ccff;\">\n<td style=\"width: 22.6796%; height: 24px;\"><span style=\"font-size: 12pt;\"><strong><span style=\"font-family: arial, helvetica, sans-serif;\">Prova<\/span><\/strong><\/span><\/td>\n<td style=\"width: 77.3204%; height: 24px;\"><span style=\"font-family: arial, helvetica, sans-serif; font-size: 12pt;\">Provas de cheiro\u00a0<\/span><\/td>\n<\/tr>\n<tr style=\"height: 40px; background-color: #ebebeb;\">\n<td style=\"width: 22.6796%; height: 24px;\"><span style=\"font-size: 12pt;\"><strong><span style=\"font-family: arial, helvetica, sans-serif;\">Tempo de resposta<\/span><\/strong><\/span><\/td>\n<td style=\"width: 77.3204%; height: 24px;\"><span style=\"font-family: arial, helvetica, sans-serif; font-size: 12pt;\">7 a 12 dias \u00fateis, RUSH<\/span><\/td>\n<\/tr>\n<tr style=\"height: 40px; background-color: #99ccff;\">\n<td style=\"width: 22.6796%; height: 24px;\"><span style=\"font-size: 12pt;\"><strong><span style=\"font-family: arial, helvetica, sans-serif;\">Envio<\/span><\/strong><\/span><\/td>\n<td style=\"width: 77.3204%; height: 24px;\"><span style=\"font-family: arial, helvetica, sans-serif; font-size: 12pt;\">A\u00e9reo, Mar\u00edtimo, Expresso<\/span><\/td>\n<\/tr>\n<\/tbody>\n<\/table>\n<p>&nbsp;<\/p>","protected":false},"featured_media":1804,"comment_status":"open","ping_status":"closed","template":"","meta":[],"product_brand":[],"product_cat":[32,30,35,18],"product_tag":[],"class_list":{"0":"post-1798","1":"product","2":"type-product","3":"status-publish","4":"has-post-thumbnail","6":"product_cat-3c-packaging","7":"product_cat-cosmetics-packaging","8":"product_cat-mylar-bags","9":"product_cat-zipper-bags","11":"first","12":"instock","13":"shipping-taxable","14":"product-type-simple"},"_links":{"self":[{"href":"https:\/\/polysmarts.com\/pt\/wp-json\/wp\/v2\/product\/1798","targetHints":{"allow":["GET"]}}],"collection":[{"href":"https:\/\/polysmarts.com\/pt\/wp-json\/wp\/v2\/product"}],"about":[{"href":"https:\/\/polysmarts.com\/pt\/wp-json\/wp\/v2\/types\/product"}],"replies":[{"embeddable":true,"href":"https:\/\/polysmarts.com\/pt\/wp-json\/wp\/v2\/comments?post=1798"}],"version-history":[{"count":2,"href":"https:\/\/polysmarts.com\/pt\/wp-json\/wp\/v2\/product\/1798\/revisions"}],"predecessor-version":[{"id":1806,"href":"https:\/\/polysmarts.com\/pt\/wp-json\/wp\/v2\/product\/1798\/revisions\/1806"}],"wp:featuredmedia":[{"embeddable":true,"href":"https:\/\/polysmarts.com\/pt\/wp-json\/wp\/v2\/media\/1804"}],"wp:attachment":[{"href":"https:\/\/polysmarts.com\/pt\/wp-json\/wp\/v2\/media?parent=1798"}],"wp:term":[{"taxonomy":"product_brand","embeddable":true,"href":"https:\/\/polysmarts.com\/pt\/wp-json\/wp\/v2\/product_brand?post=1798"},{"taxonomy":"product_cat","embeddable":true,"href":"https:\/\/polysmarts.com\/pt\/wp-json\/wp\/v2\/product_cat?post=1798"},{"taxonomy":"product_tag","embeddable":true,"href":"https:\/\/polysmarts.com\/pt\/wp-json\/wp\/v2\/product_tag?post=1798"}],"curies":[{"name":"wp","href":"https:\/\/api.w.org\/{rel}","templated":true}]}}