{"id":1779,"date":"2024-02-29T07:06:49","date_gmt":"2024-02-29T07:06:49","guid":{"rendered":"https:\/\/polysmarts.com\/?post_type=product&#038;p=1779"},"modified":"2024-02-29T07:19:38","modified_gmt":"2024-02-29T07:19:38","slug":"sacos-com-ziper-de-natal-bolsa-de-doces-personalizada","status":"publish","type":"product","link":"https:\/\/polysmarts.com\/pt\/product\/christmas-zipper-bags-custom-candy-pouch\/","title":{"rendered":"Sacos com z\u00edper de Natal Bolsa de doces personalizada"},"content":{"rendered":"<p>Abrace o esp\u00edrito do inverno e das bolsas com z\u00edper de Natal com nossa bolsa vermelha vibrante adornada com enfeites estampados em branco e uma grande janela retangular. Perfeito para exibir guloseimas caseiras, como biscoitos e calda, ou rechear com doces e brinquedos da esta\u00e7\u00e3o. O painel frontal apresenta encantadores ornamentos brancos pr\u00e9-impressos, enquanto o painel traseiro vermelho s\u00f3lido oferece amplo espa\u00e7o para etiquetas ou marcas. Feito de material seguro para alimentos de 4,0 mil e sel\u00e1vel a quente para frescor.<\/p>\n<p>Descri\u00e7\u00e3o do produto: Delicie-se com a alegria das festas de fim de ano com nossas deliciosas bolsas com z\u00edper de Natal, projetadas para adicionar um toque de alegria festiva \u00e0s suas guloseimas. Radiantes em vermelho azevinho, essas bolsas pr\u00f3prias para alimentos apresentam uma generosa janela transparente que exibe orgulhosamente o conte\u00fado, convidando clientes, amigos e familiares a participar das festividades do feriado.<\/p>\n<p>O z\u00edper herm\u00e9tico e ressel\u00e1vel garante que suas guloseimas permane\u00e7am frescas e deliciosas, enquanto os entalhes localizados acima do z\u00edper fornecem f\u00e1cil acesso depois de fechado a quente. Nossos stand-up pouches s\u00e3o projetados para manter sua forma e estabilidade, tornando-os prontos para exibi\u00e7\u00e3o em prateleiras ou bancadas.<\/p>\n<p>Esteja voc\u00ea embalando guloseimas caseiras para presentear ou abastecendo suas prateleiras com guloseimas sazonais, nossos sacos com z\u00edper de Natal s\u00e3o a escolha perfeita. Seu design festivo e funcionalidade pr\u00e1tica fazem deles uma adi\u00e7\u00e3o encantadora a qualquer celebra\u00e7\u00e3o de feriado.<\/p>\n<p>Em resumo, os nossos sacos com fecho de Natal combinam o encanto festivo com a funcionalidade pr\u00e1tica para real\u00e7ar a apresenta\u00e7\u00e3o e a frescura das suas del\u00edcias sazonais. Abrace o esp\u00edrito natalino e encante seus clientes com essas bolsas alegres que v\u00e3o espalhar alegria e alegria durante toda a temporada.<\/p>","protected":false},"excerpt":{"rendered":"<table style=\"height: 360px; width: 99.8505%; border-collapse: collapse;\" border=\"2\">\n<tbody>\n<tr style=\"height: 40px;\">\n<td style=\"width: 22.6796%; height: 30px; background-color: #99ccff;\"><span style=\"font-family: arial, helvetica, sans-serif; font-size: 12pt;\"><strong>Dimens\u00e3o e estilo<\/strong><\/span><\/td>\n<td style=\"width: 77.3204%; height: 30px; background-color: #99ccff;\"><span style=\"font-family: arial, helvetica, sans-serif; font-size: 12pt;\">Formas e tamanhos personalizados<\/span><\/td>\n<\/tr>\n<tr style=\"height: 40px;\">\n<td style=\"width: 22.6796%; height: 34px; background-color: #ebebeb;\"><span style=\"font-size: 12pt;\"><strong><span style=\"font-family: arial, helvetica, sans-serif;\">Quantidade m\u00ednima de pedido<\/span><\/strong><\/span><\/td>\n<td style=\"width: 77.3204%; height: 34px; background-color: #ebebeb;\"><span style=\"font-family: arial, helvetica, sans-serif; font-size: 12pt;\">1000pcs sem personaliza\u00e7\u00e3o, 10000pcs para personaliza\u00e7\u00e3o<\/span><\/td>\n<\/tr>\n<tr style=\"height: 40px; background-color: #99ccff;\">\n<td style=\"width: 22.6796%; height: 24px;\"><span style=\"font-size: 12pt;\"><strong><span style=\"font-family: arial, helvetica, sans-serif;\">Tipo de embalagem<\/span><\/strong><\/span><\/td>\n<td style=\"width: 77.3204%; height: 24px;\"><span style=\"font-family: arial, helvetica, sans-serif; font-size: 12pt;\">Sacos com z\u00edper de Natal<\/span><\/td>\n<\/tr>\n<tr style=\"height: 40px; background-color: #ebebeb;\">\n<td style=\"width: 22.6796%; height: 24px;\"><span style=\"font-size: 12pt;\"><strong><span style=\"font-family: arial, helvetica, sans-serif;\">Impress\u00e3o<\/span><\/strong><\/span><\/td>\n<td style=\"width: 77.3204%; height: 24px;\"><span style=\"font-family: arial, helvetica, sans-serif; font-size: 12pt;\">CMYK (1 \u2013 10 cores), sem impress\u00e3o (normal)<\/span><\/td>\n<\/tr>\n<tr style=\"height: 40px; background-color: #99ccff;\">\n<td style=\"width: 22.6796%; height: 24px;\"><span style=\"font-size: 12pt;\"><strong><span style=\"font-family: arial, helvetica, sans-serif;\">Acabamento<\/span><\/strong><\/span><\/td>\n<td style=\"width: 77.3204%; height: 24px;\"><span style=\"font-family: arial, helvetica, sans-serif; font-size: 12pt;\">Lamina\u00e7\u00e3o brilhante\/fosca, impress\u00e3o offset<\/span><\/td>\n<\/tr>\n<tr style=\"height: 40px; background-color: #ebebeb;\">\n<td style=\"width: 22.6796%; height: 24px;\"><span style=\"font-size: 12pt;\"><strong><span style=\"font-family: arial, helvetica, sans-serif;\">Op\u00e7\u00f5es inclu\u00eddas<\/span><\/strong><\/span><\/td>\n<td style=\"width: 77.3204%; height: 24px;\"><span style=\"font-family: arial, helvetica, sans-serif; font-size: 12pt;\">Corte e vinco, selagem t\u00e9rmica<\/span><\/td>\n<\/tr>\n<tr style=\"height: 40px; background-color: #99ccff;\">\n<td style=\"width: 22.6796%; height: 24px;\"><span style=\"font-size: 12pt;\"><strong><span style=\"font-family: arial, helvetica, sans-serif;\">Prova<\/span><\/strong><\/span><\/td>\n<td style=\"width: 77.3204%; height: 24px;\"><span style=\"font-family: arial, helvetica, sans-serif; font-size: 12pt;\">Provas de cheiro\u00a0<\/span><\/td>\n<\/tr>\n<tr style=\"height: 40px; background-color: #ebebeb;\">\n<td style=\"width: 22.6796%; height: 24px;\"><span style=\"font-size: 12pt;\"><strong><span style=\"font-family: arial, helvetica, sans-serif;\">Tempo de resposta<\/span><\/strong><\/span><\/td>\n<td style=\"width: 77.3204%; height: 24px;\"><span style=\"font-family: arial, helvetica, sans-serif; font-size: 12pt;\">7 a 15 dias \u00fateis, RUSH<\/span><\/td>\n<\/tr>\n<tr style=\"height: 40px; background-color: #99ccff;\">\n<td style=\"width: 22.6796%; height: 24px;\"><span style=\"font-size: 12pt;\"><strong><span style=\"font-family: arial, helvetica, sans-serif;\">Envio<\/span><\/strong><\/span><\/td>\n<td style=\"width: 77.3204%; height: 24px;\"><span style=\"font-family: arial, helvetica, sans-serif; font-size: 12pt;\">A\u00e9reo, Mar\u00edtimo, Expresso<\/span><\/td>\n<\/tr>\n<\/tbody>\n<\/table>\n<p>&nbsp;<\/p>","protected":false},"featured_media":1780,"comment_status":"open","ping_status":"closed","template":"","meta":[],"product_brand":[],"product_cat":[26,18],"product_tag":[],"class_list":{"0":"post-1779","1":"product","2":"type-product","3":"status-publish","4":"has-post-thumbnail","6":"product_cat-food-packaging","7":"product_cat-zipper-bags","9":"first","10":"instock","11":"shipping-taxable","12":"product-type-simple"},"_links":{"self":[{"href":"https:\/\/polysmarts.com\/pt\/wp-json\/wp\/v2\/product\/1779","targetHints":{"allow":["GET"]}}],"collection":[{"href":"https:\/\/polysmarts.com\/pt\/wp-json\/wp\/v2\/product"}],"about":[{"href":"https:\/\/polysmarts.com\/pt\/wp-json\/wp\/v2\/types\/product"}],"replies":[{"embeddable":true,"href":"https:\/\/polysmarts.com\/pt\/wp-json\/wp\/v2\/comments?post=1779"}],"version-history":[{"count":2,"href":"https:\/\/polysmarts.com\/pt\/wp-json\/wp\/v2\/product\/1779\/revisions"}],"predecessor-version":[{"id":1786,"href":"https:\/\/polysmarts.com\/pt\/wp-json\/wp\/v2\/product\/1779\/revisions\/1786"}],"wp:featuredmedia":[{"embeddable":true,"href":"https:\/\/polysmarts.com\/pt\/wp-json\/wp\/v2\/media\/1780"}],"wp:attachment":[{"href":"https:\/\/polysmarts.com\/pt\/wp-json\/wp\/v2\/media?parent=1779"}],"wp:term":[{"taxonomy":"product_brand","embeddable":true,"href":"https:\/\/polysmarts.com\/pt\/wp-json\/wp\/v2\/product_brand?post=1779"},{"taxonomy":"product_cat","embeddable":true,"href":"https:\/\/polysmarts.com\/pt\/wp-json\/wp\/v2\/product_cat?post=1779"},{"taxonomy":"product_tag","embeddable":true,"href":"https:\/\/polysmarts.com\/pt\/wp-json\/wp\/v2\/product_tag?post=1779"}],"curies":[{"name":"wp","href":"https:\/\/api.w.org\/{rel}","templated":true}]}}