{"id":1722,"date":"2024-02-25T16:07:18","date_gmt":"2024-02-25T16:07:18","guid":{"rendered":"https:\/\/polysmarts.com\/?post_type=product&#038;p=1722"},"modified":"2024-02-25T16:25:35","modified_gmt":"2024-02-25T16:25:35","slug":"embalagem-comestivel-holografica-saco-mylar-cortado","status":"publish","type":"product","link":"https:\/\/polysmarts.com\/pt\/product\/holographic-edible-packaging-die-cut-mylar-bag\/","title":{"rendered":"Embalagem comest\u00edvel hologr\u00e1fica saco Mylar cortado"},"content":{"rendered":"<p>Delicie-se com a conveni\u00eancia e praticidade de nossos sacos Mylar cortados em embalagens comest\u00edveis hologr\u00e1ficas. Feitas com filme metalizado premium, essas bolsas apresentam durabilidade e estilo. Com um design personaliz\u00e1vel que oferece at\u00e9 10 cores vibrantes e uma janela frontal transparente, eles combinam perfeitamente funcionalidade com est\u00e9tica.<\/p>\n<p>Ideais para uma infinidade de finalidades, essas maravilhas da embalagem mant\u00eam a umidade sob controle enquanto simplificam os esfor\u00e7os de armazenamento e organiza\u00e7\u00e3o. De flores secas e itens essenciais para panifica\u00e7\u00e3o a frutas secas, salgadinhos e ervas, essas sacolas multiuso atendem a diversas necessidades de armazenamento. Al\u00e9m disso, com op\u00e7\u00f5es de tamanhos personaliz\u00e1veis, garantimos um ajuste perfeito para cada necessidade.<\/p>\n<p>Atualize seu jogo de embalagens com nossos sacos Mylar recortados para embalagens comest\u00edveis hologr\u00e1ficas, oferecendo estilo e subst\u00e2ncia para suas solu\u00e7\u00f5es de armazenamento.<\/p>\n<p>Delicie-se com a conveni\u00eancia e praticidade de nossos sacos Mylar cortados em embalagens comest\u00edveis hologr\u00e1ficas. Feitas com filme metalizado premium, essas bolsas apresentam durabilidade e estilo. Com um design personaliz\u00e1vel que oferece at\u00e9 10 cores vibrantes e uma janela frontal transparente, eles combinam perfeitamente funcionalidade com est\u00e9tica.<\/p>\n<p>Ideais para uma infinidade de finalidades, essas maravilhas da embalagem mant\u00eam a umidade sob controle enquanto simplificam os esfor\u00e7os de armazenamento e organiza\u00e7\u00e3o. De flores secas e itens essenciais para panifica\u00e7\u00e3o a frutas secas, salgadinhos e ervas, essas sacolas multiuso atendem a diversas necessidades de armazenamento. Al\u00e9m disso, com op\u00e7\u00f5es de tamanhos personaliz\u00e1veis, garantimos um ajuste perfeito para cada necessidade.<\/p>\n<p>Atualize seu jogo de embalagens com nossos sacos Mylar recortados para embalagens comest\u00edveis hologr\u00e1ficas, oferecendo estilo e subst\u00e2ncia para suas solu\u00e7\u00f5es de armazenamento.<\/p>","protected":false},"excerpt":{"rendered":"<table style=\"height: 360px; width: 99.8505%; border-collapse: collapse;\" border=\"2\">\n<tbody>\n<tr style=\"height: 40px;\">\n<td style=\"width: 22.6796%; height: 30px; background-color: #99ccff;\"><span style=\"font-family: arial, helvetica, sans-serif; font-size: 12pt;\"><strong>Dimens\u00e3o e estilo<\/strong><\/span><\/td>\n<td style=\"width: 77.3204%; height: 30px; background-color: #99ccff;\"><span style=\"font-family: arial, helvetica, sans-serif; font-size: 12pt;\">Formas e tamanhos personalizados<\/span><\/td>\n<\/tr>\n<tr style=\"height: 40px;\">\n<td style=\"width: 22.6796%; height: 34px; background-color: #ebebeb;\"><span style=\"font-size: 12pt;\"><strong><span style=\"font-family: arial, helvetica, sans-serif;\">Quantidade m\u00ednima de pedido<\/span><\/strong><\/span><\/td>\n<td style=\"width: 77.3204%; height: 34px; background-color: #ebebeb;\"><span style=\"font-family: arial, helvetica, sans-serif; font-size: 12pt;\">1000pcs sem personaliza\u00e7\u00e3o, 10000pcs para personaliza\u00e7\u00e3o<\/span><\/td>\n<\/tr>\n<tr style=\"height: 40px; background-color: #99ccff;\">\n<td style=\"width: 22.6796%; height: 24px;\"><span style=\"font-size: 12pt;\"><strong><span style=\"font-family: arial, helvetica, sans-serif;\">Tipo de embalagem<\/span><\/strong><\/span><\/td>\n<td style=\"width: 77.3204%; height: 24px;\"><span style=\"font-family: arial, helvetica, sans-serif; font-size: 12pt;\">Bolsa de p\u00e9<\/span><\/td>\n<\/tr>\n<tr style=\"height: 40px; background-color: #ebebeb;\">\n<td style=\"width: 22.6796%; height: 24px;\"><span style=\"font-size: 12pt;\"><strong><span style=\"font-family: arial, helvetica, sans-serif;\">Impress\u00e3o<\/span><\/strong><\/span><\/td>\n<td style=\"width: 77.3204%; height: 24px;\"><span style=\"font-family: arial, helvetica, sans-serif; font-size: 12pt;\">CMYK (1 \u2013 10 cores), sem impress\u00e3o (normal)<\/span><\/td>\n<\/tr>\n<tr style=\"height: 40px; background-color: #99ccff;\">\n<td style=\"width: 22.6796%; height: 24px;\"><span style=\"font-size: 12pt;\"><strong><span style=\"font-family: arial, helvetica, sans-serif;\">Acabamento<\/span><\/strong><\/span><\/td>\n<td style=\"width: 77.3204%; height: 24px;\"><span style=\"font-family: arial, helvetica, sans-serif; font-size: 12pt;\">Lamina\u00e7\u00e3o brilhante\/fosca, impress\u00e3o offset<\/span><\/td>\n<\/tr>\n<tr style=\"height: 40px; background-color: #ebebeb;\">\n<td style=\"width: 22.6796%; height: 24px;\"><span style=\"font-size: 12pt;\"><strong><span style=\"font-family: arial, helvetica, sans-serif;\">Op\u00e7\u00f5es inclu\u00eddas<\/span><\/strong><\/span><\/td>\n<td style=\"width: 77.3204%; height: 24px;\"><span style=\"font-family: arial, helvetica, sans-serif; font-size: 12pt;\">Corte e vinco, selagem t\u00e9rmica<\/span><\/td>\n<\/tr>\n<tr style=\"height: 40px; background-color: #99ccff;\">\n<td style=\"width: 22.6796%; height: 24px;\"><span style=\"font-size: 12pt;\"><strong><span style=\"font-family: arial, helvetica, sans-serif;\">Prova<\/span><\/strong><\/span><\/td>\n<td style=\"width: 77.3204%; height: 24px;\"><span style=\"font-family: arial, helvetica, sans-serif; font-size: 12pt;\">Provas de cheiro\u00a0<\/span><\/td>\n<\/tr>\n<tr style=\"height: 40px; background-color: #ebebeb;\">\n<td style=\"width: 22.6796%; height: 24px;\"><span style=\"font-size: 12pt;\"><strong><span style=\"font-family: arial, helvetica, sans-serif;\">Tempo de resposta<\/span><\/strong><\/span><\/td>\n<td style=\"width: 77.3204%; height: 24px;\"><span style=\"font-family: arial, helvetica, sans-serif; font-size: 12pt;\">7 a 15 dias \u00fateis, RUSH<\/span><\/td>\n<\/tr>\n<tr style=\"height: 40px; background-color: #99ccff;\">\n<td style=\"width: 22.6796%; height: 24px;\"><span style=\"font-size: 12pt;\"><strong><span style=\"font-family: arial, helvetica, sans-serif;\">Envio<\/span><\/strong><\/span><\/td>\n<td style=\"width: 77.3204%; height: 24px;\"><span style=\"font-family: arial, helvetica, sans-serif; font-size: 12pt;\">A\u00e9reo, Mar\u00edtimo, Expresso<\/span><\/td>\n<\/tr>\n<\/tbody>\n<\/table>\n<p>&nbsp;<\/p>","protected":false},"featured_media":1723,"comment_status":"open","ping_status":"closed","template":"","meta":[],"product_brand":[],"product_cat":[26,18],"product_tag":[],"class_list":{"0":"post-1722","1":"product","2":"type-product","3":"status-publish","4":"has-post-thumbnail","6":"product_cat-food-packaging","7":"product_cat-zipper-bags","9":"first","10":"instock","11":"shipping-taxable","12":"product-type-simple"},"_links":{"self":[{"href":"https:\/\/polysmarts.com\/pt\/wp-json\/wp\/v2\/product\/1722","targetHints":{"allow":["GET"]}}],"collection":[{"href":"https:\/\/polysmarts.com\/pt\/wp-json\/wp\/v2\/product"}],"about":[{"href":"https:\/\/polysmarts.com\/pt\/wp-json\/wp\/v2\/types\/product"}],"replies":[{"embeddable":true,"href":"https:\/\/polysmarts.com\/pt\/wp-json\/wp\/v2\/comments?post=1722"}],"version-history":[{"count":3,"href":"https:\/\/polysmarts.com\/pt\/wp-json\/wp\/v2\/product\/1722\/revisions"}],"predecessor-version":[{"id":1733,"href":"https:\/\/polysmarts.com\/pt\/wp-json\/wp\/v2\/product\/1722\/revisions\/1733"}],"wp:featuredmedia":[{"embeddable":true,"href":"https:\/\/polysmarts.com\/pt\/wp-json\/wp\/v2\/media\/1723"}],"wp:attachment":[{"href":"https:\/\/polysmarts.com\/pt\/wp-json\/wp\/v2\/media?parent=1722"}],"wp:term":[{"taxonomy":"product_brand","embeddable":true,"href":"https:\/\/polysmarts.com\/pt\/wp-json\/wp\/v2\/product_brand?post=1722"},{"taxonomy":"product_cat","embeddable":true,"href":"https:\/\/polysmarts.com\/pt\/wp-json\/wp\/v2\/product_cat?post=1722"},{"taxonomy":"product_tag","embeddable":true,"href":"https:\/\/polysmarts.com\/pt\/wp-json\/wp\/v2\/product_tag?post=1722"}],"curies":[{"name":"wp","href":"https:\/\/api.w.org\/{rel}","templated":true}]}}