{"id":1667,"date":"2024-02-20T10:39:48","date_gmt":"2024-02-20T10:39:48","guid":{"rendered":"https:\/\/polysmarts.com\/?post_type=product&#038;p=1667"},"modified":"2024-02-20T12:55:17","modified_gmt":"2024-02-20T12:55:17","slug":"sacos-de-batatas-fritas-impressos-personalizados-embalagens-de-salgadinhos","status":"publish","type":"product","link":"https:\/\/polysmarts.com\/pt\/product\/custom-printed-potato-chip-bags-snack-food-packaging\/","title":{"rendered":"Sacos de batata frita impressos personalizados para lanches e embalagens de alimentos"},"content":{"rendered":"<p>Delicie-se com o fasc\u00ednio irresist\u00edvel de nossos sacos de batatas fritas personalizados, o ep\u00edtome da conveni\u00eancia crocante. Elaboradas com precis\u00e3o, essas embalagens de salgadinhos apresentam uma s\u00e9rie de recursos indispens\u00e1veis. Leves e compactos, s\u00e3o os companheiros ideais para petiscar em movimento. Gra\u00e7as ao seu selo herm\u00e9tico, as suas batatas fritas favoritas permanecem frescas e deliciosas, resistindo \u00e0 amea\u00e7a do envelhecimento. O fasc\u00ednio transparente da nossa embalagem oferece um vislumbre tentador do saboroso tesouro que cont\u00e9m, cativando potenciais clientes \u00e0 primeira vista.<\/p>\n<p>Mas o que diferencia nossos sacos de batatas fritas \u00e9 sua personaliza\u00e7\u00e3o e apelo visual. Com amplo espa\u00e7o para branding, voc\u00ea pode exibir seu logotipo e mensagens com orgulho, garantindo que seu produto se destaque nas prateleiras. E n\u00e3o tenha medo, pois essas bolsas n\u00e3o s\u00e3o apenas visualmente deslumbrantes, mas tamb\u00e9m feitas para durar. Sua constru\u00e7\u00e3o em pl\u00e1stico dur\u00e1vel oferece prote\u00e7\u00e3o confi\u00e1vel contra quebras durante o transporte e manuseio, protegendo a integridade de seus lanches.<\/p>\n<p>Al\u00e9m disso, nossas sacolas apresentam op\u00e7\u00f5es que podem ser fechadas novamente, permitindo que os consumidores saboreiem a qualidade crocante de suas batatas fritas em v\u00e1rias sess\u00f5es. Isto n\u00e3o s\u00f3 melhora a experi\u00eancia de lanche, mas tamb\u00e9m minimiza o desperd\u00edcio de alimentos, contribuindo para um padr\u00e3o de consumo mais sustent\u00e1vel. Em ess\u00eancia, nossa embalagem de batata frita combina perfeitamente funcionalidade, visibilidade e versatilidade de marca, elevando sua jornada de lanches a novos patamares.<\/p>","protected":false},"excerpt":{"rendered":"<table style=\"height: 232px; width: 99.8505%; border-collapse: collapse;\" border=\"2\">\n<tbody>\n<tr style=\"height: 40px;\">\n<td style=\"width: 22.6796%; height: 30px; background-color: #99ccff;\"><span style=\"font-family: arial, helvetica, sans-serif; font-size: 12pt;\"><strong>Dimens\u00e3o e estilo<\/strong><\/span><\/td>\n<td style=\"width: 77.3204%; height: 30px; background-color: #99ccff;\"><span style=\"font-family: arial, helvetica, sans-serif; font-size: 12pt;\">Formas e tamanhos personalizados<\/span><\/td>\n<\/tr>\n<tr style=\"height: 40px;\">\n<td style=\"width: 22.6796%; height: 34px; background-color: #ebebeb;\"><span style=\"font-size: 12pt;\"><strong><span style=\"font-family: arial, helvetica, sans-serif;\">Quantidade m\u00ednima de pedido<\/span><\/strong><\/span><\/td>\n<td style=\"width: 77.3204%; height: 34px; background-color: #ebebeb;\"><span style=\"font-family: arial, helvetica, sans-serif; font-size: 12pt;\">1000pcs sem personaliza\u00e7\u00e3o, 10000pcs para personaliza\u00e7\u00e3o<\/span><\/td>\n<\/tr>\n<tr style=\"height: 40px; background-color: #99ccff;\">\n<td style=\"width: 22.6796%; height: 24px;\"><span style=\"font-size: 12pt;\"><strong><span style=\"font-family: arial, helvetica, sans-serif;\">Tipo de embalagem<\/span><\/strong><\/span><\/td>\n<td style=\"width: 77.3204%; height: 24px;\"><span style=\"font-family: arial, helvetica, sans-serif; font-size: 12pt;\">Heat Sealing Bag<\/span><\/td>\n<\/tr>\n<tr style=\"height: 40px; background-color: #ebebeb;\">\n<td style=\"width: 22.6796%; height: 24px;\"><span style=\"font-size: 12pt;\"><strong><span style=\"font-family: arial, helvetica, sans-serif;\">Impress\u00e3o<\/span><\/strong><\/span><\/td>\n<td style=\"width: 77.3204%; height: 24px;\"><span style=\"font-family: arial, helvetica, sans-serif; font-size: 12pt;\">CMYK (1 \u2013 10 cores), sem impress\u00e3o (normal)<\/span><\/td>\n<\/tr>\n<tr style=\"height: 40px; background-color: #99ccff;\">\n<td style=\"width: 22.6796%; height: 24px;\"><span style=\"font-size: 12pt;\"><strong><span style=\"font-family: arial, helvetica, sans-serif;\">Acabamento<\/span><\/strong><\/span><\/td>\n<td style=\"width: 77.3204%; height: 24px;\"><span style=\"font-family: arial, helvetica, sans-serif; font-size: 12pt;\">Lamina\u00e7\u00e3o brilhante\/fosca, impress\u00e3o offset<\/span><\/td>\n<\/tr>\n<tr style=\"height: 40px; background-color: #ebebeb;\">\n<td style=\"width: 22.6796%; height: 24px;\"><span style=\"font-size: 12pt;\"><strong><span style=\"font-family: arial, helvetica, sans-serif;\">Op\u00e7\u00f5es inclu\u00eddas<\/span><\/strong><\/span><\/td>\n<td style=\"width: 77.3204%; height: 24px;\"><span style=\"font-family: arial, helvetica, sans-serif; font-size: 12pt;\">Corte e vinco, selagem t\u00e9rmica<\/span><\/td>\n<\/tr>\n<tr style=\"height: 40px; background-color: #99ccff;\">\n<td style=\"width: 22.6796%; height: 24px;\"><span style=\"font-size: 12pt;\"><strong><span style=\"font-family: arial, helvetica, sans-serif;\">Prova<\/span><\/strong><\/span><\/td>\n<td style=\"width: 77.3204%; height: 24px;\"><span style=\"font-family: arial, helvetica, sans-serif; font-size: 12pt;\">Provas de cheiro\u00a0<\/span><\/td>\n<\/tr>\n<tr style=\"height: 40px; background-color: #ebebeb;\">\n<td style=\"width: 22.6796%; height: 24px;\"><span style=\"font-size: 12pt;\"><strong><span style=\"font-family: arial, helvetica, sans-serif;\">Tempo de resposta<\/span><\/strong><\/span><\/td>\n<td style=\"width: 77.3204%; height: 24px;\"><span style=\"font-family: arial, helvetica, sans-serif; font-size: 12pt;\">7 a 15 dias \u00fateis, RUSH<\/span><\/td>\n<\/tr>\n<tr style=\"height: 40px; background-color: #99ccff;\">\n<td style=\"width: 22.6796%; height: 24px;\"><span style=\"font-size: 12pt;\"><strong><span style=\"font-family: arial, helvetica, sans-serif;\">Envio<\/span><\/strong><\/span><\/td>\n<td style=\"width: 77.3204%; height: 24px;\"><span style=\"font-family: arial, helvetica, sans-serif; font-size: 12pt;\">A\u00e9reo, Mar\u00edtimo, Expresso<\/span><\/td>\n<\/tr>\n<\/tbody>\n<\/table>\n<p>&nbsp;<\/p>","protected":false},"featured_media":1668,"comment_status":"open","ping_status":"closed","template":"","meta":[],"product_brand":[],"product_cat":[26,19,35],"product_tag":[],"class_list":{"0":"post-1667","1":"product","2":"type-product","3":"status-publish","4":"has-post-thumbnail","6":"product_cat-food-packaging","7":"product_cat-heat-sealing-bag","8":"product_cat-mylar-bags","10":"first","11":"instock","12":"shipping-taxable","13":"product-type-simple"},"_links":{"self":[{"href":"https:\/\/polysmarts.com\/pt\/wp-json\/wp\/v2\/product\/1667","targetHints":{"allow":["GET"]}}],"collection":[{"href":"https:\/\/polysmarts.com\/pt\/wp-json\/wp\/v2\/product"}],"about":[{"href":"https:\/\/polysmarts.com\/pt\/wp-json\/wp\/v2\/types\/product"}],"replies":[{"embeddable":true,"href":"https:\/\/polysmarts.com\/pt\/wp-json\/wp\/v2\/comments?post=1667"}],"version-history":[{"count":1,"href":"https:\/\/polysmarts.com\/pt\/wp-json\/wp\/v2\/product\/1667\/revisions"}],"predecessor-version":[{"id":1674,"href":"https:\/\/polysmarts.com\/pt\/wp-json\/wp\/v2\/product\/1667\/revisions\/1674"}],"wp:featuredmedia":[{"embeddable":true,"href":"https:\/\/polysmarts.com\/pt\/wp-json\/wp\/v2\/media\/1668"}],"wp:attachment":[{"href":"https:\/\/polysmarts.com\/pt\/wp-json\/wp\/v2\/media?parent=1667"}],"wp:term":[{"taxonomy":"product_brand","embeddable":true,"href":"https:\/\/polysmarts.com\/pt\/wp-json\/wp\/v2\/product_brand?post=1667"},{"taxonomy":"product_cat","embeddable":true,"href":"https:\/\/polysmarts.com\/pt\/wp-json\/wp\/v2\/product_cat?post=1667"},{"taxonomy":"product_tag","embeddable":true,"href":"https:\/\/polysmarts.com\/pt\/wp-json\/wp\/v2\/product_tag?post=1667"}],"curies":[{"name":"wp","href":"https:\/\/api.w.org\/{rel}","templated":true}]}}