{"id":1643,"date":"2024-02-03T09:29:11","date_gmt":"2024-02-03T09:29:11","guid":{"rendered":"https:\/\/polysmarts.com\/?post_type=product&#038;p=1643"},"modified":"2024-02-03T10:11:41","modified_gmt":"2024-02-03T10:11:41","slug":"saco-de-vacuo-para-alimentos-em-relevo-com-textura-preta","status":"publish","type":"product","link":"https:\/\/polysmarts.com\/pt\/product\/black-textured-embossed-food-vacuum-bag\/","title":{"rendered":"Saco de v\u00e1cuo para alimentos em relevo texturizado preto"},"content":{"rendered":"<p>Apresentando nossos sacos seladores a v\u00e1cuo para prote\u00e7\u00e3o de alimentos texturizados e em relevo de \u00faltima gera\u00e7\u00e3o, projetados para preserva\u00e7\u00e3o de frescor superior e embalagens vers\u00e1teis. Feitos sob medida para atender \u00e0s suas necessidades espec\u00edficas, esses sacos a v\u00e1cuo possuem uma variedade de tamanhos personaliz\u00e1veis para acomodar diversos conte\u00fados, garantindo um ajuste perfeito para cada uso.<\/p>\n<p>Fabricados com precis\u00e3o, esses sacos seladores a v\u00e1cuo apresentam espessura que varia de 60 a 200 m\u00edcrons, proporcionando uma barreira excepcional contra umidade, oxig\u00eanio e luz. A constru\u00e7\u00e3o avan\u00e7ada inclui uma camada externa com op\u00e7\u00f5es como BOPP, Matt+OPP, Matt+PET, PET, VMPET e PA, uma camada intermedi\u00e1ria incorporando PET, VMPET, AL, VMCPP, PA, Papel ou BOPP perolizado e um camada interna de CPP, VMCPP, RCPP, PE ou Milk White PE.<\/p>\n<p>Nossos sacos seladores a v\u00e1cuo v\u00eam em diversas estruturas para atender diversas necessidades de embalagem, como MOPP\/VMPET\/PE, PET\/VMPET\/PE, MOPP\/VMPET\/NY\/PE, PET\/PE, PET\/PA\/PE, PET\/VMPET\/ PE, MOPP\/PET\/PE e muito mais. Isso garante a combina\u00e7\u00e3o perfeita para o seu produto espec\u00edfico, garantindo a n\u00e3o quebra, o n\u00e3o vazamento e a n\u00e3o delamina\u00e7\u00e3o.<\/p>\n<p>Caracter\u00edsticas principais:<\/p>\n<ul>\n<li>Excelente barreira \u00e0 umidade para frescor prolongado.<\/li>\n<li>Alta barreira ao oxig\u00eanio e \u00e0 luz para prote\u00e7\u00e3o ideal do produto.<\/li>\n<li>Boa resist\u00eancia a baixas temperaturas.<\/li>\n<li>Forte resist\u00eancia de veda\u00e7\u00e3o, resist\u00eancia de liga\u00e7\u00e3o e impressionante resist\u00eancia \u00e0 compress\u00e3o.<\/li>\n<li>Sem quebra, sem vazamento e sem delamina\u00e7\u00e3o para desempenho confi\u00e1vel.<\/li>\n<li>Efeito de impress\u00e3o n\u00edtido e v\u00edvido para uma exibi\u00e7\u00e3o de prateleira de alto n\u00edvel.<\/li>\n<\/ul>\n<p>Perfeitos para uma ampla gama de aplica\u00e7\u00f5es de embalagem, esses sacos seladores a v\u00e1cuo s\u00e3o equipados para aumentar a vida \u00fatil do seu produto, mantendo seu apelo visual. Com uma quantidade m\u00ednima de pedido de 1.000 pe\u00e7as, nossas sacolas v\u00eam em embalagens de papel\u00e3o padr\u00e3o para exporta\u00e7\u00e3o ou podem ser personalizadas para atender \u00e0s suas necessidades espec\u00edficas de embalagem.<\/p>\n<p>Escolha qualidade, escolha confiabilidade - opte por nossos sacos seladores a v\u00e1cuo texturizados e em relevo para prote\u00e7\u00e3o de alimentos para uma excel\u00eancia em embalagens que vai al\u00e9m das expectativas.<\/p>","protected":false},"excerpt":{"rendered":"<table style=\"height: 360px; width: 99.8505%; border-collapse: collapse;\" border=\"2\">\n<tbody>\n<tr style=\"height: 40px;\">\n<td style=\"width: 22.6796%; height: 30px; background-color: #99ccff;\"><span style=\"font-family: arial, helvetica, sans-serif; font-size: 12pt;\"><strong>Dimens\u00e3o e estilo<\/strong><\/span><\/td>\n<td style=\"width: 77.3204%; height: 30px; background-color: #99ccff;\"><span style=\"font-family: arial, helvetica, sans-serif; font-size: 12pt;\">Formas e tamanhos personalizados<\/span><\/td>\n<\/tr>\n<tr style=\"height: 40px;\">\n<td style=\"width: 22.6796%; height: 34px; background-color: #ebebeb;\"><span style=\"font-size: 12pt;\"><strong><span style=\"font-family: arial, helvetica, sans-serif;\">Quantidade m\u00ednima de pedido<\/span><\/strong><\/span><\/td>\n<td style=\"width: 77.3204%; height: 34px; background-color: #ebebeb;\"><span style=\"font-family: arial, helvetica, sans-serif; font-size: 12pt;\">1000pcs sem personaliza\u00e7\u00e3o, 10000pcs para personaliza\u00e7\u00e3o<\/span><\/td>\n<\/tr>\n<tr style=\"height: 40px; background-color: #99ccff;\">\n<td style=\"width: 22.6796%; height: 24px;\"><span style=\"font-size: 12pt;\"><strong><span style=\"font-family: arial, helvetica, sans-serif;\">Tipo de embalagem<\/span><\/strong><\/span><\/td>\n<td style=\"width: 77.3204%; height: 24px;\"><span style=\"font-family: arial, helvetica, sans-serif; font-size: 12pt;\">Sacos de v\u00e1cuo para alimentos de n\u00e1ilon\u00a0<\/span><\/td>\n<\/tr>\n<tr style=\"height: 40px; background-color: #ebebeb;\">\n<td style=\"width: 22.6796%; height: 24px;\"><span style=\"font-size: 12pt;\"><strong><span style=\"font-family: arial, helvetica, sans-serif;\">Material<\/span><\/strong><\/span><\/td>\n<td style=\"width: 77.3204%; height: 24px;\"><span style=\"font-family: arial, helvetica, sans-serif; font-size: 12pt;\">Camada externa: BOPP, Matt+OPP,Matt+PET,PET,VMPET,PA. Camada intermedi\u00e1ria: PET, VMPET, AL, VMCPP, PA, papel, BOPP perolizado dentro<br \/>\nCamada: CPP, VMCPP, RCPP, PE, Leite Branco PE<\/span><\/td>\n<\/tr>\n<tr style=\"height: 40px; background-color: #99ccff;\">\n<td style=\"width: 22.6796%; height: 24px;\"><span style=\"font-size: 12pt;\"><strong><span style=\"font-family: arial, helvetica, sans-serif;\">Acabamento<\/span><\/strong><\/span><\/td>\n<td style=\"width: 77.3204%; height: 24px;\"><span style=\"font-family: arial, helvetica, sans-serif; font-size: 12pt;\">Em relevo<\/span><\/td>\n<\/tr>\n<tr style=\"height: 40px; background-color: #ebebeb;\">\n<td style=\"width: 22.6796%; height: 24px;\"><span style=\"font-size: 12pt;\"><strong><span style=\"font-family: arial, helvetica, sans-serif;\">Faixa de temperatura<\/span><\/strong><\/span><\/td>\n<td style=\"width: 77.3204%; height: 24px;\"><span style=\"font-family: arial, helvetica, sans-serif; font-size: 12pt;\">-40\u00baC a 121\u00baC <span style=\"font-size: 12pt;\"><strong><span style=\"font-family: arial, helvetica, sans-serif;\">\u00a0<\/span><\/strong><\/span><\/span><\/td>\n<\/tr>\n<tr style=\"height: 40px; background-color: #99ccff;\">\n<td style=\"width: 22.6796%; height: 24px;\"><span style=\"font-size: 12pt;\"><strong><span style=\"font-family: arial, helvetica, sans-serif;\">Grossura<\/span><\/strong><\/span><\/td>\n<td style=\"width: 77.3204%; height: 24px;\"><span style=\"font-family: arial, helvetica, sans-serif; font-size: 12pt;\">20-300 m\u00edcrons<\/span><\/td>\n<\/tr>\n<tr style=\"height: 40px; background-color: #ebebeb;\">\n<td style=\"width: 22.6796%; height: 24px;\"><span style=\"font-size: 12pt;\"><strong><span style=\"font-family: arial, helvetica, sans-serif;\">Tempo de resposta<\/span><\/strong><\/span><\/td>\n<td style=\"width: 77.3204%; height: 24px;\"><span style=\"font-family: arial, helvetica, sans-serif; font-size: 12pt;\">7 a 15 dias \u00fateis, RUSH<\/span><\/td>\n<\/tr>\n<tr style=\"height: 40px; background-color: #99ccff;\">\n<td style=\"width: 22.6796%; height: 24px;\"><span style=\"font-size: 12pt;\"><strong><span style=\"font-family: arial, helvetica, sans-serif;\">Recurso<\/span><\/strong><\/span><\/td>\n<td style=\"width: 77.3204%; height: 24px;\"><span style=\"font-family: arial, helvetica, sans-serif; font-size: 12pt;\"><span style=\"font-family: arial, helvetica, sans-serif; font-size: 12pt;\"><span class=\"magic-21\" style=\"color: #000000;\" data-spm-anchor-id=\"a2700.details.0.i97.68762ee9C6INGa\">\u2022Excelente barreira contra umidade, alta barreira de oxig\u00eanio e luz, boa resist\u00eancia a baixas temperaturas.\u00a0<\/span><\/span><\/span><\/p>\n<p><span class=\"magic-21\" style=\"color: #000000;\">\u2022 Forte resist\u00eancia \u00e0 veda\u00e7\u00e3o; for\u00e7a de liga\u00e7\u00e3o e excelente resist\u00eancia \u00e0 compress\u00e3o.<\/span><\/p>\n<div data-spm-anchor-id=\"a2700.pc-decorate.0.i48.6a1533339opQdV\"><span class=\"magic-21\" style=\"color: #000000;\">\u2022 N\u00e3o quebra, n\u00e3o vazamento, n\u00e3o delamina\u00e7\u00e3o.\u00a0<\/span><\/div>\n<div data-spm-anchor-id=\"a2700.pc-decorate.0.i48.6a1533339opQdV\"><span class=\"magic-21\" style=\"color: #000000;\">\u2022 Efeito de impress\u00e3o n\u00edtido e v\u00edvido, display de prateleira de primeira qualidade.<\/span><\/div>\n<div data-spm-anchor-id=\"a2700.pc-decorate.0.i48.6a1533339opQdV\"><span class=\"magic-21\" style=\"color: #000000;\">\u2022Amplamente aplicado em embalagens.<\/span><\/div>\n<\/td>\n<\/tr>\n<\/tbody>\n<\/table>\n<p>&nbsp;<\/p>","protected":false},"featured_media":1644,"comment_status":"open","ping_status":"closed","template":"","meta":[],"product_brand":[],"product_cat":[26,19],"product_tag":[],"class_list":{"0":"post-1643","1":"product","2":"type-product","3":"status-publish","4":"has-post-thumbnail","6":"product_cat-food-packaging","7":"product_cat-heat-sealing-bag","9":"first","10":"instock","11":"shipping-taxable","12":"product-type-simple"},"_links":{"self":[{"href":"https:\/\/polysmarts.com\/pt\/wp-json\/wp\/v2\/product\/1643","targetHints":{"allow":["GET"]}}],"collection":[{"href":"https:\/\/polysmarts.com\/pt\/wp-json\/wp\/v2\/product"}],"about":[{"href":"https:\/\/polysmarts.com\/pt\/wp-json\/wp\/v2\/types\/product"}],"replies":[{"embeddable":true,"href":"https:\/\/polysmarts.com\/pt\/wp-json\/wp\/v2\/comments?post=1643"}],"version-history":[{"count":3,"href":"https:\/\/polysmarts.com\/pt\/wp-json\/wp\/v2\/product\/1643\/revisions"}],"predecessor-version":[{"id":1652,"href":"https:\/\/polysmarts.com\/pt\/wp-json\/wp\/v2\/product\/1643\/revisions\/1652"}],"wp:featuredmedia":[{"embeddable":true,"href":"https:\/\/polysmarts.com\/pt\/wp-json\/wp\/v2\/media\/1644"}],"wp:attachment":[{"href":"https:\/\/polysmarts.com\/pt\/wp-json\/wp\/v2\/media?parent=1643"}],"wp:term":[{"taxonomy":"product_brand","embeddable":true,"href":"https:\/\/polysmarts.com\/pt\/wp-json\/wp\/v2\/product_brand?post=1643"},{"taxonomy":"product_cat","embeddable":true,"href":"https:\/\/polysmarts.com\/pt\/wp-json\/wp\/v2\/product_cat?post=1643"},{"taxonomy":"product_tag","embeddable":true,"href":"https:\/\/polysmarts.com\/pt\/wp-json\/wp\/v2\/product_tag?post=1643"}],"curies":[{"name":"wp","href":"https:\/\/api.w.org\/{rel}","templated":true}]}}