{"id":1624,"date":"2024-02-01T09:04:34","date_gmt":"2024-02-01T09:04:34","guid":{"rendered":"https:\/\/polysmarts.com\/?post_type=product&#038;p=1624"},"modified":"2024-02-01T10:32:23","modified_gmt":"2024-02-01T10:32:23","slug":"bolsas-de-fundo-plano-para-racao-para-caes-e-gatos","status":"publish","type":"product","link":"https:\/\/polysmarts.com\/pt\/product\/cat-dog-pet-food-flat-bottom-pouches\/","title":{"rendered":"Bolsas de fundo plano para alimentos para animais de estima\u00e7\u00e3o para c\u00e3es e gatos"},"content":{"rendered":"<p class=\"whitespace-pre-wrap\">Os donos de animais de estima\u00e7\u00e3o procuram produtos eficazes e ben\u00e9ficos para seus amados amigos peludos e emplumados. Como resultado, as embalagens de alimentos para animais de estima\u00e7\u00e3o devem mostrar a seguran\u00e7a do produto, o bem-estar e as conex\u00f5es emocionais entre animais de estima\u00e7\u00e3o e propriet\u00e1rios.<\/p>\n<p class=\"whitespace-pre-wrap\">Na Polysmarts Packaging, oferecemos linhas de produ\u00e7\u00e3o dedicadas de embalagens de alimentos para animais de estima\u00e7\u00e3o, equipadas para atender a qualquer necessidade \u2013 desde sacos de amostra at\u00e9 sacos de 40 lb. Nossas op\u00e7\u00f5es de embalagens incluem:<\/p>\n<ul class=\"list-disc pl-8 space-y-2\">\n<li class=\"whitespace-normal\">Bolsas com veda\u00e7\u00e3o qu\u00e1drupla - Nossas bolsas com veda\u00e7\u00e3o de quatro cantos mant\u00eam os alimentos ultrafrescos, permitindo que os animais de estima\u00e7\u00e3o tenham acesso at\u00e9 a \u00faltima mordida na comida.<\/li>\n<li class=\"whitespace-normal\">Bolsas ressel\u00e1veis stand-up \u2013 As bolsas com z\u00edper reutiliz\u00e1veis ficam em p\u00e9 para facilitar a coleta e o armazenamento, mantendo o frescor entre as por\u00e7\u00f5es.<\/li>\n<li class=\"whitespace-normal\">Bolsas de fundo plano - Com fundo plano e veda\u00e7\u00e3o qu\u00e1drupla, essas bolsas oferecem espa\u00e7o m\u00e1ximo para alimentos para animais de estima\u00e7\u00e3o, juntamente com uma barreira herm\u00e9tica para reter nutri\u00e7\u00e3o e sabor. A base plana facilita o armazenamento na vertical.<\/li>\n<\/ul>\n<p class=\"whitespace-pre-wrap\">Nossa profunda hist\u00f3ria em embalagens de alimentos para animais de estima\u00e7\u00e3o oferece experi\u00eancia \u00fanica em:<\/p>\n<ul class=\"list-disc pl-8 space-y-2\">\n<li class=\"whitespace-normal\">Mantendo os alimentos frescos com lamina\u00e7\u00f5es de alta barreira<\/li>\n<li class=\"whitespace-normal\">Solu\u00e7\u00f5es de paletiza\u00e7\u00e3o como prote\u00e7\u00e3o antiderrapante<\/li>\n<li class=\"whitespace-normal\">Personaliza\u00e7\u00e3o para tamanhos e formatos exclusivos de produtos<\/li>\n<\/ul>\n<p class=\"whitespace-pre-wrap\">Como pais de animais de estima\u00e7\u00e3o, entendemos que escolher o alimento certo \u00e9 fundamental para a sa\u00fade e a felicidade do seu animal de estima\u00e7\u00e3o. Nossas bolsas com selo qu\u00e1druplo de fundo plano mant\u00eam a nutri\u00e7\u00e3o presa e arejada - garantindo que seu amigo peludo aproveite cada mordida exatamente como no dia em que foi preparada. Contate-nos para solicitar amostras ou discutir suas necessidades de embalagens de alimentos para animais de estima\u00e7\u00e3o!<\/p>","protected":false},"excerpt":{"rendered":"<table style=\"height: 360px; width: 99.8505%; border-collapse: collapse;\" border=\"2\">\n<tbody>\n<tr style=\"height: 40px;\">\n<td style=\"width: 22.6796%; height: 30px; background-color: #99ccff;\"><span style=\"font-family: arial, helvetica, sans-serif; font-size: 12pt;\"><strong>Dimens\u00e3o e estilo<\/strong><\/span><\/td>\n<td style=\"width: 77.3204%; height: 30px; background-color: #99ccff;\"><span style=\"font-family: arial, helvetica, sans-serif; font-size: 12pt;\">Formas e tamanhos personalizados<\/span><\/td>\n<\/tr>\n<tr style=\"height: 40px;\">\n<td style=\"width: 22.6796%; height: 34px; background-color: #ebebeb;\"><span style=\"font-size: 12pt;\"><strong><span style=\"font-family: arial, helvetica, sans-serif;\">Quantidade m\u00ednima de pedido<\/span><\/strong><\/span><\/td>\n<td style=\"width: 77.3204%; height: 34px; background-color: #ebebeb;\"><span style=\"font-family: arial, helvetica, sans-serif; font-size: 12pt;\">1000pcs sem personaliza\u00e7\u00e3o, 10000pcs para personaliza\u00e7\u00e3o<\/span><\/td>\n<\/tr>\n<tr style=\"height: 40px; background-color: #99ccff;\">\n<td style=\"width: 22.6796%; height: 24px;\"><span style=\"font-size: 12pt;\"><strong><span style=\"font-family: arial, helvetica, sans-serif;\">Tipo de embalagem<\/span><\/strong><\/span><\/td>\n<td style=\"width: 77.3204%; height: 24px;\"><span style=\"font-family: arial, helvetica, sans-serif; font-size: 12pt;\">Bolsas de fundo plano (bolsas de fundo plano para alimentos para animais de estima\u00e7\u00e3o)<\/span><\/td>\n<\/tr>\n<tr style=\"height: 40px; background-color: #ebebeb;\">\n<td style=\"width: 22.6796%; height: 24px;\"><span style=\"font-size: 12pt;\"><strong><span style=\"font-family: arial, helvetica, sans-serif;\">Impress\u00e3o<\/span><\/strong><\/span><\/td>\n<td style=\"width: 77.3204%; height: 24px;\"><span style=\"font-family: arial, helvetica, sans-serif; font-size: 12pt;\">Impress\u00e3o de rotogravura (1 - 10 cores), sem impress\u00e3o (comum)<\/span><\/td>\n<\/tr>\n<tr style=\"height: 40px; background-color: #99ccff;\">\n<td style=\"width: 22.6796%; height: 24px;\"><span style=\"font-size: 12pt;\"><strong><span style=\"font-family: arial, helvetica, sans-serif;\">Acabamento<\/span><\/strong><\/span><\/td>\n<td style=\"width: 77.3204%; height: 24px;\"><span style=\"font-family: arial, helvetica, sans-serif; font-size: 12pt;\">Lamina\u00e7\u00e3o brilhante\/fosca<\/span><\/td>\n<\/tr>\n<tr style=\"height: 40px; background-color: #ebebeb;\">\n<td style=\"width: 22.6796%; height: 24px;\"><span style=\"font-size: 12pt;\"><strong><span style=\"font-family: arial, helvetica, sans-serif;\">Op\u00e7\u00f5es inclu\u00eddas<\/span><\/strong><\/span><\/td>\n<td style=\"width: 77.3204%; height: 24px;\"><span style=\"font-family: arial, helvetica, sans-serif; font-size: 12pt;\">Corte e vinco<\/span><\/td>\n<\/tr>\n<tr style=\"height: 40px; background-color: #99ccff;\">\n<td style=\"width: 22.6796%; height: 24px;\"><span style=\"font-size: 12pt;\"><strong><span style=\"font-family: arial, helvetica, sans-serif;\">Prova<\/span><\/strong><\/span><\/td>\n<td style=\"width: 77.3204%; height: 24px;\"><span style=\"font-family: arial, helvetica, sans-serif; font-size: 12pt;\">Provas de cheiro<\/span><\/td>\n<\/tr>\n<tr style=\"height: 40px; background-color: #ebebeb;\">\n<td style=\"width: 22.6796%; height: 24px;\"><span style=\"font-size: 12pt;\"><strong><span style=\"font-family: arial, helvetica, sans-serif;\">Tempo de resposta<\/span><\/strong><\/span><\/td>\n<td style=\"width: 77.3204%; height: 24px;\"><span style=\"font-family: arial, helvetica, sans-serif; font-size: 12pt;\">7 a 15 dias \u00fateis, RUSH<\/span><\/td>\n<\/tr>\n<tr style=\"height: 40px; background-color: #99ccff;\">\n<td style=\"width: 22.6796%; height: 24px;\"><span style=\"font-size: 12pt;\"><strong><span style=\"font-family: arial, helvetica, sans-serif;\">Envio<\/span><\/strong><\/span><\/td>\n<td style=\"width: 77.3204%; height: 24px;\"><span style=\"font-family: arial, helvetica, sans-serif; font-size: 12pt;\">A\u00e9reo, Mar\u00edtimo, Expresso<\/span><\/td>\n<\/tr>\n<\/tbody>\n<\/table>\n<p>&nbsp;<\/p>","protected":false},"featured_media":1637,"comment_status":"open","ping_status":"closed","template":"","meta":[],"product_brand":[],"product_cat":[26,18],"product_tag":[],"class_list":{"0":"post-1624","1":"product","2":"type-product","3":"status-publish","4":"has-post-thumbnail","6":"product_cat-food-packaging","7":"product_cat-zipper-bags","9":"first","10":"instock","11":"shipping-taxable","12":"product-type-simple"},"_links":{"self":[{"href":"https:\/\/polysmarts.com\/pt\/wp-json\/wp\/v2\/product\/1624","targetHints":{"allow":["GET"]}}],"collection":[{"href":"https:\/\/polysmarts.com\/pt\/wp-json\/wp\/v2\/product"}],"about":[{"href":"https:\/\/polysmarts.com\/pt\/wp-json\/wp\/v2\/types\/product"}],"replies":[{"embeddable":true,"href":"https:\/\/polysmarts.com\/pt\/wp-json\/wp\/v2\/comments?post=1624"}],"version-history":[{"count":1,"href":"https:\/\/polysmarts.com\/pt\/wp-json\/wp\/v2\/product\/1624\/revisions"}],"predecessor-version":[{"id":1642,"href":"https:\/\/polysmarts.com\/pt\/wp-json\/wp\/v2\/product\/1624\/revisions\/1642"}],"wp:featuredmedia":[{"embeddable":true,"href":"https:\/\/polysmarts.com\/pt\/wp-json\/wp\/v2\/media\/1637"}],"wp:attachment":[{"href":"https:\/\/polysmarts.com\/pt\/wp-json\/wp\/v2\/media?parent=1624"}],"wp:term":[{"taxonomy":"product_brand","embeddable":true,"href":"https:\/\/polysmarts.com\/pt\/wp-json\/wp\/v2\/product_brand?post=1624"},{"taxonomy":"product_cat","embeddable":true,"href":"https:\/\/polysmarts.com\/pt\/wp-json\/wp\/v2\/product_cat?post=1624"},{"taxonomy":"product_tag","embeddable":true,"href":"https:\/\/polysmarts.com\/pt\/wp-json\/wp\/v2\/product_tag?post=1624"}],"curies":[{"name":"wp","href":"https:\/\/api.w.org\/{rel}","templated":true}]}}