{"id":1596,"date":"2024-01-11T16:00:19","date_gmt":"2024-01-11T16:00:19","guid":{"rendered":"https:\/\/polysmarts.com\/?post_type=product&#038;p=1596"},"modified":"2024-01-11T16:15:58","modified_gmt":"2024-01-11T16:15:58","slug":"melhor-fornecedor-de-sacos-com-ziper-fosco-para-roupas","status":"publish","type":"product","link":"https:\/\/polysmarts.com\/pt\/product\/best-supplier-frosted-zipper-bags-for-clothes\/","title":{"rendered":"Melhor fornecedor de sacos com z\u00edper fosco para roupas"},"content":{"rendered":"<p><strong>Principais caracter\u00edsticas dos sacos com z\u00edper fosco para roupas:<\/strong><\/p>\n<p><strong>1. Toque personalizado:<\/strong> Adicione seu pr\u00f3prio texto ou logotipo para criar uma embalagem distinta e memor\u00e1vel para suas pe\u00e7as de roupa. Quer voc\u00ea seja um entusiasta da moda, uma pequena empresa ou uma marca bem estabelecida, essas bolsas permitem causar uma impress\u00e3o duradoura.<\/p>\n<p><strong>2. Sacos de embalagem com logotipo personalizado:<\/strong> Aumente a presen\u00e7a da sua marca incorporando seu logotipo na superf\u00edcie da bolsa. Esta \u00e9 uma excelente oportunidade para refor\u00e7ar o reconhecimento da marca e deixar uma impress\u00e3o duradoura nos seus clientes.<\/p>\n<p><strong>3. Dur\u00e1vel e seguro:<\/strong> Confeccionadas em material PE de alta qualidade, essas bolsas garantem durabilidade e prote\u00e7\u00e3o \u00e0s suas roupas. O recurso zip-lock adiciona uma camada extra de seguran\u00e7a, mantendo suas pe\u00e7as de roupa protegidas contra poeira, umidade e outros fatores ambientais.<\/p>\n<p><strong>4. Manuseio de Superf\u00edcie \u2013 Impress\u00e3o Offset:<\/strong> Beneficie-se da qualidade superior da impress\u00e3o offset, garantindo que seu texto, logotipo ou qualquer design personalizado seja exibido de forma v\u00edvida e profissional na superf\u00edcie da bolsa. O resultado \u00e9 uma apar\u00eancia polida e atraente.<\/p>\n<p><strong>5. Op\u00e7\u00f5es de cores:<\/strong> Escolha entre uma paleta de 10 cores vibrantes para sua bolsa ou impress\u00e3o de logotipo. Essa flexibilidade permite alinhar sua embalagem com o esquema de cores da sua marca ou criar combina\u00e7\u00f5es visualmente atraentes que se destaquem.<\/p>\n<p><strong>6. Espessura ajust\u00e1vel:<\/strong> Personalize a espessura dos sacos de acordo com suas demandas espec\u00edficas, variando de 50 a 200 m\u00edcrons. Isso garante que sua embalagem n\u00e3o apenas tenha uma \u00f3tima apar\u00eancia, mas tamb\u00e9m forne\u00e7a o n\u00edvel de prote\u00e7\u00e3o necess\u00e1rio para suas roupas.<\/p>\n<p>Atualize seu jogo de embalagens com nosso <strong>Sacos com z\u00edper fosco para roupas<\/strong>. Cause impacto, crie reconhecimento de marca e entregue suas pe\u00e7as de roupa com estilo. Fa\u00e7a seu pedido agora para experimentar a combina\u00e7\u00e3o perfeita de personaliza\u00e7\u00e3o, durabilidade e apelo visual!<\/p>","protected":false},"excerpt":{"rendered":"<table style=\"height: 360px; width: 100.741%; border-collapse: collapse; background-color: #ebebeb;\" border=\"2\">\n<tbody>\n<tr style=\"height: 40px;\">\n<td style=\"width: 22.6796%; height: 30px; background-color: #99ccff;\"><span style=\"font-family: arial, helvetica, sans-serif; font-size: 12pt;\"><strong>Dimens\u00e3o e estilo<\/strong><\/span><\/td>\n<td style=\"width: 78.2121%; height: 30px; background-color: #99ccff;\"><span style=\"font-family: arial, helvetica, sans-serif; font-size: 12pt;\">Formas e tamanhos personalizados<\/span><\/td>\n<\/tr>\n<tr style=\"height: 40px;\">\n<td style=\"width: 22.6796%; height: 34px; background-color: #ebebeb;\"><span style=\"font-size: 12pt;\"><strong><span style=\"font-family: arial, helvetica, sans-serif;\">Quantidade m\u00ednima de pedido<\/span><\/strong><\/span><\/td>\n<td style=\"width: 78.2121%; height: 34px; background-color: #ebebeb;\"><span style=\"font-family: arial, helvetica, sans-serif; font-size: 12pt;\">1000pcs sem personaliza\u00e7\u00e3o, 10000pcs para personaliza\u00e7\u00e3o<\/span><\/td>\n<\/tr>\n<tr style=\"height: 40px; background-color: #99ccff;\">\n<td style=\"width: 22.6796%; height: 24px;\"><span style=\"font-size: 12pt;\"><strong><span style=\"font-family: arial, helvetica, sans-serif;\">Tipo de embalagem<\/span><\/strong><\/span><\/td>\n<td style=\"width: 78.2121%; height: 24px;\"><span style=\"font-family: arial, helvetica, sans-serif; font-size: 12pt;\">Sacos com z\u00edper fosco PE para controle deslizante de roupas<\/span><\/td>\n<\/tr>\n<tr style=\"height: 40px; background-color: #ebebeb;\">\n<td style=\"width: 22.6796%; height: 24px;\"><span style=\"font-size: 12pt;\"><strong><span style=\"font-family: arial, helvetica, sans-serif;\">Impress\u00e3o<\/span><\/strong><\/span><\/td>\n<td style=\"width: 78.2121%; height: 24px;\"><span style=\"font-family: arial, helvetica, sans-serif; font-size: 12pt;\">CMYK (1 \u2013 10 cores), sem impress\u00e3o (normal)<\/span><\/td>\n<\/tr>\n<tr style=\"height: 40px; background-color: #99ccff;\">\n<td style=\"width: 22.6796%; height: 24px;\"><span style=\"font-size: 12pt;\"><strong><span style=\"font-family: arial, helvetica, sans-serif;\">Manuseio de Superf\u00edcie<\/span><\/strong><\/span><\/td>\n<td style=\"width: 78.2121%; height: 24px;\"><span style=\"font-family: arial, helvetica, sans-serif; font-size: 12pt;\">Impress\u00e3o offset<\/span><\/td>\n<\/tr>\n<tr style=\"height: 40px; background-color: #ebebeb;\">\n<td style=\"width: 22.6796%; height: 24px;\"><span style=\"font-size: 12pt;\"><strong><span style=\"font-family: arial, helvetica, sans-serif;\">Material<\/span><\/strong><\/span><\/td>\n<td style=\"width: 78.2121%; height: 24px;\"><span style=\"font-family: arial, helvetica, sans-serif; font-size: 12pt;\">EPC, EPI<\/span><\/td>\n<\/tr>\n<tr style=\"height: 40px; background-color: #99ccff;\">\n<td style=\"width: 22.6796%; height: 24px;\"><span style=\"font-size: 12pt;\"><strong><span style=\"font-family: arial, helvetica, sans-serif;\">Tamanho<\/span><\/strong><\/span><\/td>\n<td style=\"width: 78.2121%; height: 24px;\"><span style=\"font-family: arial, helvetica, sans-serif; font-size: 12pt;\">20*26cm, 24*34cm, 28*28cm, 30*40cm,36*46cm, 40*45cm, 45*55cm ou personalizado<\/span><\/td>\n<\/tr>\n<tr style=\"height: 40px; background-color: #ebebeb;\">\n<td style=\"width: 22.6796%; height: 24px;\"><span style=\"font-size: 12pt;\"><strong><span style=\"font-family: arial, helvetica, sans-serif;\">Grossura<\/span><\/strong><\/span><\/td>\n<td style=\"width: 78.2121%; height: 24px;\"><span style=\"font-family: arial, helvetica, sans-serif; font-size: 12pt;\">120 m\u00edcrons para lados duplos, espessura personalizada Accpet<\/span><\/td>\n<\/tr>\n<tr style=\"height: 40px; background-color: #99ccff;\">\n<td style=\"width: 22.6796%; height: 24px;\"><span style=\"font-size: 12pt;\"><strong><span style=\"font-family: arial, helvetica, sans-serif;\">Envio<\/span><\/strong><\/span><\/td>\n<td style=\"width: 78.2121%; height: 24px;\"><span style=\"font-family: arial, helvetica, sans-serif; font-size: 12pt;\">A\u00e9reo, Mar\u00edtimo, Expresso<\/span><\/td>\n<\/tr>\n<tr style=\"height: 40px; background-color: #ebebeb;\">\n<td style=\"width: 22.6796%; height: 24px;\"><span style=\"font-size: 12pt;\"><strong><span style=\"font-family: arial, helvetica, sans-serif;\">Tempo de resposta<\/span><\/strong><\/span><\/td>\n<td style=\"width: 78.2121%; height: 24px;\"><span style=\"font-family: arial, helvetica, sans-serif; font-size: 12pt;\">7 a 15 dias \u00fateis, RUSH<\/span><\/td>\n<\/tr>\n<\/tbody>\n<\/table>\n<p>&nbsp;<\/p>","protected":false},"featured_media":1597,"comment_status":"open","ping_status":"closed","template":"","meta":[],"product_brand":[],"product_cat":[31,21,18],"product_tag":[],"class_list":{"0":"post-1596","1":"product","2":"type-product","3":"status-publish","4":"has-post-thumbnail","6":"product_cat-clothing-packaging","7":"product_cat-opp-cpp-pe-cpe-single-material-bag","8":"product_cat-zipper-bags","10":"first","11":"instock","12":"shipping-taxable","13":"product-type-simple"},"_links":{"self":[{"href":"https:\/\/polysmarts.com\/pt\/wp-json\/wp\/v2\/product\/1596","targetHints":{"allow":["GET"]}}],"collection":[{"href":"https:\/\/polysmarts.com\/pt\/wp-json\/wp\/v2\/product"}],"about":[{"href":"https:\/\/polysmarts.com\/pt\/wp-json\/wp\/v2\/types\/product"}],"replies":[{"embeddable":true,"href":"https:\/\/polysmarts.com\/pt\/wp-json\/wp\/v2\/comments?post=1596"}],"version-history":[{"count":2,"href":"https:\/\/polysmarts.com\/pt\/wp-json\/wp\/v2\/product\/1596\/revisions"}],"predecessor-version":[{"id":1604,"href":"https:\/\/polysmarts.com\/pt\/wp-json\/wp\/v2\/product\/1596\/revisions\/1604"}],"wp:featuredmedia":[{"embeddable":true,"href":"https:\/\/polysmarts.com\/pt\/wp-json\/wp\/v2\/media\/1597"}],"wp:attachment":[{"href":"https:\/\/polysmarts.com\/pt\/wp-json\/wp\/v2\/media?parent=1596"}],"wp:term":[{"taxonomy":"product_brand","embeddable":true,"href":"https:\/\/polysmarts.com\/pt\/wp-json\/wp\/v2\/product_brand?post=1596"},{"taxonomy":"product_cat","embeddable":true,"href":"https:\/\/polysmarts.com\/pt\/wp-json\/wp\/v2\/product_cat?post=1596"},{"taxonomy":"product_tag","embeddable":true,"href":"https:\/\/polysmarts.com\/pt\/wp-json\/wp\/v2\/product_tag?post=1596"}],"curies":[{"name":"wp","href":"https:\/\/api.w.org\/{rel}","templated":true}]}}