{"id":1587,"date":"2024-01-08T09:52:06","date_gmt":"2024-01-08T09:52:06","guid":{"rendered":"https:\/\/polysmarts.com\/?post_type=product&#038;p=1587"},"modified":"2024-01-08T09:59:25","modified_gmt":"2024-01-08T09:59:25","slug":"saco-de-papel-kraft-doypack-de-cor-personalizada-com-janela","status":"publish","type":"product","link":"https:\/\/polysmarts.com\/pt\/product\/custom-color-doypack-kraft-paper-bag-with-window\/","title":{"rendered":"Saco de papel Kraft Doypack de cor personalizada com janela"},"content":{"rendered":"<p>Saco de papel Kraft Color Doypack \u2013 uma mistura perfeita de estilo e funcionalidade. Fabricadas a partir de uma combina\u00e7\u00e3o de papel, PET e PE, essas sacolas s\u00e3o totalmente personaliz\u00e1veis para atender \u00e0s suas necessidades exclusivas.<\/p>\n<p><strong>Caracter\u00edsticas principais:<\/strong><\/p>\n<ul>\n<li><strong>Op\u00e7\u00f5es de materiais:<\/strong>\n<ul>\n<li>Papel+PET+PE (Personalizado para suas necessidades espec\u00edficas)<\/li>\n<\/ul>\n<\/li>\n<li><strong>Cores de impress\u00e3o:<\/strong>\n<ul>\n<li>Imprima sua marca com detalhes v\u00edvidos com at\u00e9 10 cores.<\/li>\n<\/ul>\n<\/li>\n<li><strong>Dimens\u00e3o ou tamanho:<\/strong>\n<ul>\n<li>Envie-nos uma consulta para dimens\u00f5es detalhadas adaptadas \u00e0s suas necessidades.<\/li>\n<\/ul>\n<\/li>\n<li><strong>Tipo de impress\u00e3o:<\/strong>\n<ul>\n<li>Impress\u00e3o de rotogravura para a mais alta qualidade de impress\u00e3o.<\/li>\n<\/ul>\n<\/li>\n<li><strong>Aplicativo:<\/strong>\n<ul>\n<li>Ideal para Whey Protein, Pet Food, Ch\u00e1, Caf\u00e9, Biscoitos, Lanches, Doces, P\u00f3, Alimentos Secos e muito mais.<\/li>\n<\/ul>\n<\/li>\n<li><strong>Acabamento da superf\u00edcie:<\/strong>\n<ul>\n<li>Escolha entre acabamento brilhante ou fosco, com op\u00e7\u00e3o de Spot UV para melhorar o apelo visual.<\/li>\n<\/ul>\n<\/li>\n<li><strong>MOQ (quantidade m\u00ednima de pedido):<\/strong>\n<ul>\n<li>Aproximadamente 10.000 unidades (sujeito ao tamanho da bolsa).<\/li>\n<\/ul>\n<\/li>\n<\/ul>\n<p>Experimente a conveni\u00eancia das embalagens que podem ser fechadas novamente, tornando essas sacolas perfeitas para preservar o frescor. A janela transparente acrescenta um toque de sofistica\u00e7\u00e3o ao mesmo tempo que permite aos clientes vislumbrar o conte\u00fado. Esteja voc\u00ea embalando prote\u00edna de soro de leite, ra\u00e7\u00e3o para animais de estima\u00e7\u00e3o ou lanches gourmet, essas sacolas s\u00e3o projetadas para atender aos seus altos padr\u00f5es.<\/p>\n<p>Nossos sacos de papel Ziplock Color Kraft n\u00e3o s\u00e3o apenas recipientes; eles s\u00e3o uma declara\u00e7\u00e3o de seu compromisso com qualidade e estilo. Eleve a apresenta\u00e7\u00e3o do seu produto com embalagens que se destacam e mant\u00eam seus itens frescos e seguros.<\/p>","protected":false},"excerpt":{"rendered":"<table style=\"height: 360px; width: 99.8505%; border-collapse: collapse;\" border=\"2\">\n<tbody>\n<tr style=\"height: 40px;\">\n<td style=\"width: 22.6796%; height: 30px; background-color: #99ccff;\"><span style=\"font-family: arial, helvetica, sans-serif; font-size: 12pt;\"><strong>Dimens\u00e3o e estilo<\/strong><\/span><\/td>\n<td style=\"width: 77.3204%; height: 30px; background-color: #99ccff;\"><span style=\"font-family: arial, helvetica, sans-serif; font-size: 12pt;\">Formas e tamanhos personalizados<\/span><\/td>\n<\/tr>\n<tr style=\"height: 40px;\">\n<td style=\"width: 22.6796%; height: 34px; background-color: #ebebeb;\"><span style=\"font-size: 12pt;\"><strong><span style=\"font-family: arial, helvetica, sans-serif;\">Quantidade m\u00ednima de pedido<\/span><\/strong><\/span><\/td>\n<td style=\"width: 77.3204%; height: 34px; background-color: #ebebeb;\"><span style=\"font-family: arial, helvetica, sans-serif; font-size: 12pt;\">1000pcs sem personaliza\u00e7\u00e3o, 10000pcs para personaliza\u00e7\u00e3o<\/span><\/td>\n<\/tr>\n<tr style=\"height: 40px; background-color: #99ccff;\">\n<td style=\"width: 22.6796%; height: 24px;\"><span style=\"font-size: 12pt;\"><strong><span style=\"font-family: arial, helvetica, sans-serif;\">Tipo de embalagem<\/span><\/strong><\/span><\/td>\n<td style=\"width: 77.3204%; height: 24px;\"><span style=\"font-family: arial, helvetica, sans-serif; font-size: 12pt;\">Sacos de papel Kraft de p\u00e9<\/span><\/td>\n<\/tr>\n<tr style=\"height: 40px; background-color: #ebebeb;\">\n<td style=\"width: 22.6796%; height: 24px;\"><span style=\"font-size: 12pt;\"><strong><span style=\"font-family: arial, helvetica, sans-serif;\">Impress\u00e3o<\/span><\/strong><\/span><\/td>\n<td style=\"width: 77.3204%; height: 24px;\"><span style=\"font-family: arial, helvetica, sans-serif; font-size: 12pt;\">CMYK (1 \u2013 10 cores), sem impress\u00e3o (normal)<\/span><\/td>\n<\/tr>\n<tr style=\"height: 40px; background-color: #99ccff;\">\n<td style=\"width: 22.6796%; height: 24px;\"><span style=\"font-size: 12pt;\"><strong><span style=\"font-family: arial, helvetica, sans-serif;\">Acabamento<\/span><\/strong><\/span><\/td>\n<td style=\"width: 77.3204%; height: 24px;\"><span style=\"font-family: arial, helvetica, sans-serif; font-size: 12pt;\">Lamina\u00e7\u00e3o brilhante\/fosca, revestimento aquoso, verniz localizado, revestimento UV, grava\u00e7\u00e3o em relevo, grava\u00e7\u00e3o em relevo, impress\u00e3o em folha<\/span><\/td>\n<\/tr>\n<tr style=\"height: 40px; background-color: #ebebeb;\">\n<td style=\"width: 22.6796%; height: 24px;\"><span style=\"font-size: 12pt;\"><strong><span style=\"font-family: arial, helvetica, sans-serif;\">Op\u00e7\u00f5es inclu\u00eddas<\/span><\/strong><\/span><\/td>\n<td style=\"width: 77.3204%; height: 24px;\"><span style=\"font-family: arial, helvetica, sans-serif; font-size: 12pt;\">Corte e vinco<\/span><\/td>\n<\/tr>\n<tr style=\"height: 40px; background-color: #99ccff;\">\n<td style=\"width: 22.6796%; height: 24px;\"><span style=\"font-size: 12pt;\"><strong><span style=\"font-family: arial, helvetica, sans-serif;\">Prova<\/span><\/strong><\/span><\/td>\n<td style=\"width: 77.3204%; height: 24px;\"><span style=\"font-family: arial, helvetica, sans-serif; font-size: 12pt;\">Provas Eletr\u00f4nicas (visualiza\u00e7\u00e3o plana\/maquete 3D), Provas Impressas Digitalmente (sem grandes efeitos de acabamento), Amostragem F\u00edsica (sob consulta)<\/span><\/td>\n<\/tr>\n<tr style=\"height: 40px; background-color: #ebebeb;\">\n<td style=\"width: 22.6796%; height: 24px;\"><span style=\"font-size: 12pt;\"><strong><span style=\"font-family: arial, helvetica, sans-serif;\">Tempo de resposta<\/span><\/strong><\/span><\/td>\n<td style=\"width: 77.3204%; height: 24px;\"><span style=\"font-family: arial, helvetica, sans-serif; font-size: 12pt;\">7 a 15 dias \u00fateis, RUSH<\/span><\/td>\n<\/tr>\n<tr style=\"height: 40px; background-color: #99ccff;\">\n<td style=\"width: 22.6796%; height: 24px;\"><span style=\"font-size: 12pt;\"><strong><span style=\"font-family: arial, helvetica, sans-serif;\">Envio<\/span><\/strong><\/span><\/td>\n<td style=\"width: 77.3204%; height: 24px;\"><span style=\"font-family: arial, helvetica, sans-serif; font-size: 12pt;\">A\u00e9reo, Mar\u00edtimo, Expresso<\/span><\/td>\n<\/tr>\n<\/tbody>\n<\/table>\n<p>&nbsp;<\/p>","protected":false},"featured_media":1588,"comment_status":"open","ping_status":"closed","template":"","meta":[],"product_brand":[],"product_cat":[26,20],"product_tag":[],"class_list":{"0":"post-1587","1":"product","2":"type-product","3":"status-publish","4":"has-post-thumbnail","6":"product_cat-food-packaging","7":"product_cat-kraft-paper-bag","9":"first","10":"instock","11":"shipping-taxable","12":"product-type-simple"},"_links":{"self":[{"href":"https:\/\/polysmarts.com\/pt\/wp-json\/wp\/v2\/product\/1587","targetHints":{"allow":["GET"]}}],"collection":[{"href":"https:\/\/polysmarts.com\/pt\/wp-json\/wp\/v2\/product"}],"about":[{"href":"https:\/\/polysmarts.com\/pt\/wp-json\/wp\/v2\/types\/product"}],"replies":[{"embeddable":true,"href":"https:\/\/polysmarts.com\/pt\/wp-json\/wp\/v2\/comments?post=1587"}],"version-history":[{"count":2,"href":"https:\/\/polysmarts.com\/pt\/wp-json\/wp\/v2\/product\/1587\/revisions"}],"predecessor-version":[{"id":1594,"href":"https:\/\/polysmarts.com\/pt\/wp-json\/wp\/v2\/product\/1587\/revisions\/1594"}],"wp:featuredmedia":[{"embeddable":true,"href":"https:\/\/polysmarts.com\/pt\/wp-json\/wp\/v2\/media\/1588"}],"wp:attachment":[{"href":"https:\/\/polysmarts.com\/pt\/wp-json\/wp\/v2\/media?parent=1587"}],"wp:term":[{"taxonomy":"product_brand","embeddable":true,"href":"https:\/\/polysmarts.com\/pt\/wp-json\/wp\/v2\/product_brand?post=1587"},{"taxonomy":"product_cat","embeddable":true,"href":"https:\/\/polysmarts.com\/pt\/wp-json\/wp\/v2\/product_cat?post=1587"},{"taxonomy":"product_tag","embeddable":true,"href":"https:\/\/polysmarts.com\/pt\/wp-json\/wp\/v2\/product_tag?post=1587"}],"curies":[{"name":"wp","href":"https:\/\/api.w.org\/{rel}","templated":true}]}}