{"id":1577,"date":"2024-01-08T09:39:06","date_gmt":"2024-01-08T09:39:06","guid":{"rendered":"https:\/\/polysmarts.com\/?post_type=product&#038;p=1577"},"modified":"2024-01-08T09:48:06","modified_gmt":"2024-01-08T09:48:06","slug":"embalagem-personalizada-de-saco-stand-up-pouch-marrom-kraft","status":"publish","type":"product","link":"https:\/\/polysmarts.com\/pt\/product\/custom-brown-kraft-stand-up-pouch-bag-packaging\/","title":{"rendered":"Embalagem personalizada de bolsa stand up marrom Kraft"},"content":{"rendered":"<p>Embarque em uma jornada de solu\u00e7\u00f5es de embalagens personaliz\u00e1veis com nossas bolsas stand up pouch personalizadas marrons Kraft. Quer voc\u00ea precise de 1.000 ou 500.000 pe\u00e7as, nossas bolsas s\u00e3o personalizadas para atender \u00e0s suas especifica\u00e7\u00f5es de tamanho, oferecendo um ajuste perfeito para suas necessidades exclusivas.<\/p>\n<p><strong>Caracter\u00edsticas principais:<\/strong><\/p>\n<ul>\n<li><strong>Camadas de materiais:<\/strong>\n<ul>\n<li>Primeira camada: PA, PET, BOPP, MATT OPP<\/li>\n<li>Camada intermedi\u00e1ria: PET, PA, VMPET, AL, PAPEL KRAFT<\/li>\n<li>\u00daltima camada: PE, CPP, RCPP<\/li>\n<\/ul>\n<\/li>\n<li><strong>Impress\u00e3o:<\/strong> Imprima sua marca com at\u00e9 10 cores, garantindo uma apresenta\u00e7\u00e3o vibrante e atraente.<\/li>\n<li><strong>Op\u00e7\u00f5es de estilo:<\/strong>\n<ul>\n<li>Fundo plano<\/li>\n<li>Ficar de p\u00e9<\/li>\n<li>Refor\u00e7o lateral<\/li>\n<li>Parte superior com z\u00edper<\/li>\n<li>Com\/sem janela<\/li>\n<li>Buraco Euro, etc.<\/li>\n<\/ul>\n<\/li>\n<\/ul>\n<p><strong>Aplicativo:<\/strong> Ideal para uma ampla gama de produtos, incluindo alimentos, caf\u00e9, alimentos para animais de estima\u00e7\u00e3o, ch\u00e1, lanches, nozes, prote\u00edna de soro de leite, sementes e muito mais. Perfeito para uso industrial em embalagens de caf\u00e9, ch\u00e1, prote\u00edna de soro de leite em p\u00f3, alimentos para c\u00e3es, iscas de pesca, iscas, sementes de chia, especiarias, sais de banho, castanha de caju, frutas secas, batatas fritas, pipoca, granola, doces, sorvetes, picol\u00e9s , Sucos, Energ\u00e9ticos, Beef Jerky e todos os tipos de salgadinhos, al\u00e9m de meias, roupas e outros produtos b\u00e1sicos.<\/p>\n<p><strong>Caracter\u00edsticas adicionais:<\/strong><\/p>\n<ul>\n<li>Design de p\u00e9<\/li>\n<li>Zip Lock para religabilidade<\/li>\n<li>\u00c0 prova de humidade<\/li>\n<li>Veda\u00e7\u00e3o Forte<\/li>\n<li>Janela clara para visibilidade<\/li>\n<li>Material e tinta de qualidade alimentar de seguran\u00e7a<\/li>\n<li>Embalagem Ecol\u00f3gica<\/li>\n<li>Novo material e qualidade est\u00e1vel<\/li>\n<li>\u00c0 prova de luz e \u00e0 prova de umidade<\/li>\n<li>F\u00e1cil de religar e abrir<\/li>\n<li>Design atraente<\/li>\n<\/ul>\n<p>Escolha nossas bolsas stand up pouch personalizadas marrons Kraft para embalagens que n\u00e3o apenas protegem, mas tamb\u00e9m mostram seus produtos de uma maneira ecologicamente correta e visualmente atraente. Experimente a flexibilidade da personaliza\u00e7\u00e3o com bolsas que n\u00e3o s\u00e3o apenas funcionais, mas tamb\u00e9m refletem o compromisso da sua marca com a qualidade.<\/p>","protected":false},"excerpt":{"rendered":"<table style=\"height: 360px; width: 99.8505%; border-collapse: collapse;\" border=\"2\">\n<tbody>\n<tr style=\"height: 40px;\">\n<td style=\"width: 22.6796%; height: 30px; background-color: #99ccff;\"><span style=\"font-family: arial, helvetica, sans-serif; font-size: 12pt;\"><strong>Dimens\u00e3o e estilo<\/strong><\/span><\/td>\n<td style=\"width: 77.3204%; height: 30px; background-color: #99ccff;\"><span style=\"font-family: arial, helvetica, sans-serif; font-size: 12pt;\">Formas e tamanhos personalizados<\/span><\/td>\n<\/tr>\n<tr style=\"height: 40px;\">\n<td style=\"width: 22.6796%; height: 34px; background-color: #ebebeb;\"><span style=\"font-size: 12pt;\"><strong><span style=\"font-family: arial, helvetica, sans-serif;\">Quantidade m\u00ednima de pedido<\/span><\/strong><\/span><\/td>\n<td style=\"width: 77.3204%; height: 34px; background-color: #ebebeb;\"><span style=\"font-family: arial, helvetica, sans-serif; font-size: 12pt;\">1000pcs sem personaliza\u00e7\u00e3o, 10000pcs para personaliza\u00e7\u00e3o<\/span><\/td>\n<\/tr>\n<tr style=\"height: 40px; background-color: #99ccff;\">\n<td style=\"width: 22.6796%; height: 24px;\"><span style=\"font-size: 12pt;\"><strong><span style=\"font-family: arial, helvetica, sans-serif;\">Tipo de embalagem<\/span><\/strong><\/span><\/td>\n<td style=\"width: 77.3204%; height: 24px;\"><span style=\"font-family: arial, helvetica, sans-serif; font-size: 12pt;\">Sacos de papel Kraft de p\u00e9<\/span><\/td>\n<\/tr>\n<tr style=\"height: 40px; background-color: #ebebeb;\">\n<td style=\"width: 22.6796%; height: 24px;\"><span style=\"font-size: 12pt;\"><strong><span style=\"font-family: arial, helvetica, sans-serif;\">Impress\u00e3o<\/span><\/strong><\/span><\/td>\n<td style=\"width: 77.3204%; height: 24px;\"><span style=\"font-family: arial, helvetica, sans-serif; font-size: 12pt;\">CMYK (1 \u2013 8 cores), sem impress\u00e3o (normal)<\/span><\/td>\n<\/tr>\n<tr style=\"height: 40px; background-color: #99ccff;\">\n<td style=\"width: 22.6796%; height: 24px;\"><span style=\"font-size: 12pt;\"><strong><span style=\"font-family: arial, helvetica, sans-serif;\">Acabamento<\/span><\/strong><\/span><\/td>\n<td style=\"width: 77.3204%; height: 24px;\"><span style=\"font-family: arial, helvetica, sans-serif; font-size: 12pt;\">Lamina\u00e7\u00e3o brilhante\/fosca, revestimento aquoso, verniz localizado, revestimento UV, grava\u00e7\u00e3o em relevo, grava\u00e7\u00e3o em relevo, impress\u00e3o em folha<\/span><\/td>\n<\/tr>\n<tr style=\"height: 40px; background-color: #ebebeb;\">\n<td style=\"width: 22.6796%; height: 24px;\"><span style=\"font-size: 12pt;\"><strong><span style=\"font-family: arial, helvetica, sans-serif;\">Op\u00e7\u00f5es inclu\u00eddas<\/span><\/strong><\/span><\/td>\n<td style=\"width: 77.3204%; height: 24px;\"><span style=\"font-family: arial, helvetica, sans-serif; font-size: 12pt;\">Corte e vinco<\/span><\/td>\n<\/tr>\n<tr style=\"height: 40px; background-color: #99ccff;\">\n<td style=\"width: 22.6796%; height: 24px;\"><span style=\"font-size: 12pt;\"><strong><span style=\"font-family: arial, helvetica, sans-serif;\">Prova<\/span><\/strong><\/span><\/td>\n<td style=\"width: 77.3204%; height: 24px;\"><span style=\"font-family: arial, helvetica, sans-serif; font-size: 12pt;\">Provas Eletr\u00f4nicas (visualiza\u00e7\u00e3o plana\/maquete 3D), Provas Impressas Digitalmente (sem grandes efeitos de acabamento), Amostragem F\u00edsica (sob consulta)<\/span><\/td>\n<\/tr>\n<tr style=\"height: 40px; background-color: #ebebeb;\">\n<td style=\"width: 22.6796%; height: 24px;\"><span style=\"font-size: 12pt;\"><strong><span style=\"font-family: arial, helvetica, sans-serif;\">Tempo de resposta<\/span><\/strong><\/span><\/td>\n<td style=\"width: 77.3204%; height: 24px;\"><span style=\"font-family: arial, helvetica, sans-serif; font-size: 12pt;\">7 a 15 dias \u00fateis, RUSH<\/span><\/td>\n<\/tr>\n<tr style=\"height: 40px; background-color: #99ccff;\">\n<td style=\"width: 22.6796%; height: 24px;\"><span style=\"font-size: 12pt;\"><strong><span style=\"font-family: arial, helvetica, sans-serif;\">Envio<\/span><\/strong><\/span><\/td>\n<td style=\"width: 77.3204%; height: 24px;\"><span style=\"font-family: arial, helvetica, sans-serif; font-size: 12pt;\">A\u00e9reo, Mar\u00edtimo, Expresso<\/span><\/td>\n<\/tr>\n<\/tbody>\n<\/table>\n<p>&nbsp;<\/p>","protected":false},"featured_media":1578,"comment_status":"open","ping_status":"closed","template":"","meta":[],"product_brand":[],"product_cat":[26,20],"product_tag":[],"class_list":{"0":"post-1577","1":"product","2":"type-product","3":"status-publish","4":"has-post-thumbnail","6":"product_cat-food-packaging","7":"product_cat-kraft-paper-bag","9":"first","10":"instock","11":"shipping-taxable","12":"product-type-simple"},"_links":{"self":[{"href":"https:\/\/polysmarts.com\/pt\/wp-json\/wp\/v2\/product\/1577","targetHints":{"allow":["GET"]}}],"collection":[{"href":"https:\/\/polysmarts.com\/pt\/wp-json\/wp\/v2\/product"}],"about":[{"href":"https:\/\/polysmarts.com\/pt\/wp-json\/wp\/v2\/types\/product"}],"replies":[{"embeddable":true,"href":"https:\/\/polysmarts.com\/pt\/wp-json\/wp\/v2\/comments?post=1577"}],"version-history":[{"count":3,"href":"https:\/\/polysmarts.com\/pt\/wp-json\/wp\/v2\/product\/1577\/revisions"}],"predecessor-version":[{"id":1586,"href":"https:\/\/polysmarts.com\/pt\/wp-json\/wp\/v2\/product\/1577\/revisions\/1586"}],"wp:featuredmedia":[{"embeddable":true,"href":"https:\/\/polysmarts.com\/pt\/wp-json\/wp\/v2\/media\/1578"}],"wp:attachment":[{"href":"https:\/\/polysmarts.com\/pt\/wp-json\/wp\/v2\/media?parent=1577"}],"wp:term":[{"taxonomy":"product_brand","embeddable":true,"href":"https:\/\/polysmarts.com\/pt\/wp-json\/wp\/v2\/product_brand?post=1577"},{"taxonomy":"product_cat","embeddable":true,"href":"https:\/\/polysmarts.com\/pt\/wp-json\/wp\/v2\/product_cat?post=1577"},{"taxonomy":"product_tag","embeddable":true,"href":"https:\/\/polysmarts.com\/pt\/wp-json\/wp\/v2\/product_tag?post=1577"}],"curies":[{"name":"wp","href":"https:\/\/api.w.org\/{rel}","templated":true}]}}