{"id":1567,"date":"2024-01-08T08:55:03","date_gmt":"2024-01-08T08:55:03","guid":{"rendered":"https:\/\/polysmarts.com\/?post_type=product&#038;p=1567"},"modified":"2024-01-08T09:33:23","modified_gmt":"2024-01-08T09:33:23","slug":"sacola-de-compras-impressa-personalizada-sacolas-de-papel-para-presente","status":"publish","type":"product","link":"https:\/\/polysmarts.com\/pt\/product\/custom-printed-shopping-tote-art-gift-paper-bags\/","title":{"rendered":"Sacolas de papel para presente com arte de sacola de compras impressas personalizadas"},"content":{"rendered":"<p>Descubra o ep\u00edtome da sofistica\u00e7\u00e3o com nossas sacolas de papel para presente com arte impressa personalizada. Confeccionadas com materiais de alta qualidade, como papel art\u00edstico, papel Kraft, cart\u00e3o Ivory, cart\u00e3o duplex e papel especial, essas bolsas s\u00e3o a tela perfeita para a express\u00e3o da sua marca.<\/p>\n<p><strong>Caracter\u00edsticas principais:<\/strong><\/p>\n<ul>\n<li><strong>Tamanho:<\/strong> Totalmente personalizado com base em seus requisitos exclusivos.<\/li>\n<li><strong>Grossura:<\/strong> Escolha entre uma variedade de op\u00e7\u00f5es, incluindo 100 g\/m\u00b2 a 450 g\/m\u00b2 ou personalize de acordo com suas necessidades.<\/li>\n<li><strong>Cor:<\/strong> Personalize suas malas com precis\u00e3o usando op\u00e7\u00f5es de cores CMYK\/Pantone.<\/li>\n<li><strong>Ecol\u00f3gico:<\/strong> Nossas sacolas s\u00e3o recicl\u00e1veis e ecol\u00f3gicas, alinhando-se ao seu compromisso com a sustentabilidade.<\/li>\n<li><strong>Tipos de al\u00e7a:<\/strong> Selecione entre uma variedade de op\u00e7\u00f5es de al\u00e7a, incluindo al\u00e7a de fita, al\u00e7a de corda PP, al\u00e7a de algod\u00e3o, al\u00e7a de gorgor\u00e3o, al\u00e7a de nylon, al\u00e7a torcida, al\u00e7a de papel plana, al\u00e7a cortada ou uma al\u00e7a personalizada para um toque personalizado.<\/li>\n<li><strong>Acabamento de superf\u00edcie:<\/strong> Adicione um toque de luxo com lamina\u00e7\u00e3o brilhante\/mate, estampagem a quente dourada\/prateada, relevo, revestimento UV, estampagem em folha, efeito holograma e muito mais.<\/li>\n<li><strong>Controle de qualidade:<\/strong> Fique tranquilo, nosso equipamento avan\u00e7ado e nossa experiente equipe de controle de qualidade inspecionam meticulosamente materiais, produtos semiacabados e acabados em cada etapa, garantindo os mais altos padr\u00f5es antes do envio.<\/li>\n<\/ul>\n<p>Essas bolsas n\u00e3o s\u00f3 exalam eleg\u00e2ncia, mas tamb\u00e9m oferecem praticidade e durabilidade. Eleve a imagem da sua marca com nossas sacolas de compras resistentes, precisas e lindamente impressas. Cause uma impress\u00e3o duradoura em cada transporte e reflita seu compromisso com a qualidade e o estilo.<\/p>","protected":false},"excerpt":{"rendered":"<table style=\"height: 360px; width: 99.8505%; border-collapse: collapse;\" border=\"2\">\n<tbody>\n<tr style=\"height: 40px;\">\n<td style=\"width: 22.6796%; height: 30px; background-color: #99ccff;\"><span style=\"font-family: arial, helvetica, sans-serif; font-size: 12pt;\"><strong>Grossura<\/strong><\/span><\/td>\n<td style=\"width: 77.3204%; height: 30px; background-color: #99ccff;\"><span style=\"font-family: arial, helvetica, sans-serif; font-size: 12pt;\">100gsm, 128gsm, 157gsm, 175gsm, 190gsm, 200gsm, 210gsm, 230gsm, 250gsm, 300gsm, 350gsm, 450gsm ou personalizado<\/span><\/td>\n<\/tr>\n<tr style=\"height: 40px;\">\n<td style=\"width: 22.6796%; height: 34px; background-color: #ebebeb;\"><span style=\"font-size: 12pt;\"><strong><span style=\"font-family: arial, helvetica, sans-serif;\">Quantidade m\u00ednima de pedido<\/span><\/strong><\/span><\/td>\n<td style=\"width: 77.3204%; height: 34px; background-color: #ebebeb;\"><span style=\"font-family: arial, helvetica, sans-serif; font-size: 12pt;\">1000pcs sem personaliza\u00e7\u00e3o, 5000pcs para personaliza\u00e7\u00e3o<\/span><\/td>\n<\/tr>\n<tr style=\"height: 40px; background-color: #99ccff;\">\n<td style=\"width: 22.6796%; height: 24px;\"><span style=\"font-size: 12pt;\"><strong><span style=\"font-family: arial, helvetica, sans-serif;\">Tipo de embalagem<\/span><\/strong><\/span><\/td>\n<td style=\"width: 77.3204%; height: 24px;\"><span style=\"font-family: arial, helvetica, sans-serif; font-size: 12pt;\">Sacos de papel para compras<\/span><\/td>\n<\/tr>\n<tr style=\"height: 40px; background-color: #ebebeb;\">\n<td style=\"width: 22.6796%; height: 24px;\"><span style=\"font-size: 12pt;\"><strong><span style=\"font-family: arial, helvetica, sans-serif;\">Material<\/span><\/strong><\/span><\/td>\n<td style=\"width: 77.3204%; height: 24px;\"><span style=\"font-family: arial, helvetica, sans-serif; font-size: 12pt;\">Papel art\u00edstico, papel Kraft, placa marfim, placa duplex, papel especial, etc.<\/span><\/td>\n<\/tr>\n<tr style=\"height: 40px; background-color: #99ccff;\">\n<td style=\"width: 22.6796%; height: 24px;\"><span style=\"font-size: 12pt;\"><strong><span style=\"font-family: arial, helvetica, sans-serif;\">Impress\u00e3o<\/span><\/strong><\/span><\/td>\n<td style=\"width: 77.3204%; height: 24px;\"><span style=\"font-family: arial, helvetica, sans-serif; font-size: 12pt;\">Impress\u00e3o de rotogravura\/serigrafia\/grava\u00e7\u00e3o<\/span><\/td>\n<\/tr>\n<tr style=\"height: 40px; background-color: #ebebeb;\">\n<td style=\"width: 22.6796%; height: 24px;\"><span style=\"font-size: 12pt;\"><strong><span style=\"font-family: arial, helvetica, sans-serif;\">Recurso<\/span><\/strong><\/span><\/td>\n<td style=\"width: 77.3204%; height: 24px;\"><span style=\"font-family: arial, helvetica, sans-serif; font-size: 12pt;\">Impress\u00e3o agrad\u00e1vel recicl\u00e1vel, ecol\u00f3gica, resistente e precisa<\/span><\/td>\n<\/tr>\n<tr style=\"height: 40px; background-color: #99ccff;\">\n<td style=\"width: 22.6796%; height: 24px;\"><span style=\"font-size: 12pt;\"><strong><span style=\"font-family: arial, helvetica, sans-serif;\">Cor<\/span><\/strong><\/span><\/td>\n<td style=\"width: 77.3204%; height: 24px;\"><span style=\"font-family: arial, helvetica, sans-serif; font-size: 12pt;\">Baseado em cores CMYK\/Pantone<\/span><\/td>\n<\/tr>\n<tr style=\"height: 40px; background-color: #ebebeb;\">\n<td style=\"width: 22.6796%; height: 24px;\"><span style=\"font-size: 12pt;\"><strong><span style=\"font-family: arial, helvetica, sans-serif;\">Tempo de resposta<\/span><\/strong><\/span><\/td>\n<td style=\"width: 77.3204%; height: 24px;\"><span style=\"font-family: arial, helvetica, sans-serif; font-size: 12pt;\">7 a 15 dias \u00fateis, RUSH<\/span><\/td>\n<\/tr>\n<tr style=\"height: 40px; background-color: #99ccff;\">\n<td style=\"width: 22.6796%; height: 24px;\"><span style=\"font-size: 12pt;\"><strong><span style=\"font-family: arial, helvetica, sans-serif;\">Acabamento<\/span><\/strong><\/span><\/td>\n<td style=\"width: 77.3204%; height: 24px;\"><span style=\"font-family: arial, helvetica, sans-serif; font-size: 12pt;\">Lamina\u00e7\u00e3o brilhante\/mate, estampagem a quente dourada\/prata, grava\u00e7\u00e3o em relevo, revestimento UV, estampagem de folha, efeito holograma, etc.<\/span><\/td>\n<\/tr>\n<\/tbody>\n<\/table>\n<p>&nbsp;<\/p>","protected":false},"featured_media":1568,"comment_status":"open","ping_status":"closed","template":"","meta":[],"product_brand":[],"product_cat":[34],"product_tag":[],"class_list":{"0":"post-1567","1":"product","2":"type-product","3":"status-publish","4":"has-post-thumbnail","6":"product_cat-paper-packing","8":"first","9":"instock","10":"shipping-taxable","11":"product-type-simple"},"_links":{"self":[{"href":"https:\/\/polysmarts.com\/pt\/wp-json\/wp\/v2\/product\/1567","targetHints":{"allow":["GET"]}}],"collection":[{"href":"https:\/\/polysmarts.com\/pt\/wp-json\/wp\/v2\/product"}],"about":[{"href":"https:\/\/polysmarts.com\/pt\/wp-json\/wp\/v2\/types\/product"}],"replies":[{"embeddable":true,"href":"https:\/\/polysmarts.com\/pt\/wp-json\/wp\/v2\/comments?post=1567"}],"version-history":[{"count":3,"href":"https:\/\/polysmarts.com\/pt\/wp-json\/wp\/v2\/product\/1567\/revisions"}],"predecessor-version":[{"id":1576,"href":"https:\/\/polysmarts.com\/pt\/wp-json\/wp\/v2\/product\/1567\/revisions\/1576"}],"wp:featuredmedia":[{"embeddable":true,"href":"https:\/\/polysmarts.com\/pt\/wp-json\/wp\/v2\/media\/1568"}],"wp:attachment":[{"href":"https:\/\/polysmarts.com\/pt\/wp-json\/wp\/v2\/media?parent=1567"}],"wp:term":[{"taxonomy":"product_brand","embeddable":true,"href":"https:\/\/polysmarts.com\/pt\/wp-json\/wp\/v2\/product_brand?post=1567"},{"taxonomy":"product_cat","embeddable":true,"href":"https:\/\/polysmarts.com\/pt\/wp-json\/wp\/v2\/product_cat?post=1567"},{"taxonomy":"product_tag","embeddable":true,"href":"https:\/\/polysmarts.com\/pt\/wp-json\/wp\/v2\/product_tag?post=1567"}],"curies":[{"name":"wp","href":"https:\/\/api.w.org\/{rel}","templated":true}]}}