{"id":1515,"date":"2024-01-05T05:58:31","date_gmt":"2024-01-05T05:58:31","guid":{"rendered":"https:\/\/polysmarts.com\/?post_type=product&#038;p=1515"},"modified":"2024-01-05T06:15:16","modified_gmt":"2024-01-05T06:15:16","slug":"sacolas-de-papel-personalizadas-com-alcas","status":"publish","type":"product","link":"https:\/\/polysmarts.com\/pt\/product\/custom-paper-shopping-bags-with-handles\/","title":{"rendered":"Sacolas de compras de papel personalizadas com al\u00e7as"},"content":{"rendered":"<p>Descubra a combina\u00e7\u00e3o perfeita de durabilidade, estilo e responsabilidade ambiental com nossas sacolas de compras de papel personalizadas com al\u00e7as. Fabricadas com aten\u00e7\u00e3o meticulosa aos detalhes, essas sacolas redefinem a experi\u00eancia de compra.<\/p>\n<p><strong>Durabilidade excepcional:<\/strong> As al\u00e7as s\u00e3o coladas habilmente com adesivo de n\u00edvel profissional, garantindo uma conex\u00e3o robusta. O fundo liso e resistente da bolsa adiciona uma camada extra de durabilidade, proporcionando uma solu\u00e7\u00e3o confi\u00e1vel e duradoura para suas necessidades de compras. Confeccionadas em papel grosso de 100g, nossas sacolas eliminam a preocupa\u00e7\u00e3o de rasgar, oferecendo uma op\u00e7\u00e3o segura e confi\u00e1vel para suas compras.<\/p>\n<p><strong>Escolha Ambientalmente Consciente:<\/strong> Abrace o conceito de prote\u00e7\u00e3o ambiental sem comprometer a qualidade. Nosso compromisso com a sustentabilidade se reflete em todos os aspectos de nossas sacolas de papel. Fabricadas com foco em pr\u00e1ticas verdes, essas sacolas s\u00e3o biodegrad\u00e1veis e recicl\u00e1veis, minimizando seu impacto no meio ambiente. Diga adeus \u00e0s preocupa\u00e7\u00f5es com a polui\u00e7\u00e3o do planeta \u2013 as nossas malas receberam certifica\u00e7\u00f5es de organismos profissionais, incluindo FSC, BV e FDA, atestando as suas credenciais ecol\u00f3gicas.<\/p>\n<p><strong>Saud\u00e1vel e Certificado:<\/strong> Os nossos sacos de papel foram submetidos a testes rigorosos por autoridades profissionais, obtendo certifica\u00e7\u00f5es que atestam a sua qualidade e seguran\u00e7a. As certifica\u00e7\u00f5es FSC, BV e FDA garantem que nossas sacolas atendam aos mais altos padr\u00f5es, tornando-as uma escolha saud\u00e1vel e confi\u00e1vel para seus clientes.<\/p>\n<p><strong>Tamanhos personaliz\u00e1veis:<\/strong> Convidamos voc\u00ea a personalizar sua experi\u00eancia de compra fazendo um pedido com seus pr\u00f3prios tamanhos. Personalize as dimens\u00f5es para atender \u00e0s suas necessidades espec\u00edficas e crie uma solu\u00e7\u00e3o de embalagem exclusiva que se alinhe com a identidade da sua marca.<\/p>\n<p>Fa\u00e7a uma escolha consciente para a sua marca e para o meio ambiente com os nossos Sacos de Compras de Papel Personalizados Ecol\u00f3gicos com Al\u00e7as. Eleve a experi\u00eancia de compra dos seus clientes e contribua para um planeta mais verde e saud\u00e1vel. Fa\u00e7a seu pedido hoje e junte-se a n\u00f3s para causar um impacto positivo.<\/p>","protected":false},"excerpt":{"rendered":"<table style=\"height: 360px; width: 99.8505%; border-collapse: collapse;\" border=\"2\">\n<tbody>\n<tr style=\"height: 40px;\">\n<td style=\"width: 22.6796%; height: 30px; background-color: #99ccff;\"><span style=\"font-family: arial, helvetica, sans-serif; font-size: 12pt;\"><strong>Dimens\u00e3o e estilo<\/strong><\/span><\/td>\n<td style=\"width: 77.3204%; height: 30px; background-color: #99ccff;\"><span style=\"font-family: arial, helvetica, sans-serif; font-size: 12pt;\">Formas e tamanhos personalizados<\/span><\/td>\n<\/tr>\n<tr style=\"height: 40px;\">\n<td style=\"width: 22.6796%; height: 34px; background-color: #ebebeb;\"><span style=\"font-size: 12pt;\"><strong><span style=\"font-family: arial, helvetica, sans-serif;\">Quantidade m\u00ednima de pedido<\/span><\/strong><\/span><\/td>\n<td style=\"width: 77.3204%; height: 34px; background-color: #ebebeb;\"><span style=\"font-family: arial, helvetica, sans-serif; font-size: 12pt;\">1000pcs sem personaliza\u00e7\u00e3o, 5000pcs para personaliza\u00e7\u00e3o<\/span><\/td>\n<\/tr>\n<tr style=\"height: 40px; background-color: #99ccff;\">\n<td style=\"width: 22.6796%; height: 24px;\"><span style=\"font-size: 12pt;\"><strong><span style=\"font-family: arial, helvetica, sans-serif;\">Tipo de embalagem<\/span><\/strong><\/span><\/td>\n<td style=\"width: 77.3204%; height: 24px;\"><span style=\"font-family: arial, helvetica, sans-serif; font-size: 12pt;\">Sacos de papel para compras<\/span><\/td>\n<\/tr>\n<tr style=\"height: 40px; background-color: #ebebeb;\">\n<td style=\"width: 22.6796%; height: 24px;\"><span style=\"font-size: 12pt;\"><strong><span style=\"font-family: arial, helvetica, sans-serif;\">Material<\/span><\/strong><\/span><\/td>\n<td style=\"width: 77.3204%; height: 24px;\"><span style=\"font-family: arial, helvetica, sans-serif; font-size: 12pt;\">Papel kraft<\/span><\/td>\n<\/tr>\n<tr style=\"height: 40px; background-color: #99ccff;\">\n<td style=\"width: 22.6796%; height: 24px;\"><span style=\"font-size: 12pt;\"><strong><span style=\"font-family: arial, helvetica, sans-serif;\">Acabamento<\/span><\/strong><\/span><\/td>\n<td style=\"width: 77.3204%; height: 24px;\"><span style=\"font-family: arial, helvetica, sans-serif; font-size: 12pt;\">Impress\u00e3o Offset<\/span><\/td>\n<\/tr>\n<tr style=\"height: 40px; background-color: #ebebeb;\">\n<td style=\"width: 22.6796%; height: 24px;\"><span style=\"font-size: 12pt;\"><strong><span style=\"font-family: arial, helvetica, sans-serif;\">Limite de peso<\/span><\/strong><\/span><\/td>\n<td style=\"width: 77.3204%; height: 24px;\"><span style=\"font-family: arial, helvetica, sans-serif; font-size: 12pt;\">2-3kg<\/span><\/td>\n<\/tr>\n<tr style=\"height: 40px; background-color: #99ccff;\">\n<td style=\"width: 22.6796%; height: 24px;\"><span style=\"font-size: 12pt;\"><strong><span style=\"font-family: arial, helvetica, sans-serif;\">Tipo de saco de papel<\/span><\/strong><\/span><\/td>\n<td style=\"width: 77.3204%; height: 24px;\"><span style=\"font-family: arial, helvetica, sans-serif; font-size: 12pt;\">Sacolas de compras de papel<\/span><\/td>\n<\/tr>\n<tr style=\"height: 40px; background-color: #ebebeb;\">\n<td style=\"width: 22.6796%; height: 24px;\"><span style=\"font-size: 12pt;\"><strong><span style=\"font-family: arial, helvetica, sans-serif;\">Tempo de resposta<\/span><\/strong><\/span><\/td>\n<td style=\"width: 77.3204%; height: 24px;\"><span style=\"font-family: arial, helvetica, sans-serif; font-size: 12pt;\">7 a 15 dias \u00fateis, RUSH<\/span><\/td>\n<\/tr>\n<tr style=\"height: 40px; background-color: #99ccff;\">\n<td style=\"width: 22.6796%; height: 24px;\"><span style=\"font-size: 12pt;\"><strong><span style=\"font-family: arial, helvetica, sans-serif;\">Envio<\/span><\/strong><\/span><\/td>\n<td style=\"width: 77.3204%; height: 24px;\"><span style=\"font-family: arial, helvetica, sans-serif; font-size: 12pt;\">A\u00e9reo, Mar\u00edtimo, Expresso<\/span><\/td>\n<\/tr>\n<\/tbody>\n<\/table>\n<p>&nbsp;<\/p>","protected":false},"featured_media":1516,"comment_status":"open","ping_status":"closed","template":"","meta":[],"product_brand":[],"product_cat":[34],"product_tag":[],"class_list":{"0":"post-1515","1":"product","2":"type-product","3":"status-publish","4":"has-post-thumbnail","6":"product_cat-paper-packing","8":"first","9":"instock","10":"shipping-taxable","11":"product-type-simple"},"_links":{"self":[{"href":"https:\/\/polysmarts.com\/pt\/wp-json\/wp\/v2\/product\/1515","targetHints":{"allow":["GET"]}}],"collection":[{"href":"https:\/\/polysmarts.com\/pt\/wp-json\/wp\/v2\/product"}],"about":[{"href":"https:\/\/polysmarts.com\/pt\/wp-json\/wp\/v2\/types\/product"}],"replies":[{"embeddable":true,"href":"https:\/\/polysmarts.com\/pt\/wp-json\/wp\/v2\/comments?post=1515"}],"version-history":[{"count":2,"href":"https:\/\/polysmarts.com\/pt\/wp-json\/wp\/v2\/product\/1515\/revisions"}],"predecessor-version":[{"id":1523,"href":"https:\/\/polysmarts.com\/pt\/wp-json\/wp\/v2\/product\/1515\/revisions\/1523"}],"wp:featuredmedia":[{"embeddable":true,"href":"https:\/\/polysmarts.com\/pt\/wp-json\/wp\/v2\/media\/1516"}],"wp:attachment":[{"href":"https:\/\/polysmarts.com\/pt\/wp-json\/wp\/v2\/media?parent=1515"}],"wp:term":[{"taxonomy":"product_brand","embeddable":true,"href":"https:\/\/polysmarts.com\/pt\/wp-json\/wp\/v2\/product_brand?post=1515"},{"taxonomy":"product_cat","embeddable":true,"href":"https:\/\/polysmarts.com\/pt\/wp-json\/wp\/v2\/product_cat?post=1515"},{"taxonomy":"product_tag","embeddable":true,"href":"https:\/\/polysmarts.com\/pt\/wp-json\/wp\/v2\/product_tag?post=1515"}],"curies":[{"name":"wp","href":"https:\/\/api.w.org\/{rel}","templated":true}]}}