{"id":1500,"date":"2024-01-04T09:10:07","date_gmt":"2024-01-04T09:10:07","guid":{"rendered":"https:\/\/polysmarts.com\/?post_type=product&#038;p=1500"},"modified":"2024-01-04T09:23:17","modified_gmt":"2024-01-04T09:23:17","slug":"sacos-de-cafe-de-papel-kraft-personalizados-com-valvula","status":"publish","type":"product","link":"https:\/\/polysmarts.com\/pt\/product\/custom-kraft-paper-coffee-bags-with-valve\/","title":{"rendered":"Sacos de caf\u00e9 de papel Kraft personalizados com v\u00e1lvula"},"content":{"rendered":"<p>Mantenha os gr\u00e3os ou borras de caf\u00e9 frescos por mais tempo com a inclus\u00e3o de uma v\u00e1lvula de desgaseifica\u00e7\u00e3o, evitando eficazmente a entrada de gases e umidade. O z\u00edper lateral possui selo inviol\u00e1vel, garantindo a integridade do seu produto.<\/p>\n<p>Fabricadas com materiais seguros para alimentos, nossas sacolas possuem uma composi\u00e7\u00e3o de papel Kraft natural, um revestimento interno protetor de folha de alum\u00ednio e uma camada externa de LLDPE para maior durabilidade. Com robusta espessura de 6 mil\u00edmetros, esses sacos proporcionam excelente barreira \u00e0 umidade e alta resist\u00eancia a furos e rasgos, garantindo a preserva\u00e7\u00e3o do seu caf\u00e9 premium.<\/p>\n<p>Caracter\u00edsticas principais:<\/p>\n<ul>\n<li><strong>Capacidade:<\/strong> Projetados especificamente para 16 on\u00e7as\/1 lb de gr\u00e3os ou borras de caf\u00e9, nossos sacos oferecem amplo espa\u00e7o para acomodar seu produto. Tamanhos personalizados tamb\u00e9m est\u00e3o dispon\u00edveis para atender \u00e0s suas necessidades exclusivas de embalagem.<\/li>\n<li><strong>Tamanho flex\u00edvel:<\/strong> O design de refor\u00e7o lateral de fundo plano Kraft proporciona estabilidade e uma apar\u00eancia elegante. As dimens\u00f5es de 5,5 x 3,4 x 9,2 polegadas (140 x 85 x 235 mm) oferecem uma solu\u00e7\u00e3o vers\u00e1til e aceitamos solicita\u00e7\u00f5es de tamanhos personalizados (comprimento x largura x altura) para atender perfeitamente \u00e0s suas necessidades.<\/li>\n<li><strong>Design stand-up para impress\u00e3o:<\/strong> O atraente design stand-up de nossas bolsas n\u00e3o apenas aumenta o apelo est\u00e9tico, mas tamb\u00e9m fornece uma plataforma amig\u00e1vel para sua marca no varejo. Ambos os lados podem ser impressos, permitindo etiquetas e marcas personalizadas que refletem sua identidade \u00fanica.<\/li>\n<li><strong>Nota sobre veda\u00e7\u00e3o:<\/strong> Para garantir o frescor e a seguran\u00e7a do seu produto, \u00e9 necess\u00e1rio um selador t\u00e9rmico (n\u00e3o inclu\u00eddo) para selar as abas do saco de papel com seguran\u00e7a.<\/li>\n<\/ul>\n<p>Escolha nossos sacos de caf\u00e9 de papel Kraft Premium com v\u00e1lvula para uma combina\u00e7\u00e3o perfeita de funcionalidade, durabilidade e personaliza\u00e7\u00e3o. Aumente a presen\u00e7a da sua marca com uma solu\u00e7\u00e3o de embalagem que n\u00e3o s\u00f3 mant\u00e9m o seu caf\u00e9 fresco, mas tamb\u00e9m reflete a qualidade e a exclusividade do seu produto.<\/p>","protected":false},"excerpt":{"rendered":"<table style=\"height: 360px; width: 99.8505%; border-collapse: collapse;\" border=\"2\">\n<tbody>\n<tr style=\"height: 40px;\">\n<td style=\"width: 22.6796%; height: 30px; background-color: #99ccff;\"><span style=\"font-family: arial, helvetica, sans-serif; font-size: 12pt;\"><strong>Dimens\u00e3o e estilo<\/strong><\/span><\/td>\n<td style=\"width: 77.3204%; height: 30px; background-color: #99ccff;\"><span style=\"font-family: arial, helvetica, sans-serif; font-size: 12pt;\">Formas e tamanhos personalizados<\/span><\/td>\n<\/tr>\n<tr style=\"height: 40px;\">\n<td style=\"width: 22.6796%; height: 34px; background-color: #ebebeb;\"><span style=\"font-size: 12pt;\"><strong><span style=\"font-family: arial, helvetica, sans-serif;\">Quantidade m\u00ednima de pedido<\/span><\/strong><\/span><\/td>\n<td style=\"width: 77.3204%; height: 34px; background-color: #ebebeb;\"><span style=\"font-family: arial, helvetica, sans-serif; font-size: 12pt;\">1000pcs sem personaliza\u00e7\u00e3o, 10000pcs para personaliza\u00e7\u00e3o<\/span><\/td>\n<\/tr>\n<tr style=\"height: 40px; background-color: #99ccff;\">\n<td style=\"width: 22.6796%; height: 24px;\"><span style=\"font-size: 12pt;\"><strong><span style=\"font-family: arial, helvetica, sans-serif;\">Tipo de embalagem<\/span><\/strong><\/span><\/td>\n<td style=\"width: 77.3204%; height: 24px;\"><span style=\"font-family: arial, helvetica, sans-serif; font-size: 12pt;\">Sacos de papel Kraft de p\u00e9<\/span><\/td>\n<\/tr>\n<tr style=\"height: 40px; background-color: #ebebeb;\">\n<td style=\"width: 22.6796%; height: 24px;\"><span style=\"font-size: 12pt;\"><strong><span style=\"font-family: arial, helvetica, sans-serif;\">Impress\u00e3o<\/span><\/strong><\/span><\/td>\n<td style=\"width: 77.3204%; height: 24px;\"><span style=\"font-family: arial, helvetica, sans-serif; font-size: 12pt;\">Impress\u00e3o de rotogravura (1 - 10 cores), sem impress\u00e3o (comum)<\/span><\/td>\n<\/tr>\n<tr style=\"height: 40px; background-color: #99ccff;\">\n<td style=\"width: 22.6796%; height: 24px;\"><span style=\"font-size: 12pt;\"><strong><span style=\"font-family: arial, helvetica, sans-serif;\">Acabamento<\/span><\/strong><\/span><\/td>\n<td style=\"width: 77.3204%; height: 24px;\"><span style=\"font-family: arial, helvetica, sans-serif; font-size: 12pt;\">Lamina\u00e7\u00e3o brilhante\/fosca<\/span><\/td>\n<\/tr>\n<tr style=\"height: 40px; background-color: #ebebeb;\">\n<td style=\"width: 22.6796%; height: 24px;\"><span style=\"font-size: 12pt;\"><strong><span style=\"font-family: arial, helvetica, sans-serif;\">Op\u00e7\u00f5es inclu\u00eddas<\/span><\/strong><\/span><\/td>\n<td style=\"width: 77.3204%; height: 24px;\"><span style=\"font-family: arial, helvetica, sans-serif; font-size: 12pt;\">Corte e vinco<\/span><\/td>\n<\/tr>\n<tr style=\"height: 40px; background-color: #99ccff;\">\n<td style=\"width: 22.6796%; height: 24px;\"><span style=\"font-size: 12pt;\"><strong><span style=\"font-family: arial, helvetica, sans-serif;\">Prova<\/span><\/strong><\/span><\/td>\n<td style=\"width: 77.3204%; height: 24px;\"><span style=\"font-family: arial, helvetica, sans-serif; font-size: 12pt;\">Provas de cheiro<\/span><\/td>\n<\/tr>\n<tr style=\"height: 40px; background-color: #ebebeb;\">\n<td style=\"width: 22.6796%; height: 24px;\"><span style=\"font-size: 12pt;\"><strong><span style=\"font-family: arial, helvetica, sans-serif;\">Tempo de resposta<\/span><\/strong><\/span><\/td>\n<td style=\"width: 77.3204%; height: 24px;\"><span style=\"font-family: arial, helvetica, sans-serif; font-size: 12pt;\">7 a 15 dias \u00fateis, RUSH<\/span><\/td>\n<\/tr>\n<tr style=\"height: 40px; background-color: #99ccff;\">\n<td style=\"width: 22.6796%; height: 24px;\"><span style=\"font-size: 12pt;\"><strong><span style=\"font-family: arial, helvetica, sans-serif;\">Envio<\/span><\/strong><\/span><\/td>\n<td style=\"width: 77.3204%; height: 24px;\"><span style=\"font-family: arial, helvetica, sans-serif; font-size: 12pt;\">A\u00e9reo, Mar\u00edtimo, Expresso<\/span><\/td>\n<\/tr>\n<\/tbody>\n<\/table>\n<p>&nbsp;<\/p>","protected":false},"featured_media":1506,"comment_status":"open","ping_status":"closed","template":"","meta":[],"product_brand":[],"product_cat":[20,27],"product_tag":[],"class_list":{"0":"post-1500","1":"product","2":"type-product","3":"status-publish","4":"has-post-thumbnail","6":"product_cat-kraft-paper-bag","7":"product_cat-coffee-and-tea-packaging","9":"first","10":"instock","11":"shipping-taxable","12":"product-type-simple"},"_links":{"self":[{"href":"https:\/\/polysmarts.com\/pt\/wp-json\/wp\/v2\/product\/1500","targetHints":{"allow":["GET"]}}],"collection":[{"href":"https:\/\/polysmarts.com\/pt\/wp-json\/wp\/v2\/product"}],"about":[{"href":"https:\/\/polysmarts.com\/pt\/wp-json\/wp\/v2\/types\/product"}],"replies":[{"embeddable":true,"href":"https:\/\/polysmarts.com\/pt\/wp-json\/wp\/v2\/comments?post=1500"}],"version-history":[{"count":2,"href":"https:\/\/polysmarts.com\/pt\/wp-json\/wp\/v2\/product\/1500\/revisions"}],"predecessor-version":[{"id":1508,"href":"https:\/\/polysmarts.com\/pt\/wp-json\/wp\/v2\/product\/1500\/revisions\/1508"}],"wp:featuredmedia":[{"embeddable":true,"href":"https:\/\/polysmarts.com\/pt\/wp-json\/wp\/v2\/media\/1506"}],"wp:attachment":[{"href":"https:\/\/polysmarts.com\/pt\/wp-json\/wp\/v2\/media?parent=1500"}],"wp:term":[{"taxonomy":"product_brand","embeddable":true,"href":"https:\/\/polysmarts.com\/pt\/wp-json\/wp\/v2\/product_brand?post=1500"},{"taxonomy":"product_cat","embeddable":true,"href":"https:\/\/polysmarts.com\/pt\/wp-json\/wp\/v2\/product_cat?post=1500"},{"taxonomy":"product_tag","embeddable":true,"href":"https:\/\/polysmarts.com\/pt\/wp-json\/wp\/v2\/product_tag?post=1500"}],"curies":[{"name":"wp","href":"https:\/\/api.w.org\/{rel}","templated":true}]}}