{"id":1491,"date":"2024-01-04T08:51:15","date_gmt":"2024-01-04T08:51:15","guid":{"rendered":"https:\/\/polysmarts.com\/?post_type=product&#038;p=1491"},"modified":"2024-01-04T09:04:36","modified_gmt":"2024-01-04T09:04:36","slug":"saco-ziplock-transparente-para-frutas-e-vegetais","status":"publish","type":"product","link":"https:\/\/polysmarts.com\/pt\/product\/stand-up-clear-ziplock-bag-for-fruit-and-vegetable\/","title":{"rendered":"Saco Ziplock Transparente Stand Up para Frutas e Legumes"},"content":{"rendered":"<p>O tamanho da sacola \u00e9 totalmente personaliz\u00e1vel para atender \u00e0s suas necessidades espec\u00edficas, garantindo um ajuste perfeito ao seu produto. Fabricada com material PET\/NY\/PE de alta qualidade com espessura de 140 m\u00edcrons, esta bolsa garante excelentes propriedades de barreira, resist\u00eancia \u00e0 umidade, armazenamento ass\u00e9ptico e capacidade de veda\u00e7\u00e3o confi\u00e1vel para evitar vazamentos.<\/p>\n<p>A personaliza\u00e7\u00e3o est\u00e1 no centro da nossa oferta \u2013 voc\u00ea n\u00e3o s\u00f3 pode escolher o tamanho que melhor se adapta a voc\u00ea, mas tamb\u00e9m oferecemos op\u00e7\u00f5es de impress\u00e3o personalizada. Nossas bolsas suportam at\u00e9 10 cores, permitindo criar um design visualmente atraente e informativo que diferencia seus produtos.<\/p>\n<p>O z\u00edper superior agrega comodidade \u00e0 embalagem, facilitando o acesso dos clientes ao conte\u00fado e mantendo o frescor do produto. Com uma quantidade m\u00ednima de pedido (MOQ) de 1000 PCS, voc\u00ea pode aproveitar os benef\u00edcios dessas sacolas de alta qualidade sem comprometer a quantidade.<\/p>\n<p>Vantagens:<\/p>\n<ol>\n<li><strong>Excelente barreira e \u00e0 prova de umidade:<\/strong> Os nossos sacos proporcionam uma barreira excepcional contra elementos externos, garantindo a frescura e a qualidade das suas frutas e vegetais. O design \u00e0 prova de umidade protege o conte\u00fado da umidade.<\/li>\n<li><strong>Ass\u00e9ptico e reutiliz\u00e1vel:<\/strong> A natureza ass\u00e9ptica dos nossos sacos garante um ambiente de armazenamento limpo e higi\u00e9nico para os seus produtos. O recurso ressel\u00e1vel aumenta a conveni\u00eancia do usu\u00e1rio, permitindo f\u00e1cil abertura e fechamento, preservando o produto.<\/li>\n<li><strong>Material padr\u00e3o de qualidade alimentar:<\/strong> Em conformidade com os padr\u00f5es de qualidade alimentar, nossas sacolas s\u00e3o confeccionadas com materiais de primeira linha para garantir a seguran\u00e7a e a qualidade de seus produtos. Fique tranquilo, seus clientes receber\u00e3o produtos em perfeitas condi\u00e7\u00f5es.<\/li>\n<li><strong>Servi\u00e7o profissional e pre\u00e7o competitivo:<\/strong> Temos orgulho em fornecer produtos de alta qualidade juntamente com um servi\u00e7o profissional a um pre\u00e7o competitivo. Nosso compromisso \u00e9 fornecer solu\u00e7\u00f5es de embalagem que melhorem a imagem da sua marca e atendam \u00e0s suas necessidades or\u00e7ament\u00e1rias.<\/li>\n<li><strong>Entrega r\u00e1pida:<\/strong> O tempo \u00e9 essencial e entendemos a urg\u00eancia de suas necessidades de embalagem. Beneficie do nosso servi\u00e7o de entrega r\u00e1pida, garantindo que a sua encomenda chegue at\u00e9 si rapidamente.<\/li>\n<\/ol>\n<p>Escolha o nosso Saco Ziplock Transparente Stand Up Premium \u2013 a solu\u00e7\u00e3o de embalagem ideal para manter a frescura e o apelo visual das suas frutas e vegetais. Experimente a combina\u00e7\u00e3o perfeita de funcionalidade, personaliza\u00e7\u00e3o e pre\u00e7o acess\u00edvel em um pacote inovador.<\/p>","protected":false},"excerpt":{"rendered":"<table style=\"height: 360px; width: 99.8505%; border-collapse: collapse;\" border=\"2\">\n<tbody>\n<tr style=\"height: 40px;\">\n<td style=\"width: 22.6796%; height: 30px; background-color: #99ccff;\"><span style=\"font-family: arial, helvetica, sans-serif; font-size: 12pt;\"><strong>Dimens\u00e3o e estilo<\/strong><\/span><\/td>\n<td style=\"width: 77.3204%; height: 30px; background-color: #99ccff;\"><span style=\"font-family: arial, helvetica, sans-serif; font-size: 12pt;\">Formas e tamanhos personalizados<\/span><\/td>\n<\/tr>\n<tr style=\"height: 40px;\">\n<td style=\"width: 22.6796%; height: 34px; background-color: #ebebeb;\"><span style=\"font-size: 12pt;\"><strong><span style=\"font-family: arial, helvetica, sans-serif;\">Quantidade m\u00ednima de pedido<\/span><\/strong><\/span><\/td>\n<td style=\"width: 77.3204%; height: 34px; background-color: #ebebeb;\"><span style=\"font-family: arial, helvetica, sans-serif; font-size: 12pt;\">1000pcs sem personaliza\u00e7\u00e3o, 10000pcs para personaliza\u00e7\u00e3o<\/span><\/td>\n<\/tr>\n<tr style=\"height: 40px; background-color: #99ccff;\">\n<td style=\"width: 22.6796%; height: 24px;\"><span style=\"font-size: 12pt;\"><strong><span style=\"font-family: arial, helvetica, sans-serif;\">Tipo de embalagem<\/span><\/strong><\/span><\/td>\n<td style=\"width: 77.3204%; height: 24px;\"><span style=\"font-family: arial, helvetica, sans-serif; font-size: 12pt;\">Bolsa de p\u00e9<\/span><\/td>\n<\/tr>\n<tr style=\"height: 40px; background-color: #ebebeb;\">\n<td style=\"width: 22.6796%; height: 24px;\"><span style=\"font-size: 12pt;\"><strong><span style=\"font-family: arial, helvetica, sans-serif;\">Impress\u00e3o<\/span><\/strong><\/span><\/td>\n<td style=\"width: 77.3204%; height: 24px;\"><span style=\"font-family: arial, helvetica, sans-serif; font-size: 12pt;\">CMYK (1 \u2013 10 cores), sem impress\u00e3o (normal)<\/span><\/td>\n<\/tr>\n<tr style=\"height: 40px; background-color: #99ccff;\">\n<td style=\"width: 22.6796%; height: 24px;\"><span style=\"font-size: 12pt;\"><strong><span style=\"font-family: arial, helvetica, sans-serif;\">Acabamento<\/span><\/strong><\/span><\/td>\n<td style=\"width: 77.3204%; height: 24px;\"><span style=\"font-family: arial, helvetica, sans-serif; font-size: 12pt;\">Lamina\u00e7\u00e3o brilhante\/fosca, impress\u00e3o offset<\/span><\/td>\n<\/tr>\n<tr style=\"height: 40px; background-color: #ebebeb;\">\n<td style=\"width: 22.6796%; height: 24px;\"><span style=\"font-size: 12pt;\"><strong><span style=\"font-family: arial, helvetica, sans-serif;\">Op\u00e7\u00f5es inclu\u00eddas<\/span><\/strong><\/span><\/td>\n<td style=\"width: 77.3204%; height: 24px;\"><span style=\"font-family: arial, helvetica, sans-serif; font-size: 12pt;\">Corte e vinco, selagem t\u00e9rmica<\/span><\/td>\n<\/tr>\n<tr style=\"height: 40px; background-color: #99ccff;\">\n<td style=\"width: 22.6796%; height: 24px;\"><span style=\"font-size: 12pt;\"><strong><span style=\"font-family: arial, helvetica, sans-serif;\">Prova<\/span><\/strong><\/span><\/td>\n<td style=\"width: 77.3204%; height: 24px;\"><span style=\"font-family: arial, helvetica, sans-serif; font-size: 12pt;\">Provas de umidade\u00a0<\/span><\/td>\n<\/tr>\n<tr style=\"height: 40px; background-color: #ebebeb;\">\n<td style=\"width: 22.6796%; height: 24px;\"><span style=\"font-size: 12pt;\"><strong><span style=\"font-family: arial, helvetica, sans-serif;\">Tempo de resposta<\/span><\/strong><\/span><\/td>\n<td style=\"width: 77.3204%; height: 24px;\"><span style=\"font-family: arial, helvetica, sans-serif; font-size: 12pt;\">7 a 15 dias \u00fateis, RUSH<\/span><\/td>\n<\/tr>\n<tr style=\"height: 40px; background-color: #99ccff;\">\n<td style=\"width: 22.6796%; height: 24px;\"><span style=\"font-size: 12pt;\"><strong><span style=\"font-family: arial, helvetica, sans-serif;\">Envio<\/span><\/strong><\/span><\/td>\n<td style=\"width: 77.3204%; height: 24px;\"><span style=\"font-family: arial, helvetica, sans-serif; font-size: 12pt;\">A\u00e9reo, Mar\u00edtimo, Expresso<\/span><\/td>\n<\/tr>\n<tr style=\"height: 40px; background-color: #ebebeb;\">\n<td style=\"width: 22.6796%; height: 24px;\"><span style=\"font-size: 12pt;\"><strong><span style=\"font-family: arial, helvetica, sans-serif;\">Material<\/span><\/strong><\/span><\/td>\n<td style=\"width: 77.3204%; height: 24px;\"><span style=\"font-family: arial, helvetica, sans-serif; font-size: 12pt;\">PET\/NY\/PE<\/span><\/td>\n<\/tr>\n<\/tbody>\n<\/table>\n<p>&nbsp;<\/p>","protected":false},"featured_media":1492,"comment_status":"open","ping_status":"closed","template":"","meta":[],"product_brand":[],"product_cat":[26,18],"product_tag":[],"class_list":{"0":"post-1491","1":"product","2":"type-product","3":"status-publish","4":"has-post-thumbnail","6":"product_cat-food-packaging","7":"product_cat-zipper-bags","9":"first","10":"instock","11":"shipping-taxable","12":"product-type-simple"},"_links":{"self":[{"href":"https:\/\/polysmarts.com\/pt\/wp-json\/wp\/v2\/product\/1491","targetHints":{"allow":["GET"]}}],"collection":[{"href":"https:\/\/polysmarts.com\/pt\/wp-json\/wp\/v2\/product"}],"about":[{"href":"https:\/\/polysmarts.com\/pt\/wp-json\/wp\/v2\/types\/product"}],"replies":[{"embeddable":true,"href":"https:\/\/polysmarts.com\/pt\/wp-json\/wp\/v2\/comments?post=1491"}],"version-history":[{"count":2,"href":"https:\/\/polysmarts.com\/pt\/wp-json\/wp\/v2\/product\/1491\/revisions"}],"predecessor-version":[{"id":1499,"href":"https:\/\/polysmarts.com\/pt\/wp-json\/wp\/v2\/product\/1491\/revisions\/1499"}],"wp:featuredmedia":[{"embeddable":true,"href":"https:\/\/polysmarts.com\/pt\/wp-json\/wp\/v2\/media\/1492"}],"wp:attachment":[{"href":"https:\/\/polysmarts.com\/pt\/wp-json\/wp\/v2\/media?parent=1491"}],"wp:term":[{"taxonomy":"product_brand","embeddable":true,"href":"https:\/\/polysmarts.com\/pt\/wp-json\/wp\/v2\/product_brand?post=1491"},{"taxonomy":"product_cat","embeddable":true,"href":"https:\/\/polysmarts.com\/pt\/wp-json\/wp\/v2\/product_cat?post=1491"},{"taxonomy":"product_tag","embeddable":true,"href":"https:\/\/polysmarts.com\/pt\/wp-json\/wp\/v2\/product_tag?post=1491"}],"curies":[{"name":"wp","href":"https:\/\/api.w.org\/{rel}","templated":true}]}}