{"id":1478,"date":"2024-01-03T07:25:34","date_gmt":"2024-01-03T07:25:34","guid":{"rendered":"https:\/\/polysmarts.com\/?post_type=product&#038;p=1478"},"modified":"2024-01-03T07:31:35","modified_gmt":"2024-01-03T07:31:35","slug":"sacos-de-papel-kraft-branco-no-atacado-com-folha-de-aluminio-dentro","status":"publish","type":"product","link":"https:\/\/polysmarts.com\/pt\/product\/white-kraft-paper-bags-wholesale-with-aluminum-foil-inside\/","title":{"rendered":"Sacos de papel Kraft branco atacado com folha de alum\u00ednio dentro"},"content":{"rendered":"<p>Explore os recursos vers\u00e1teis de nossos sacos de papel Kraft brancos projetados para uso no atacado, com um forro confi\u00e1vel de folha de alum\u00ednio. Essas bolsas s\u00e3o confeccionadas com muito cuidado, garantindo que atendam diversas necessidades com comodidade e praticidade.<\/p>\n<p>Caracter\u00edsticas principais:<\/p>\n<ol>\n<li><strong>Excel\u00eancia multifuncional:<\/strong> Essas sacolas s\u00e3o de qualidade alimentar, o que as torna adequadas para embalar n\u00e3o apenas alimentos, mas tamb\u00e9m cosm\u00e9ticos e necessidades di\u00e1rias. Organize seus pertences sem esfor\u00e7o e mantenha um espa\u00e7o limpo e arrumado.<\/li>\n<li><strong>Uso vers\u00e1til:<\/strong> Equipados com um ziplock f\u00e1cil de usar e entalhes de rasgo, nossos sacos s\u00e3o perfeitos para selar com frescor. Ideais para armazenar alimentos, itens pequenos e presentes, eles podem ser selados a quente com um selador de impulso para prolongar a vida \u00fatil do produto.<\/li>\n<li><strong>F\u00e1cil de usar:<\/strong> Desfrute de armazenamento e embalagem sem complica\u00e7\u00f5es com nossos sacos f\u00e1ceis de usar. Basta abrir e selar \u2013 selar manualmente o z\u00edper ou selar a quente a se\u00e7\u00e3o superior aberta acima do z\u00edper para armazenamento eficaz.<\/li>\n<li><strong>Ampla gama de aplica\u00e7\u00f5es:<\/strong> Adaptados para diversas necessidades de armazenamento, esses sacos s\u00e3o adequados para caf\u00e9, feij\u00e3o, doces, a\u00e7\u00facar, arroz, ingredientes de panifica\u00e7\u00e3o, biscoitos, ch\u00e1, nozes, frutas secas, flores secas, p\u00f3, lanches e muito mais. Perfeito para amostragem de alimentos e cosm\u00e9ticos, oferecendo solu\u00e7\u00f5es de armazenamento de longo prazo.<\/li>\n<li><strong>Projeto reutiliz\u00e1vel:<\/strong> O z\u00edper facilita a inser\u00e7\u00e3o e retirada de produtos sem esfor\u00e7o, tornando as sacolas reutiliz\u00e1veis. Confeccionados com materiais de qualidade alimentar e design de bom gosto, garantem a seguran\u00e7a e o frescor dos itens armazenados. Os sacos s\u00e3o fortes e el\u00e1sticos, garantindo durabilidade.<\/li>\n<\/ol>\n<p>Aproveite a praticidade e versatilidade de nossas sacolas de papel Kraft branco para atacado com folha de alum\u00ednio - uma solu\u00e7\u00e3o confi\u00e1vel para suas necessidades de armazenamento e embalagem. Compre agora para uma experi\u00eancia perfeita na preserva\u00e7\u00e3o do frescor e na manuten\u00e7\u00e3o de espa\u00e7os organizados.<\/p>","protected":false},"excerpt":{"rendered":"<table style=\"height: 360px; width: 99.8505%; border-collapse: collapse;\" border=\"2\">\n<tbody>\n<tr style=\"height: 40px;\">\n<td style=\"width: 22.6796%; height: 30px; background-color: #99ccff;\"><span style=\"font-family: arial, helvetica, sans-serif; font-size: 12pt;\"><strong>Dimens\u00e3o e estilo<\/strong><\/span><\/td>\n<td style=\"width: 77.3204%; height: 30px; background-color: #99ccff;\"><span style=\"font-family: arial, helvetica, sans-serif; font-size: 12pt;\">Formas e tamanhos personalizados<\/span><\/td>\n<\/tr>\n<tr style=\"height: 40px;\">\n<td style=\"width: 22.6796%; height: 34px; background-color: #ebebeb;\"><span style=\"font-size: 12pt;\"><strong><span style=\"font-family: arial, helvetica, sans-serif;\">Quantidade m\u00ednima de pedido<\/span><\/strong><\/span><\/td>\n<td style=\"width: 77.3204%; height: 34px; background-color: #ebebeb;\"><span style=\"font-family: arial, helvetica, sans-serif; font-size: 12pt;\">1000pcs sem personaliza\u00e7\u00e3o, 10000pcs para personaliza\u00e7\u00e3o<\/span><\/td>\n<\/tr>\n<tr style=\"height: 40px; background-color: #99ccff;\">\n<td style=\"width: 22.6796%; height: 24px;\"><span style=\"font-size: 12pt;\"><strong><span style=\"font-family: arial, helvetica, sans-serif;\">Tipo de embalagem<\/span><\/strong><\/span><\/td>\n<td style=\"width: 77.3204%; height: 24px;\"><span style=\"font-family: arial, helvetica, sans-serif; font-size: 12pt;\">Sacos de papel Kraft de p\u00e9<\/span><\/td>\n<\/tr>\n<tr style=\"height: 40px; background-color: #ebebeb;\">\n<td style=\"width: 22.6796%; height: 24px;\"><span style=\"font-size: 12pt;\"><strong><span style=\"font-family: arial, helvetica, sans-serif;\">Impress\u00e3o<\/span><\/strong><\/span><\/td>\n<td style=\"width: 77.3204%; height: 24px;\"><span style=\"font-family: arial, helvetica, sans-serif; font-size: 12pt;\">CMYK (1 \u2013 8 cores), sem impress\u00e3o (normal)<\/span><\/td>\n<\/tr>\n<tr style=\"height: 40px; background-color: #99ccff;\">\n<td style=\"width: 22.6796%; height: 24px;\"><span style=\"font-size: 12pt;\"><strong><span style=\"font-family: arial, helvetica, sans-serif;\">Acabamento<\/span><\/strong><\/span><\/td>\n<td style=\"width: 77.3204%; height: 24px;\"><span style=\"font-family: arial, helvetica, sans-serif; font-size: 12pt;\">Lamina\u00e7\u00e3o brilhante\/fosca<\/span><\/td>\n<\/tr>\n<tr style=\"height: 40px; background-color: #ebebeb;\">\n<td style=\"width: 22.6796%; height: 24px;\"><span style=\"font-size: 12pt;\"><strong><span style=\"font-family: arial, helvetica, sans-serif;\">Op\u00e7\u00f5es inclu\u00eddas<\/span><\/strong><\/span><\/td>\n<td style=\"width: 77.3204%; height: 24px;\"><span style=\"font-family: arial, helvetica, sans-serif; font-size: 12pt;\">Corte e vinco<\/span><\/td>\n<\/tr>\n<tr style=\"height: 40px; background-color: #99ccff;\">\n<td style=\"width: 22.6796%; height: 24px;\"><span style=\"font-size: 12pt;\"><strong><span style=\"font-family: arial, helvetica, sans-serif;\">Prova<\/span><\/strong><\/span><\/td>\n<td style=\"width: 77.3204%; height: 24px;\"><span style=\"font-family: arial, helvetica, sans-serif; font-size: 12pt;\">Provas de cheiro<\/span><\/td>\n<\/tr>\n<tr style=\"height: 40px; background-color: #ebebeb;\">\n<td style=\"width: 22.6796%; height: 24px;\"><span style=\"font-size: 12pt;\"><strong><span style=\"font-family: arial, helvetica, sans-serif;\">Tempo de resposta<\/span><\/strong><\/span><\/td>\n<td style=\"width: 77.3204%; height: 24px;\"><span style=\"font-family: arial, helvetica, sans-serif; font-size: 12pt;\">7 a 15 dias \u00fateis, RUSH<\/span><\/td>\n<\/tr>\n<tr style=\"height: 40px; background-color: #99ccff;\">\n<td style=\"width: 22.6796%; height: 24px;\"><span style=\"font-size: 12pt;\"><strong><span style=\"font-family: arial, helvetica, sans-serif;\">Envio<\/span><\/strong><\/span><\/td>\n<td style=\"width: 77.3204%; height: 24px;\"><span style=\"font-family: arial, helvetica, sans-serif; font-size: 12pt;\">A\u00e9reo, Mar\u00edtimo, Expresso<\/span><\/td>\n<\/tr>\n<\/tbody>\n<\/table>\n<p>&nbsp;<\/p>","protected":false},"featured_media":1479,"comment_status":"open","ping_status":"closed","template":"","meta":[],"product_brand":[],"product_cat":[26,20,18],"product_tag":[],"class_list":{"0":"post-1478","1":"product","2":"type-product","3":"status-publish","4":"has-post-thumbnail","6":"product_cat-food-packaging","7":"product_cat-kraft-paper-bag","8":"product_cat-zipper-bags","10":"first","11":"instock","12":"shipping-taxable","13":"product-type-simple"},"_links":{"self":[{"href":"https:\/\/polysmarts.com\/pt\/wp-json\/wp\/v2\/product\/1478","targetHints":{"allow":["GET"]}}],"collection":[{"href":"https:\/\/polysmarts.com\/pt\/wp-json\/wp\/v2\/product"}],"about":[{"href":"https:\/\/polysmarts.com\/pt\/wp-json\/wp\/v2\/types\/product"}],"replies":[{"embeddable":true,"href":"https:\/\/polysmarts.com\/pt\/wp-json\/wp\/v2\/comments?post=1478"}],"version-history":[{"count":1,"href":"https:\/\/polysmarts.com\/pt\/wp-json\/wp\/v2\/product\/1478\/revisions"}],"predecessor-version":[{"id":1486,"href":"https:\/\/polysmarts.com\/pt\/wp-json\/wp\/v2\/product\/1478\/revisions\/1486"}],"wp:featuredmedia":[{"embeddable":true,"href":"https:\/\/polysmarts.com\/pt\/wp-json\/wp\/v2\/media\/1479"}],"wp:attachment":[{"href":"https:\/\/polysmarts.com\/pt\/wp-json\/wp\/v2\/media?parent=1478"}],"wp:term":[{"taxonomy":"product_brand","embeddable":true,"href":"https:\/\/polysmarts.com\/pt\/wp-json\/wp\/v2\/product_brand?post=1478"},{"taxonomy":"product_cat","embeddable":true,"href":"https:\/\/polysmarts.com\/pt\/wp-json\/wp\/v2\/product_cat?post=1478"},{"taxonomy":"product_tag","embeddable":true,"href":"https:\/\/polysmarts.com\/pt\/wp-json\/wp\/v2\/product_tag?post=1478"}],"curies":[{"name":"wp","href":"https:\/\/api.w.org\/{rel}","templated":true}]}}