{"id":1470,"date":"2024-01-03T06:48:16","date_gmt":"2024-01-03T06:48:16","guid":{"rendered":"https:\/\/polysmarts.com\/?post_type=product&#038;p=1470"},"modified":"2024-01-03T07:01:16","modified_gmt":"2024-01-03T07:01:16","slug":"bolsa-stand-up-de-papel-kraft-com-folha-de-aluminio-dentro","status":"publish","type":"product","link":"https:\/\/polysmarts.com\/pt\/product\/kraft-paper-stand-up-pouch-with-aluminium-foil-inside\/","title":{"rendered":"O papel Kraft levanta-se o malote com folha de alum\u00ednio dentro"},"content":{"rendered":"<p>Eleve sua experi\u00eancia de armazenamento e presente com nossa bolsa stand-up com z\u00edper de papel Kraft Premium. Esta bolsa vers\u00e1til n\u00e3o \u00e9 apenas adequada para uma infinidade de ocasi\u00f5es, mas tamb\u00e9m adiciona um toque de sofistica\u00e7\u00e3o \u00e0s suas necessidades de armazenamento.<\/p>\n<p>Uso vers\u00e1til: esta bolsa \u00e9 mais do que apenas uma bolsa de armazenamento; \u00e9 uma solu\u00e7\u00e3o elegante e pr\u00e1tica para manter organizados alimentos, lanches e itens diversos. Esteja voc\u00ea armazenando itens essenciais da despensa, guloseimas caseiras ou lanches para viagem, esta bolsa tem o que voc\u00ea precisa. Al\u00e9m disso, seu design elegante o torna a escolha perfeita para presentear sua fam\u00edlia ou amigos, adicionando um toque atencioso a qualquer ocasi\u00e3o.<\/p>\n<p>Excel\u00eancia em armazenamento: Nossos sacos de papel para p\u00f3, cuidadosamente projetados com a funcionalidade em mente, s\u00e3o ideais para armazenar e transportar itens pequenos com efici\u00eancia. De alimentos e feij\u00f5es a lanches e muito mais, esses sacos oferecem uma solu\u00e7\u00e3o confi\u00e1vel e organizada para suas necessidades de armazenamento.<\/p>\n<p>Dur\u00e1vel e reutiliz\u00e1vel: a qualidade \u00e9 importante, e \u00e9 por isso que nossos sacos de papel pardo s\u00e3o feitos com folha de alum\u00ednio de alta qualidade. Isso n\u00e3o apenas garante durabilidade, mas tamb\u00e9m os torna reutiliz\u00e1veis para m\u00faltiplas aplica\u00e7\u00f5es. Diga adeus \u00e0s embalagens descart\u00e1veis e abrace a sustentabilidade de uma bolsa que resiste ao teste do tempo, atendendo \u00e0s suas necessidades de armazenamento a cada uso.<\/p>\n<p>Fa\u00e7a uma declara\u00e7\u00e3o com nossa bolsa stand-up com z\u00edper de papel Kraft Premium - onde o estilo encontra a funcionalidade e a qualidade encontra a sustentabilidade.<\/p>","protected":false},"excerpt":{"rendered":"<table style=\"height: 360px; width: 99.8505%; border-collapse: collapse;\" border=\"2\">\n<tbody>\n<tr style=\"height: 40px;\">\n<td style=\"width: 22.6796%; height: 30px; background-color: #99ccff;\"><span style=\"font-family: arial, helvetica, sans-serif; font-size: 12pt;\"><strong>Dimens\u00e3o e estilo<\/strong><\/span><\/td>\n<td style=\"width: 77.3204%; height: 30px; background-color: #99ccff;\"><span style=\"font-family: arial, helvetica, sans-serif; font-size: 12pt;\">Formas e tamanhos personalizados<\/span><\/td>\n<\/tr>\n<tr style=\"height: 40px;\">\n<td style=\"width: 22.6796%; height: 34px; background-color: #ebebeb;\"><span style=\"font-size: 12pt;\"><strong><span style=\"font-family: arial, helvetica, sans-serif;\">Quantidade m\u00ednima de pedido<\/span><\/strong><\/span><\/td>\n<td style=\"width: 77.3204%; height: 34px; background-color: #ebebeb;\"><span style=\"font-family: arial, helvetica, sans-serif; font-size: 12pt;\">1000pcs sem personaliza\u00e7\u00e3o, 10000pcs para personaliza\u00e7\u00e3o<\/span><\/td>\n<\/tr>\n<tr style=\"height: 40px; background-color: #99ccff;\">\n<td style=\"width: 22.6796%; height: 24px;\"><span style=\"font-size: 12pt;\"><strong><span style=\"font-family: arial, helvetica, sans-serif;\">Tipo de embalagem<\/span><\/strong><\/span><\/td>\n<td style=\"width: 77.3204%; height: 24px;\"><span style=\"font-family: arial, helvetica, sans-serif; font-size: 12pt;\">Sacos de papel Kraft de p\u00e9<\/span><\/td>\n<\/tr>\n<tr style=\"height: 40px; background-color: #ebebeb;\">\n<td style=\"width: 22.6796%; height: 24px;\"><span style=\"font-size: 12pt;\"><strong><span style=\"font-family: arial, helvetica, sans-serif;\">Impress\u00e3o<\/span><\/strong><\/span><\/td>\n<td style=\"width: 77.3204%; height: 24px;\"><span style=\"font-family: arial, helvetica, sans-serif; font-size: 12pt;\">CMYK (1 \u2013 8 cores), sem impress\u00e3o (normal)<\/span><\/td>\n<\/tr>\n<tr style=\"height: 40px; background-color: #99ccff;\">\n<td style=\"width: 22.6796%; height: 24px;\"><span style=\"font-size: 12pt;\"><strong><span style=\"font-family: arial, helvetica, sans-serif;\">Acabamento<\/span><\/strong><\/span><\/td>\n<td style=\"width: 77.3204%; height: 24px;\"><span style=\"font-family: arial, helvetica, sans-serif; font-size: 12pt;\">Lamina\u00e7\u00e3o brilhante\/fosca<\/span><\/td>\n<\/tr>\n<tr style=\"height: 40px; background-color: #ebebeb;\">\n<td style=\"width: 22.6796%; height: 24px;\"><span style=\"font-size: 12pt;\"><strong><span style=\"font-family: arial, helvetica, sans-serif;\">Op\u00e7\u00f5es inclu\u00eddas<\/span><\/strong><\/span><\/td>\n<td style=\"width: 77.3204%; height: 24px;\"><span style=\"font-family: arial, helvetica, sans-serif; font-size: 12pt;\">Corte e vinco<\/span><\/td>\n<\/tr>\n<tr style=\"height: 40px; background-color: #99ccff;\">\n<td style=\"width: 22.6796%; height: 24px;\"><span style=\"font-size: 12pt;\"><strong><span style=\"font-family: arial, helvetica, sans-serif;\">Prova<\/span><\/strong><\/span><\/td>\n<td style=\"width: 77.3204%; height: 24px;\"><span style=\"font-family: arial, helvetica, sans-serif; font-size: 12pt;\">Provas de cheiro<\/span><\/td>\n<\/tr>\n<tr style=\"height: 40px; background-color: #ebebeb;\">\n<td style=\"width: 22.6796%; height: 24px;\"><span style=\"font-size: 12pt;\"><strong><span style=\"font-family: arial, helvetica, sans-serif;\">Tempo de resposta<\/span><\/strong><\/span><\/td>\n<td style=\"width: 77.3204%; height: 24px;\"><span style=\"font-family: arial, helvetica, sans-serif; font-size: 12pt;\">7 a 15 dias \u00fateis, RUSH<\/span><\/td>\n<\/tr>\n<tr style=\"height: 40px; background-color: #99ccff;\">\n<td style=\"width: 22.6796%; height: 24px;\"><span style=\"font-size: 12pt;\"><strong><span style=\"font-family: arial, helvetica, sans-serif;\">Envio<\/span><\/strong><\/span><\/td>\n<td style=\"width: 77.3204%; height: 24px;\"><span style=\"font-family: arial, helvetica, sans-serif; font-size: 12pt;\">A\u00e9reo, Mar\u00edtimo, Expresso<\/span><\/td>\n<\/tr>\n<\/tbody>\n<\/table>\n<p>&nbsp;<\/p>","protected":false},"featured_media":1471,"comment_status":"open","ping_status":"closed","template":"","meta":[],"product_brand":[],"product_cat":[26,20,18],"product_tag":[],"class_list":{"0":"post-1470","1":"product","2":"type-product","3":"status-publish","4":"has-post-thumbnail","6":"product_cat-food-packaging","7":"product_cat-kraft-paper-bag","8":"product_cat-zipper-bags","10":"first","11":"instock","12":"shipping-taxable","13":"product-type-simple"},"_links":{"self":[{"href":"https:\/\/polysmarts.com\/pt\/wp-json\/wp\/v2\/product\/1470","targetHints":{"allow":["GET"]}}],"collection":[{"href":"https:\/\/polysmarts.com\/pt\/wp-json\/wp\/v2\/product"}],"about":[{"href":"https:\/\/polysmarts.com\/pt\/wp-json\/wp\/v2\/types\/product"}],"replies":[{"embeddable":true,"href":"https:\/\/polysmarts.com\/pt\/wp-json\/wp\/v2\/comments?post=1470"}],"version-history":[{"count":1,"href":"https:\/\/polysmarts.com\/pt\/wp-json\/wp\/v2\/product\/1470\/revisions"}],"predecessor-version":[{"id":1477,"href":"https:\/\/polysmarts.com\/pt\/wp-json\/wp\/v2\/product\/1470\/revisions\/1477"}],"wp:featuredmedia":[{"embeddable":true,"href":"https:\/\/polysmarts.com\/pt\/wp-json\/wp\/v2\/media\/1471"}],"wp:attachment":[{"href":"https:\/\/polysmarts.com\/pt\/wp-json\/wp\/v2\/media?parent=1470"}],"wp:term":[{"taxonomy":"product_brand","embeddable":true,"href":"https:\/\/polysmarts.com\/pt\/wp-json\/wp\/v2\/product_brand?post=1470"},{"taxonomy":"product_cat","embeddable":true,"href":"https:\/\/polysmarts.com\/pt\/wp-json\/wp\/v2\/product_cat?post=1470"},{"taxonomy":"product_tag","embeddable":true,"href":"https:\/\/polysmarts.com\/pt\/wp-json\/wp\/v2\/product_tag?post=1470"}],"curies":[{"name":"wp","href":"https:\/\/api.w.org\/{rel}","templated":true}]}}