{"id":1455,"date":"2024-01-02T11:27:27","date_gmt":"2024-01-02T11:27:27","guid":{"rendered":"https:\/\/polysmarts.com\/?post_type=product&#038;p=1455"},"modified":"2024-01-02T11:37:01","modified_gmt":"2024-01-02T11:37:01","slug":"sacos-de-embalagem-de-cha-verde-impressos-personalizados-com-logotipo","status":"publish","type":"product","link":"https:\/\/polysmarts.com\/pt\/product\/custom-printed-green-tea-packaging-bags-with-logo\/","title":{"rendered":"Sacos de embalagem de ch\u00e1 verde impressos personalizados com logotipo"},"content":{"rendered":"<p>\u3010Ampla gama de aplica\u00e7\u00f5es\u3011: Nossos sacos com z\u00edper s\u00e3o projetados para diversas finalidades, oferecendo prote\u00e7\u00e3o \u00e0 prova d&#039;\u00e1gua quando fechados com seguran\u00e7a. Perfeito para doces, joias, biscoitos, saquinhos, recipientes \u00e0 prova de cheiro, armazenamento de sandu\u00edches, itens de dispens\u00e1rio, lanches, produtos frescos, armazenamento de amostras e muito mais.<\/p>\n<p>\u3010Bolsas \u00e0 prova de cheiro de qualidade premium\u3011: O forro da bolsa \u00e9 feito de folha de alum\u00ednio de alta qualidade, garantindo resist\u00eancia e resist\u00eancia excepcionais. Mant\u00e9m a sua forma mesmo ap\u00f3s uso repetido e garante armazenamento a longo prazo. Esses pequenos sacos para embalagens apresentam excelente resist\u00eancia ao rasgo, resist\u00eancia \u00e0 perfura\u00e7\u00e3o, resist\u00eancia \u00e0 \u00e1gua e estabilidade geral.<\/p>\n<p>\u3010F\u00e1cil de usar e recicl\u00e1vel\u3011: Nossos sacos \u00e0 prova de odores s\u00e3o recicl\u00e1veis, permitindo o uso repetido. A veda\u00e7\u00e3o herm\u00e9tica garante durabilidade, evitando vazamentos. Basta abrir e selar a parte do z\u00edper com facilidade. A janela vis\u00edvel fosca no meio permite identificar o conte\u00fado sem comprometer a veda\u00e7\u00e3o. Lembre-se sempre de fechar com seguran\u00e7a o z\u00edper para manter o frescor e evitar vazamentos.<\/p>\n<p>\u3010Sacos com z\u00edper ressel\u00e1veis\u3011: Equipados com uma tira de veda\u00e7\u00e3o, nossos sacos ressel\u00e1veis facilitam a abertura e o fechamento. Ideal para proteger itens usados com frequ\u00eancia contra insetos, odores, umidade e muito mais. Perfeito para armazenar especiarias, sais de banho, nozes, aveia, biscoitos, doces, cereais, granola, gr\u00e3os de caf\u00e9, cera derretida, gr\u00e3os, guloseimas para animais de estima\u00e7\u00e3o, sementes, guloseimas e bombas de banho.<\/p>\n<p>\u3010Design atencioso\u3011: Os cantos arredondados dos lanches evitam arranh\u00f5es na pele durante o uso. O design do entalhe em forma de U facilita o rasgo pelos clientes. A parte superior com z\u00edper apertado garante capacidade de veda\u00e7\u00e3o e abertura e fechamento sem esfor\u00e7o. A janela de visualiza\u00e7\u00e3o fosca no meio permite f\u00e1cil identifica\u00e7\u00e3o dos produtos armazenados. Al\u00e9m disso, o fundo do saco herm\u00e9tico se desdobra, permitindo que ele fique em p\u00e9 para um armazenamento conveniente. Escolha nossos sacos zip lock f\u00e1ceis de usar com um design humanizado para suas necessidades de armazenamento.<\/p>","protected":false},"excerpt":{"rendered":"<table style=\"height: 360px; width: 99.8505%; border-collapse: collapse;\" border=\"2\">\n<tbody>\n<tr style=\"height: 40px;\">\n<td style=\"width: 22.6796%; height: 30px; background-color: #99ccff;\"><span style=\"font-family: arial, helvetica, sans-serif; font-size: 12pt;\"><strong>Dimens\u00e3o e estilo<\/strong><\/span><\/td>\n<td style=\"width: 77.3204%; height: 30px; background-color: #99ccff;\"><span style=\"font-family: arial, helvetica, sans-serif; font-size: 12pt;\">Formas e tamanhos personalizados<\/span><\/td>\n<\/tr>\n<tr style=\"height: 40px;\">\n<td style=\"width: 22.6796%; height: 34px; background-color: #ebebeb;\"><span style=\"font-size: 12pt;\"><strong><span style=\"font-family: arial, helvetica, sans-serif;\">Quantidade m\u00ednima de pedido<\/span><\/strong><\/span><\/td>\n<td style=\"width: 77.3204%; height: 34px; background-color: #ebebeb;\"><span style=\"font-family: arial, helvetica, sans-serif; font-size: 12pt;\">1000pcs sem personaliza\u00e7\u00e3o, 10000pcs para personaliza\u00e7\u00e3o<\/span><\/td>\n<\/tr>\n<tr style=\"height: 40px; background-color: #99ccff;\">\n<td style=\"width: 22.6796%; height: 24px;\"><span style=\"font-size: 12pt;\"><strong><span style=\"font-family: arial, helvetica, sans-serif;\">Tipo de embalagem<\/span><\/strong><\/span><\/td>\n<td style=\"width: 77.3204%; height: 24px;\"><span style=\"font-family: arial, helvetica, sans-serif; font-size: 12pt;\">Bolsa de p\u00e9<\/span><\/td>\n<\/tr>\n<tr style=\"height: 40px; background-color: #ebebeb;\">\n<td style=\"width: 22.6796%; height: 24px;\"><span style=\"font-size: 12pt;\"><strong><span style=\"font-family: arial, helvetica, sans-serif;\">Impress\u00e3o<\/span><\/strong><\/span><\/td>\n<td style=\"width: 77.3204%; height: 24px;\"><span style=\"font-family: arial, helvetica, sans-serif; font-size: 12pt;\">CMYK (1 \u2013 10 cores), sem impress\u00e3o (normal)<\/span><\/td>\n<\/tr>\n<tr style=\"height: 40px; background-color: #99ccff;\">\n<td style=\"width: 22.6796%; height: 24px;\"><span style=\"font-size: 12pt;\"><strong><span style=\"font-family: arial, helvetica, sans-serif;\">Acabamento<\/span><\/strong><\/span><\/td>\n<td style=\"width: 77.3204%; height: 24px;\"><span style=\"font-family: arial, helvetica, sans-serif; font-size: 12pt;\">Lamina\u00e7\u00e3o brilhante\/fosca, impress\u00e3o offset<\/span><\/td>\n<\/tr>\n<tr style=\"height: 40px; background-color: #ebebeb;\">\n<td style=\"width: 22.6796%; height: 24px;\"><span style=\"font-size: 12pt;\"><strong><span style=\"font-family: arial, helvetica, sans-serif;\">Op\u00e7\u00f5es inclu\u00eddas<\/span><\/strong><\/span><\/td>\n<td style=\"width: 77.3204%; height: 24px;\"><span style=\"font-family: arial, helvetica, sans-serif; font-size: 12pt;\">Corte e vinco, selagem t\u00e9rmica<\/span><\/td>\n<\/tr>\n<tr style=\"height: 40px; background-color: #99ccff;\">\n<td style=\"width: 22.6796%; height: 24px;\"><span style=\"font-size: 12pt;\"><strong><span style=\"font-family: arial, helvetica, sans-serif;\">Prova<\/span><\/strong><\/span><\/td>\n<td style=\"width: 77.3204%; height: 24px;\"><span style=\"font-family: arial, helvetica, sans-serif; font-size: 12pt;\">Provas de cheiro\u00a0<\/span><\/td>\n<\/tr>\n<tr style=\"height: 40px; background-color: #ebebeb;\">\n<td style=\"width: 22.6796%; height: 24px;\"><span style=\"font-size: 12pt;\"><strong><span style=\"font-family: arial, helvetica, sans-serif;\">Tempo de resposta<\/span><\/strong><\/span><\/td>\n<td style=\"width: 77.3204%; height: 24px;\"><span style=\"font-family: arial, helvetica, sans-serif; font-size: 12pt;\">7 a 15 dias \u00fateis, RUSH<\/span><\/td>\n<\/tr>\n<tr style=\"height: 40px; background-color: #99ccff;\">\n<td style=\"width: 22.6796%; height: 24px;\"><span style=\"font-size: 12pt;\"><strong><span style=\"font-family: arial, helvetica, sans-serif;\">Envio<\/span><\/strong><\/span><\/td>\n<td style=\"width: 77.3204%; height: 24px;\"><span style=\"font-family: arial, helvetica, sans-serif; font-size: 12pt;\">A\u00e9reo, Mar\u00edtimo, Expresso<\/span><\/td>\n<\/tr>\n<\/tbody>\n<\/table>\n<p>&nbsp;<\/p>","protected":false},"featured_media":1456,"comment_status":"open","ping_status":"closed","template":"","meta":[],"product_brand":[],"product_cat":[27,18],"product_tag":[],"class_list":{"0":"post-1455","1":"product","2":"type-product","3":"status-publish","4":"has-post-thumbnail","6":"product_cat-coffee-and-tea-packaging","7":"product_cat-zipper-bags","9":"first","10":"instock","11":"shipping-taxable","12":"product-type-simple"},"_links":{"self":[{"href":"https:\/\/polysmarts.com\/pt\/wp-json\/wp\/v2\/product\/1455","targetHints":{"allow":["GET"]}}],"collection":[{"href":"https:\/\/polysmarts.com\/pt\/wp-json\/wp\/v2\/product"}],"about":[{"href":"https:\/\/polysmarts.com\/pt\/wp-json\/wp\/v2\/types\/product"}],"replies":[{"embeddable":true,"href":"https:\/\/polysmarts.com\/pt\/wp-json\/wp\/v2\/comments?post=1455"}],"version-history":[{"count":2,"href":"https:\/\/polysmarts.com\/pt\/wp-json\/wp\/v2\/product\/1455\/revisions"}],"predecessor-version":[{"id":1463,"href":"https:\/\/polysmarts.com\/pt\/wp-json\/wp\/v2\/product\/1455\/revisions\/1463"}],"wp:featuredmedia":[{"embeddable":true,"href":"https:\/\/polysmarts.com\/pt\/wp-json\/wp\/v2\/media\/1456"}],"wp:attachment":[{"href":"https:\/\/polysmarts.com\/pt\/wp-json\/wp\/v2\/media?parent=1455"}],"wp:term":[{"taxonomy":"product_brand","embeddable":true,"href":"https:\/\/polysmarts.com\/pt\/wp-json\/wp\/v2\/product_brand?post=1455"},{"taxonomy":"product_cat","embeddable":true,"href":"https:\/\/polysmarts.com\/pt\/wp-json\/wp\/v2\/product_cat?post=1455"},{"taxonomy":"product_tag","embeddable":true,"href":"https:\/\/polysmarts.com\/pt\/wp-json\/wp\/v2\/product_tag?post=1455"}],"curies":[{"name":"wp","href":"https:\/\/api.w.org\/{rel}","templated":true}]}}