{"id":1281,"date":"2023-12-14T07:26:30","date_gmt":"2023-12-14T07:26:30","guid":{"rendered":"https:\/\/polysmarts.com\/?post_type=product&#038;p=1281"},"modified":"2024-03-27T03:03:38","modified_gmt":"2024-03-27T03:03:38","slug":"bolsa-mylar-personalizada-3-5g-7g-1oz-1lb-com-ziper","status":"publish","type":"product","link":"https:\/\/polysmarts.com\/pt\/product\/custom-3-5g-7g-1oz-1lb-mylar-bag-with-zipper\/","title":{"rendered":"Saco Mylar personalizado de 3,5g\/7g\/1oz\/1lb com z\u00edper"},"content":{"rendered":"<p><strong>Nome do Produto:<\/strong> Embalagem de bolsa stand up \u00e0 prova de cheiro com impress\u00e3o personalizada - 3,5g \/ 7g \/ 1oz \/ 1lb Saco Mylar com z\u00edper<\/p>\n<p><strong>Aplicativo:<\/strong> Ideal para embalar caf\u00e9, salgadinhos, salgadinhos, nozes ou qualquer outro produto que voc\u00ea queira conservar e expor de forma segura e visualmente atraente.<\/p>\n<p><strong>Constru\u00e7\u00e3o de materiais:<\/strong> Constru\u00eddo com materiais premium para frescor e durabilidade ideais. A bolsa \u00e9 feita de um novo material, apresentando uma camada de PET (polietileno tereftalato) para maior resist\u00eancia, VMPET (poli\u00e9ster metalizado a v\u00e1cuo) para resist\u00eancia \u00e0 umidade e PE (polietileno) para flexibilidade e veda\u00e7\u00e3o.<\/p>\n<p><strong>Tipo de bolsa:<\/strong> Bolsa Stand Up com Z\u00edper - projetada para praticidade e apresenta\u00e7\u00e3o, permitindo f\u00e1cil armazenamento e acesso.<\/p>\n<p><strong>Grossura:<\/strong> Normalmente varia de 100 a 180 m\u00edcrons, dependendo dos requisitos de peso ou capacidade. Isso garante uma solu\u00e7\u00e3o de embalagem robusta e confi\u00e1vel para diversos conte\u00fados.<\/p>\n<p><strong>Dimens\u00e3o:<\/strong> Adaptado para caber nos tamanhos espec\u00edficos do conte\u00fado da bolsa. Para medidas precisas, consulte-nos ou solicite uma amostra para garantir que a embalagem acomode perfeitamente o seu produto.<\/p>\n<p><strong>Cores:<\/strong> Oferecemos uma ampla gama de op\u00e7\u00f5es de personaliza\u00e7\u00e3o com base nas obras de arte fornecidas pelos clientes. Nossos recursos de impress\u00e3o permitem designs vibrantes e atraentes que refletem a identidade da sua marca. Adote a personaliza\u00e7\u00e3o da impress\u00e3o em cores para fazer seu produto se destacar nas prateleiras.<\/p>\n<p><strong>Caracter\u00edsticas:<\/strong><\/p>\n<ul>\n<li><strong>\u00c0 prova de humidade:<\/strong> Protege o conte\u00fado da umidade para manter o frescor.<\/li>\n<li><strong>Isolamento de oxig\u00eanio:<\/strong> Preserva o produto evitando a exposi\u00e7\u00e3o ao oxig\u00eanio.<\/li>\n<li><strong>Sombreamento:<\/strong> Protege o conte\u00fado da luz para garantir a integridade do produto.<\/li>\n<li><strong>Boa situa\u00e7\u00e3o:<\/strong> O design vertical aumenta a presen\u00e7a na prateleira e a facilidade de uso.<\/li>\n<li><strong>Parte superior com z\u00edper:<\/strong> O z\u00edper reutiliz\u00e1vel proporciona acesso conveniente e fechamento seguro, permitindo o uso repetido.<\/li>\n<\/ul>\n<p><strong>Aplica\u00e7\u00e3o espec\u00edfica:<\/strong> Perfeito para diversos neg\u00f3cios, incluindo lanchonetes, cafeterias e estabelecimentos que oferecem produtos de panifica\u00e7\u00e3o. Ideal para embalar nozes, nozes, frutas secas e muito mais. Eleve a apresenta\u00e7\u00e3o do seu produto e mantenha a qualidade dos seus produtos com esta vers\u00e1til solu\u00e7\u00e3o de embalagem.<\/p>\n<p>Garanta que seu produto atenda aos mais altos padr\u00f5es de frescor e est\u00e9tica com nossa embalagem stand-up pouch \u00e0 prova de cheiro e com impress\u00e3o personalizada.<\/p>","protected":false},"excerpt":{"rendered":"<table style=\"height: 360px; width: 99.8505%; border-collapse: collapse;\" border=\"2\">\n<tbody>\n<tr style=\"height: 40px;\">\n<td style=\"width: 22.6796%; height: 30px; background-color: #99ccff;\"><span style=\"font-family: arial, helvetica, sans-serif; font-size: 12pt;\"><strong>Dimens\u00e3o e estilo<\/strong><\/span><\/td>\n<td style=\"width: 77.3204%; height: 30px; background-color: #99ccff;\"><span style=\"font-family: arial, helvetica, sans-serif; font-size: 12pt;\">Formas e tamanhos personalizados<\/span><\/td>\n<\/tr>\n<tr style=\"height: 40px;\">\n<td style=\"width: 22.6796%; height: 34px; background-color: #ebebeb;\"><span style=\"font-size: 12pt;\"><strong><span style=\"font-family: arial, helvetica, sans-serif;\">Quantidade m\u00ednima de pedido<\/span><\/strong><\/span><\/td>\n<td style=\"width: 77.3204%; height: 34px; background-color: #ebebeb;\"><span style=\"font-family: arial, helvetica, sans-serif; font-size: 12pt;\">1000pcs sem personaliza\u00e7\u00e3o, 10000pcs para personaliza\u00e7\u00e3o<\/span><\/td>\n<\/tr>\n<tr style=\"height: 40px; background-color: #99ccff;\">\n<td style=\"width: 22.6796%; height: 24px;\"><span style=\"font-size: 12pt;\"><strong><span style=\"font-family: arial, helvetica, sans-serif;\">Tipo de embalagem<\/span><\/strong><\/span><\/td>\n<td style=\"width: 77.3204%; height: 24px;\"><span style=\"font-family: arial, helvetica, sans-serif; font-size: 12pt;\">Bolsa de p\u00e9<\/span><\/td>\n<\/tr>\n<tr style=\"height: 40px; background-color: #ebebeb;\">\n<td style=\"width: 22.6796%; height: 24px;\"><span style=\"font-size: 12pt;\"><strong><span style=\"font-family: arial, helvetica, sans-serif;\">Impress\u00e3o<\/span><\/strong><\/span><\/td>\n<td style=\"width: 77.3204%; height: 24px;\"><span style=\"font-family: arial, helvetica, sans-serif; font-size: 12pt;\">CMYK (1 \u2013 10 cores), sem impress\u00e3o (normal)<\/span><\/td>\n<\/tr>\n<tr style=\"height: 40px; background-color: #99ccff;\">\n<td style=\"width: 22.6796%; height: 24px;\"><span style=\"font-size: 12pt;\"><strong><span style=\"font-family: arial, helvetica, sans-serif;\">Acabamento<\/span><\/strong><\/span><\/td>\n<td style=\"width: 77.3204%; height: 24px;\"><span style=\"font-family: arial, helvetica, sans-serif; font-size: 12pt;\">Lamina\u00e7\u00e3o brilhante\/fosca, impress\u00e3o offset<\/span><\/td>\n<\/tr>\n<tr style=\"height: 40px; background-color: #ebebeb;\">\n<td style=\"width: 22.6796%; height: 24px;\"><span style=\"font-size: 12pt;\"><strong><span style=\"font-family: arial, helvetica, sans-serif;\">Op\u00e7\u00f5es inclu\u00eddas<\/span><\/strong><\/span><\/td>\n<td style=\"width: 77.3204%; height: 24px;\"><span style=\"font-family: arial, helvetica, sans-serif; font-size: 12pt;\">Corte e vinco, selagem t\u00e9rmica<\/span><\/td>\n<\/tr>\n<tr style=\"height: 40px; background-color: #99ccff;\">\n<td style=\"width: 22.6796%; height: 24px;\"><span style=\"font-size: 12pt;\"><strong><span style=\"font-family: arial, helvetica, sans-serif;\">Prova<\/span><\/strong><\/span><\/td>\n<td style=\"width: 77.3204%; height: 24px;\"><span style=\"font-family: arial, helvetica, sans-serif; font-size: 12pt;\">Provas de cheiro\u00a0<\/span><\/td>\n<\/tr>\n<tr style=\"height: 40px; background-color: #ebebeb;\">\n<td style=\"width: 22.6796%; height: 24px;\"><span style=\"font-size: 12pt;\"><strong><span style=\"font-family: arial, helvetica, sans-serif;\">Tempo de resposta<\/span><\/strong><\/span><\/td>\n<td style=\"width: 77.3204%; height: 24px;\"><span style=\"font-family: arial, helvetica, sans-serif; font-size: 12pt;\">7 a 15 dias \u00fateis, RUSH<\/span><\/td>\n<\/tr>\n<tr style=\"height: 40px; background-color: #99ccff;\">\n<td style=\"width: 22.6796%; height: 24px;\"><span style=\"font-size: 12pt;\"><strong><span style=\"font-family: arial, helvetica, sans-serif;\">Envio<\/span><\/strong><\/span><\/td>\n<td style=\"width: 77.3204%; height: 24px;\"><span style=\"font-family: arial, helvetica, sans-serif; font-size: 12pt;\">A\u00e9reo, Mar\u00edtimo, Expresso<\/span><\/td>\n<\/tr>\n<\/tbody>\n<\/table>\n<p>&nbsp;<\/p>","protected":false},"featured_media":1252,"comment_status":"open","ping_status":"closed","template":"","meta":[],"product_brand":[],"product_cat":[26,27,18],"product_tag":[],"class_list":{"0":"post-1281","1":"product","2":"type-product","3":"status-publish","4":"has-post-thumbnail","6":"product_cat-food-packaging","7":"product_cat-coffee-and-tea-packaging","8":"product_cat-zipper-bags","10":"first","11":"instock","12":"shipping-taxable","13":"product-type-simple"},"_links":{"self":[{"href":"https:\/\/polysmarts.com\/pt\/wp-json\/wp\/v2\/product\/1281","targetHints":{"allow":["GET"]}}],"collection":[{"href":"https:\/\/polysmarts.com\/pt\/wp-json\/wp\/v2\/product"}],"about":[{"href":"https:\/\/polysmarts.com\/pt\/wp-json\/wp\/v2\/types\/product"}],"replies":[{"embeddable":true,"href":"https:\/\/polysmarts.com\/pt\/wp-json\/wp\/v2\/comments?post=1281"}],"version-history":[{"count":2,"href":"https:\/\/polysmarts.com\/pt\/wp-json\/wp\/v2\/product\/1281\/revisions"}],"predecessor-version":[{"id":1283,"href":"https:\/\/polysmarts.com\/pt\/wp-json\/wp\/v2\/product\/1281\/revisions\/1283"}],"wp:featuredmedia":[{"embeddable":true,"href":"https:\/\/polysmarts.com\/pt\/wp-json\/wp\/v2\/media\/1252"}],"wp:attachment":[{"href":"https:\/\/polysmarts.com\/pt\/wp-json\/wp\/v2\/media?parent=1281"}],"wp:term":[{"taxonomy":"product_brand","embeddable":true,"href":"https:\/\/polysmarts.com\/pt\/wp-json\/wp\/v2\/product_brand?post=1281"},{"taxonomy":"product_cat","embeddable":true,"href":"https:\/\/polysmarts.com\/pt\/wp-json\/wp\/v2\/product_cat?post=1281"},{"taxonomy":"product_tag","embeddable":true,"href":"https:\/\/polysmarts.com\/pt\/wp-json\/wp\/v2\/product_tag?post=1281"}],"curies":[{"name":"wp","href":"https:\/\/api.w.org\/{rel}","templated":true}]}}