{"id":1276,"date":"2023-12-14T06:51:30","date_gmt":"2023-12-14T06:51:30","guid":{"rendered":"https:\/\/polysmarts.com\/?post_type=product&#038;p=1276"},"modified":"2023-12-14T07:04:22","modified_gmt":"2023-12-14T07:04:22","slug":"saco-de-papel-kraft-preto-ziplock-stand-up","status":"publish","type":"product","link":"https:\/\/polysmarts.com\/pt\/product\/black-ziplock-stand-up-kraft-paper-bag\/","title":{"rendered":"Saco de papel Kraft Stand up preto Ziplock"},"content":{"rendered":"<p><strong>Design inovador de janela fosca com entalhe de f\u00e1cil abertura:<\/strong> Nossas bolsas de papel com z\u00edper que podem ser fechadas novamente apresentam um design moderno e elegante de janela fosca, melhorando a visibilidade e mantendo uma apar\u00eancia elegante. A adi\u00e7\u00e3o de um entalhe conveniente e f\u00e1cil de abrir garante acesso f\u00e1cil aos seus produtos armazenados, tornando-os perfeitos para uma variedade de itens, como especiarias, guloseimas para c\u00e3es, ch\u00e1, alimentos secos, granola, carne seca e biscoitos.<\/p>\n<p><strong>Armazenamento vers\u00e1til para produtos secos:<\/strong> Embora estes sacos sejam excelentes para armazenar produtos secos, desaconselhamos a sua utiliza\u00e7\u00e3o para l\u00edquidos. Os materiais e design cuidadosamente selecionados concentram-se na preserva\u00e7\u00e3o do frescor e da integridade dos produtos secos, proporcionando uma solu\u00e7\u00e3o ideal de armazenamento para uma ampla gama de itens.<\/p>\n<p><strong>Exterior sem cera para personaliza\u00e7\u00e3o aprimorada:<\/strong> Nossas sacolas de papel ressel\u00e1veis possuem um exterior n\u00e3o encerado, permitindo f\u00e1cil ader\u00eancia de selos, tinta, adesivos e etiquetas. Embora esses elementos adiram com seguran\u00e7a e sequem bem, \u00e9 essencial observar que a abertura repetida da etiqueta pode deixar marcas na superf\u00edcie.<\/p>\n<p><strong>Recursos seguros e reutiliz\u00e1veis para bloqueio de frescor:<\/strong> O z\u00edper com fecho zip lock garante um fechamento seguro, bloqueando efetivamente o frescor dos itens armazenados dentro. Para maior comodidade, a bolsa pode ser selada termicamente na abertura superior, proporcionando uma camada extra de seguran\u00e7a. A op\u00e7\u00e3o de veda\u00e7\u00e3o t\u00e9rmica permite embalagens inviol\u00e1veis, com o entalhe de rasgo permitindo f\u00e1cil acesso sem comprometer a veda\u00e7\u00e3o.<\/p>\n<p><strong>Tamanho e capacidade ideais para v\u00e1rios produtos:<\/strong> Medindo 12\u00d720 cm (4,7\u00d77,8 polegadas), nossas bolsas oferecem um tamanho vers\u00e1til adequado para uma infinidade de produtos. Com capacidade de 7,4 on\u00e7as (210g) para produtos em p\u00f3 ou 3,3 on\u00e7as (95g) para gr\u00e3os de caf\u00e9 inteiros, esses sacos atingem o equil\u00edbrio perfeito entre funcionalidade e efici\u00eancia de espa\u00e7o. A composi\u00e7\u00e3o do material inclui Papel Kraft\/Mattopp\/CPP, garantindo durabilidade e prote\u00e7\u00e3o \u00e0 sua mercadoria.<\/p>\n<p><strong>Op\u00e7\u00f5es de personaliza\u00e7\u00e3o com Polysmarts:<\/strong> Na Polysmarts, entendemos a import\u00e2ncia de solu\u00e7\u00f5es personalizadas. \u00c9 por isso que aceitamos a personaliza\u00e7\u00e3o de materiais e tamanhos para atender \u00e0s suas necessidades espec\u00edficas. Fa\u00e7a parceria conosco para criar embalagens que n\u00e3o apenas preservem seus produtos, mas tamb\u00e9m reflitam a identidade e os valores \u00fanicos de sua marca.<\/p>","protected":false},"excerpt":{"rendered":"<table style=\"height: 360px; width: 99.8505%; border-collapse: collapse;\" border=\"2\">\n<tbody>\n<tr style=\"height: 40px;\">\n<td style=\"width: 22.6796%; height: 30px; background-color: #99ccff;\"><span style=\"font-family: arial, helvetica, sans-serif; font-size: 12pt;\"><strong>Dimens\u00e3o e estilo<\/strong><\/span><\/td>\n<td style=\"width: 77.3204%; height: 30px; background-color: #99ccff;\"><span style=\"font-family: arial, helvetica, sans-serif; font-size: 12pt;\">Formas e tamanhos personalizados<\/span><\/td>\n<\/tr>\n<tr style=\"height: 40px;\">\n<td style=\"width: 22.6796%; height: 34px; background-color: #ebebeb;\"><span style=\"font-size: 12pt;\"><strong><span style=\"font-family: arial, helvetica, sans-serif;\">Quantidade m\u00ednima de pedido<\/span><\/strong><\/span><\/td>\n<td style=\"width: 77.3204%; height: 34px; background-color: #ebebeb;\"><span style=\"font-family: arial, helvetica, sans-serif; font-size: 12pt;\">1000pcs sem personaliza\u00e7\u00e3o, 10000pcs para personaliza\u00e7\u00e3o<\/span><\/td>\n<\/tr>\n<tr style=\"height: 40px; background-color: #99ccff;\">\n<td style=\"width: 22.6796%; height: 24px;\"><span style=\"font-size: 12pt;\"><strong><span style=\"font-family: arial, helvetica, sans-serif;\">Tipo de embalagem<\/span><\/strong><\/span><\/td>\n<td style=\"width: 77.3204%; height: 24px;\"><span style=\"font-family: arial, helvetica, sans-serif; font-size: 12pt;\">Sacos de papel Kraft de p\u00e9<\/span><\/td>\n<\/tr>\n<tr style=\"height: 40px; background-color: #ebebeb;\">\n<td style=\"width: 22.6796%; height: 24px;\"><span style=\"font-size: 12pt;\"><strong><span style=\"font-family: arial, helvetica, sans-serif;\">Impress\u00e3o<\/span><\/strong><\/span><\/td>\n<td style=\"width: 77.3204%; height: 24px;\"><span style=\"font-family: arial, helvetica, sans-serif; font-size: 12pt;\">CMYK (1 \u2013 8 cores), sem impress\u00e3o (normal)<\/span><\/td>\n<\/tr>\n<tr style=\"height: 40px; background-color: #99ccff;\">\n<td style=\"width: 22.6796%; height: 24px;\"><span style=\"font-size: 12pt;\"><strong><span style=\"font-family: arial, helvetica, sans-serif;\">Acabamento<\/span><\/strong><\/span><\/td>\n<td style=\"width: 77.3204%; height: 24px;\"><span style=\"font-family: arial, helvetica, sans-serif; font-size: 12pt;\">Lamina\u00e7\u00e3o brilhante\/fosca<\/span><\/td>\n<\/tr>\n<tr style=\"height: 40px; background-color: #ebebeb;\">\n<td style=\"width: 22.6796%; height: 24px;\"><span style=\"font-size: 12pt;\"><strong><span style=\"font-family: arial, helvetica, sans-serif;\">Op\u00e7\u00f5es inclu\u00eddas<\/span><\/strong><\/span><\/td>\n<td style=\"width: 77.3204%; height: 24px;\"><span style=\"font-family: arial, helvetica, sans-serif; font-size: 12pt;\">Corte e vinco<\/span><\/td>\n<\/tr>\n<tr style=\"height: 40px; background-color: #99ccff;\">\n<td style=\"width: 22.6796%; height: 24px;\"><span style=\"font-size: 12pt;\"><strong><span style=\"font-family: arial, helvetica, sans-serif;\">Prova<\/span><\/strong><\/span><\/td>\n<td style=\"width: 77.3204%; height: 24px;\"><span style=\"font-family: arial, helvetica, sans-serif; font-size: 12pt;\">Provas de cheiro<\/span><\/td>\n<\/tr>\n<tr style=\"height: 40px; background-color: #ebebeb;\">\n<td style=\"width: 22.6796%; height: 24px;\"><span style=\"font-size: 12pt;\"><strong><span style=\"font-family: arial, helvetica, sans-serif;\">Tempo de resposta<\/span><\/strong><\/span><\/td>\n<td style=\"width: 77.3204%; height: 24px;\"><span style=\"font-family: arial, helvetica, sans-serif; font-size: 12pt;\">7 a 15 dias \u00fateis, RUSH<\/span><\/td>\n<\/tr>\n<tr style=\"height: 40px; background-color: #99ccff;\">\n<td style=\"width: 22.6796%; height: 24px;\"><span style=\"font-size: 12pt;\"><strong><span style=\"font-family: arial, helvetica, sans-serif;\">Envio<\/span><\/strong><\/span><\/td>\n<td style=\"width: 77.3204%; height: 24px;\"><span style=\"font-family: arial, helvetica, sans-serif; font-size: 12pt;\">A\u00e9reo, Mar\u00edtimo, Expresso<\/span><\/td>\n<\/tr>\n<\/tbody>\n<\/table>\n<p>&nbsp;<\/p>","protected":false},"featured_media":1254,"comment_status":"open","ping_status":"closed","template":"","meta":[],"product_brand":[],"product_cat":[26,20],"product_tag":[],"class_list":{"0":"post-1276","1":"product","2":"type-product","3":"status-publish","4":"has-post-thumbnail","6":"product_cat-food-packaging","7":"product_cat-kraft-paper-bag","9":"first","10":"instock","11":"shipping-taxable","12":"product-type-simple"},"_links":{"self":[{"href":"https:\/\/polysmarts.com\/pt\/wp-json\/wp\/v2\/product\/1276","targetHints":{"allow":["GET"]}}],"collection":[{"href":"https:\/\/polysmarts.com\/pt\/wp-json\/wp\/v2\/product"}],"about":[{"href":"https:\/\/polysmarts.com\/pt\/wp-json\/wp\/v2\/types\/product"}],"replies":[{"embeddable":true,"href":"https:\/\/polysmarts.com\/pt\/wp-json\/wp\/v2\/comments?post=1276"}],"version-history":[{"count":2,"href":"https:\/\/polysmarts.com\/pt\/wp-json\/wp\/v2\/product\/1276\/revisions"}],"predecessor-version":[{"id":1278,"href":"https:\/\/polysmarts.com\/pt\/wp-json\/wp\/v2\/product\/1276\/revisions\/1278"}],"wp:featuredmedia":[{"embeddable":true,"href":"https:\/\/polysmarts.com\/pt\/wp-json\/wp\/v2\/media\/1254"}],"wp:attachment":[{"href":"https:\/\/polysmarts.com\/pt\/wp-json\/wp\/v2\/media?parent=1276"}],"wp:term":[{"taxonomy":"product_brand","embeddable":true,"href":"https:\/\/polysmarts.com\/pt\/wp-json\/wp\/v2\/product_brand?post=1276"},{"taxonomy":"product_cat","embeddable":true,"href":"https:\/\/polysmarts.com\/pt\/wp-json\/wp\/v2\/product_cat?post=1276"},{"taxonomy":"product_tag","embeddable":true,"href":"https:\/\/polysmarts.com\/pt\/wp-json\/wp\/v2\/product_tag?post=1276"}],"curies":[{"name":"wp","href":"https:\/\/api.w.org\/{rel}","templated":true}]}}