{"id":1273,"date":"2023-12-14T06:30:05","date_gmt":"2023-12-14T06:30:05","guid":{"rendered":"https:\/\/polysmarts.com\/?post_type=product&#038;p=1273"},"modified":"2023-12-14T07:03:26","modified_gmt":"2023-12-14T07:03:26","slug":"bolsa-com-ziper-de-papel-kraft-branco-resselavel","status":"publish","type":"product","link":"https:\/\/polysmarts.com\/pt\/product\/resealable-white-kraft-paper-stand-up-zipper-pouch\/","title":{"rendered":"O papel Kraft branco ressel\u00e1vel levanta-se o malote do z\u00edper"},"content":{"rendered":"<p>Aprimore os detalhes da descri\u00e7\u00e3o da sua sacola de papel Kraft, concentrando-se em seus recursos, benef\u00edcios e op\u00e7\u00f5es de personaliza\u00e7\u00e3o:<\/p>\n<p><strong>Materiais de alta qualidade para embalagens sustent\u00e1veis:<\/strong> Nossas sacolas de papel Kraft s\u00e3o meticulosamente confeccionadas com material kraft premium, garantindo durabilidade e resist\u00eancia. A incorpora\u00e7\u00e3o de uma janela de pl\u00e1stico n\u00e3o s\u00f3 aumenta a visibilidade como tamb\u00e9m cumpre as normas de seguran\u00e7a alimentar. Priorizamos o respeito ao meio ambiente, oferecendo uma solu\u00e7\u00e3o de embalagem que se alinha ao seu compromisso com a sustentabilidade.<\/p>\n<p><strong>Design inovador que pode ser fechado novamente para frescor prolongado:<\/strong> Nossas bolsas s\u00e3o equipadas com um z\u00edper ressel\u00e1vel de f\u00e1cil utiliza\u00e7\u00e3o e entalhes de rasgo. Este design vers\u00e1til permite a selagem manual do z\u00edper ou a selagem t\u00e9rmica acima dele, proporcionando flexibilidade para escolher o m\u00e9todo mais adequado para manter o frescor dos itens armazenados.<\/p>\n<p><strong>Bolsas pr\u00e1ticas para f\u00e1cil armazenamento e visibilidade:<\/strong> O design da bolsa vertical garante um armazenamento conveniente, permitindo que a bolsa fique segura em prateleiras ou bancadas. A janela retangular acrescenta um toque pr\u00e1tico, permitindo a f\u00e1cil identifica\u00e7\u00e3o do conte\u00fado interno. Esse recurso melhora a acessibilidade e a efici\u00eancia em seus processos de armazenamento e organiza\u00e7\u00e3o.<\/p>\n<p><strong>Tamanhos variados para atender \u00e0s suas necessidades espec\u00edficas:<\/strong> Escolha entre uma variedade de tamanhos, incluindo 9*14cm,10*15cm,12*20cm,14*20cm,15*22cm,17*24cm,18*26cm,20*30cm,23*33cm,25*35cm,30* 40 cm, ou opte por dimens\u00f5es personalizadas que se adaptem perfeitamente \u00e0s suas necessidades. Essa flexibilidade garante que voc\u00ea encontre a solu\u00e7\u00e3o de embalagem ideal para diversos produtos, desde itens pequenos at\u00e9 produtos mais volumosos.<\/p>\n<p><strong>Solu\u00e7\u00f5es sob medida da Polysmarts Packaging:<\/strong> Na Polysmarts Packaging, temos orgulho em oferecer detalhes personaliz\u00e1veis para atender \u00e0s suas necessidades exclusivas. Quer se trate de dimens\u00f5es espec\u00edficas, marca ou recursos adicionais, trabalhamos em estreita colabora\u00e7\u00e3o com voc\u00ea para criar embalagens que se alinhem perfeitamente com a identidade da sua marca e os requisitos do produto.<\/p>\n<p>Escolha a Polysmarts Packaging para obter uma solu\u00e7\u00e3o de embalagem abrangente e sustent\u00e1vel que combina funcionalidade, ecologia e personaliza\u00e7\u00e3o para elevar a apresenta\u00e7\u00e3o e capacidade de armazenamento da sua marca.<\/p>","protected":false},"excerpt":{"rendered":"<table style=\"height: 360px; width: 99.8505%; border-collapse: collapse;\" border=\"2\">\n<tbody>\n<tr style=\"height: 40px;\">\n<td style=\"width: 22.6796%; height: 30px; background-color: #99ccff;\"><span style=\"font-family: arial, helvetica, sans-serif; font-size: 12pt;\"><strong>Dimens\u00e3o e estilo<\/strong><\/span><\/td>\n<td style=\"width: 77.3204%; height: 30px; background-color: #99ccff;\"><span style=\"font-family: arial, helvetica, sans-serif; font-size: 12pt;\">Formas e tamanhos personalizados<\/span><\/td>\n<\/tr>\n<tr style=\"height: 40px;\">\n<td style=\"width: 22.6796%; height: 34px; background-color: #ebebeb;\"><span style=\"font-size: 12pt;\"><strong><span style=\"font-family: arial, helvetica, sans-serif;\">Quantidade m\u00ednima de pedido<\/span><\/strong><\/span><\/td>\n<td style=\"width: 77.3204%; height: 34px; background-color: #ebebeb;\"><span style=\"font-family: arial, helvetica, sans-serif; font-size: 12pt;\">1000pcs sem personaliza\u00e7\u00e3o, 10000pcs para personaliza\u00e7\u00e3o<\/span><\/td>\n<\/tr>\n<tr style=\"height: 40px; background-color: #99ccff;\">\n<td style=\"width: 22.6796%; height: 24px;\"><span style=\"font-size: 12pt;\"><strong><span style=\"font-family: arial, helvetica, sans-serif;\">Tipo de embalagem<\/span><\/strong><\/span><\/td>\n<td style=\"width: 77.3204%; height: 24px;\"><span style=\"font-family: arial, helvetica, sans-serif; font-size: 12pt;\">Sacos de papel Kraft de p\u00e9<\/span><\/td>\n<\/tr>\n<tr style=\"height: 40px; background-color: #ebebeb;\">\n<td style=\"width: 22.6796%; height: 24px;\"><span style=\"font-size: 12pt;\"><strong><span style=\"font-family: arial, helvetica, sans-serif;\">Impress\u00e3o<\/span><\/strong><\/span><\/td>\n<td style=\"width: 77.3204%; height: 24px;\"><span style=\"font-family: arial, helvetica, sans-serif; font-size: 12pt;\">CMYK (1 \u2013 8 cores), sem impress\u00e3o (normal)<\/span><\/td>\n<\/tr>\n<tr style=\"height: 40px; background-color: #99ccff;\">\n<td style=\"width: 22.6796%; height: 24px;\"><span style=\"font-size: 12pt;\"><strong><span style=\"font-family: arial, helvetica, sans-serif;\">Acabamento<\/span><\/strong><\/span><\/td>\n<td style=\"width: 77.3204%; height: 24px;\"><span style=\"font-family: arial, helvetica, sans-serif; font-size: 12pt;\">Lamina\u00e7\u00e3o brilhante\/fosca<\/span><\/td>\n<\/tr>\n<tr style=\"height: 40px; background-color: #ebebeb;\">\n<td style=\"width: 22.6796%; height: 24px;\"><span style=\"font-size: 12pt;\"><strong><span style=\"font-family: arial, helvetica, sans-serif;\">Op\u00e7\u00f5es inclu\u00eddas<\/span><\/strong><\/span><\/td>\n<td style=\"width: 77.3204%; height: 24px;\"><span style=\"font-family: arial, helvetica, sans-serif; font-size: 12pt;\">Corte e vinco<\/span><\/td>\n<\/tr>\n<tr style=\"height: 40px; background-color: #99ccff;\">\n<td style=\"width: 22.6796%; height: 24px;\"><span style=\"font-size: 12pt;\"><strong><span style=\"font-family: arial, helvetica, sans-serif;\">Prova<\/span><\/strong><\/span><\/td>\n<td style=\"width: 77.3204%; height: 24px;\"><span style=\"font-family: arial, helvetica, sans-serif; font-size: 12pt;\">Provas de cheiro<\/span><\/td>\n<\/tr>\n<tr style=\"height: 40px; background-color: #ebebeb;\">\n<td style=\"width: 22.6796%; height: 24px;\"><span style=\"font-size: 12pt;\"><strong><span style=\"font-family: arial, helvetica, sans-serif;\">Tempo de resposta<\/span><\/strong><\/span><\/td>\n<td style=\"width: 77.3204%; height: 24px;\"><span style=\"font-family: arial, helvetica, sans-serif; font-size: 12pt;\">7 a 15 dias \u00fateis, RUSH<\/span><\/td>\n<\/tr>\n<tr style=\"height: 40px; background-color: #99ccff;\">\n<td style=\"width: 22.6796%; height: 24px;\"><span style=\"font-size: 12pt;\"><strong><span style=\"font-family: arial, helvetica, sans-serif;\">Envio<\/span><\/strong><\/span><\/td>\n<td style=\"width: 77.3204%; height: 24px;\"><span style=\"font-family: arial, helvetica, sans-serif; font-size: 12pt;\">A\u00e9reo, Mar\u00edtimo, Expresso<\/span><\/td>\n<\/tr>\n<\/tbody>\n<\/table>\n<p>&nbsp;<\/p>","protected":false},"featured_media":1243,"comment_status":"open","ping_status":"closed","template":"","meta":[],"product_brand":[],"product_cat":[26,20],"product_tag":[],"class_list":{"0":"post-1273","1":"product","2":"type-product","3":"status-publish","4":"has-post-thumbnail","6":"product_cat-food-packaging","7":"product_cat-kraft-paper-bag","9":"first","10":"instock","11":"shipping-taxable","12":"product-type-simple"},"_links":{"self":[{"href":"https:\/\/polysmarts.com\/pt\/wp-json\/wp\/v2\/product\/1273","targetHints":{"allow":["GET"]}}],"collection":[{"href":"https:\/\/polysmarts.com\/pt\/wp-json\/wp\/v2\/product"}],"about":[{"href":"https:\/\/polysmarts.com\/pt\/wp-json\/wp\/v2\/types\/product"}],"replies":[{"embeddable":true,"href":"https:\/\/polysmarts.com\/pt\/wp-json\/wp\/v2\/comments?post=1273"}],"version-history":[{"count":2,"href":"https:\/\/polysmarts.com\/pt\/wp-json\/wp\/v2\/product\/1273\/revisions"}],"predecessor-version":[{"id":1275,"href":"https:\/\/polysmarts.com\/pt\/wp-json\/wp\/v2\/product\/1273\/revisions\/1275"}],"wp:featuredmedia":[{"embeddable":true,"href":"https:\/\/polysmarts.com\/pt\/wp-json\/wp\/v2\/media\/1243"}],"wp:attachment":[{"href":"https:\/\/polysmarts.com\/pt\/wp-json\/wp\/v2\/media?parent=1273"}],"wp:term":[{"taxonomy":"product_brand","embeddable":true,"href":"https:\/\/polysmarts.com\/pt\/wp-json\/wp\/v2\/product_brand?post=1273"},{"taxonomy":"product_cat","embeddable":true,"href":"https:\/\/polysmarts.com\/pt\/wp-json\/wp\/v2\/product_cat?post=1273"},{"taxonomy":"product_tag","embeddable":true,"href":"https:\/\/polysmarts.com\/pt\/wp-json\/wp\/v2\/product_tag?post=1273"}],"curies":[{"name":"wp","href":"https:\/\/api.w.org\/{rel}","templated":true}]}}