{"id":1086,"date":"2023-11-29T10:09:18","date_gmt":"2023-11-29T10:09:18","guid":{"rendered":"https:\/\/polysmarts.com\/?post_type=product&#038;p=1086"},"modified":"2024-04-03T07:53:21","modified_gmt":"2024-04-03T07:53:21","slug":"suprimentos-para-sacos-de-embalagem-ziplock-de-folha-de-aluminio","status":"publish","type":"product","link":"https:\/\/polysmarts.com\/pt\/product\/aluminum-foil-ziplock-packaging-bags-supplies\/","title":{"rendered":"Suprimentos para sacos de embalagem Ziplock de folha de alum\u00ednio"},"content":{"rendered":"<p><strong>Tamanho:<\/strong> 15,5x24cm+8cm (8cm \u00e9 a largura inferior) \u2013 Personaliza\u00e7\u00e3o bem-vinda para prefer\u00eancias de tamanho.<\/p>\n<p><strong>Material:<\/strong> Folha de alum\u00ednio+PET+CPP<\/p>\n<p><strong>Volume:<\/strong> 400g<\/p>\n<p><strong>Op\u00e7\u00f5es de cores:<\/strong> Roxo, preto, vermelho, verde, dourado, personaliza\u00e7\u00e3o de cores aceita<\/p>\n<ol>\n<li><strong>Projeto de autossufici\u00eancia de \u00f3rg\u00e3os:<\/strong> Grande capacidade de produto com apar\u00eancia firme.<\/li>\n<li><strong>Design de s\u00e2ndalo vermelho dourado:<\/strong> Combina est\u00e9tica com estabilidade.<\/li>\n<li><strong>Fechamento com z\u00edper autovedante:<\/strong> Garante facilidade de uso e excelente veda\u00e7\u00e3o durante o transporte.<\/li>\n<li><strong>Recicl\u00e1vel e Sustent\u00e1vel:<\/strong> Apoia a consci\u00eancia ambiental.<\/li>\n<li><strong>Dobr\u00e1vel e eficiente em termos de espa\u00e7o:<\/strong> Armazenamento conveniente sem ocupar espa\u00e7o excessivo.<\/li>\n<\/ol>\n<p><strong>Performance do produto:<\/strong><\/p>\n<ul>\n<li>Sacos de embalagem Ziplock de folha de alum\u00ednio com filme CPP composto, fabricado com novo material de qualidade alimentar.<\/li>\n<li>Prolonga a dura\u00e7\u00e3o do armazenamento dos alimentos, garantindo \u00f3tima qualidade.<\/li>\n<li>Baixa permeabilidade ao ar, desempenho excepcional \u00e0 prova de umidade, veda\u00e7\u00e3o forte e resist\u00eancia ao envelhecimento.<\/li>\n<li>Uso vers\u00e1til para embalar ch\u00e1, frutas secas, doces, alimentos, produtos eletr\u00f4nicos e muito mais.<\/li>\n<li>Apresenta excelente resist\u00eancia a baixas temperaturas, tornando-o adequado para alimentos\/cosm\u00e9ticos refrigerados.<\/li>\n<\/ul>\n<p>Garanta o frescor e aprimore sua experi\u00eancia de embalagem com nossos sacos Ziplock de folha de alum\u00ednio com lamina\u00e7\u00e3o colorida - onde o estilo encontra a funcionalidade.<\/p>","protected":false},"excerpt":{"rendered":"<table style=\"height: 360px; width: 99.8505%; border-collapse: collapse;\" border=\"2\">\n<tbody>\n<tr style=\"height: 40px;\">\n<td style=\"width: 22.6796%; height: 30px; background-color: #99ccff;\"><span style=\"font-family: arial, helvetica, sans-serif; font-size: 12pt;\"><strong>Dimens\u00e3o e estilo<\/strong><\/span><\/td>\n<td style=\"width: 77.3204%; height: 30px; background-color: #99ccff;\"><span style=\"font-family: arial, helvetica, sans-serif; font-size: 12pt;\">Formas e tamanhos personalizados<\/span><\/td>\n<\/tr>\n<tr style=\"height: 40px;\">\n<td style=\"width: 22.6796%; height: 34px; background-color: #ebebeb;\"><span style=\"font-size: 12pt;\"><strong><span style=\"font-family: arial, helvetica, sans-serif;\">Quantidade m\u00ednima de pedido<\/span><\/strong><\/span><\/td>\n<td style=\"width: 77.3204%; height: 34px; background-color: #ebebeb;\"><span style=\"font-family: arial, helvetica, sans-serif; font-size: 12pt;\">1000pcs sem personaliza\u00e7\u00e3o, 10000pcs para personaliza\u00e7\u00e3o<\/span><\/td>\n<\/tr>\n<tr style=\"height: 40px; background-color: #99ccff;\">\n<td style=\"width: 22.6796%; height: 24px;\"><span style=\"font-size: 12pt;\"><strong><span style=\"font-family: arial, helvetica, sans-serif;\">Tipo de embalagem<\/span><\/strong><\/span><\/td>\n<td style=\"width: 77.3204%; height: 24px;\"><span style=\"font-family: arial, helvetica, sans-serif; font-size: 12pt;\">Sacos de garrafa plana stand up\/sacos de embalagem de caf\u00e9 com v\u00e1lvula<\/span><\/td>\n<\/tr>\n<tr style=\"height: 40px; background-color: #ebebeb;\">\n<td style=\"width: 22.6796%; height: 24px;\"><span style=\"font-size: 12pt;\"><strong><span style=\"font-family: arial, helvetica, sans-serif;\">Impress\u00e3o<\/span><\/strong><\/span><\/td>\n<td style=\"width: 77.3204%; height: 24px;\"><span style=\"font-family: arial, helvetica, sans-serif; font-size: 12pt;\">CMYK (1 - 10 cores conforme sua necessidade), sem impress\u00e3o (normal)<\/span><\/td>\n<\/tr>\n<tr style=\"height: 40px; background-color: #99ccff;\">\n<td style=\"width: 22.6796%; height: 24px;\"><span style=\"font-size: 12pt;\"><strong><span style=\"font-family: arial, helvetica, sans-serif;\">Acabamento<\/span><\/strong><\/span><\/td>\n<td style=\"width: 77.3204%; height: 24px;\"><span style=\"font-family: arial, helvetica, sans-serif; font-size: 12pt;\">Lamina\u00e7\u00e3o brilhante, impress\u00e3o offset<\/span><\/td>\n<\/tr>\n<tr style=\"height: 40px; background-color: #ebebeb;\">\n<td style=\"width: 22.6796%; height: 24px;\"><span style=\"font-size: 12pt;\"><strong><span style=\"font-family: arial, helvetica, sans-serif;\">Material<\/span><\/strong><\/span><\/td>\n<td style=\"width: 77.3204%; height: 24px;\"><span style=\"font-family: arial, helvetica, sans-serif; font-size: 12pt;\">OPP+VMPET+Folha de alum\u00ednio+PE<\/span><\/td>\n<\/tr>\n<tr style=\"height: 40px; background-color: #99ccff;\">\n<td style=\"width: 22.6796%; height: 24px;\"><span style=\"font-size: 12pt;\"><strong><span style=\"font-family: arial, helvetica, sans-serif;\">Recurso<\/span><\/strong><\/span><\/td>\n<td style=\"width: 77.3204%; height: 24px;\"><span style=\"font-family: arial, helvetica, sans-serif; font-size: 12pt;\">\u00c0 prova d\u2019\u00e1gua e ressel\u00e1vel<\/span><\/td>\n<\/tr>\n<tr style=\"height: 40px; background-color: #ebebeb;\">\n<td style=\"width: 22.6796%; height: 24px;\"><span style=\"font-size: 12pt;\"><strong><span style=\"font-family: arial, helvetica, sans-serif;\">Tempo de resposta<\/span><\/strong><\/span><\/td>\n<td style=\"width: 77.3204%; height: 24px;\"><span style=\"font-family: arial, helvetica, sans-serif; font-size: 12pt;\">7 a 15 dias \u00fateis, RUSH<\/span><\/td>\n<\/tr>\n<tr style=\"height: 40px; background-color: #99ccff;\">\n<td style=\"width: 22.6796%; height: 24px;\"><span style=\"font-size: 12pt;\"><strong><span style=\"font-family: arial, helvetica, sans-serif;\">Envio<\/span><\/strong><\/span><\/td>\n<td style=\"width: 77.3204%; height: 24px;\"><span style=\"font-family: arial, helvetica, sans-serif; font-size: 12pt;\">A\u00e9reo, Mar\u00edtimo, Expresso<\/span><\/td>\n<\/tr>\n<\/tbody>\n<\/table>\n<p>&nbsp;<\/p>","protected":false},"featured_media":1058,"comment_status":"open","ping_status":"closed","template":"","meta":[],"product_brand":[],"product_cat":[27,18],"product_tag":[],"class_list":{"0":"post-1086","1":"product","2":"type-product","3":"status-publish","4":"has-post-thumbnail","6":"product_cat-coffee-and-tea-packaging","7":"product_cat-zipper-bags","9":"first","10":"instock","11":"shipping-taxable","12":"product-type-simple"},"_links":{"self":[{"href":"https:\/\/polysmarts.com\/pt\/wp-json\/wp\/v2\/product\/1086","targetHints":{"allow":["GET"]}}],"collection":[{"href":"https:\/\/polysmarts.com\/pt\/wp-json\/wp\/v2\/product"}],"about":[{"href":"https:\/\/polysmarts.com\/pt\/wp-json\/wp\/v2\/types\/product"}],"replies":[{"embeddable":true,"href":"https:\/\/polysmarts.com\/pt\/wp-json\/wp\/v2\/comments?post=1086"}],"version-history":[{"count":2,"href":"https:\/\/polysmarts.com\/pt\/wp-json\/wp\/v2\/product\/1086\/revisions"}],"predecessor-version":[{"id":2538,"href":"https:\/\/polysmarts.com\/pt\/wp-json\/wp\/v2\/product\/1086\/revisions\/2538"}],"wp:featuredmedia":[{"embeddable":true,"href":"https:\/\/polysmarts.com\/pt\/wp-json\/wp\/v2\/media\/1058"}],"wp:attachment":[{"href":"https:\/\/polysmarts.com\/pt\/wp-json\/wp\/v2\/media?parent=1086"}],"wp:term":[{"taxonomy":"product_brand","embeddable":true,"href":"https:\/\/polysmarts.com\/pt\/wp-json\/wp\/v2\/product_brand?post=1086"},{"taxonomy":"product_cat","embeddable":true,"href":"https:\/\/polysmarts.com\/pt\/wp-json\/wp\/v2\/product_cat?post=1086"},{"taxonomy":"product_tag","embeddable":true,"href":"https:\/\/polysmarts.com\/pt\/wp-json\/wp\/v2\/product_tag?post=1086"}],"curies":[{"name":"wp","href":"https:\/\/api.w.org\/{rel}","templated":true}]}}