{"id":1084,"date":"2023-11-29T09:59:22","date_gmt":"2023-11-29T09:59:22","guid":{"rendered":"https:\/\/polysmarts.com\/?post_type=product&#038;p=1084"},"modified":"2024-10-04T02:39:49","modified_gmt":"2024-10-03T18:39:49","slug":"sacos-plasticos-biodegradaveis-com-ziper-reutilizaveis-para-roupas-de-camisetas","status":"publish","type":"product","link":"https:\/\/polysmarts.com\/pt\/product\/biodegradable-reclosable-plastic-zipper-bags-for-t-shirt-clothes\/","title":{"rendered":"Sacos pl\u00e1sticos recicl\u00e1veis biodegrad\u00e1veis com z\u00edper para roupas de camisetas"},"content":{"rendered":"<ol>\n<li><strong>Material ecol\u00f3gico:<\/strong> Fabricada em PBAT+PLA, esta bolsa \u00e9 biodegrad\u00e1vel, contribuindo para a redu\u00e7\u00e3o do impacto ambiental.<\/li>\n<li><strong>Uso vers\u00e1til:<\/strong> Feito sob medida para a ind\u00fastria de vestu\u00e1rio, \u00e9 ideal para embalar sapatos e roupas com seguran\u00e7a.<\/li>\n<li><strong>Selo autoadesivo:<\/strong> O fecho autoadesivo garante uma veda\u00e7\u00e3o segura, proporcionando facilidade de uso e mantendo a integridade dos itens embalados.<\/li>\n<li><strong>Impress\u00e3o de rotogravura:<\/strong> A superf\u00edcie apresenta impress\u00e3o em rotogravura de alta qualidade, permitindo personaliza\u00e7\u00e3o da marca e exibi\u00e7\u00e3o de informa\u00e7\u00f5es.<\/li>\n<li><strong>Customiz\u00e1vel:<\/strong> Aceitando pedidos personalizados, a bolsa vem em v\u00e1rios tamanhos para atender \u00e0s suas necessidades espec\u00edficas de embalagem de roupas.<\/li>\n<\/ol>\n<p>Aumente seu compromisso com a sustentabilidade com nossas embalagens pl\u00e1sticas degrad\u00e1veis transparentes foscas PBAT+PLA. Projetada especificamente para roupas, esta bolsa biodegrad\u00e1vel e autovedante combina funcionalidade com consci\u00eancia ambiental.<\/p>\n<p>Fabricada em PBAT+PLA, esta bolsa \u00e9 biodegrad\u00e1vel, garantindo um impacto ambiental reduzido. Feito sob medida para a ind\u00fastria de vestu\u00e1rio, \u00e9 ideal para embalar sapatos e roupas com seguran\u00e7a. O fecho autoadesivo garante uma veda\u00e7\u00e3o segura, oferecendo facilidade de uso e mantendo a integridade dos itens embalados.<\/p>\n<p>A bolsa apresenta rotogravura de alta qualidade em sua superf\u00edcie, permitindo uma marca personalizada e exibi\u00e7\u00e3o eficaz de informa\u00e7\u00f5es. Aceitando pedidos personalizados, ele vem em diversos tamanhos, proporcionando flexibilidade para atender \u00e0s suas necessidades espec\u00edficas de embalagem de roupas.<\/p>\n<p>Fa\u00e7a uma escolha sustent\u00e1vel para suas solu\u00e7\u00f5es de embalagem com nossa sacola pl\u00e1stica degrad\u00e1vel transparente fosca PBAT+PLA \u2013 onde a funcionalidade encontra a consci\u00eancia ecol\u00f3gica.<\/p>","protected":false},"excerpt":{"rendered":"<table style=\"height: 360px; width: 99.8505%; border-collapse: collapse;\" border=\"2\">\n<tbody>\n<tr style=\"height: 40px;\">\n<td style=\"width: 22.6796%; height: 30px; background-color: #99ccff;\"><span style=\"font-family: arial, helvetica, sans-serif; font-size: 12pt;\"><strong>Dimens\u00e3o e estilo<\/strong><\/span><\/td>\n<td style=\"width: 77.3204%; height: 30px; background-color: #99ccff;\"><span style=\"font-family: arial, helvetica, sans-serif; font-size: 12pt;\">Formas e tamanhos personalizados<\/span><\/td>\n<\/tr>\n<tr style=\"height: 40px;\">\n<td style=\"width: 22.6796%; height: 34px; background-color: #ebebeb;\"><span style=\"font-size: 12pt;\"><strong><span style=\"font-family: arial, helvetica, sans-serif;\">Quantidade m\u00ednima de pedido<\/span><\/strong><\/span><\/td>\n<td style=\"width: 77.3204%; height: 34px; background-color: #ebebeb;\"><span style=\"font-family: arial, helvetica, sans-serif; font-size: 12pt;\">1000pcs sem personaliza\u00e7\u00e3o, 10000pcs para personaliza\u00e7\u00e3o<\/span><\/td>\n<\/tr>\n<tr style=\"height: 40px; background-color: #99ccff;\">\n<td style=\"width: 22.6796%; height: 24px;\"><span style=\"font-size: 12pt;\"><strong><span style=\"font-family: arial, helvetica, sans-serif;\">Tipo de embalagem<\/span><\/strong><\/span><\/td>\n<td style=\"width: 77.3204%; height: 24px;\"><span style=\"font-family: arial, helvetica, sans-serif; font-size: 12pt;\">Saco biodegrad\u00e1vel autoadesivo selado<\/span><\/td>\n<\/tr>\n<tr style=\"height: 40px; background-color: #ebebeb;\">\n<td style=\"width: 22.6796%; height: 24px;\"><span style=\"font-size: 12pt;\"><strong><span style=\"font-family: arial, helvetica, sans-serif;\">Impress\u00e3o<\/span><\/strong><\/span><\/td>\n<td style=\"width: 77.3204%; height: 24px;\"><span style=\"font-family: arial, helvetica, sans-serif; font-size: 12pt;\">CMYK (1 \u2013 10 cores), sem impress\u00e3o (normal)<\/span><\/td>\n<\/tr>\n<tr style=\"height: 40px; background-color: #99ccff;\">\n<td style=\"width: 22.6796%; height: 24px;\"><span style=\"font-size: 12pt;\"><strong><span style=\"font-family: arial, helvetica, sans-serif;\">Acabamento<\/span><\/strong><\/span><\/td>\n<td style=\"width: 77.3204%; height: 24px;\"><span style=\"font-family: arial, helvetica, sans-serif; font-size: 12pt;\">Lamina\u00e7\u00e3o fosca, impress\u00e3o offset<\/span><\/td>\n<\/tr>\n<tr style=\"height: 40px; background-color: #ebebeb;\">\n<td style=\"width: 22.6796%; height: 24px;\"><span style=\"font-size: 12pt;\"><strong><span style=\"font-family: arial, helvetica, sans-serif;\">Op\u00e7\u00f5es inclu\u00eddas<\/span><\/strong><\/span><\/td>\n<td style=\"width: 77.3204%; height: 24px;\"><span style=\"font-family: arial, helvetica, sans-serif; font-size: 12pt;\">Corte e vinco, selagem t\u00e9rmica<\/span><\/td>\n<\/tr>\n<tr style=\"height: 40px; background-color: #99ccff;\">\n<td style=\"width: 22.6796%; height: 24px;\"><span style=\"font-size: 12pt;\"><strong><span style=\"font-family: arial, helvetica, sans-serif;\">Material<\/span><\/strong><\/span><\/td>\n<td style=\"width: 77.3204%; height: 24px;\"><span style=\"font-family: arial, helvetica, sans-serif; font-size: 12pt;\">PBAT+PLA\u00a0<\/span><\/td>\n<\/tr>\n<tr style=\"height: 40px; background-color: #ebebeb;\">\n<td style=\"width: 22.6796%; height: 24px;\"><span style=\"font-size: 12pt;\"><strong><span style=\"font-family: arial, helvetica, sans-serif;\">Tempo de resposta<\/span><\/strong><\/span><\/td>\n<td style=\"width: 77.3204%; height: 24px;\"><span style=\"font-family: arial, helvetica, sans-serif; font-size: 12pt;\">7 a 15 dias \u00fateis, RUSH<\/span><\/td>\n<\/tr>\n<tr style=\"height: 40px; background-color: #99ccff;\">\n<td style=\"width: 22.6796%; height: 24px;\"><span style=\"font-size: 12pt;\"><strong><span style=\"font-family: arial, helvetica, sans-serif;\">Envio<\/span><\/strong><\/span><\/td>\n<td style=\"width: 77.3204%; height: 24px;\"><span style=\"font-family: arial, helvetica, sans-serif; font-size: 12pt;\">A\u00e9reo, Mar\u00edtimo, Expresso<\/span><\/td>\n<\/tr>\n<\/tbody>\n<\/table>\n<p>&nbsp;<\/p>","protected":false},"featured_media":1051,"comment_status":"open","ping_status":"closed","template":"","meta":[],"product_brand":[],"product_cat":[22,31],"product_tag":[],"class_list":{"0":"post-1084","1":"product","2":"type-product","3":"status-publish","4":"has-post-thumbnail","6":"product_cat-biodegradable-bag","7":"product_cat-clothing-packaging","9":"first","10":"instock","11":"shipping-taxable","12":"product-type-simple"},"_links":{"self":[{"href":"https:\/\/polysmarts.com\/pt\/wp-json\/wp\/v2\/product\/1084","targetHints":{"allow":["GET"]}}],"collection":[{"href":"https:\/\/polysmarts.com\/pt\/wp-json\/wp\/v2\/product"}],"about":[{"href":"https:\/\/polysmarts.com\/pt\/wp-json\/wp\/v2\/types\/product"}],"replies":[{"embeddable":true,"href":"https:\/\/polysmarts.com\/pt\/wp-json\/wp\/v2\/comments?post=1084"}],"version-history":[{"count":1,"href":"https:\/\/polysmarts.com\/pt\/wp-json\/wp\/v2\/product\/1084\/revisions"}],"predecessor-version":[{"id":1085,"href":"https:\/\/polysmarts.com\/pt\/wp-json\/wp\/v2\/product\/1084\/revisions\/1085"}],"wp:featuredmedia":[{"embeddable":true,"href":"https:\/\/polysmarts.com\/pt\/wp-json\/wp\/v2\/media\/1051"}],"wp:attachment":[{"href":"https:\/\/polysmarts.com\/pt\/wp-json\/wp\/v2\/media?parent=1084"}],"wp:term":[{"taxonomy":"product_brand","embeddable":true,"href":"https:\/\/polysmarts.com\/pt\/wp-json\/wp\/v2\/product_brand?post=1084"},{"taxonomy":"product_cat","embeddable":true,"href":"https:\/\/polysmarts.com\/pt\/wp-json\/wp\/v2\/product_cat?post=1084"},{"taxonomy":"product_tag","embeddable":true,"href":"https:\/\/polysmarts.com\/pt\/wp-json\/wp\/v2\/product_tag?post=1084"}],"curies":[{"name":"wp","href":"https:\/\/api.w.org\/{rel}","templated":true}]}}